{"id":220,"date":"2021-04-19T18:31:47","date_gmt":"2021-04-19T18:31:47","guid":{"rendered":"https:\/\/blog.metu.edu.tr\/eresmech\/?page_id=220"},"modified":"2025-10-07T14:55:29","modified_gmt":"2025-10-07T14:55:29","slug":"ana-sayfa","status":"publish","type":"page","link":"https:\/\/blog.metu.edu.tr\/eresmech\/","title":{"rendered":"Ana Sayfa"},"content":{"rendered":"<div id=\"pl-gb220-69df0981c48fc\"  class=\"panel-layout wp-block-siteorigin-panels-layout-block\" ><div id=\"pg-gb220-69df0981c48fc-0\"  class=\"panel-grid panel-has-style\" ><div class=\"siteorigin-panels-stretch panel-row-style panel-row-style-for-gb220-69df0981c48fc-0\" data-stretch-type=\"full\" ><div id=\"pgc-gb220-69df0981c48fc-0-0\"  class=\"panel-grid-cell\" ><div id=\"panel-gb220-69df0981c48fc-0-0-0\" class=\"so-panel widget widget_sow-editor panel-first-child panel-last-child widgetopts-SO\" data-index=\"0\" ><div\n\t\t\t\n\t\t\tclass=\"so-widget-sow-editor so-widget-sow-editor-base\"\n\t\t\t\n\t\t>\n<div class=\"siteorigin-widget-tinymce textwidget\">\n\t<h1 style=\"text-align: center\">Prof. Dr. Eres S\u00f6ylemez &#8211; Ders Kitaplar\u0131<\/h1>\n<p><span style=\"color: #cc0000\">D\u0130KKAT<\/span> Her hakk\u0131 sakl\u0131d\u0131r. <a href=\"https:\/\/www.linkedin.com\/in\/ACoAAABv4l0BuaXdsV4S1fL486C7JeDEvJKk9Kc\">Eres S\u00f6ylemez<\/a>&#8216;den yaz\u0131l\u0131 izin al\u0131nmadan kopyalanamaz, elektronik veya yaz\u0131l\u0131 ortamda da\u011f\u0131t\u0131lamaz. <img loading=\"lazy\" decoding=\"async\" width=\"119\" height=\"40\" class=\"wp-image-15\" src=\"https:\/\/blog.metu.edu.tr\/eresmech\/files\/2021\/04\/ceres.gif\" alt=\"\" \/><\/p>\n<p>The 6th Edition of Mechanisms is published. The book can be procured from <a href=\"https:\/\/maps.app.goo.gl\/BzUodxnGeTDGe5rg7\">ODT\u00dc Do\u011fa K\u0131rtasiye<\/a>.<\/p>\n<p style=\"text-align: center\"><img loading=\"lazy\" decoding=\"async\" class=\"alignnone wp-image-3141\" src=\"https:\/\/blog.metu.edu.tr\/eresmech\/files\/2025\/10\/MechanismsBookCover.png\" alt=\"\" width=\"689\" height=\"1000\" srcset=\"https:\/\/blog.metu.edu.tr\/eresmech\/files\/2025\/10\/MechanismsBookCover.png 980w, https:\/\/blog.metu.edu.tr\/eresmech\/files\/2025\/10\/MechanismsBookCover-207x300.png 207w, https:\/\/blog.metu.edu.tr\/eresmech\/files\/2025\/10\/MechanismsBookCover-706x1024.png 706w, https:\/\/blog.metu.edu.tr\/eresmech\/files\/2025\/10\/MechanismsBookCover-768x1114.png 768w, https:\/\/blog.metu.edu.tr\/eresmech\/files\/2025\/10\/MechanismsBookCover-100x145.png 100w, https:\/\/blog.metu.edu.tr\/eresmech\/files\/2025\/10\/MechanismsBookCover-150x218.png 150w, https:\/\/blog.metu.edu.tr\/eresmech\/files\/2025\/10\/MechanismsBookCover-200x290.png 200w, https:\/\/blog.metu.edu.tr\/eresmech\/files\/2025\/10\/MechanismsBookCover-300x435.png 300w, https:\/\/blog.metu.edu.tr\/eresmech\/files\/2025\/10\/MechanismsBookCover-450x653.png 450w, https:\/\/blog.metu.edu.tr\/eresmech\/files\/2025\/10\/MechanismsBookCover-600x871.png 600w, https:\/\/blog.metu.edu.tr\/eresmech\/files\/2025\/10\/MechanismsBookCover-900x1306.png 900w\" sizes=\"auto, (max-width: 689px) 100vw, 689px\" \/><\/p>\n<p>Makina Teorisi-1 MEKAN\u0130ZMA TEKN\u0130\u011e\u0130 kitab\u0131na <a href=\"https:\/\/kitap.mmo.org.tr\/\">https:\/\/kitap.mmo.org.tr<\/a> adresinden eri\u015febilirsiniz:<\/p>\n<p><img loading=\"lazy\" decoding=\"async\" class=\"size-full wp-image-1931 aligncenter\" src=\"https:\/\/blog.metu.edu.tr\/eresmech\/files\/2021\/10\/Mekanizma-Teknigi2021.jpeg\" alt=\"\" width=\"752\" height=\"1000\" srcset=\"https:\/\/blog.metu.edu.tr\/eresmech\/files\/2021\/10\/Mekanizma-Teknigi2021.jpeg 752w, https:\/\/blog.metu.edu.tr\/eresmech\/files\/2021\/10\/Mekanizma-Teknigi2021-226x300.jpeg 226w, https:\/\/blog.metu.edu.tr\/eresmech\/files\/2021\/10\/Mekanizma-Teknigi2021-100x133.jpeg 100w, https:\/\/blog.metu.edu.tr\/eresmech\/files\/2021\/10\/Mekanizma-Teknigi2021-150x199.jpeg 150w, https:\/\/blog.metu.edu.tr\/eresmech\/files\/2021\/10\/Mekanizma-Teknigi2021-200x266.jpeg 200w, https:\/\/blog.metu.edu.tr\/eresmech\/files\/2021\/10\/Mekanizma-Teknigi2021-300x399.jpeg 300w, https:\/\/blog.metu.edu.tr\/eresmech\/files\/2021\/10\/Mekanizma-Teknigi2021-450x598.jpeg 450w, https:\/\/blog.metu.edu.tr\/eresmech\/files\/2021\/10\/Mekanizma-Teknigi2021-600x798.jpeg 600w\" sizes=\"auto, (max-width: 752px) 100vw, 752px\" \/><\/p>\n<p style=\"text-align: center\"><img loading=\"lazy\" decoding=\"async\" class=\"alignnone wp-image-1895\" src=\"https:\/\/blog.metu.edu.tr\/eresmech\/files\/2021\/10\/mak.dinamigi.jpg\" alt=\"\" width=\"1479\" height=\"1000\" srcset=\"https:\/\/blog.metu.edu.tr\/eresmech\/files\/2021\/10\/mak.dinamigi.jpg 2054w, https:\/\/blog.metu.edu.tr\/eresmech\/files\/2021\/10\/mak.dinamigi-300x203.jpg 300w, https:\/\/blog.metu.edu.tr\/eresmech\/files\/2021\/10\/mak.dinamigi-1024x692.jpg 1024w, https:\/\/blog.metu.edu.tr\/eresmech\/files\/2021\/10\/mak.dinamigi-768x519.jpg 768w, https:\/\/blog.metu.edu.tr\/eresmech\/files\/2021\/10\/mak.dinamigi-1536x1039.jpg 1536w, https:\/\/blog.metu.edu.tr\/eresmech\/files\/2021\/10\/mak.dinamigi-2048x1385.jpg 2048w, https:\/\/blog.metu.edu.tr\/eresmech\/files\/2021\/10\/mak.dinamigi-100x68.jpg 100w, https:\/\/blog.metu.edu.tr\/eresmech\/files\/2021\/10\/mak.dinamigi-150x101.jpg 150w, https:\/\/blog.metu.edu.tr\/eresmech\/files\/2021\/10\/mak.dinamigi-200x135.jpg 200w, https:\/\/blog.metu.edu.tr\/eresmech\/files\/2021\/10\/mak.dinamigi-450x304.jpg 450w, https:\/\/blog.metu.edu.tr\/eresmech\/files\/2021\/10\/mak.dinamigi-600x406.jpg 600w, https:\/\/blog.metu.edu.tr\/eresmech\/files\/2021\/10\/mak.dinamigi-900x609.jpg 900w\" sizes=\"auto, (max-width: 1479px) 100vw, 1479px\" \/><br \/>\nMakina Teorisi -2: Makina Dinami\u011fi (Ekim 2007)<br \/>\nBirsen Kitapevi: http:\/\/www.birsenyayinevi.com, e-posta: info@birsenyayinevi.com<\/p>\n<p><img loading=\"lazy\" decoding=\"async\" class=\"size-full wp-image-1898 aligncenter\" src=\"https:\/\/blog.metu.edu.tr\/eresmech\/files\/2021\/10\/707-mekanizma-1616505239.jpg\" alt=\"\" width=\"900\" height=\"867\" srcset=\"https:\/\/blog.metu.edu.tr\/eresmech\/files\/2021\/10\/707-mekanizma-1616505239.jpg 900w, https:\/\/blog.metu.edu.tr\/eresmech\/files\/2021\/10\/707-mekanizma-1616505239-300x289.jpg 300w, https:\/\/blog.metu.edu.tr\/eresmech\/files\/2021\/10\/707-mekanizma-1616505239-768x740.jpg 768w, https:\/\/blog.metu.edu.tr\/eresmech\/files\/2021\/10\/707-mekanizma-1616505239-100x96.jpg 100w, https:\/\/blog.metu.edu.tr\/eresmech\/files\/2021\/10\/707-mekanizma-1616505239-150x145.jpg 150w, https:\/\/blog.metu.edu.tr\/eresmech\/files\/2021\/10\/707-mekanizma-1616505239-200x193.jpg 200w, https:\/\/blog.metu.edu.tr\/eresmech\/files\/2021\/10\/707-mekanizma-1616505239-450x434.jpg 450w, https:\/\/blog.metu.edu.tr\/eresmech\/files\/2021\/10\/707-mekanizma-1616505239-600x578.jpg 600w\" sizes=\"auto, (max-width: 900px) 100vw, 900px\" \/><\/p>\n<p style=\"text-align: center\">\u00d6rneklerle Mekanizma Tekni\u011fi (2020)<\/p>\n<p style=\"text-align: center\">MMO Yay\u0131nlar\u0131: <a href=\"https:\/\/kitap.mmo.org.tr\/orneklerle-mekanizma-teknigi\">https:\/\/kitap.mmo.org.tr\/orneklerle-mekanizma-teknigi<\/a>, e-posta: kitap@mmo.org.tr<\/p>\n<\/div>\n<\/div><\/div><\/div><div id=\"pgc-gb220-69df0981c48fc-0-1\"  class=\"panel-grid-cell\" ><div id=\"panel-gb220-69df0981c48fc-0-1-0\" class=\"so-panel widget widget_sow-image panel-first-child panel-last-child widgetopts-SO\" data-index=\"1\" ><div\n\t\t\t\n\t\t\tclass=\"so-widget-sow-image so-widget-sow-image-default-c67d20f9f743-220\"\n\t\t\t\n\t\t>\n<div class=\"sow-image-container\">\n\t\t<img \n\tsrc=\"https:\/\/blog.metu.edu.tr\/eresmech\/files\/2021\/04\/eressoylemez-200x233.jpg\" width=\"200\" height=\"233\" srcset=\"https:\/\/blog.metu.edu.tr\/eresmech\/files\/2021\/04\/eressoylemez-200x233.jpg 200w, https:\/\/blog.metu.edu.tr\/eresmech\/files\/2021\/04\/eressoylemez-257x300.jpg 257w, https:\/\/blog.metu.edu.tr\/eresmech\/files\/2021\/04\/eressoylemez-100x117.jpg 100w, https:\/\/blog.metu.edu.tr\/eresmech\/files\/2021\/04\/eressoylemez-150x175.jpg 150w, https:\/\/blog.metu.edu.tr\/eresmech\/files\/2021\/04\/eressoylemez-300x350.jpg 300w, https:\/\/blog.metu.edu.tr\/eresmech\/files\/2021\/04\/eressoylemez.jpg 320w\" sizes=\"(max-width: 200px) 100vw, 200px\" alt=\"\" \t\tclass=\"so-widget-image\" \/>\n\t<\/div>\n\n<\/div><\/div><\/div><\/div><\/div><\/div>","protected":false},"excerpt":{"rendered":"<p>Prof. Dr. Eres S\u00f6ylemez &#8211; Ders Kitaplar\u0131 D\u0130KKAT Her hakk\u0131 sakl\u0131d\u0131r. Eres S\u00f6ylemez&#8217;den yaz\u0131l\u0131 izin al\u0131nmadan kopyalanamaz, elektronik veya yaz\u0131l\u0131 ortamda da\u011f\u0131t\u0131lamaz. The 6th Edition of Mechanisms is published. The book can be procured from ODT\u00dc Do\u011fa K\u0131rtasiye. Makina Teorisi-1 &hellip;<\/p>\n<p class=\"read-more\"> <a class=\"more-link\" href=\"https:\/\/blog.metu.edu.tr\/eresmech\/\"> <span class=\"screen-reader-text\">Ana Sayfa<\/span> Devam\u0131n\u0131 Oku &raquo;<\/a><\/p>\n","protected":false},"author":7747,"featured_media":0,"parent":0,"menu_order":0,"comment_status":"closed","ping_status":"closed","template":"","meta":{"footnotes":"","_links_to":"","_links_to_target":""},"class_list":["post-220","page","type-page","status-publish","hentry"],"_links":{"self":[{"href":"https:\/\/blog.metu.edu.tr\/eresmech\/wp-json\/wp\/v2\/pages\/220","targetHints":{"allow":["GET"]}}],"collection":[{"href":"https:\/\/blog.metu.edu.tr\/eresmech\/wp-json\/wp\/v2\/pages"}],"about":[{"href":"https:\/\/blog.metu.edu.tr\/eresmech\/wp-json\/wp\/v2\/types\/page"}],"author":[{"embeddable":true,"href":"https:\/\/blog.metu.edu.tr\/eresmech\/wp-json\/wp\/v2\/users\/7747"}],"replies":[{"embeddable":true,"href":"https:\/\/blog.metu.edu.tr\/eresmech\/wp-json\/wp\/v2\/comments?post=220"}],"version-history":[{"count":0,"href":"https:\/\/blog.metu.edu.tr\/eresmech\/wp-json\/wp\/v2\/pages\/220\/revisions"}],"wp:attachment":[{"href":"https:\/\/blog.metu.edu.tr\/eresmech\/wp-json\/wp\/v2\/media?parent=220"}],"curies":[{"name":"wp","href":"https:\/\/api.w.org\/{rel}","templated":true}]}}