{"id":1934,"date":"2021-10-25T10:47:51","date_gmt":"2021-10-25T10:47:51","guid":{"rendered":"https:\/\/blog.metu.edu.tr\/eresmech\/?page_id=1934"},"modified":"2022-08-24T10:26:35","modified_gmt":"2022-08-24T10:26:35","slug":"preface","status":"publish","type":"page","link":"https:\/\/blog.metu.edu.tr\/eresmech\/mechanisms\/preface\/","title":{"rendered":"Preface"},"content":{"rendered":"<div id=\"pl-gb1934-69dff8f351ac8\"  class=\"panel-layout\" ><div id=\"pg-gb1934-69dff8f351ac8-0\"  class=\"panel-grid panel-no-style\" ><div id=\"pgc-gb1934-69dff8f351ac8-0-0\"  class=\"panel-grid-cell\" ><div id=\"panel-gb1934-69dff8f351ac8-0-0-0\" class=\"so-panel widget widget_sow-editor panel-first-child panel-last-child widgetopts-SO\" data-index=\"0\" ><div\n\t\t\t\n\t\t\tclass=\"so-widget-sow-editor so-widget-sow-editor-base\"\n\t\t\t\n\t\t>\n<div class=\"siteorigin-widget-tinymce textwidget\">\n\t<h1 style=\"text-align: center\">PREFACE<\/h1>\n<\/div>\n<\/div><\/div><\/div><\/div><div id=\"pg-gb1934-69dff8f351ac8-1\"  class=\"panel-grid panel-no-style\" ><div id=\"pgc-gb1934-69dff8f351ac8-1-0\"  class=\"panel-grid-cell panel-grid-cell-empty\" ><\/div><div id=\"pgc-gb1934-69dff8f351ac8-1-1\"  class=\"panel-grid-cell\" ><div id=\"panel-gb1934-69dff8f351ac8-1-1-0\" class=\"so-panel widget widget_sow-editor panel-first-child panel-last-child widgetopts-SO\" data-index=\"1\" ><div\n\t\t\t\n\t\t\tclass=\"so-widget-sow-editor so-widget-sow-editor-base\"\n\t\t\t\n\t\t>\n<div class=\"siteorigin-widget-tinymce textwidget\">\n\t<p><em><strong>&#8220;D\u00fcnyada her \u015fey i\u00e7in, medeniyet i\u00e7in, hayat i\u00e7in, muvaffakiyet i\u00e7in en hakiki m\u00fcr\u015fit ilimdir, fendir. \u0130lim ve fennin haricinde m\u00fcr\u015fit aramak, gaflettir, cehalettir, dalalettir.&#8221;<\/strong><\/em><\/p>\n<p><strong><i>M.K. Atat\u00fcrk<\/i><\/strong><\/p>\n<\/div>\n<\/div><\/div><\/div><\/div><div id=\"pg-gb1934-69dff8f351ac8-2\"  class=\"panel-grid panel-no-style\" ><div id=\"pgc-gb1934-69dff8f351ac8-2-0\"  class=\"panel-grid-cell\" ><div id=\"panel-gb1934-69dff8f351ac8-2-0-0\" class=\"so-panel widget widget_sow-editor panel-first-child panel-last-child widgetopts-SO\" data-index=\"2\" ><div\n\t\t\t\n\t\t\tclass=\"so-widget-sow-editor so-widget-sow-editor-base\"\n\t\t\t\n\t\t>\n<div class=\"siteorigin-widget-tinymce textwidget\">\n\t<p><b>Dear Colleagues,<\/b><\/p>\n<p><span style=\"font-family: Arial, Helvetica, sans-serif\">This document has been prepared for the Asyncrhronous learning of the mechanisms. It is based on third edition of the &#8220;Mechanisms&#8221; book that was published in 1999 which was developed from course lectures on &#8220;Mechanisms&#8221; given to mechanical engineering students at the Middle East Technical University starting from 1974. After 20 years since its first publication, over five thousand copies sold (in addition to an unknown number of photocopies made) and being out of print for the last seven years, I was not planning to prepare the third edition of the book for a number of reasons. However, within the last two years, I had the time and courage to rewrite most parts of the book.<\/span><\/p>\n<p><span style=\"font-family: Arial, Helvetica, sans-serif\">\u00a0As any other teaching material, learning is up to the student. Effort must be shown so that the material shown can be of any use.<\/span><\/p>\n<p><span style=\"font-family: Arial, Helvetica, sans-serif\">There has been numerous changes in computation facilities and in mechanical engineering education over the last two decades both at METU and abroad. For the one thing, what used to be a mainframe computation has become a simple calculation in a personal computer. Engineers who had to write their own program using FORTRAN and then interpret a bunch of number outputs now can use specific or general package programs with excellent graphic capabilities. During the eighties and nineties robots, and numerically controlled systems have changed the way we look at mechanical engineering. Still the old science (or technology, or art) of mechanisms has its utmost importance in machine design, although the tools of the design and products to be designed have changed. To disseminate the knowledge, contrary to the belief of some people, even at the age of the Internet, books are essential tools.<\/span><\/p>\n<p><span style=\"font-family: Arial, Helvetica, sans-serif\">In Chapters 1 and 2 an effort has been made to orient the student with the systems that are going to be discussed. The topological characteristics of mechanisms including the type of joints, degree of freedom of mechanisms and enumeration of mechanisms are given. Only in this chapter spatial mechanisms are included to make the student familiar with all the mechanisms he may see in practice.<\/span><\/p>\n<p><span style=\"font-family: Arial, Helvetica, sans-serif\">Chapter 3, 4 and 5 is devoted to the kinematic analysis of planar mechanisms. Displacement, velocity and acceleration analysis using graphical and analytical methods are shown. Unified approach is used between different methods based on the vector loop equations. Examples are shown using general purpose programs such as AutoCAD\u00a9, EXCEL\u00a9or MathCAD\u00a9. One can as well utilize any other drawing package or spread sheet or mathematics programs such as CADkey\u00a9, Lotus\u00a9 or MATLAB\u00a9. Use of package programs such as Working Model\u00a9, ADAMS\u00a9or the like were not encouraged since these programs are specifically designed for the kinematic and dynamic analysis of mechanisms. Although these programs are excellent tools for professional engineers, their value in learning the basic concepts in these fields is questionable.<\/span><\/p>\n<p><span style=\"font-family: Arial, Helvetica, sans-serif\">Chapter 6 deals with linear mechanical systems- gear trains. In Chapter 7 simple mechanisms that are most often encountered in practice are discussed in more detail. The characteristics of four-bar, slider-crank and inverted slider-crank mechanisms are given. For the four-bar and slider-crank mechanism design for dead centers problem is treated analytically. The coupler point curve and related theorems are explained. Straight line motion generation by means of slider-crank and swinging-block mechanism is discussed.<\/span><\/p>\n<p><span style=\"font-family: Arial, Helvetica, sans-serif\">Chapter 8 is on cams. The nomenclature, motion curves and the cam design is explained in detail both graphically and analytically<\/span><\/p>\n<p><span style=\"font-family: Arial, Helvetica, sans-serif\">Many thanks are due to the colleagues Dr. Kemal Ider, Dr. Kemal \u00d6zg\u00f6ren, Dr. Resit Soylu and Dr. Turgut T\u00fcmer and to the assistants Miss. Burcu S\u00f6ylemez and Mr. A. Serdar Sezen who have proofread the draft copy. The contributions of all the assistants who helped in giving this course and all the students who have taken this course over the last 25 years are greatly appreciated.<\/span><\/p>\n<p><span style=\"font-family: Arial, Helvetica, sans-serif\">The web pages were prepared by Mr \u00d6zg\u00fcr Ekici. Mr Ahmet Serdar Sezen has prepared some of the Flash\u00ae animations but more than that, I am grateful to him for teaching me how to use this program. The support given by Enformatics Institute and its director Prof. Dr. Ne\u015fe Yalab\u0131k is greatly appreciated.<\/span><\/p>\n<p><span style=\"font-family: Arial, Helvetica, sans-serif\">Eres S\u00f6ylemez<\/span><\/p>\n<p><span style=\"font-family: Arial, Helvetica, sans-serif\">August 2001,\u00a0<\/span><span style=\"font-family: Arial, Helvetica, sans-serif\">Ankara<\/span><\/p>\n<\/div>\n<\/div><\/div><\/div><\/div><\/div>\n\n\n<p> <a href=\"https:\/\/blog.metu.edu.tr\/eresmech\/mechanisms\/\" data-type=\"page\"><img loading=\"lazy\" decoding=\"async\" width=\"38\" height=\"38\" class=\"wp-image-17\" style=\"width: 38px\" src=\"https:\/\/blog.metu.edu.tr\/eresmech\/files\/2021\/04\/contents_button.gif\" alt=\"\" \/><\/a><a href=\"https:\/\/blog.metu.edu.tr\/eresmech\/mechanisms\/\" data-type=\"page\" data-id=\"47\"><img loading=\"lazy\" decoding=\"async\" width=\"38\" height=\"38\" class=\"wp-image-18\" style=\"width: 38px\" src=\"https:\/\/blog.metu.edu.tr\/eresmech\/files\/2021\/04\/home_button.gif\" alt=\"\" \/><\/a><a href=\"https:\/\/blog.metu.edu.tr\/eresmech\/mechanisms\/ch1\/\"><img loading=\"lazy\" decoding=\"async\" width=\"38\" height=\"38\" class=\"wp-image-20\" style=\"width: 38px\" src=\"https:\/\/blog.metu.edu.tr\/eresmech\/files\/2021\/04\/next_button.gif\" alt=\"\" \/><\/a><img loading=\"lazy\" decoding=\"async\" width=\"119\" height=\"40\" class=\"wp-image-15\" style=\"width: 119px\" src=\"https:\/\/blog.metu.edu.tr\/eresmech\/files\/2021\/04\/ceres.gif\" alt=\"\" \/> <\/p>\n","protected":false},"excerpt":{"rendered":"<p>PREFACE &#8220;D\u00fcnyada her \u015fey i\u00e7in, medeniyet i\u00e7in, hayat i\u00e7in, muvaffakiyet i\u00e7in en hakiki m\u00fcr\u015fit ilimdir, fendir. \u0130lim ve fennin haricinde m\u00fcr\u015fit aramak, gaflettir, cehalettir, dalalettir.&#8221; M.K. Atat\u00fcrk<\/p>\n","protected":false},"author":7747,"featured_media":0,"parent":1932,"menu_order":0,"comment_status":"closed","ping_status":"closed","template":"full-width-page.php","meta":{"footnotes":"","_links_to":"","_links_to_target":""},"class_list":["post-1934","page","type-page","status-publish","hentry"],"_links":{"self":[{"href":"https:\/\/blog.metu.edu.tr\/eresmech\/wp-json\/wp\/v2\/pages\/1934","targetHints":{"allow":["GET"]}}],"collection":[{"href":"https:\/\/blog.metu.edu.tr\/eresmech\/wp-json\/wp\/v2\/pages"}],"about":[{"href":"https:\/\/blog.metu.edu.tr\/eresmech\/wp-json\/wp\/v2\/types\/page"}],"author":[{"embeddable":true,"href":"https:\/\/blog.metu.edu.tr\/eresmech\/wp-json\/wp\/v2\/users\/7747"}],"replies":[{"embeddable":true,"href":"https:\/\/blog.metu.edu.tr\/eresmech\/wp-json\/wp\/v2\/comments?post=1934"}],"version-history":[{"count":0,"href":"https:\/\/blog.metu.edu.tr\/eresmech\/wp-json\/wp\/v2\/pages\/1934\/revisions"}],"up":[{"embeddable":true,"href":"https:\/\/blog.metu.edu.tr\/eresmech\/wp-json\/wp\/v2\/pages\/1932"}],"wp:attachment":[{"href":"https:\/\/blog.metu.edu.tr\/eresmech\/wp-json\/wp\/v2\/media?parent=1934"}],"curies":[{"name":"wp","href":"https:\/\/api.w.org\/{rel}","templated":true}]}}