{"id":1704,"date":"2021-09-29T20:51:11","date_gmt":"2021-09-29T20:51:11","guid":{"rendered":"https:\/\/blog.metu.edu.tr\/eresmech\/?page_id=1704"},"modified":"2021-10-05T22:18:53","modified_gmt":"2021-10-05T22:18:53","slug":"tutucu","status":"publish","type":"page","link":"https:\/\/blog.metu.edu.tr\/eresmech\/mekanizma-teknigi\/ch2\/ornek-2\/tutucu\/","title":{"rendered":"Tutucu"},"content":{"rendered":"<div id=\"pl-gb1704-69d60bf1d8309\"  class=\"panel-layout\" ><div id=\"pg-gb1704-69d60bf1d8309-0\"  class=\"panel-grid panel-no-style\" ><div id=\"pgc-gb1704-69d60bf1d8309-0-0\"  class=\"panel-grid-cell\" ><div id=\"panel-gb1704-69d60bf1d8309-0-0-0\" class=\"so-panel widget widget_sow-editor panel-first-child panel-last-child widgetopts-SO\" data-index=\"0\" ><div\n\t\t\t\n\t\t\tclass=\"so-widget-sow-editor so-widget-sow-editor-base\"\n\t\t\t\n\t\t>\n<div class=\"siteorigin-widget-tinymce textwidget\">\n\t<p><strong>Tutucu Mekanizmas\u0131<\/strong><\/p>\n<p>Bu mekanizma silindirik veya silindire yak\u0131n geometrisi olan cisimleri kavramak i\u00e7in kullan\u0131lan tutucudur. Teknik Resim:<\/p>\n<p><img loading=\"lazy\" decoding=\"async\" class=\"size-full wp-image-1705 aligncenter\" src=\"https:\/\/blog.metu.edu.tr\/eresmech\/files\/2021\/09\/grabber_1.gif\" alt=\"\" width=\"461\" height=\"336\" \/><\/p>\n<p>Mekanizma sekiz uzuvlu olup pistonun hidrolik olarak tahrik edilmesi ile hareket etmektedir. 2, 3, 4, 5, 6, 7 ve 8 uzuvlar\u0131 iki elemanl\u0131 uzuvlard\u0131r. Buna kar\u015f\u0131n 1 ve 4 uzuvlar\u0131nda 4 kinematik eleman vard\u0131r. \u015eematik Diyagram:<\/p>\n<p><img loading=\"lazy\" decoding=\"async\" class=\"size-full wp-image-1706 aligncenter\" src=\"https:\/\/blog.metu.edu.tr\/eresmech\/files\/2021\/09\/grabber_2.gif\" alt=\"\" width=\"396\" height=\"302\" \/><\/p>\n<p>Sadece serbestlik derecesi a\u00e7\u0131s\u0131ndan mekanizma tipi incelenir ise, \u015fematik olarak \u015fekilde g\u00f6r\u00fcld\u00fc\u011f\u00fc gibidir (uzuv boyutlar\u0131 d\u00fc\u015f\u00fcn\u00fclmemektedir). Serbestlik derecesi hesab\u0131:<\/p>\n<table border=\"0\" width=\"85%\" align=\"center\">\n<tbody>\n<tr>\n<td>Uzuv say\u0131s\u0131: <em>l<\/em>\u00a0= 8<\/td>\n<\/tr>\n<tr>\n<td>Mafsal say\u0131s\u0131: j = 10 (9 d\u00f6ner mafsal ve 1 kayar mafsal)<\/td>\n<\/tr>\n<tr>\n<td>Mafsal serbestlik dereceleri: f<sub>i<\/sub>\u00a0= 1 (d\u00f6ner ve kayar mafsallar)<\/td>\n<\/tr>\n<tr>\n<td>Uzay serbestlik derecesi = \u03bb = 3<\/td>\n<\/tr>\n<tr>\n<td>Mekanizma serbestlik derecesi: F = 3(8 \u2212 10 \u2212 1)+10 = 1<\/td>\n<\/tr>\n<\/tbody>\n<\/table>\n<p><img loading=\"lazy\" decoding=\"async\" class=\"size-full wp-image-1707 aligncenter\" src=\"https:\/\/blog.metu.edu.tr\/eresmech\/files\/2021\/09\/grabber_3.gif\" alt=\"\" width=\"446\" height=\"238\" \/><\/p>\n<p>&nbsp;<\/p>\n<\/div>\n<\/div><\/div><\/div><\/div><\/div>","protected":false},"excerpt":{"rendered":"<p>Tutucu Mekanizmas\u0131 Bu mekanizma silindirik veya silindire yak\u0131n geometrisi olan cisimleri kavramak i\u00e7in kullan\u0131lan tutucudur. Teknik Resim: Mekanizma sekiz uzuvlu olup pistonun hidrolik olarak tahrik edilmesi ile hareket etmektedir. 2, 3, 4, 5, 6, 7 ve 8 uzuvlar\u0131 iki elemanl\u0131 &hellip;<\/p>\n<p class=\"read-more\"> <a class=\"more-link\" href=\"https:\/\/blog.metu.edu.tr\/eresmech\/mekanizma-teknigi\/ch2\/ornek-2\/tutucu\/\"> <span class=\"screen-reader-text\">Tutucu<\/span> Devam\u0131n\u0131 Oku &raquo;<\/a><\/p>\n","protected":false},"author":7747,"featured_media":0,"parent":739,"menu_order":0,"comment_status":"closed","ping_status":"closed","template":"full-width-page.php","meta":{"footnotes":"","_links_to":"","_links_to_target":""},"class_list":["post-1704","page","type-page","status-publish","hentry"],"_links":{"self":[{"href":"https:\/\/blog.metu.edu.tr\/eresmech\/wp-json\/wp\/v2\/pages\/1704","targetHints":{"allow":["GET"]}}],"collection":[{"href":"https:\/\/blog.metu.edu.tr\/eresmech\/wp-json\/wp\/v2\/pages"}],"about":[{"href":"https:\/\/blog.metu.edu.tr\/eresmech\/wp-json\/wp\/v2\/types\/page"}],"author":[{"embeddable":true,"href":"https:\/\/blog.metu.edu.tr\/eresmech\/wp-json\/wp\/v2\/users\/7747"}],"replies":[{"embeddable":true,"href":"https:\/\/blog.metu.edu.tr\/eresmech\/wp-json\/wp\/v2\/comments?post=1704"}],"version-history":[{"count":0,"href":"https:\/\/blog.metu.edu.tr\/eresmech\/wp-json\/wp\/v2\/pages\/1704\/revisions"}],"up":[{"embeddable":true,"href":"https:\/\/blog.metu.edu.tr\/eresmech\/wp-json\/wp\/v2\/pages\/739"}],"wp:attachment":[{"href":"https:\/\/blog.metu.edu.tr\/eresmech\/wp-json\/wp\/v2\/media?parent=1704"}],"curies":[{"name":"wp","href":"https:\/\/api.w.org\/{rel}","templated":true}]}}