{"id":1484,"date":"2021-09-11T18:42:06","date_gmt":"2021-09-11T18:42:06","guid":{"rendered":"https:\/\/blog.metu.edu.tr\/eresmech\/?page_id=1484"},"modified":"2021-09-27T09:12:28","modified_gmt":"2021-09-27T09:12:28","slug":"3-4_ornek","status":"publish","type":"page","link":"https:\/\/blog.metu.edu.tr\/eresmech\/mekanizma-teknigi\/ch3\/3-4\/3-4_ornek\/","title":{"rendered":"3-4_ornek"},"content":{"rendered":"<div id=\"pl-gb1484-69d901ee58347\"  class=\"panel-layout\" ><div id=\"pg-gb1484-69d901ee58347-0\"  class=\"panel-grid panel-no-style\" ><div id=\"pgc-gb1484-69d901ee58347-0-0\"  class=\"panel-grid-cell\" ><div id=\"panel-gb1484-69d901ee58347-0-0-0\" class=\"so-panel widget widget_sow-editor panel-first-child panel-last-child widgetopts-SO\" data-index=\"0\" ><div\n\t\t\t\n\t\t\tclass=\"so-widget-sow-editor so-widget-sow-editor-base\"\n\t\t\t\n\t\t>\n<div class=\"siteorigin-widget-tinymce textwidget\">\n\t<h1><strong data-rich-text-format-boundary=\"true\">\u00d6rnek: Alt\u0131 Uzuvlu Bir Mekanizmadaki Devreler<\/strong><\/h1>\n<p>\u015eekil 1-A da 6 uzuvlu bir mekanizma g\u00f6r\u00fclmektedir. Mekanizmada hi\u00e7 bir kapal\u0131 devre kalmamas\u0131 i\u00e7in bu sefer iki mafsal\u0131n s\u00f6k\u00fclmesi gereklidir. S\u00f6k\u00fclmesi gereken mafsal ki\u015fiden ki\u015fiye farkl\u0131 olabilir. Ancak devre kalmayacak \u015fekilde s\u00f6k\u00fclmesi gereken minimum mafsal say\u0131s\u0131 bir mekanizma i\u00e7in sabittir. Ayr\u0131ca mafsallar s\u00f6k\u00fcl\u00fcr iken uzuvlar\u0131n zincirden ayr\u0131lmamas\u0131 gereklidir. C ve B noktalar\u0131nda bulunan mafsallar s\u00f6k\u00fcld\u00fc\u011f\u00fcnde (\u015eekil 1-B), mekanizmada devre b\u0131rak\u0131lmam\u0131\u015f, a\u00e7\u0131k zincirler olu\u015fturulmu\u015ftur (istenir ise D ve E veya D ve A gibi iki farkl\u0131 mafsal s\u00f6k\u00fclebilir. Ancak \u00f6rne\u011fin B ve D mafsal\u0131 s\u00f6k\u00fclemez, \u00e7\u00fcnk\u00fc bu durumda bir uzuv zincirden kopar\u0131lm\u0131\u015f olur). C noktas\u0131n\u0131n konumunu 1, 2, 3 ve 1, 5, 4 uzuvlar\u0131ndan olu\u015fan a\u00e7\u0131k kinematik zincirleri kullanarak yazmak istedi\u011fimizde (B mafsal\u0131 s\u00f6k\u00fclm\u00fc\u015f durumda), gerekli konum parametreleri tan\u0131mlayarak elde etti\u011fimiz vekt\u00f6r devre denklemi:<\/p>\n<p style=\"text-align: center\"><strong>A<sub>o<\/sub>A<\/strong> +\u00a0<strong>AC<\/strong> = <strong>A<sub>o<\/sub>D<sub>o<\/sub><\/strong>\u00a0+ <strong>D<sub>o<\/sub>E<\/strong> +\u00a0<strong>EC<\/strong><\/p>\n<p>olur. Karma\u015f\u0131k say\u0131larla vekt\u00f6r devre denklemi yaz\u0131ld\u0131\u011f\u0131nda:<\/p>\n<p style=\"text-align: center\">a<sub>2<\/sub>e<sup>i\u03b8<sub>12<\/sub><\/sup> + a<sub>3<\/sub>e<sup>i\u03b8<sub>13<\/sub><\/sup>\u00a0= a<sub>1<\/sub> + a<sub>5<\/sub>e<sup>i\u03b8<sub>15<\/sub><\/sup>\u00a0+ a<sub>4<\/sub>e<sup>i\u03b8<sub>14<\/sub><\/sup><\/p>\n<p style=\"text-align: center\"><img loading=\"lazy\" decoding=\"async\" class=\"alignnone wp-image-1486\" src=\"https:\/\/blog.metu.edu.tr\/eresmech\/files\/2021\/09\/image1-4.gif\" alt=\"\" width=\"570\" height=\"327\" \/><\/p>\n<p style=\"text-align: center\">(a<sub>1<\/sub> = |A<sub>o<\/sub>D<sub>o<\/sub>|, a<sub>2<\/sub> = |A<sub>o<\/sub>A|, a<sub>3<\/sub> = |AC|, b<sub>1<\/sub> = |AB|, c<sub>3<\/sub> = |CB|, a<sub>4<\/sub> = |EC|, a<sub>5<\/sub> = |D<sub>o<\/sub>E|, b<sub>5<\/sub> = |D<sub>o<\/sub>D|, c<sub>5<\/sub> = |ED|, a<sub>6<\/sub> = |BD|)<\/p>\n<p>B noktas\u0131n\u0131n konumu vekt\u00f6r\u00fc, benzer bir \u015fekilde 1, 2, 3 ve 1, 5, 6 uzuvlar\u0131ndan olu\u015fan a\u00e7\u0131k zincirleri kullanarak (C mafsal\u0131 a\u00e7\u0131k oldu\u011fu varsay\u0131larak), yaz\u0131ld\u0131\u011f\u0131nda elde edilen vekt\u00f6r devre denklemi ise<\/p>\n<p style=\"text-align: center\"><strong>A<sub>0<\/sub>A<\/strong> +\u00a0<strong>AB<\/strong> = <strong>A<sub>0<\/sub>D<sub>0<\/sub><\/strong>\u00a0+ <strong>D<sub>0<\/sub>D<\/strong> +\u00a0<strong>DB<\/strong><\/p>\n<p>olacakt\u0131r. Karma\u015f\u0131k say\u0131lar kullan\u0131larak yaz\u0131ld\u0131\u011f\u0131nda:<\/p>\n<p style=\"text-align: center\">a<sub>2<\/sub>e<sup>i\u03b8<sub>12<\/sub><\/sup> + b<sub>3<\/sub>e<sup>i(\u03b8<sub>13<\/sub> + \u03b1<sub>3<\/sub>)<\/sup>\u00a0= a<sub>1<\/sub> + b<sub>5<\/sub>e<sup>i(\u03b8<sub>15 <\/sub>+<sub>\u00a0<\/sub>\u03b1<sub>5<\/sub>)<\/sup>\u00a0+ a<sub>6<\/sub>e<sup>i\u03b8<sub>16<\/sub><\/sup><\/p>\n<p>Dikkat edilir ise, 3 ve 5 uzuvlar\u0131n\u0131n konumlar\u0131 birinci ve ikinci denklemlerde farkl\u0131 vekt\u00f6rlerle belirlenmektedir ( 3 uzvu i\u00e7in\u00a0<strong>AC<\/strong>\u00a0ve\u00a0<strong>AB<\/strong>\u00a0vekt\u00f6rleri, 5 uzvu i\u00e7in\u00a0<strong>D<sub>0<\/sub>E<\/strong>\u00a0ve\u00a0<strong>D<sub>0<\/sub>D<\/strong> vekt\u00f6rleri). Ancak bu vekt\u00f6rlerin \u015fiddetleri yine uzuv boyutlar\u0131 olup ayn\u0131 uzuv \u00fczerinde bulunan iki vekt\u00f6r\u00fcn birbirleri aras\u0131nda sabit bir a\u00e7\u0131 (\u03b1<sub>3<\/sub>\u00a0ve \u03b1<sub>5<\/sub>) bulunmaktad\u0131r. Bu a\u00e7\u0131lar o uzuvlar\u0131n boyutlar\u0131 ile tan\u0131ml\u0131d\u0131r. Bu nedenle her bir uzuv i\u00e7in sadece bir a\u00e7\u0131sal konum parametresi (\u03b8<sub>13<\/sub> ve \u03b8<sub>15<\/sub>) tan\u0131mlanm\u0131\u015ft\u0131r.<\/p>\n<p>Yazm\u0131\u015f oldu\u011fumuz iki devre kapal\u0131l\u0131k denkleminde be\u015f konum de\u011fi\u015fkeni bulunmaktad\u0131r (\u03b8<sub>12<\/sub>, \u03b8<sub>13<\/sub>, \u03b8<sub>14<\/sub>, \u03b8<sub>15<\/sub> ve \u03b8<sub>16<\/sub>). Bu konum de\u011fi\u015fkenlerinden birisi ba\u011f\u0131ms\u0131z de\u011fi\u015fken olarak belirlenir ise, iki vekt\u00f6r devre denkleminden kalan di\u011fer d\u00f6rt de\u011fi\u015fkenin de\u011feri bulunabilir.<\/p>\n<p>E\u011fer B mafsal\u0131n\u0131n ba\u011flanmas\u0131n\u0131 C mafsal\u0131 ba\u011fland\u0131ktan sonra yapar isek bu durumda B mafsal\u0131 ile kapataca\u011f\u0131m\u0131z devre ECBDE devresi olacakt\u0131r (4-3 ve 5-6 a\u00e7\u0131k zincirleri) (\u00f6nceki durumda B mafsal\u0131 a\u00e7\u0131k oldu\u011fundan B mafsal\u0131 ile A<sub>0<\/sub>ABDD<sub>0<\/sub>A<sub>0<\/sub> devresi olu\u015fmu\u015ftu). Bu yeni durumda bu yeni devre i\u00e7in devre kapal\u0131l\u0131k denklemi<\/p>\n<p style=\"text-align: center\"><strong>EC<\/strong> +\u00a0<strong>CB<\/strong> = <strong>ED<\/strong> + <strong>DB<\/strong><\/p>\n<p>olacakt\u0131r. Karma\u015f\u0131k say\u0131lar ile bu denklem:<\/p>\n<p style=\"text-align: center\">a<sub>4<\/sub>e<sup>i\u03b8<sub>14<\/sub><\/sup> + c<sub>3<\/sub>e<sup>i(\u03b8<sub>13<\/sub> + \u03b2<sub>3<\/sub>)<\/sup> = c<sub>5<\/sub>e<sup>i(\u03b8<sub>15 <\/sub>+<sub>\u00a0<\/sub>\u03b2<sub>5<\/sub>)<\/sup>\u00a0+ a<sub>6<\/sub>e<sup>i\u03b8<sub>16<\/sub><\/sup><\/p>\n<p>yaz\u0131labilir. Her her \u00fc\u00e7 devre kapal\u0131l\u0131k denklemi ele al\u0131n\u0131r ise, elde edilen skaler denklem say\u0131s\u0131 bilinmeyen parametre say\u0131s\u0131ndan fazla olacakt\u0131r. Bu denklemleri i\u00e7in \u00e7\u00f6z\u00fcm ancak bilinmeyen parametre say\u0131s\u0131 kadar ba\u011f\u0131ms\u0131z skaler denklem olmas\u0131 ile m\u00fcmk\u00fcnd\u00fcr. Nitekim bu \u00f6rnek i\u00e7in elde edilmi\u015f olan birinci ve \u00fc\u00e7\u00fcnc\u00fc vekt\u00f6r devre denklemlerini taraf tarafa toplad\u0131\u011f\u0131m\u0131zda:<\/p>\n<p style=\"text-align: center\"><strong>A<sub>0<\/sub>A <\/strong>+ <strong>AC <\/strong>+ <strong>EC <\/strong>+ <strong>CB <\/strong>= <strong>D<sub>0<\/sub>E<\/strong> + <strong>EC <\/strong>+ <strong>ED <\/strong>+ <strong>DB<\/strong><\/p>\n<p>denklemi \u00e7\u0131kacakt\u0131r. Her iki tarafta bulunan <strong>EC<\/strong> vekt\u00f6r\u00fc gider. \u015eekil 2 de g\u00f6r\u00fcld\u00fc\u011f\u00fc gibi ayn\u0131 uzuv \u00fczerinde bulunan \u00fc\u00e7 vekt\u00f6r uzvun \u03b8 ile belirlenen konumuna ba\u011f\u0131ml\u0131 kalmaks\u0131z\u0131n aralar\u0131nda sabit bir ili\u015fkiyi korurlar. A, B, C noktalar\u0131 ayn\u0131 uzuv \u00fczerinde oldu\u011funda:<\/p>\n<p style=\"text-align: center\"><img loading=\"lazy\" decoding=\"async\" class=\"alignnone size-full wp-image-1487\" src=\"https:\/\/blog.metu.edu.tr\/eresmech\/files\/2021\/09\/image2-4.gif\" alt=\"\" width=\"305\" height=\"140\" \/><\/p>\n<p style=\"padding-left: 120px\"><span style=\"color: #993366\">Ayn\u0131 uzuv \u00fczerinde bulunan ABC Noktalar\u0131<\/span><\/p>\n<p style=\"padding-left: 120px\"><span style=\"color: #993366\">b = |AB| , a = |AC|, c = |CB|<\/span><\/p>\n<p style=\"padding-left: 120px\"><span style=\"color: #993366\"><b>AB<\/b> = be<sup>i(\u03b8 + \u03b1)<\/sup> , <b>AC<\/b> = ae<sup>i\u03b8<\/sup> , <b>CB<\/b> = ce<sup>i(\u03b8 + \u03b2)<\/sup><\/span><\/p>\n<p style=\"padding-left: 120px\"><strong><span style=\"color: #993366\">AC <\/span><\/strong><span style=\"color: #993366\">+ <strong>CB<\/strong> = <strong>AB<\/strong> (Daima sa\u011flanacak olan vekt\u00f6r denklemi)<\/span><\/p>\n<p style=\"padding-left: 120px\"><span style=\"color: #993366\">Karma\u015f\u0131k say\u0131lar ile yazd\u0131\u011f\u0131m\u0131zda:<\/span><\/p>\n<p style=\"padding-left: 120px\"><span style=\"color: #993366\">ae<sup>i\u03b8<\/sup>\u00a0<\/span><span style=\"color: #993366\">+ ce<sup>i(\u03b8 + \u03b2)<\/sup> = (a + ce<sup>i\u03b2<\/sup>)e<sup>i\u03b8<\/sup> = be<sup>i(\u03b8 + \u03b1)<\/sup> = be<sup>i\u03b1<\/sup>e<sup>i\u03b8<\/sup><\/span><\/p>\n<p style=\"padding-left: 120px\"><span style=\"color: #993366\">\u21d2\u00a0 a + ce<sup>i\u03b2<\/sup> = be<sup>i\u03b1<\/sup><\/span><\/p>\n<p style=\"padding-left: 120px\"><span style=\"color: #993366\">Dikkat edilirse, denklemde de\u011fi\u015fken a\u00e7\u0131 olan ve uzvun konumunu belirleyen \u03b8 a\u00e7\u0131s\u0131 de\u011feri ne olursa olsun denklem sa\u011flanmaktad\u0131r.\u00a0<\/span><\/p>\n<p>\u00d6yle ise bu de\u011ferlendirme, \u00f6rne\u011fimizde 3 uzvu i\u00e7in\u00a0<strong>AC<\/strong> + <strong>CB<\/strong> =\u00a0<strong>AB<\/strong>\u00a0ve 5 uzvu i\u00e7in\u00a0<strong>D<sub>0<\/sub>E <\/strong>+\u00a0<strong>ED <\/strong>=\u00a0<strong>D<sub>0<\/sub>D<\/strong>\u00a0sonucunu verecektir. B\u00f6ylece birinci ve \u00fc\u00e7\u00fcnc\u00fc vekt\u00f6r devre denklemleri topland\u0131\u011f\u0131nda ikinci vekt\u00f6r devre denklemi elde edilmi\u015ftir. \u00d6yle ise bu \u00fc\u00e7 vekt\u00f6r devre denkleminden birisi di\u011fer iki denkleme ba\u011f\u0131ml\u0131d\u0131r. Bu nedenle elde edilmi\u015f olan \u00fc\u00e7 devre denkleminden sadece ikisi konum de\u011fi\u015fkenlerinin \u00e7\u00f6z\u00fcm\u00fc i\u00e7in kullan\u0131labilir.<\/p>\n<\/div>\n<\/div><\/div><\/div><\/div><div id=\"pg-gb1484-69d901ee58347-1\"  class=\"panel-grid panel-no-style\" ><div id=\"pgc-gb1484-69d901ee58347-1-0\"  class=\"panel-grid-cell\" ><div id=\"panel-gb1484-69d901ee58347-1-0-0\" class=\"so-panel widget widget_sow-editor panel-first-child panel-last-child widgetopts-SO\" data-index=\"1\" ><div\n\t\t\t\n\t\t\tclass=\"so-widget-sow-editor so-widget-sow-editor-base\"\n\t\t\t\n\t\t>\n<div class=\"siteorigin-widget-tinymce textwidget\">\n\t<p style=\"text-align: center\"><strong>A<sub>0<\/sub>A<\/strong> + <strong>AC<\/strong> + <strong>CE<\/strong> = <strong>A<sub>0<\/sub>D<sub>0<\/sub><\/strong>\u00a0+ <strong>D<sub>0<\/sub>E<\/strong><\/p>\n<p style=\"text-align: center\"><strong>A<sub>0<\/sub>A<\/strong> + <strong>AB<\/strong> + <strong>BD<\/strong> = <strong>A<sub>0<\/sub>D<sub>0<\/sub><\/strong>\u00a0+ <strong>D<sub>0<\/sub>D<\/strong><\/p>\n<p style=\"text-align: center\">a<sub>2<\/sub>e<sup>i\u03b8<sub>12<\/sub><\/sup> + a<sub>3<\/sub>e<sup>i\u03b8<sub>13<\/sub><\/sup> + a<sub>4<\/sub>e<sup>i\u03b8<sub>14<\/sub><\/sup> = a<sub>1<\/sub> + a<sub>5<\/sub>e<sup>i\u03b8<sub>15<\/sub><\/sup><\/p>\n<p style=\"text-align: center\">a<sub>2<\/sub>e<sup>i\u03b8<sub>12<\/sub><\/sup> + b<sub>3<\/sub>e<sup>i(\u03b8<sub>13 <\/sub>+<sub>\u00a0<\/sub>\u03b1<sub>3<\/sub>)<\/sup> + a<sub>6<\/sub>e<sup>i\u03b8<sub>16<\/sub><\/sup> = a<sub>1<\/sub> + b<sub>5<\/sub>e<sup>i(\u03b8<sub>15 <\/sub>+<sub>\u00a0<\/sub>\u03b1<sub>5<\/sub>)<\/sup><\/p>\n<p>&nbsp;<\/p>\n<\/div>\n<\/div><\/div><\/div><div id=\"pgc-gb1484-69d901ee58347-1-1\"  class=\"panel-grid-cell\" ><div id=\"panel-gb1484-69d901ee58347-1-1-0\" class=\"so-panel widget widget_sow-image panel-first-child panel-last-child widgetopts-SO\" data-index=\"2\" ><div\n\t\t\t\n\t\t\tclass=\"so-widget-sow-image so-widget-sow-image-default-8b5b6f678277-1484\"\n\t\t\t\n\t\t>\n<div class=\"sow-image-container\">\n\t\t<img \n\tsrc=\"https:\/\/blog.metu.edu.tr\/eresmech\/files\/2021\/09\/image3-2.gif\" width=\"347\" height=\"348\" sizes=\"(max-width: 289px) 100vw, 289px\" title=\"image3\" alt=\"\" \t\tclass=\"so-widget-image\" \/>\n\t<\/div>\n\n<\/div><\/div><\/div><\/div><div id=\"pg-gb1484-69d901ee58347-2\"  class=\"panel-grid panel-no-style\" ><div id=\"pgc-gb1484-69d901ee58347-2-0\"  class=\"panel-grid-cell\" ><div id=\"panel-gb1484-69d901ee58347-2-0-0\" class=\"so-panel widget widget_sow-editor panel-first-child panel-last-child widgetopts-SO\" data-index=\"3\" ><div\n\t\t\t\n\t\t\tclass=\"so-widget-sow-editor so-widget-sow-editor-base\"\n\t\t\t\n\t\t>\n<div class=\"siteorigin-widget-tinymce textwidget\">\n\t<p style=\"text-align: justify\">A ve E gibi farkl\u0131 mafsallar s\u00f6k\u00fclm\u00fc\u015f kabul edilebilir (ve sonra birle\u015ftirilerek devre denklemi elde edilir). Mafsallar s\u00f6k\u00fcl\u00fcrken hi\u00e7bir uzvun zincirden kopmad\u0131\u011f\u0131na (en az bir mafsal ile bir ba\u015fka uzva ba\u011fl\u0131 oldu\u011funa) dikkat edilmelidir. Farkl\u0131 mafsallar s\u00f6k\u00fcld\u00fc\u011f\u00fcnde farkl\u0131 parametreler tan\u0131mlanabilir. Ancak her \u015fartta denklem say\u0131s\u0131 ve konum parametresi say\u0131s\u0131 bir mekanizma i\u00e7in sabit kalacakt\u0131r. Farkl\u0131 tan\u0131mlar kullan\u0131ld\u0131\u011f\u0131nda konum parametreleri aras\u0131nda sabit a\u00e7\u0131 farklar\u0131 olu\u015fabilir. Bu \u00f6rnekte B ve C mafsallar\u0131 yerine D ve E mafsallar\u0131 s\u00f6k\u00fcld\u00fc\u011f\u00fcnde \u03b8<sub>14<\/sub> ve \u03b8<sub>16<\/sub> a\u00e7\u0131 tan\u0131mlar\u0131 \u03c0 kadar fark etmi\u015ftir.<\/p>\n<\/div>\n<\/div><\/div><\/div><\/div><\/div>\n\n\n<p>  <a href=\"https:\/\/blog.metu.edu.tr\/eresmech\/mekanizma-teknigi\/ch3\/3-4\/\" data-type=\"page\"><img loading=\"lazy\" decoding=\"async\" width=\"38\" height=\"38\" class=\"wp-image-16\" style=\"width: 38px\" src=\"https:\/\/blog.metu.edu.tr\/eresmech\/files\/2021\/04\/back_button.gif\" alt=\"\" \/><\/a><a href=\"https:\/\/blog.metu.edu.tr\/eresmech\/mekanizma-teknigi\/ch3\/\" data-type=\"page\"><img loading=\"lazy\" decoding=\"async\" width=\"38\" height=\"38\" class=\"wp-image-17\" style=\"width: 38px\" src=\"https:\/\/blog.metu.edu.tr\/eresmech\/files\/2021\/04\/contents_button.gif\" alt=\"\" \/><\/a><a href=\"https:\/\/blog.metu.edu.tr\/eresmech\/mekanizma-teknigi\/\" data-type=\"page\" data-id=\"47\"><img loading=\"lazy\" decoding=\"async\" width=\"38\" height=\"38\" class=\"wp-image-18\" style=\"width: 38px\" src=\"https:\/\/blog.metu.edu.tr\/eresmech\/files\/2021\/04\/home_button.gif\" alt=\"\" \/><\/a><img loading=\"lazy\" decoding=\"async\" width=\"119\" height=\"40\" class=\"wp-image-15\" style=\"width: 119px\" src=\"https:\/\/blog.metu.edu.tr\/eresmech\/files\/2021\/04\/ceres.gif\" alt=\"\" \/>       <\/p>\n","protected":false},"excerpt":{"rendered":"<p>\u00d6rnek: Alt\u0131 Uzuvlu Bir Mekanizmadaki Devreler \u015eekil 1-A da 6 uzuvlu bir mekanizma g\u00f6r\u00fclmektedir. Mekanizmada hi\u00e7 bir kapal\u0131 devre kalmamas\u0131 i\u00e7in bu sefer iki mafsal\u0131n s\u00f6k\u00fclmesi gereklidir. S\u00f6k\u00fclmesi gereken mafsal ki\u015fiden ki\u015fiye farkl\u0131 olabilir. Ancak devre kalmayacak \u015fekilde s\u00f6k\u00fclmesi gereken &hellip;<\/p>\n<p class=\"read-more\"> <a class=\"more-link\" href=\"https:\/\/blog.metu.edu.tr\/eresmech\/mekanizma-teknigi\/ch3\/3-4\/3-4_ornek\/\"> <span class=\"screen-reader-text\">3-4_ornek<\/span> Devam\u0131n\u0131 Oku &raquo;<\/a><\/p>\n","protected":false},"author":7747,"featured_media":0,"parent":826,"menu_order":0,"comment_status":"closed","ping_status":"closed","template":"","meta":{"footnotes":"","_links_to":"","_links_to_target":""},"class_list":["post-1484","page","type-page","status-publish","hentry"],"_links":{"self":[{"href":"https:\/\/blog.metu.edu.tr\/eresmech\/wp-json\/wp\/v2\/pages\/1484","targetHints":{"allow":["GET"]}}],"collection":[{"href":"https:\/\/blog.metu.edu.tr\/eresmech\/wp-json\/wp\/v2\/pages"}],"about":[{"href":"https:\/\/blog.metu.edu.tr\/eresmech\/wp-json\/wp\/v2\/types\/page"}],"author":[{"embeddable":true,"href":"https:\/\/blog.metu.edu.tr\/eresmech\/wp-json\/wp\/v2\/users\/7747"}],"replies":[{"embeddable":true,"href":"https:\/\/blog.metu.edu.tr\/eresmech\/wp-json\/wp\/v2\/comments?post=1484"}],"version-history":[{"count":0,"href":"https:\/\/blog.metu.edu.tr\/eresmech\/wp-json\/wp\/v2\/pages\/1484\/revisions"}],"up":[{"embeddable":true,"href":"https:\/\/blog.metu.edu.tr\/eresmech\/wp-json\/wp\/v2\/pages\/826"}],"wp:attachment":[{"href":"https:\/\/blog.metu.edu.tr\/eresmech\/wp-json\/wp\/v2\/media?parent=1484"}],"curies":[{"name":"wp","href":"https:\/\/api.w.org\/{rel}","templated":true}]}}