{"id":1443,"date":"2021-09-11T07:14:04","date_gmt":"2021-09-11T07:14:04","guid":{"rendered":"https:\/\/blog.metu.edu.tr\/eresmech\/?page_id=1443"},"modified":"2021-09-30T20:56:20","modified_gmt":"2021-09-30T20:56:20","slug":"7-4","status":"publish","type":"page","link":"https:\/\/blog.metu.edu.tr\/eresmech\/mekanizma-teknigi\/ch7\/7-4\/","title":{"rendered":"7-4"},"content":{"rendered":"<div id=\"pl-gb1443-69d893c6bdaf7\"  class=\"panel-layout\" ><div id=\"pg-gb1443-69d893c6bdaf7-0\"  class=\"panel-grid panel-no-style\" ><div id=\"pgc-gb1443-69d893c6bdaf7-0-0\"  class=\"panel-grid-cell\" ><div id=\"panel-gb1443-69d893c6bdaf7-0-0-0\" class=\"so-panel widget widget_sow-editor panel-first-child panel-last-child widgetopts-SO\" data-index=\"0\" ><div\n\t\t\t\n\t\t\tclass=\"so-widget-sow-editor so-widget-sow-editor-base\"\n\t\t\t\n\t\t>\n<div class=\"siteorigin-widget-tinymce textwidget\">\n\t<h1><strong data-rich-text-format-boundary=\"true\">7.4 Biyel E\u011frileri<\/strong><\/h1>\n<p>\u015eu ana kadar bu k\u0131s\u0131mda s\u00f6z konusu olan sabit uzva ba\u011fl\u0131 uzuvlar\u0131n mafsal parametreleri aras\u0131nda ili\u015fki mekanizmada bir giri\u015f ve bir \u00e7\u0131k\u0131\u015f olarak ele al\u0131nmakta idi. Bir\u00e7ok uygulamada ise, biyel uzvunun \u00fczerinde bir noktan\u0131n hareketi o mekanizman\u0131n \u00e7\u0131kt\u0131s\u0131 olarak kullan\u0131labilir. Bu noktalar\u0131n hareket s\u0131ras\u0131nda \u00e7izdikleri y\u00f6r\u00fcngelere<span style=\"color: #cc0000\">\u00a0<strong>biyel e\u011frileri<\/strong>\u00a0<\/span>denmektedir. A\u015fa\u011f\u0131da da tipik d\u00f6rt-\u00e7ubuk, krank biyel ve kol-k\u0131zak mekanizmalar\u0131 biyel e\u011frileri g\u00f6sterilmektedir. \u0130stenilen bir biyel e\u011frisini verecek mekanizma uzuv boyutlar\u0131n\u0131n belirlenmesi bu k\u0131s\u0131mda kapsam d\u0131\u015f\u0131d\u0131r. E\u011fer uzuv boyutlar\u0131 verilmi\u015f ise, k\u0131s\u0131m 3 te a\u00e7\u0131klanm\u0131\u015f olan y\u00f6ntemler ile biyel e\u011frilerinin elde edilmesi kolayca m\u00fcmk\u00fcn olacakt\u0131r.<\/p>\n<p style=\"text-align: center\"><div class=\"su-image-carousel  su-image-carousel-has-spacing su-image-carousel-has-lightbox su-image-carousel-has-outline su-image-carousel-adaptive su-image-carousel-slides-style-default su-image-carousel-controls-style-dark su-image-carousel-align-center\" style=\"max-width:400px\" data-flickity-options='{\"groupCells\":true,\"cellSelector\":\".su-image-carousel-item\",\"adaptiveHeight\":true,\"cellAlign\":\"left\",\"prevNextButtons\":true,\"pageDots\":false,\"autoPlay\":false,\"imagesLoaded\":true,\"contain\":false,\"selectedAttraction\":1,\"friction\":1}' id=\"su_image_carousel_69d893c6bee7f\"><div class=\"su-image-carousel-item\"><div class=\"su-image-carousel-item-content\"><a href=\"https:\/\/blog.metu.edu.tr\/eresmech\/files\/2021\/09\/COUPLERCURVES_1.gif\" target=\"_blank\" rel=\"noopener noreferrer\" data-caption=\"\"><img loading=\"lazy\" decoding=\"async\" width=\"550\" height=\"400\" src=\"https:\/\/blog.metu.edu.tr\/eresmech\/files\/2021\/09\/COUPLERCURVES_1.gif\" class=\"\" alt=\"\" \/><\/a><\/div><\/div><div class=\"su-image-carousel-item\"><div class=\"su-image-carousel-item-content\"><a href=\"https:\/\/blog.metu.edu.tr\/eresmech\/files\/2021\/09\/COUPLERCURVES_2.gif\" target=\"_blank\" rel=\"noopener noreferrer\" data-caption=\"\"><img loading=\"lazy\" decoding=\"async\" width=\"319\" height=\"501\" src=\"https:\/\/blog.metu.edu.tr\/eresmech\/files\/2021\/09\/COUPLERCURVES_2.gif\" class=\"\" alt=\"\" \/><\/a><\/div><\/div><\/div><script id=\"su_image_carousel_69d893c6bee7f_script\">if(window.SUImageCarousel){setTimeout(function() {window.SUImageCarousel.initGallery(document.getElementById(\"su_image_carousel_69d893c6bee7f\"))}, 0);}var su_image_carousel_69d893c6bee7f_script=document.getElementById(\"su_image_carousel_69d893c6bee7f_script\");if(su_image_carousel_69d893c6bee7f_script){su_image_carousel_69d893c6bee7f_script.parentNode.removeChild(su_image_carousel_69d893c6bee7f_script);}<\/script><\/p>\n<p style=\"text-align: center\"><div class=\"su-image-carousel  su-image-carousel-has-spacing su-image-carousel-has-lightbox su-image-carousel-has-outline su-image-carousel-adaptive su-image-carousel-slides-style-default su-image-carousel-controls-style-dark su-image-carousel-align-center\" style=\"max-width:450px\" data-flickity-options='{\"groupCells\":true,\"cellSelector\":\".su-image-carousel-item\",\"adaptiveHeight\":true,\"cellAlign\":\"left\",\"prevNextButtons\":true,\"pageDots\":false,\"autoPlay\":false,\"imagesLoaded\":true,\"contain\":false,\"selectedAttraction\":1,\"friction\":1}' id=\"su_image_carousel_69d893c6bf6f2\"><div class=\"su-image-carousel-item\"><div class=\"su-image-carousel-item-content\"><a href=\"https:\/\/blog.metu.edu.tr\/eresmech\/files\/2021\/09\/COUPLERinvslider1.gif\" target=\"_blank\" rel=\"noopener noreferrer\" data-caption=\"\"><img loading=\"lazy\" decoding=\"async\" width=\"550\" height=\"400\" src=\"https:\/\/blog.metu.edu.tr\/eresmech\/files\/2021\/09\/COUPLERinvslider1.gif\" class=\"\" alt=\"\" \/><\/a><\/div><\/div><div class=\"su-image-carousel-item\"><div class=\"su-image-carousel-item-content\"><a href=\"https:\/\/blog.metu.edu.tr\/eresmech\/files\/2021\/09\/COUPLERinvslider2.gif\" target=\"_blank\" rel=\"noopener noreferrer\" data-caption=\"\"><img loading=\"lazy\" decoding=\"async\" width=\"605\" height=\"404\" src=\"https:\/\/blog.metu.edu.tr\/eresmech\/files\/2021\/09\/COUPLERinvslider2.gif\" class=\"\" alt=\"\" \/><\/a><\/div><\/div><\/div><script id=\"su_image_carousel_69d893c6bf6f2_script\">if(window.SUImageCarousel){setTimeout(function() {window.SUImageCarousel.initGallery(document.getElementById(\"su_image_carousel_69d893c6bf6f2\"))}, 0);}var su_image_carousel_69d893c6bf6f2_script=document.getElementById(\"su_image_carousel_69d893c6bf6f2_script\");if(su_image_carousel_69d893c6bf6f2_script){su_image_carousel_69d893c6bf6f2_script.parentNode.removeChild(su_image_carousel_69d893c6bf6f2_script);}<\/script><\/p>\n<p style=\"text-align: center\"><div class=\"su-image-carousel  su-image-carousel-has-spacing su-image-carousel-has-lightbox su-image-carousel-has-outline su-image-carousel-adaptive su-image-carousel-slides-style-default su-image-carousel-controls-style-dark su-image-carousel-align-center\" style=\"max-width:450px\" data-flickity-options='{\"groupCells\":true,\"cellSelector\":\".su-image-carousel-item\",\"adaptiveHeight\":true,\"cellAlign\":\"left\",\"prevNextButtons\":true,\"pageDots\":false,\"autoPlay\":false,\"imagesLoaded\":true,\"contain\":false,\"selectedAttraction\":1,\"friction\":1}' id=\"su_image_carousel_69d893c6bff94\"><div class=\"su-image-carousel-item\"><div class=\"su-image-carousel-item-content\"><a href=\"https:\/\/blog.metu.edu.tr\/eresmech\/files\/2021\/09\/COUPLERslider1.gif\" target=\"_blank\" rel=\"noopener noreferrer\" data-caption=\"\"><img loading=\"lazy\" decoding=\"async\" width=\"550\" height=\"400\" src=\"https:\/\/blog.metu.edu.tr\/eresmech\/files\/2021\/09\/COUPLERslider1.gif\" class=\"\" alt=\"\" \/><\/a><\/div><\/div><div class=\"su-image-carousel-item\"><div class=\"su-image-carousel-item-content\"><a href=\"https:\/\/blog.metu.edu.tr\/eresmech\/files\/2021\/09\/COUPLERslider2.gif\" target=\"_blank\" rel=\"noopener noreferrer\" data-caption=\"\"><img loading=\"lazy\" decoding=\"async\" width=\"605\" height=\"376\" src=\"https:\/\/blog.metu.edu.tr\/eresmech\/files\/2021\/09\/COUPLERslider2.gif\" class=\"\" alt=\"\" \/><\/a><\/div><\/div><\/div><script id=\"su_image_carousel_69d893c6bff94_script\">if(window.SUImageCarousel){setTimeout(function() {window.SUImageCarousel.initGallery(document.getElementById(\"su_image_carousel_69d893c6bff94\"))}, 0);}var su_image_carousel_69d893c6bff94_script=document.getElementById(\"su_image_carousel_69d893c6bff94_script\");if(su_image_carousel_69d893c6bff94_script){su_image_carousel_69d893c6bff94_script.parentNode.removeChild(su_image_carousel_69d893c6bff94_script);}<\/script><\/p>\n<\/div>\n<\/div><\/div><\/div><\/div><\/div>\n\n\n<p><a href=\"https:\/\/blog.metu.edu.tr\/eresmech\/mekanizma-teknigi\/ch7\/7-3\/\" data-type=\"page\"><img loading=\"lazy\" decoding=\"async\" width=\"38\" height=\"38\" class=\"wp-image-16\" style=\"width: 38px\" src=\"https:\/\/blog.metu.edu.tr\/eresmech\/files\/2021\/04\/back_button.gif\" alt=\"\" \/><\/a><a href=\"https:\/\/blog.metu.edu.tr\/eresmech\/mekanizma-teknigi\/ch7\/\" data-type=\"page\"><img loading=\"lazy\" decoding=\"async\" width=\"38\" height=\"38\" class=\"wp-image-17\" style=\"width: 38px\" src=\"https:\/\/blog.metu.edu.tr\/eresmech\/files\/2021\/04\/contents_button.gif\" alt=\"\" \/><\/a><a href=\"https:\/\/blog.metu.edu.tr\/eresmech\/mekanizma-teknigi\/\" data-type=\"page\" data-id=\"47\"><img loading=\"lazy\" decoding=\"async\" width=\"38\" height=\"38\" class=\"wp-image-18\" style=\"width: 38px\" src=\"https:\/\/blog.metu.edu.tr\/eresmech\/files\/2021\/04\/home_button.gif\" alt=\"\" \/><\/a><a href=\"https:\/\/blog.metu.edu.tr\/eresmech\/mekanizma-teknigi\/ch7\/7-5\/\"><img loading=\"lazy\" decoding=\"async\" width=\"38\" height=\"38\" class=\"wp-image-20\" style=\"width: 38px\" src=\"https:\/\/blog.metu.edu.tr\/eresmech\/files\/2021\/04\/next_button.gif\" alt=\"\" \/><\/a><img loading=\"lazy\" decoding=\"async\" width=\"119\" height=\"40\" class=\"wp-image-15\" style=\"width: 119px\" src=\"https:\/\/blog.metu.edu.tr\/eresmech\/files\/2021\/04\/ceres.gif\" alt=\"\" \/><\/p>\n","protected":false},"excerpt":{"rendered":"<p>7.4 Biyel E\u011frileri \u015eu ana kadar bu k\u0131s\u0131mda s\u00f6z konusu olan sabit uzva ba\u011fl\u0131 uzuvlar\u0131n mafsal parametreleri aras\u0131nda ili\u015fki mekanizmada bir giri\u015f ve bir \u00e7\u0131k\u0131\u015f olarak ele al\u0131nmakta idi. Bir\u00e7ok uygulamada ise, biyel uzvunun \u00fczerinde bir noktan\u0131n hareketi o mekanizman\u0131n &hellip;<\/p>\n<p class=\"read-more\"> <a class=\"more-link\" href=\"https:\/\/blog.metu.edu.tr\/eresmech\/mekanizma-teknigi\/ch7\/7-4\/\"> <span class=\"screen-reader-text\">7-4<\/span> Devam\u0131n\u0131 Oku &raquo;<\/a><\/p>\n","protected":false},"author":7747,"featured_media":0,"parent":853,"menu_order":0,"comment_status":"closed","ping_status":"closed","template":"","meta":{"footnotes":"","_links_to":"","_links_to_target":""},"class_list":["post-1443","page","type-page","status-publish","hentry"],"_links":{"self":[{"href":"https:\/\/blog.metu.edu.tr\/eresmech\/wp-json\/wp\/v2\/pages\/1443","targetHints":{"allow":["GET"]}}],"collection":[{"href":"https:\/\/blog.metu.edu.tr\/eresmech\/wp-json\/wp\/v2\/pages"}],"about":[{"href":"https:\/\/blog.metu.edu.tr\/eresmech\/wp-json\/wp\/v2\/types\/page"}],"author":[{"embeddable":true,"href":"https:\/\/blog.metu.edu.tr\/eresmech\/wp-json\/wp\/v2\/users\/7747"}],"replies":[{"embeddable":true,"href":"https:\/\/blog.metu.edu.tr\/eresmech\/wp-json\/wp\/v2\/comments?post=1443"}],"version-history":[{"count":0,"href":"https:\/\/blog.metu.edu.tr\/eresmech\/wp-json\/wp\/v2\/pages\/1443\/revisions"}],"up":[{"embeddable":true,"href":"https:\/\/blog.metu.edu.tr\/eresmech\/wp-json\/wp\/v2\/pages\/853"}],"wp:attachment":[{"href":"https:\/\/blog.metu.edu.tr\/eresmech\/wp-json\/wp\/v2\/media?parent=1443"}],"curies":[{"name":"wp","href":"https:\/\/api.w.org\/{rel}","templated":true}]}}