{"id":1292,"date":"2021-09-09T22:13:01","date_gmt":"2021-09-09T22:13:01","guid":{"rendered":"https:\/\/blog.metu.edu.tr\/eresmech\/?page_id=1292"},"modified":"2021-10-25T15:42:04","modified_gmt":"2021-10-25T15:42:04","slug":"ch6","status":"publish","type":"page","link":"https:\/\/blog.metu.edu.tr\/eresmech\/mekanizma-teknigi\/ch6\/","title":{"rendered":"Chapter 6"},"content":{"rendered":"<div\n\t\t\t\n\t\t\tclass=\"so-widget-sow-editor so-widget-sow-editor-base\"\n\t\t\t\n\t\t>\n<div class=\"siteorigin-widget-tinymce textwidget\">\n\t<p><!-- wp:paragraph --><\/p>\n<p><!-- wp:paragraph {\"style\":{\"typography\":{\"fontSize\":24},\"color\":{\"text\":\"#000099\"}}} --><\/p>\n<p><!-- wp:paragraph {\"style\":{\"typography\":{\"fontSize\":30},\"color\":{\"text\":\"#cc0000\"}}} --><\/p>\n<h1>VI. L\u0130NEER MEKAN\u0130K S\u0130STEMLER<\/h1>\n<h3><span style=\"color: #000099;font-size: large\"><b>\u00a0\u00a0\u00a0\u00a0\u00a0\u00a0\u00a0 \u00a0<\/b><\/span><a href=\"https:\/\/blog.metu.edu.tr\/eresmech\/mekanizma-teknigi\/ch6\/6-0\/\">Giri\u015f<\/a><\/h3>\n<h3><span style=\"color: #000099\">\u00a0 6.1<\/span>\u00a0\u00a0<a href=\"https:\/\/blog.metu.edu.tr\/eresmech\/mekanizma-teknigi\/ch6\/6-1\/\"><span style=\"text-decoration: underline\">Basit Di\u015fli Zincirleri<\/span><\/a><\/h3>\n<h3><span style=\"color: #000099\">\u00a0 6<\/span><span style=\"color: #000099\">.2<\/span>\u00a0 <a href=\"https:\/\/blog.metu.edu.tr\/eresmech\/mekanizma-teknigi\/ch6\/6-2\/\"><span style=\"text-decoration: underline\">Planet Di\u015fli Zincirleri<\/span><\/a><\/h3>\n<h3><span style=\"color: #000099\">\u00a0 6.3<\/span> \u00a0<a href=\"https:\/\/blog.metu.edu.tr\/eresmech\/mekanizma-teknigi\/ch6\/6-3\/\"><span style=\"text-decoration: underline\">Konik Di\u015fli Kullanan Di\u015fli Kutular\u0131<\/span><\/a><\/h3>\n<h3>\u00a0<\/h3>\n<p><!-- \/wp:paragraph --><\/p>\n<p><!-- \/wp:paragraph --><\/p>\n<p><!-- \/wp:paragraph --><\/p>\n<\/div>\n<\/div>\n\n\n<p>  <a href=\"https:\/\/blog.metu.edu.tr\/eresmech\/mekanizma-teknigi\/ch6\/\" data-type=\"page\"><img loading=\"lazy\" decoding=\"async\" width=\"38\" height=\"38\" class=\"wp-image-17\" style=\"width: 38px\" src=\"https:\/\/blog.metu.edu.tr\/eresmech\/files\/2021\/04\/contents_button.gif\" alt=\"\" \/><\/a><a href=\"https:\/\/blog.metu.edu.tr\/eresmech\/mekanizma-teknigi\/\" data-type=\"page\" data-id=\"47\"><img loading=\"lazy\" decoding=\"async\" width=\"38\" height=\"38\" class=\"wp-image-18\" style=\"width: 38px\" src=\"https:\/\/blog.metu.edu.tr\/eresmech\/files\/2021\/04\/home_button.gif\" alt=\"\" \/><\/a><a href=\"https:\/\/blog.metu.edu.tr\/eresmech\/mekanizma-teknigi\/ch6\/6-0\/\"><img loading=\"lazy\" decoding=\"async\" width=\"38\" height=\"38\" class=\"wp-image-20\" style=\"width: 38px\" src=\"https:\/\/blog.metu.edu.tr\/eresmech\/files\/2021\/04\/next_button.gif\" alt=\"\" \/><\/a><img loading=\"lazy\" decoding=\"async\" width=\"119\" height=\"40\" class=\"wp-image-15\" style=\"width: 119px\" src=\"https:\/\/blog.metu.edu.tr\/eresmech\/files\/2021\/04\/ceres.gif\" alt=\"\" \/>   <\/p>\n","protected":false},"excerpt":{"rendered":"","protected":false},"author":7747,"featured_media":0,"parent":47,"menu_order":0,"comment_status":"closed","ping_status":"closed","template":"","meta":{"footnotes":"","_links_to":"","_links_to_target":""},"class_list":["post-1292","page","type-page","status-publish","hentry"],"_links":{"self":[{"href":"https:\/\/blog.metu.edu.tr\/eresmech\/wp-json\/wp\/v2\/pages\/1292","targetHints":{"allow":["GET"]}}],"collection":[{"href":"https:\/\/blog.metu.edu.tr\/eresmech\/wp-json\/wp\/v2\/pages"}],"about":[{"href":"https:\/\/blog.metu.edu.tr\/eresmech\/wp-json\/wp\/v2\/types\/page"}],"author":[{"embeddable":true,"href":"https:\/\/blog.metu.edu.tr\/eresmech\/wp-json\/wp\/v2\/users\/7747"}],"replies":[{"embeddable":true,"href":"https:\/\/blog.metu.edu.tr\/eresmech\/wp-json\/wp\/v2\/comments?post=1292"}],"version-history":[{"count":0,"href":"https:\/\/blog.metu.edu.tr\/eresmech\/wp-json\/wp\/v2\/pages\/1292\/revisions"}],"up":[{"embeddable":true,"href":"https:\/\/blog.metu.edu.tr\/eresmech\/wp-json\/wp\/v2\/pages\/47"}],"wp:attachment":[{"href":"https:\/\/blog.metu.edu.tr\/eresmech\/wp-json\/wp\/v2\/media?parent=1292"}],"curies":[{"name":"wp","href":"https:\/\/api.w.org\/{rel}","templated":true}]}}