{"id":1290,"date":"2021-09-09T22:11:12","date_gmt":"2021-09-09T22:11:12","guid":{"rendered":"https:\/\/blog.metu.edu.tr\/eresmech\/?page_id=1290"},"modified":"2021-09-27T14:52:14","modified_gmt":"2021-09-27T14:52:14","slug":"5-3","status":"publish","type":"page","link":"https:\/\/blog.metu.edu.tr\/eresmech\/mekanizma-teknigi\/ch5\/5-3\/","title":{"rendered":"5-3"},"content":{"rendered":"<div id=\"pl-gb1290-69d8905b741f4\"  class=\"panel-layout\" ><div id=\"pg-gb1290-69d8905b741f4-0\"  class=\"panel-grid panel-no-style\" ><div id=\"pgc-gb1290-69d8905b741f4-0-0\"  class=\"panel-grid-cell\" ><div id=\"panel-gb1290-69d8905b741f4-0-0-0\" class=\"so-panel widget widget_sow-editor panel-first-child panel-last-child widgetopts-SO\" data-index=\"0\" ><div\n\t\t\t\n\t\t\tclass=\"so-widget-sow-editor so-widget-sow-editor-base\"\n\t\t\t\n\t\t>\n<div class=\"siteorigin-widget-tinymce textwidget\">\n\t<h1>5.3 Mekanik Avantaj<\/h1>\n<p>\u0130lkokul y\u0131llar\u0131ndan itibaren bildi\u011fimiz basit levye prensibinde, \u015fekilde g\u00f6sterilen sistemde oldu\u011fu gibi, sistem dengede ise, d\u00f6nme ekseninde moment toplam\u0131 s\u0131f\u0131r olmas\u0131 gereklili\u011finden:<\/p>\n<p style=\"text-align: center\">F<sub>1<\/sub><em>l<\/em><sub>1<\/sub> = F<sub>2<\/sub><em>l<\/em><sub>2<\/sub>\u00a0 \u00a0 \u00a0veya\u00a0 \u00a0 F<sub>2<\/sub>\/F<sub>1<\/sub> = <em>l<\/em><sub>1<\/sub>\/<em>l<\/em><sub>2<\/sub> = Mekanik Avantaj<\/p>\n<p>olarak tan\u0131mlanmaktad\u0131r. Bu y\u00f6ntemle y\u00fcksek F<sub>2<\/sub>\u00a0kuvvetini s\u0131n\u0131rl\u0131 bir F<sub>1<\/sub>\u00a0kuvveti ile elde etmek ister isek <em>l<\/em><sub>1<\/sub>\/<em>l<\/em><sub>2<\/sub> oran\u0131n\u0131 y\u00fcksek se\u00e7memiz gerekecektir. Buna bir farkl\u0131 yakla\u015f\u0131m ise, kayb\u0131n olmad\u0131\u011f\u0131n\u0131 kabul ederek, enerji sak\u0131n\u0131m\u0131ndan birim zamanda yap\u0131lan i\u015f ile elde edilen i\u015fin e\u015fit olmas\u0131 \u015fart\u0131ndan: F<sub>1<\/sub>v<sub>1<\/sub>\u00a0= F<sub>2<\/sub>v<sub>2\u00a0<\/sub>olacakt\u0131r. Burada v<sub>1<\/sub>\u00a0ve v<sub>2<\/sub>\u00a0kuvvetlerin etki etti\u011fi noktada h\u0131z\u0131d\u0131r.<\/p>\n<p><img loading=\"lazy\" decoding=\"async\" class=\"wp-image-1333 aligncenter\" src=\"https:\/\/blog.metu.edu.tr\/eresmech\/files\/2021\/09\/img1-15.gif\" alt=\"\" width=\"333\" height=\"225\" \/><\/p>\n<p>Ayn\u0131 kavram\u0131 mekanizmalarda uygular isek, \u00f6rne\u011fin bir d\u00f6rt-\u00e7ubuk mekanizmas\u0131 i\u00e7in giri\u015f momenti T<sub>12<\/sub>\u00a0ve \u00e7\u0131k\u0131\u015f kolu direnci T<sub>14<\/sub>\u00a0ise, enerji sak\u0131n\u0131m\u0131ndan dolay\u0131 (kay\u0131plar ihmal edilerek):<\/p>\n<p style=\"text-align: center\">Giri\u015f G\u00fcc\u00fc = \u00c7\u0131k\u0131\u015f G\u00fcc\u00fc<\/p>\n<p style=\"text-align: center\">T<sub>12<\/sub>\u03c9<sub>12<\/sub> = T<sub>14<\/sub>\u03c9<sub>14<\/sub>\u00a0 \u00a0 \u00a0veya\u00a0 \u00a0 Mekanik Avantaj = m<sub>a<\/sub> = T<sub>14<\/sub>\/T<sub>12<\/sub> = \u03c9<sub>12<\/sub>\/\u03c9<sub>14<\/sub> = |I<sub>14<\/sub>I<sub>24<\/sub>|\/|I<sub>12<\/sub>I<sub>24<\/sub>|<\/p>\n<p>olacakt\u0131r. Dikkat edilir ise mekanik avantaj h\u0131z oran\u0131n\u0131n tersidir. Ayr\u0131ca, e\u011fer giri\u015f ve \u00e7\u0131k\u0131\u015f kollar\u0131na belirli bir kol boyunda bu kuvvetler uygulan\u0131yor ise:<\/p>\n<p style=\"text-align: center\">Mekanik Avantaj = m<sub>a<\/sub> = F<sub>14<\/sub>\/F<sub>12<\/sub> = (T<sub>14<\/sub>\/r<sub>14<\/sub>)\/(T<sub>12<\/sub>\/r<sub>12<\/sub>) = (\u03c9<sub>12<\/sub>r<sub>12<\/sub>)\/(\u03c9<sub>14<\/sub>r<sub>14<\/sub>) = (|I<sub>14<\/sub>I<sub>24<\/sub>|r<sub>12<\/sub>)\/(|I<sub>12<\/sub>I<sub>24<\/sub>|r<sub>14<\/sub>)<\/p>\n<p>olacakt\u0131r. I<sub>14<\/sub>I<sub>24<\/sub>\u00a0= B<sub>0<\/sub>I<sub>24<\/sub>\u00a0uzunlu\u011fu s\u0131f\u0131r olur ise mekanik avantaj s\u0131f\u0131r olacak, I<sub>12<\/sub>I<sub>24<\/sub> = A<sub>0<\/sub>I<sub>24<\/sub> uzunlu\u011fu s\u0131f\u0131r ise, mekanik avantaj sonsuz olacakt\u0131r. Tabi ki sistem elastikli\u011finden ve bo\u015fluklardan dolay\u0131 sonu\u00e7ta mekanik avantaj sonsuz olamaz. Ancak mekanik avantaj \u00e7ok y\u00fcksek de\u011ferlere ula\u015facakt\u0131r. Bu \u015fekilde basit levyelerle elde edilemeyecek kadar b\u00fcy\u00fck mekanik avantaj elde edilebilecektir. Nitekim preslerde, s\u0131k\u0131\u015ft\u0131rma penslerinde, ta\u015f k\u0131rma gibi y\u00fcksek g\u00fc\u00e7 isteyen her i\u015fte y\u00fcksek mekanik avantaj sa\u011flayan mekanizmalar kullan\u0131lmaktad\u0131r (a\u015fa\u011f\u0131daki \u015fekle bak\u0131n\u0131z).<\/p>\n<p>Sonucun daha da genelle\u015ftirilmesi m\u00fcmk\u00fcnd\u00fcr. 1 uzvuna ba\u011fl\u0131 i ve j uzuvlar\u0131 oldu\u011funda (i giri\u015f, j ise \u00e7\u0131k\u0131\u015f uzvu olacakt\u0131r), bu iki uzvun h\u0131z\u0131 aras\u0131nda (\u00e7ak\u0131\u015fan I<sub>ij<\/sub> ani d\u00f6nme merkezinde ba\u011f\u0131l h\u0131z s\u0131f\u0131r oldu\u011fundan) \u03c9<sub>1i<\/sub>|I<sub>1i<\/sub>I<sub>ij<\/sub>| = \u03c9<sub>1j<\/sub>|I<sub>1j<\/sub>I<sub>ij<\/sub>| ili\u015fkisinin oldu\u011fu belirlenmi\u015fti. \u00d6yle ise, enerjinin sak\u0131n\u0131m\u0131 prensibi kullan\u0131ld\u0131\u011f\u0131nda<\/p>\n<p style=\"text-align: center\">Mekanik Avantaj = m<sub>a<\/sub> = T<sub>1j<\/sub>\/T<sub>1i<\/sub>\u00a0= \u03c9<sub>1i<\/sub>\/\u03c9<sub>1j<\/sub>\u00a0= |I<sub>1j<\/sub>I<sub>ij<\/sub>|\/|I<sub>1i<\/sub>I<sub>ij<\/sub>|<\/p>\n<p>olacakt\u0131r (uzuvlara kuvvet uyguland\u0131\u011f\u0131nda denklemde uygun de\u011fi\u015fiklikler yap\u0131l\u0131r). Bu \u015fekilde, mekanizmalar\u0131n mekanik avantajlar\u0131n\u0131n belirlenmesi h\u0131z oranlar\u0131n\u0131n belirlenmesi problemine indirgenmi\u015ftir. Dikkat edilir ise, y\u00fcksek mekanik avantaj elde edilmesi i\u00e7in mekanizman\u0131n \u00f6l\u00fc konumlara yak\u0131n olmas\u0131 gerekecektir.<\/p>\n<p align=\"center\"><img loading=\"lazy\" decoding=\"async\" class=\"aligncenter wp-image-1334\" src=\"https:\/\/blog.metu.edu.tr\/eresmech\/files\/2021\/09\/img2-15.gif\" alt=\"\" width=\"668\" height=\"375\" \/><\/p>\n<p align=\"center\"><img loading=\"lazy\" decoding=\"async\" class=\"wp-image-1335 aligncenter\" src=\"https:\/\/blog.metu.edu.tr\/eresmech\/files\/2021\/09\/img3-11.gif\" alt=\"\" width=\"576\" height=\"215\" \/><\/p>\n<p><strong>\u00d6rnek:<\/strong><\/p>\n<p>\u015eekilde g\u00f6sterilen per\u00e7in makinas\u0131 i\u00e7in \u03b8<sub>12<\/sub>\u00a0= 110\u00b0\u00a0iken F<sub>16<\/sub>\/T<sub>12<\/sub>\u00a0oran\u0131n\u0131 bulun.<\/p>\n<p align=\"center\"><img loading=\"lazy\" decoding=\"async\" class=\"wp-image-1336 aligncenter\" src=\"https:\/\/blog.metu.edu.tr\/eresmech\/files\/2021\/09\/img4-9.gif\" alt=\"\" width=\"693\" height=\"542\" \/><\/p>\n<p>Mekanizma \u03b8<sub>12<\/sub>\u00a0= 110\u00b0\u00a0konumunda \u00e7izilmi\u015ftir. S\u00fcrt\u00fcnme ihmal edildi\u011finde, enerjinin sak\u0131n\u0131m\u0131ndan dolay\u0131 :<\/p>\n<p style=\"text-align: center\">T<sub>12<\/sub>\u03c9<sub>12<\/sub> = F<sub>16<\/sub>v<sub>16<\/sub><\/p>\n<p>yazabiliriz. 1, 2 ve 6 uzuvlar\u0131 aras\u0131nda bulunan ani d\u00f6nme merkezlerinden yararlanarak:<\/p>\n<p style=\"text-align: center\">v<sub>16<\/sub>\u00a0= |I<sub>12<\/sub>I<sub>26<\/sub>|\u03c9<sub>12<\/sub><\/p>\n<p>olacakt\u0131r. \u00d6yle ise:<\/p>\n<p style=\"text-align: center\">F<sub>16<\/sub>\/T<sub>12<\/sub> = \u03c9<sub>12<\/sub>\/v<sub>16<\/sub> = \u03c9<sub>12<\/sub>\/(|I<sub>12<\/sub>I<sub>26<\/sub>|\u03c9<sub>12<\/sub>) = 1\/|I<sub>12<\/sub>I<sub>26<\/sub>|<\/p>\n<p>dir. I<sub>12<\/sub>, A<sub>0<\/sub>\u00a0merkezidir. Bu durumda problem I<sub>26<\/sub>\u00a0ani d\u00f6nme merkezini bulunmas\u0131 ile \u00e7\u00f6z\u00fclecektir. \u015eekilde g\u00f6sterildi\u011fi gibi, mafsal eksenleri d\u00f6nme merkezleri olarak belirlendi\u011finde I<sub>26<\/sub>\u00a0ani d\u00f6nme merkezini bulmak i\u00e7in ilk olarak I<sub>24<\/sub>\u00a0ve I<sub>46<\/sub>\u00a0ani d\u00f6nme merkezlerini bulmam\u0131z gerekir. I<sub>24<\/sub>, I<sub>12<\/sub>I<sub>14<\/sub>\u00a0ile I<sub>32<\/sub>I<sub>34<\/sub>\u00a0do\u011frular\u0131n\u0131n kesim noktas\u0131 ve I<sub>46<\/sub>\u00a0ise I<sub>14<\/sub>I<sub>16<\/sub>\u00a0ile I<sub>45<\/sub>I<sub>56<\/sub>\u00a0do\u011frular\u0131n\u0131n kesim noktas\u0131 olarak belirlenir (kullan\u0131lan ani d\u00f6nme merkezleri mafsal eksenleridir). Bu iki ani d\u00f6nme merkezi belirlendikten sonra I<sub>26<\/sub>, I<sub>12<\/sub>I<sub>16<\/sub>\u00a0ile I<sub>24<\/sub>I<sub>46<\/sub>\u00a0do\u011frular\u0131n\u0131n kesim noktas\u0131d\u0131r. Dikkat edilir ise, I<sub>16<\/sub>\u00a0sonsuzda oldu\u011fundan I<sub>12<\/sub>I<sub>16<\/sub>\u00a0do\u011frusu A<sub>0<\/sub>\u00a0dan \u00e7izilen 1, 6 uzuvlar\u0131 aras\u0131ndaki kayar mafsala dik bir do\u011frudur. I<sub>46<\/sub>\u00a0ise BC do\u011frusu (bu do\u011fru I<sub>45<\/sub>I<sub>56<\/sub>\u00a0do\u011frusudur) ile B<sub>0<\/sub>\u00a0dan kayar mafsal eksenine dik do\u011frudur (I<sub>45<\/sub>I<sub>56<\/sub>\u00a0do\u011frusu). BC ile B<sub>0<\/sub>C do\u011frular\u0131 \u00e7ak\u0131\u015ft\u0131\u011f\u0131nda B<sub>0<\/sub>\u00a0(I<sub>14<\/sub>) ile I<sub>26<\/sub>\u00a0\u00e7ak\u0131\u015facakt\u0131r. Bu durumda I<sub>26<\/sub>\u00a0ani d\u00f6nme merkezi ise, A<sub>0<\/sub>\u00a0(I<sub>12<\/sub>) ile \u00e7ak\u0131\u015f\u0131r. Ayn\u0131 durum A<sub>0<\/sub>A ile AB do\u011frular\u0131n\u0131n \u00e7ak\u0131\u015fmas\u0131 durumunda s\u00f6z konusudur. Bu durumda I<sub>24<\/sub>, A<sub>0<\/sub>\u00a0noktas\u0131 ile \u00e7ak\u0131\u015facakt\u0131r. Bu durumda per\u00e7inleme s\u0131ras\u0131nda I<sub>12<\/sub>I<sub>26<\/sub>\u00a0mesafesi \u00e7ok k\u0131sa olaca\u011f\u0131ndan F<sub>16<\/sub>\/T<sub>12<\/sub>\u00a0oran\u0131 b\u00fcy\u00fck de\u011ferler alacakt\u0131r.<\/p>\n<p align=\"center\"><img loading=\"lazy\" decoding=\"async\" class=\"aligncenter wp-image-1337\" src=\"https:\/\/blog.metu.edu.tr\/eresmech\/files\/2021\/09\/img6-6.gif\" alt=\"\" width=\"880\" height=\"677\" \/><\/p>\n<p>AutoCad k\u00fct\u00fc\u011f\u00fc i\u00e7in t\u0131klay\u0131n\u0131z: <a href=\"https:\/\/ocw.metu.edu.tr\/pluginfile.php\/1845\/mod_resource\/content\/1\/ch5\/sec3\/mekanikpres.dwg\">Mekanikpres.dwg<\/a>.<\/p>\n<\/div>\n<\/div><\/div><\/div><\/div><\/div>\n\n\n<p> <a href=\"https:\/\/blog.metu.edu.tr\/eresmech\/mekanizma-teknigi\/ch5\/5-2\/\" data-type=\"page\"><img loading=\"lazy\" decoding=\"async\" width=\"38\" height=\"38\" class=\"wp-image-16\" style=\"width: 38px\" src=\"https:\/\/blog.metu.edu.tr\/eresmech\/files\/2021\/04\/back_button.gif\" alt=\"\" \/><\/a><a href=\"https:\/\/blog.metu.edu.tr\/eresmech\/mekanizma-teknigi\/ch5\/\" data-type=\"page\" data-id=\"52\"><img loading=\"lazy\" decoding=\"async\" width=\"38\" height=\"38\" class=\"wp-image-17\" style=\"width: 38px\" src=\"https:\/\/blog.metu.edu.tr\/eresmech\/files\/2021\/04\/contents_button.gif\" alt=\"\" \/><\/a><a href=\"https:\/\/blog.metu.edu.tr\/eresmech\/mekanizma-teknigi\/\" data-type=\"page\" data-id=\"47\"><img loading=\"lazy\" decoding=\"async\" width=\"38\" height=\"38\" class=\"wp-image-18\" style=\"width: 38px\" src=\"https:\/\/blog.metu.edu.tr\/eresmech\/files\/2021\/04\/home_button.gif\" alt=\"\" \/><\/a><a href=\"https:\/\/blog.metu.edu.tr\/eresmech\/mekanizma-teknigi\/ch5\/5-4\/\" data-type=\"page\" data-id=\"92\"><img loading=\"lazy\" decoding=\"async\" width=\"38\" height=\"38\" class=\"wp-image-20\" style=\"width: 38px\" src=\"https:\/\/blog.metu.edu.tr\/eresmech\/files\/2021\/04\/next_button.gif\" alt=\"\" \/><\/a><img loading=\"lazy\" decoding=\"async\" width=\"119\" height=\"40\" class=\"wp-image-15\" style=\"width: 119px\" src=\"https:\/\/blog.metu.edu.tr\/eresmech\/files\/2021\/04\/ceres.gif\" alt=\"\" \/>        <\/p>\n","protected":false},"excerpt":{"rendered":"<p>5.3 Mekanik Avantaj \u0130lkokul y\u0131llar\u0131ndan itibaren bildi\u011fimiz basit levye prensibinde, \u015fekilde g\u00f6sterilen sistemde oldu\u011fu gibi, sistem dengede ise, d\u00f6nme ekseninde moment toplam\u0131 s\u0131f\u0131r olmas\u0131 gereklili\u011finden: F1l1 = F2l2\u00a0 \u00a0 \u00a0veya\u00a0 \u00a0 F2\/F1 = l1\/l2 = Mekanik Avantaj olarak tan\u0131mlanmaktad\u0131r. Bu &hellip;<\/p>\n<p class=\"read-more\"> <a class=\"more-link\" href=\"https:\/\/blog.metu.edu.tr\/eresmech\/mekanizma-teknigi\/ch5\/5-3\/\"> <span class=\"screen-reader-text\">5-3<\/span> Devam\u0131n\u0131 Oku &raquo;<\/a><\/p>\n","protected":false},"author":7747,"featured_media":0,"parent":1285,"menu_order":0,"comment_status":"closed","ping_status":"closed","template":"","meta":{"footnotes":"","_links_to":"","_links_to_target":""},"class_list":["post-1290","page","type-page","status-publish","hentry"],"_links":{"self":[{"href":"https:\/\/blog.metu.edu.tr\/eresmech\/wp-json\/wp\/v2\/pages\/1290","targetHints":{"allow":["GET"]}}],"collection":[{"href":"https:\/\/blog.metu.edu.tr\/eresmech\/wp-json\/wp\/v2\/pages"}],"about":[{"href":"https:\/\/blog.metu.edu.tr\/eresmech\/wp-json\/wp\/v2\/types\/page"}],"author":[{"embeddable":true,"href":"https:\/\/blog.metu.edu.tr\/eresmech\/wp-json\/wp\/v2\/users\/7747"}],"replies":[{"embeddable":true,"href":"https:\/\/blog.metu.edu.tr\/eresmech\/wp-json\/wp\/v2\/comments?post=1290"}],"version-history":[{"count":0,"href":"https:\/\/blog.metu.edu.tr\/eresmech\/wp-json\/wp\/v2\/pages\/1290\/revisions"}],"up":[{"embeddable":true,"href":"https:\/\/blog.metu.edu.tr\/eresmech\/wp-json\/wp\/v2\/pages\/1285"}],"wp:attachment":[{"href":"https:\/\/blog.metu.edu.tr\/eresmech\/wp-json\/wp\/v2\/media?parent=1290"}],"curies":[{"name":"wp","href":"https:\/\/api.w.org\/{rel}","templated":true}]}}