{"id":129,"date":"2021-04-18T20:11:47","date_gmt":"2021-04-18T20:11:47","guid":{"rendered":"https:\/\/blog.metu.edu.tr\/eresmech\/?page_id=129"},"modified":"2021-10-06T21:47:42","modified_gmt":"2021-10-06T21:47:42","slug":"1-2-5","status":"publish","type":"page","link":"https:\/\/blog.metu.edu.tr\/eresmech\/mekanizma-teknigi\/ch1\/1-2-5\/","title":{"rendered":"1-2-5"},"content":{"rendered":"<div id=\"pl-gb129-69dbb26a10fd7\"  class=\"panel-layout\" ><div id=\"pg-gb129-69dbb26a10fd7-0\"  class=\"panel-grid panel-no-style\" ><div id=\"pgc-gb129-69dbb26a10fd7-0-0\"  class=\"panel-grid-cell\" ><div id=\"panel-gb129-69dbb26a10fd7-0-0-0\" class=\"so-panel widget widget_sow-editor panel-first-child panel-last-child widgetopts-SO\" data-index=\"0\" ><div\n\t\t\t\n\t\t\tclass=\"so-widget-sow-editor so-widget-sow-editor-base\"\n\t\t\t\n\t\t>\n<div class=\"siteorigin-widget-tinymce textwidget\">\n\t<p><\/p>\n<h1 class=\"has-text-color\"><strong>1.2<\/strong>\u00a0<strong>Mekanizma Uygulamalar\u0131na \u00d6rnekler-V:<\/strong><\/h1>\n<p> <\/p>\n<h3><span style=\"text-decoration: underline\"><strong>Hamur kar\u0131\u015ft\u0131r\u0131c\u0131<\/strong><\/span><\/h3>\n<p><\/p>\n<\/div>\n<\/div><\/div><\/div><\/div><div id=\"pg-gb129-69dbb26a10fd7-1\"  class=\"panel-grid panel-no-style\" ><div id=\"pgc-gb129-69dbb26a10fd7-1-0\"  class=\"panel-grid-cell\" ><div id=\"panel-gb129-69dbb26a10fd7-1-0-0\" class=\"so-panel widget widget_sow-editor panel-first-child panel-last-child widgetopts-SO\" data-index=\"1\" ><div\n\t\t\t\n\t\t\tclass=\"so-widget-sow-editor so-widget-sow-editor-base\"\n\t\t\t\n\t\t>\n<div class=\"siteorigin-widget-tinymce textwidget\">\n\t<div class=\"su-image-carousel  su-image-carousel-has-spacing su-image-carousel-has-lightbox su-image-carousel-has-outline su-image-carousel-adaptive su-image-carousel-slides-style-default su-image-carousel-controls-style-dark su-image-carousel-align-center\" style=\"max-width:300px\" data-flickity-options='{\"groupCells\":true,\"cellSelector\":\".su-image-carousel-item\",\"adaptiveHeight\":true,\"cellAlign\":\"left\",\"prevNextButtons\":true,\"pageDots\":false,\"autoPlay\":false,\"imagesLoaded\":true,\"contain\":false,\"selectedAttraction\":1,\"friction\":1}' id=\"su_image_carousel_69dbb26a12f84\"><div class=\"su-image-carousel-item\"><div class=\"su-image-carousel-item-content\"><a href=\"https:\/\/blog.metu.edu.tr\/eresmech\/files\/2021\/04\/doughkneader.gif\" target=\"_blank\" rel=\"noopener noreferrer\" data-caption=\"\"><img loading=\"lazy\" decoding=\"async\" width=\"256\" height=\"256\" src=\"https:\/\/blog.metu.edu.tr\/eresmech\/files\/2021\/04\/doughkneader.gif\" class=\"\" alt=\"\" \/><\/a><\/div><\/div><div class=\"su-image-carousel-item\"><div class=\"su-image-carousel-item-content\"><a href=\"https:\/\/blog.metu.edu.tr\/eresmech\/files\/2021\/04\/doughkneader-1.gif\" target=\"_blank\" rel=\"noopener noreferrer\" data-caption=\"\"><img loading=\"lazy\" decoding=\"async\" width=\"256\" height=\"256\" src=\"https:\/\/blog.metu.edu.tr\/eresmech\/files\/2021\/04\/doughkneader-1.gif\" class=\"\" alt=\"\" \/><\/a><\/div><\/div><\/div><script id=\"su_image_carousel_69dbb26a12f84_script\">if(window.SUImageCarousel){setTimeout(function() {window.SUImageCarousel.initGallery(document.getElementById(\"su_image_carousel_69dbb26a12f84\"))}, 0);}var su_image_carousel_69dbb26a12f84_script=document.getElementById(\"su_image_carousel_69dbb26a12f84_script\");if(su_image_carousel_69dbb26a12f84_script){su_image_carousel_69dbb26a12f84_script.parentNode.removeChild(su_image_carousel_69dbb26a12f84_script);}<\/script>\n<\/div>\n<\/div><\/div><\/div><div id=\"pgc-gb129-69dbb26a10fd7-1-1\"  class=\"panel-grid-cell\" ><div id=\"panel-gb129-69dbb26a10fd7-1-1-0\" class=\"so-panel widget widget_sow-editor panel-first-child panel-last-child widgetopts-SO\" data-index=\"2\" ><div\n\t\t\t\n\t\t\tclass=\"so-widget-sow-editor so-widget-sow-editor-base\"\n\t\t\t\n\t\t>\n<div class=\"siteorigin-widget-tinymce textwidget\">\n\t<p>Kar\u0131\u015ft\u0131r\u0131c\u0131lar kullan\u0131m alan\u0131na g\u00f6re \u00e7ok \u00e7e\u015fitli olabilir. \u00d6rne\u011fin mutfaklarda kullan\u0131lan basit kar\u0131\u015ft\u0131r\u0131c\u0131lar tek veya iki paletli sabit bir eksende d\u00f6necek \u015fekildedir. Baz\u0131 kar\u0131\u015ft\u0131r\u0131c\u0131larda planet di\u015fli sistemi kullan\u0131l\u0131r. Burada g\u00f6sterilen hamur kar\u0131\u015ft\u0131r\u0131c\u0131 \u00fc\u00e7 boyutlu bir kar\u0131\u015ft\u0131rmay\u0131 ger\u00e7ekle\u015ftirmektedir. Bu s\u0131rada hamur kazan\u0131 sabit bir h\u0131zla d\u00f6nd\u00fcr\u00fclmektedir.<\/p>\n<\/div>\n<\/div><\/div><\/div><\/div><div id=\"pg-gb129-69dbb26a10fd7-2\"  class=\"panel-grid panel-no-style\" ><div id=\"pgc-gb129-69dbb26a10fd7-2-0\"  class=\"panel-grid-cell\" ><div id=\"panel-gb129-69dbb26a10fd7-2-0-0\" class=\"so-panel widget widget_sow-editor panel-first-child panel-last-child widgetopts-SO\" data-index=\"3\" ><div\n\t\t\t\n\t\t\tclass=\"so-widget-sow-editor so-widget-sow-editor-base\"\n\t\t\t\n\t\t>\n<div class=\"siteorigin-widget-tinymce textwidget\">\n\t<hr \/>\n<h3><span style=\"text-decoration: underline\"><strong data-rich-text-format-boundary=\"true\">Kamera diyafram mekanizmas\u0131<\/strong><\/span><\/h3>\n<\/div>\n<\/div><\/div><\/div><\/div><div id=\"pg-gb129-69dbb26a10fd7-3\"  class=\"panel-grid panel-no-style\" ><div id=\"pgc-gb129-69dbb26a10fd7-3-0\"  class=\"panel-grid-cell\" ><div id=\"panel-gb129-69dbb26a10fd7-3-0-0\" class=\"so-panel widget widget_sow-editor panel-first-child panel-last-child widgetopts-SO\" data-index=\"4\" ><div\n\t\t\t\n\t\t\tclass=\"so-widget-sow-editor so-widget-sow-editor-base\"\n\t\t\t\n\t\t>\n<div class=\"siteorigin-widget-tinymce textwidget\">\n\t<div class=\"su-image-carousel  su-image-carousel-has-spacing su-image-carousel-has-lightbox su-image-carousel-has-outline su-image-carousel-adaptive su-image-carousel-slides-style-default su-image-carousel-controls-style-dark su-image-carousel-align-center\" style=\"max-width:300px\" data-flickity-options='{\"groupCells\":true,\"cellSelector\":\".su-image-carousel-item\",\"adaptiveHeight\":true,\"cellAlign\":\"left\",\"prevNextButtons\":true,\"pageDots\":false,\"autoPlay\":false,\"imagesLoaded\":true,\"contain\":false,\"selectedAttraction\":1,\"friction\":1}' id=\"su_image_carousel_69dbb26a13c12\"><div class=\"su-image-carousel-item\"><div class=\"su-image-carousel-item-content\"><a href=\"https:\/\/blog.metu.edu.tr\/eresmech\/files\/2021\/04\/camerashutter.gif\" target=\"_blank\" rel=\"noopener noreferrer\" data-caption=\"\"><img loading=\"lazy\" decoding=\"async\" width=\"256\" height=\"256\" src=\"https:\/\/blog.metu.edu.tr\/eresmech\/files\/2021\/04\/camerashutter.gif\" class=\"\" alt=\"\" \/><\/a><\/div><\/div><div class=\"su-image-carousel-item\"><div class=\"su-image-carousel-item-content\"><a href=\"https:\/\/blog.metu.edu.tr\/eresmech\/files\/2021\/04\/camerashutter-1.gif\" target=\"_blank\" rel=\"noopener noreferrer\" data-caption=\"\"><img loading=\"lazy\" decoding=\"async\" width=\"256\" height=\"256\" src=\"https:\/\/blog.metu.edu.tr\/eresmech\/files\/2021\/04\/camerashutter-1.gif\" class=\"\" alt=\"\" \/><\/a><\/div><\/div><\/div><script id=\"su_image_carousel_69dbb26a13c12_script\">if(window.SUImageCarousel){setTimeout(function() {window.SUImageCarousel.initGallery(document.getElementById(\"su_image_carousel_69dbb26a13c12\"))}, 0);}var su_image_carousel_69dbb26a13c12_script=document.getElementById(\"su_image_carousel_69dbb26a13c12_script\");if(su_image_carousel_69dbb26a13c12_script){su_image_carousel_69dbb26a13c12_script.parentNode.removeChild(su_image_carousel_69dbb26a13c12_script);}<\/script>\n<\/div>\n<\/div><\/div><\/div><div id=\"pgc-gb129-69dbb26a10fd7-3-1\"  class=\"panel-grid-cell\" ><div id=\"panel-gb129-69dbb26a10fd7-3-1-0\" class=\"so-panel widget widget_sow-editor panel-first-child panel-last-child widgetopts-SO\" data-index=\"5\" ><div\n\t\t\t\n\t\t\tclass=\"so-widget-sow-editor so-widget-sow-editor-base\"\n\t\t\t\n\t\t>\n<div class=\"siteorigin-widget-tinymce textwidget\">\n\t<p>I\u015f\u0131k \u015fiddetine g\u00f6re bir kamerada t\u0131pk\u0131 g\u00f6zde oldu\u011fu gibi, perdenin belirli bir miktar a\u00e7\u0131l\u0131p kapanmas\u0131 gereklidir. Bunun i\u00e7inde basit bir mekanizma kullan\u0131l\u0131r.<\/p>\n<\/div>\n<\/div><\/div><\/div><\/div><div id=\"pg-gb129-69dbb26a10fd7-4\"  class=\"panel-grid panel-no-style\" ><div id=\"pgc-gb129-69dbb26a10fd7-4-0\"  class=\"panel-grid-cell\" ><div id=\"panel-gb129-69dbb26a10fd7-4-0-0\" class=\"so-panel widget widget_sow-editor panel-first-child panel-last-child widgetopts-SO\" data-index=\"6\" ><div\n\t\t\t\n\t\t\tclass=\"so-widget-sow-editor so-widget-sow-editor-base\"\n\t\t\t\n\t\t>\n<div class=\"siteorigin-widget-tinymce textwidget\">\n\t<hr \/>\n<h3><span style=\"text-decoration: underline\"><strong>Pompa<\/strong><\/span><\/h3>\n<\/div>\n<\/div><\/div><\/div><\/div><div id=\"pg-gb129-69dbb26a10fd7-5\"  class=\"panel-grid panel-no-style\" ><div id=\"pgc-gb129-69dbb26a10fd7-5-0\"  class=\"panel-grid-cell\" ><div id=\"panel-gb129-69dbb26a10fd7-5-0-0\" class=\"so-panel widget widget_sow-editor panel-first-child panel-last-child widgetopts-SO\" data-index=\"7\" ><div\n\t\t\t\n\t\t\tclass=\"so-widget-sow-editor so-widget-sow-editor-base\"\n\t\t\t\n\t\t>\n<div class=\"siteorigin-widget-tinymce textwidget\">\n\t<div class=\"su-image-carousel  su-image-carousel-has-spacing su-image-carousel-has-lightbox su-image-carousel-has-outline su-image-carousel-adaptive su-image-carousel-slides-style-default su-image-carousel-controls-style-dark su-image-carousel-align-center\" style=\"max-width:300px\" data-flickity-options='{\"groupCells\":true,\"cellSelector\":\".su-image-carousel-item\",\"adaptiveHeight\":true,\"cellAlign\":\"left\",\"prevNextButtons\":true,\"pageDots\":false,\"autoPlay\":false,\"imagesLoaded\":true,\"contain\":false,\"selectedAttraction\":1,\"friction\":1}' id=\"su_image_carousel_69dbb26a14850\"><div class=\"su-image-carousel-item\"><div class=\"su-image-carousel-item-content\"><a href=\"https:\/\/blog.metu.edu.tr\/eresmech\/files\/2021\/04\/pump.gif\" target=\"_blank\" rel=\"noopener noreferrer\" data-caption=\"\"><img loading=\"lazy\" decoding=\"async\" width=\"256\" height=\"256\" src=\"https:\/\/blog.metu.edu.tr\/eresmech\/files\/2021\/04\/pump.gif\" class=\"\" alt=\"\" \/><\/a><\/div><\/div><div class=\"su-image-carousel-item\"><div class=\"su-image-carousel-item-content\"><a href=\"https:\/\/blog.metu.edu.tr\/eresmech\/files\/2021\/04\/pump-1.gif\" target=\"_blank\" rel=\"noopener noreferrer\" data-caption=\"\"><img loading=\"lazy\" decoding=\"async\" width=\"256\" height=\"256\" src=\"https:\/\/blog.metu.edu.tr\/eresmech\/files\/2021\/04\/pump-1.gif\" class=\"\" alt=\"\" \/><\/a><\/div><\/div><\/div><script id=\"su_image_carousel_69dbb26a14850_script\">if(window.SUImageCarousel){setTimeout(function() {window.SUImageCarousel.initGallery(document.getElementById(\"su_image_carousel_69dbb26a14850\"))}, 0);}var su_image_carousel_69dbb26a14850_script=document.getElementById(\"su_image_carousel_69dbb26a14850_script\");if(su_image_carousel_69dbb26a14850_script){su_image_carousel_69dbb26a14850_script.parentNode.removeChild(su_image_carousel_69dbb26a14850_script);}<\/script>\n<p>&nbsp;<\/p>\n<\/div>\n<\/div><\/div><\/div><div id=\"pgc-gb129-69dbb26a10fd7-5-1\"  class=\"panel-grid-cell\" ><div id=\"panel-gb129-69dbb26a10fd7-5-1-0\" class=\"so-panel widget widget_sow-editor panel-first-child panel-last-child widgetopts-SO\" data-index=\"8\" ><div\n\t\t\t\n\t\t\tclass=\"so-widget-sow-editor so-widget-sow-editor-base\"\n\t\t\t\n\t\t>\n<div class=\"siteorigin-widget-tinymce textwidget\">\n\t<p>Makinalarda \u00e7ok \u00e7e\u015fitli pompa kullan\u0131lmaktad\u0131r. Bir k\u0131sm\u0131 bas\u0131n\u00e7l\u0131 hava ve bir k\u0131sm\u0131 ise bas\u0131n\u00e7l\u0131 s\u0131v\u0131 (ya\u011f veya su) i\u00e7indir. Uygulama yeri ve alan\u0131 ile birlikte istenilen bas\u0131n\u00e7 ve debi bu pompalar\u0131n se\u00e7\u0131m\u0131nde rol oynar. Bu konu hidrolik makinalar bilim dal\u0131n\u0131 ilgilendirir. Yanda g\u00f6rd\u00fc\u011f\u00fcn\u00fcz bazi makinalarda kullan\u0131lan pozitif deplasmanl\u0131 bir pompad\u0131r.<\/p>\n<\/div>\n<\/div><\/div><\/div><\/div><div id=\"pg-gb129-69dbb26a10fd7-6\"  class=\"panel-grid panel-no-style\" ><div id=\"pgc-gb129-69dbb26a10fd7-6-0\"  class=\"panel-grid-cell\" ><div id=\"panel-gb129-69dbb26a10fd7-6-0-0\" class=\"so-panel widget widget_sow-editor panel-first-child panel-last-child widgetopts-SO\" data-index=\"9\" ><div\n\t\t\t\n\t\t\tclass=\"so-widget-sow-editor so-widget-sow-editor-base\"\n\t\t\t\n\t\t>\n<div class=\"siteorigin-widget-tinymce textwidget\">\n\t<hr \/>\n<h3><span style=\"text-decoration: underline\"><strong data-rich-text-format-boundary=\"true\">Eksenel Pompa<\/strong><\/span><\/h3>\n<\/div>\n<\/div><\/div><\/div><\/div><div id=\"pg-gb129-69dbb26a10fd7-7\"  class=\"panel-grid panel-no-style\" ><div id=\"pgc-gb129-69dbb26a10fd7-7-0\"  class=\"panel-grid-cell\" ><div id=\"panel-gb129-69dbb26a10fd7-7-0-0\" class=\"so-panel widget widget_sow-editor panel-first-child panel-last-child widgetopts-SO\" data-index=\"10\" ><div\n\t\t\t\n\t\t\tclass=\"so-widget-sow-editor so-widget-sow-editor-base\"\n\t\t\t\n\t\t>\n<div class=\"siteorigin-widget-tinymce textwidget\">\n\t<div class=\"su-image-carousel  su-image-carousel-has-spacing su-image-carousel-has-lightbox su-image-carousel-has-outline su-image-carousel-adaptive su-image-carousel-slides-style-default su-image-carousel-controls-style-dark su-image-carousel-align-center\" style=\"max-width:300px\" data-flickity-options='{\"groupCells\":true,\"cellSelector\":\".su-image-carousel-item\",\"adaptiveHeight\":true,\"cellAlign\":\"left\",\"prevNextButtons\":true,\"pageDots\":false,\"autoPlay\":false,\"imagesLoaded\":true,\"contain\":false,\"selectedAttraction\":1,\"friction\":1}' id=\"su_image_carousel_69dbb26a153f9\"><div class=\"su-image-carousel-item\"><div class=\"su-image-carousel-item-content\"><a href=\"https:\/\/blog.metu.edu.tr\/eresmech\/files\/2021\/04\/axialpumpa.gif\" target=\"_blank\" rel=\"noopener noreferrer\" data-caption=\"\"><img loading=\"lazy\" decoding=\"async\" width=\"256\" height=\"256\" src=\"https:\/\/blog.metu.edu.tr\/eresmech\/files\/2021\/04\/axialpumpa.gif\" class=\"\" alt=\"\" \/><\/a><\/div><\/div><div class=\"su-image-carousel-item\"><div class=\"su-image-carousel-item-content\"><a href=\"https:\/\/blog.metu.edu.tr\/eresmech\/files\/2021\/04\/axialpump.gif\" target=\"_blank\" rel=\"noopener noreferrer\" data-caption=\"\"><img loading=\"lazy\" decoding=\"async\" width=\"256\" height=\"256\" src=\"https:\/\/blog.metu.edu.tr\/eresmech\/files\/2021\/04\/axialpump.gif\" class=\"\" alt=\"\" \/><\/a><\/div><\/div><\/div><script id=\"su_image_carousel_69dbb26a153f9_script\">if(window.SUImageCarousel){setTimeout(function() {window.SUImageCarousel.initGallery(document.getElementById(\"su_image_carousel_69dbb26a153f9\"))}, 0);}var su_image_carousel_69dbb26a153f9_script=document.getElementById(\"su_image_carousel_69dbb26a153f9_script\");if(su_image_carousel_69dbb26a153f9_script){su_image_carousel_69dbb26a153f9_script.parentNode.removeChild(su_image_carousel_69dbb26a153f9_script);}<\/script>\n<\/div>\n<\/div><\/div><\/div><div id=\"pgc-gb129-69dbb26a10fd7-7-1\"  class=\"panel-grid-cell\" ><div id=\"panel-gb129-69dbb26a10fd7-7-1-0\" class=\"so-panel widget widget_sow-editor panel-first-child panel-last-child widgetopts-SO\" data-index=\"11\" ><div\n\t\t\t\n\t\t\tclass=\"so-widget-sow-editor so-widget-sow-editor-base\"\n\t\t\t\n\t\t>\n<div class=\"siteorigin-widget-tinymce textwidget\">\n\t<p>Hidrolik tahrik sistemlerinde hidroli\u011fin bas\u0131nc\u0131 ve debisini de\u011fi\u015fken yapabilmek i\u00e7in kullan\u0131lan bir pompa t\u00fcr\u00fc g\u00f6sterilen eksenel pompad\u0131r. Sabit bir h\u0131zla elektrik motoru ile d\u00f6nd\u00fcr\u00fclen pistonlar\u0131n ba\u011fl\u0131 oldu\u011fu plaka ile silindirlerin oldu\u011fu blok aras\u0131ndaki a\u00e7\u0131 art\u0131r\u0131ld\u0131\u011f\u0131nda piston stroku artacak ve dolay\u0131s\u0131 ile debi artacakt\u0131r. E\u011fer bu iki blok aras\u0131nda kalan a\u00e7\u0131 s\u0131f\u0131r olur ise, pompa hi\u00e7bir s\u0131v\u0131 basmayacakt\u0131r.<\/p>\n<\/div>\n<\/div><\/div><\/div><\/div><div id=\"pg-gb129-69dbb26a10fd7-8\"  class=\"panel-grid panel-no-style\" ><div id=\"pgc-gb129-69dbb26a10fd7-8-0\"  class=\"panel-grid-cell\" ><div id=\"panel-gb129-69dbb26a10fd7-8-0-0\" class=\"so-panel widget widget_sow-editor panel-first-child panel-last-child widgetopts-SO\" data-index=\"12\" ><div\n\t\t\t\n\t\t\tclass=\"so-widget-sow-editor so-widget-sow-editor-base\"\n\t\t\t\n\t\t>\n<div class=\"siteorigin-widget-tinymce textwidget\">\n\t<hr \/>\n<h3><span style=\"text-decoration: underline\"><strong>\u015eemsiye<\/strong><\/span><\/h3>\n<\/div>\n<\/div><\/div><\/div><\/div><div id=\"pg-gb129-69dbb26a10fd7-9\"  class=\"panel-grid panel-no-style\" ><div id=\"pgc-gb129-69dbb26a10fd7-9-0\"  class=\"panel-grid-cell\" ><div id=\"panel-gb129-69dbb26a10fd7-9-0-0\" class=\"so-panel widget widget_sow-editor panel-first-child panel-last-child widgetopts-SO\" data-index=\"13\" ><div\n\t\t\t\n\t\t\tclass=\"so-widget-sow-editor so-widget-sow-editor-base\"\n\t\t\t\n\t\t>\n<div class=\"siteorigin-widget-tinymce textwidget\">\n\t<div class=\"su-image-carousel  su-image-carousel-has-spacing su-image-carousel-has-lightbox su-image-carousel-has-outline su-image-carousel-adaptive su-image-carousel-slides-style-default su-image-carousel-controls-style-dark su-image-carousel-align-center\" style=\"max-width:300px\" data-flickity-options='{\"groupCells\":true,\"cellSelector\":\".su-image-carousel-item\",\"adaptiveHeight\":true,\"cellAlign\":\"left\",\"prevNextButtons\":true,\"pageDots\":false,\"autoPlay\":false,\"imagesLoaded\":true,\"contain\":false,\"selectedAttraction\":1,\"friction\":1}' id=\"su_image_carousel_69dbb26a15f67\"><div class=\"su-image-carousel-item\"><div class=\"su-image-carousel-item-content\"><a href=\"https:\/\/blog.metu.edu.tr\/eresmech\/files\/2021\/04\/umberella.gif\" target=\"_blank\" rel=\"noopener noreferrer\" data-caption=\"\"><img loading=\"lazy\" decoding=\"async\" width=\"256\" height=\"256\" src=\"https:\/\/blog.metu.edu.tr\/eresmech\/files\/2021\/04\/umberella.gif\" class=\"\" alt=\"\" \/><\/a><\/div><\/div><div class=\"su-image-carousel-item\"><div class=\"su-image-carousel-item-content\"><a href=\"https:\/\/blog.metu.edu.tr\/eresmech\/files\/2021\/04\/umbrella.gif\" target=\"_blank\" rel=\"noopener noreferrer\" data-caption=\"\"><img loading=\"lazy\" decoding=\"async\" width=\"256\" height=\"256\" src=\"https:\/\/blog.metu.edu.tr\/eresmech\/files\/2021\/04\/umbrella.gif\" class=\"\" alt=\"\" \/><\/a><\/div><\/div><\/div><script id=\"su_image_carousel_69dbb26a15f67_script\">if(window.SUImageCarousel){setTimeout(function() {window.SUImageCarousel.initGallery(document.getElementById(\"su_image_carousel_69dbb26a15f67\"))}, 0);}var su_image_carousel_69dbb26a15f67_script=document.getElementById(\"su_image_carousel_69dbb26a15f67_script\");if(su_image_carousel_69dbb26a15f67_script){su_image_carousel_69dbb26a15f67_script.parentNode.removeChild(su_image_carousel_69dbb26a15f67_script);}<\/script>\n<\/div>\n<\/div><\/div><\/div><div id=\"pgc-gb129-69dbb26a10fd7-9-1\"  class=\"panel-grid-cell\" ><div id=\"panel-gb129-69dbb26a10fd7-9-1-0\" class=\"so-panel widget widget_sow-editor panel-first-child panel-last-child widgetopts-SO\" data-index=\"14\" ><div\n\t\t\t\n\t\t\tclass=\"so-widget-sow-editor so-widget-sow-editor-base\"\n\t\t\t\n\t\t>\n<div class=\"siteorigin-widget-tinymce textwidget\">\n\t<p>Ya\u011fmurdan, g\u00fcne\u015ften korunmak i\u00e7in hepimizin g\u00fcnl\u00fck hayatta kulland\u0131\u011f\u0131 \u015femsiye mekanizmas\u0131 ger\u00e7ekte basit bir krank-biyel mekanizmas\u0131d\u0131r. Katlanabilir \u015femsiyelerde farkl\u0131 mekanizmalar bulunmaktad\u0131r.<\/p>\n<\/div>\n<\/div><\/div><\/div><\/div><div id=\"pg-gb129-69dbb26a10fd7-10\"  class=\"panel-grid panel-no-style\" ><div id=\"pgc-gb129-69dbb26a10fd7-10-0\"  class=\"panel-grid-cell\" ><div id=\"panel-gb129-69dbb26a10fd7-10-0-0\" class=\"so-panel widget widget_sow-editor panel-first-child panel-last-child widgetopts-SO\" data-index=\"15\" ><div\n\t\t\t\n\t\t\tclass=\"so-widget-sow-editor so-widget-sow-editor-base\"\n\t\t\t\n\t\t>\n<div class=\"siteorigin-widget-tinymce textwidget\">\n\t<p><\/p>\n<p>G\u00f6rd\u00fc\u011f\u00fcn\u00fcz gibi Mekanizma tekni\u011fi konusuna sadece \u00f6rnekler g\u00f6stererek girmek m\u00fcmk\u00fcn olamayacakt\u0131r. Uygulamada \u00e7ok say\u0131da de\u011fi\u015fik mekanizma \u00f6rne\u011fi bulunmaktad\u0131r. Bunlar\u0131n hepsinde bulunan temel \u00f6zelliklerin incelenmesi mekanizma tekni\u011finin \u00e7al\u0131\u015fma alan\u0131d\u0131r.\u00a0<a href=\"http:\/\/kmoddl.library.cornell.edu\/index.php\">Cornell \u00dcniversitesi K\u00fct\u00fcphanesinin dijital k\u00fct\u00fcphane k\u0131sm\u0131nda klasik Reuleaux Modellerini g\u00f6rebilirsiniz.<\/a>\u00a0veya\u00a0<a href=\"http:\/\/mlu.mw.tu-dresden.de\/module\/m006\/wissensp\/gs\/index.htm\">Dresden \u00dcniversitesi Makina M\u00fchendisli\u011fi B\u00f6l\u00fcm\u00fcnde bulunan mekanizma modellerinin videosunu g\u00f6rebilirsiniz.<\/a><\/p>\n<p>\u0130nternette basit bir arama yaparsan\u0131z \u00e7ok de\u011fi\u015fik mekanizma modellerini bulabilirsiniz. \u00d6rne\u011fin: <a href=\"https:\/\/www.youtube.com\/playlist?list=PLhoXNQqrCmEfAaTf0AfQ1Ztxmz2DoZiCk\">Mechanisms &#8211; YouTube<\/a> sitesinde 508, <a href=\"https:\/\/hackaday.com\/2016\/02\/29\/2100-mechanical-mechanisms\/\">\u00a0100 Mechanical Mechanisms | Hackaday<\/a>\u00a0 sitesinde ise 2100 de\u011fi\u015fik mekanizma bulunmaktad\u0131r.<\/p>\n<p> <\/p>\n<p class=\"has-text-color\"><span style=\"color: #cc0000\"><strong>Soru:<\/strong>\u00a0G\u00fcnl\u00fck hayat\u0131n\u0131zda kar\u015f\u0131la\u015ft\u0131\u011f\u0131n\u0131z mekanizmalardan siz de \u00f6rnekler bulabilir misiniz? Bu mekanizmalar\u0131 tak\u0131m tezgahlar\u0131nda, ta\u015f\u0131tlarda, evde mutfakta veya portatif mobilyalarda g\u00f6rebilirsiniz.\u00a0<\/span><\/p>\n<p><\/p>\n<\/div>\n<\/div><\/div><\/div><\/div><\/div>\n\n\n<p><a href=\"https:\/\/blog.metu.edu.tr\/eresmech\/mekanizma-teknigi\/ch1\/1-2-4\/\" data-type=\"page\" data-id=\"128\"><img loading=\"lazy\" decoding=\"async\" width=\"38\" height=\"38\" class=\"wp-image-16\" style=\"width: 38px\" src=\"https:\/\/blog.metu.edu.tr\/eresmech\/files\/2021\/04\/back_button.gif\" alt=\"\" \/><\/a><a href=\"https:\/\/blog.metu.edu.tr\/eresmech\/mekanizma-teknigi\/ch1\/\" data-type=\"page\" data-id=\"52\"><img loading=\"lazy\" decoding=\"async\" width=\"38\" height=\"38\" class=\"wp-image-17\" style=\"width: 38px\" src=\"https:\/\/blog.metu.edu.tr\/eresmech\/files\/2021\/04\/contents_button.gif\" alt=\"\" \/><\/a><a href=\"https:\/\/blog.metu.edu.tr\/eresmech\/mekanizma-teknigi\/\" data-type=\"page\" data-id=\"47\"><img loading=\"lazy\" decoding=\"async\" width=\"38\" height=\"38\" class=\"wp-image-18\" style=\"width: 38px\" src=\"https:\/\/blog.metu.edu.tr\/eresmech\/files\/2021\/04\/home_button.gif\" alt=\"\" \/><\/a><a href=\"https:\/\/blog.metu.edu.tr\/eresmech\/mekanizma-teknigi\/ch1\/1-3-1\/\" data-type=\"page\" data-id=\"130\"><img loading=\"lazy\" decoding=\"async\" width=\"38\" height=\"38\" class=\"wp-image-20\" style=\"width: 38px\" src=\"https:\/\/blog.metu.edu.tr\/eresmech\/files\/2021\/04\/next_button.gif\" alt=\"\" \/><\/a><img loading=\"lazy\" decoding=\"async\" width=\"119\" height=\"40\" class=\"wp-image-15\" style=\"width: 119px\" src=\"https:\/\/blog.metu.edu.tr\/eresmech\/files\/2021\/04\/ceres.gif\" alt=\"\" \/><\/p>\n","protected":false},"excerpt":{"rendered":"<p>1.2\u00a0Mekanizma Uygulamalar\u0131na \u00d6rnekler-V: Hamur kar\u0131\u015ft\u0131r\u0131c\u0131 Kar\u0131\u015ft\u0131r\u0131c\u0131lar kullan\u0131m alan\u0131na g\u00f6re \u00e7ok \u00e7e\u015fitli olabilir. \u00d6rne\u011fin mutfaklarda kullan\u0131lan basit kar\u0131\u015ft\u0131r\u0131c\u0131lar tek veya iki paletli sabit bir eksende d\u00f6necek \u015fekildedir. Baz\u0131 kar\u0131\u015ft\u0131r\u0131c\u0131larda planet di\u015fli sistemi kullan\u0131l\u0131r. Burada g\u00f6sterilen hamur kar\u0131\u015ft\u0131r\u0131c\u0131 \u00fc\u00e7 boyutlu bir kar\u0131\u015ft\u0131rmay\u0131 &hellip;<\/p>\n<p class=\"read-more\"> <a class=\"more-link\" href=\"https:\/\/blog.metu.edu.tr\/eresmech\/mekanizma-teknigi\/ch1\/1-2-5\/\"> <span class=\"screen-reader-text\">1-2-5<\/span> Devam\u0131n\u0131 Oku &raquo;<\/a><\/p>\n","protected":false},"author":7747,"featured_media":0,"parent":52,"menu_order":0,"comment_status":"closed","ping_status":"closed","template":"","meta":{"footnotes":"","_links_to":"","_links_to_target":""},"class_list":["post-129","page","type-page","status-publish","hentry"],"_links":{"self":[{"href":"https:\/\/blog.metu.edu.tr\/eresmech\/wp-json\/wp\/v2\/pages\/129","targetHints":{"allow":["GET"]}}],"collection":[{"href":"https:\/\/blog.metu.edu.tr\/eresmech\/wp-json\/wp\/v2\/pages"}],"about":[{"href":"https:\/\/blog.metu.edu.tr\/eresmech\/wp-json\/wp\/v2\/types\/page"}],"author":[{"embeddable":true,"href":"https:\/\/blog.metu.edu.tr\/eresmech\/wp-json\/wp\/v2\/users\/7747"}],"replies":[{"embeddable":true,"href":"https:\/\/blog.metu.edu.tr\/eresmech\/wp-json\/wp\/v2\/comments?post=129"}],"version-history":[{"count":0,"href":"https:\/\/blog.metu.edu.tr\/eresmech\/wp-json\/wp\/v2\/pages\/129\/revisions"}],"up":[{"embeddable":true,"href":"https:\/\/blog.metu.edu.tr\/eresmech\/wp-json\/wp\/v2\/pages\/52"}],"wp:attachment":[{"href":"https:\/\/blog.metu.edu.tr\/eresmech\/wp-json\/wp\/v2\/media?parent=129"}],"curies":[{"name":"wp","href":"https:\/\/api.w.org\/{rel}","templated":true}]}}