{"id":128,"date":"2021-04-18T20:11:29","date_gmt":"2021-04-18T20:11:29","guid":{"rendered":"https:\/\/blog.metu.edu.tr\/eresmech\/?page_id=128"},"modified":"2021-09-21T10:21:38","modified_gmt":"2021-09-21T10:21:38","slug":"1-2-4","status":"publish","type":"page","link":"https:\/\/blog.metu.edu.tr\/eresmech\/mekanizma-teknigi\/ch1\/1-2-4\/","title":{"rendered":"1-2-4"},"content":{"rendered":"<div id=\"pl-gb128-69dbc9e71147e\"  class=\"panel-layout\" ><div id=\"pg-gb128-69dbc9e71147e-0\"  class=\"panel-grid panel-no-style\" ><div id=\"pgc-gb128-69dbc9e71147e-0-0\"  class=\"panel-grid-cell\" ><div id=\"panel-gb128-69dbc9e71147e-0-0-0\" class=\"so-panel widget widget_sow-editor panel-first-child panel-last-child widgetopts-SO\" data-index=\"0\" ><div\n\t\t\t\n\t\t\tclass=\"so-widget-sow-editor so-widget-sow-editor-base\"\n\t\t\t\n\t\t>\n<div class=\"siteorigin-widget-tinymce textwidget\">\n\t<p><\/p>\n<h1 class=\"has-text-color\"><strong>1.2<\/strong>\u00a0<strong>Mekanizma Uygulamalar\u0131na \u00d6rnekler-IV:<\/strong><\/h1>\n<p> <\/p>\n<h3><span style=\"text-decoration: underline\"><strong>Ot Havaland\u0131rma Mekanizmas\u0131<\/strong><\/span><\/h3>\n<p><\/p>\n<\/div>\n<\/div><\/div><\/div><\/div><div id=\"pg-gb128-69dbc9e71147e-1\"  class=\"panel-grid panel-no-style\" ><div id=\"pgc-gb128-69dbc9e71147e-1-0\"  class=\"panel-grid-cell\" ><div id=\"panel-gb128-69dbc9e71147e-1-0-0\" class=\"so-panel widget widget_sow-editor panel-first-child panel-last-child widgetopts-SO\" data-index=\"1\" ><div\n\t\t\t\n\t\t\tclass=\"so-widget-sow-editor so-widget-sow-editor-base\"\n\t\t\t\n\t\t>\n<div class=\"siteorigin-widget-tinymce textwidget\">\n\t<div class=\"su-image-carousel  su-image-carousel-has-spacing su-image-carousel-has-lightbox su-image-carousel-has-outline su-image-carousel-adaptive su-image-carousel-slides-style-default su-image-carousel-controls-style-dark su-image-carousel-align-center\" style=\"max-width:300px\" data-flickity-options='{\"groupCells\":true,\"cellSelector\":\".su-image-carousel-item\",\"adaptiveHeight\":true,\"cellAlign\":\"left\",\"prevNextButtons\":true,\"pageDots\":false,\"autoPlay\":false,\"imagesLoaded\":true,\"contain\":false,\"selectedAttraction\":1,\"friction\":1}' id=\"su_image_carousel_69dbc9e711ecc\"><div class=\"su-image-carousel-item\"><div class=\"su-image-carousel-item-content\"><a href=\"https:\/\/blog.metu.edu.tr\/eresmech\/files\/2021\/04\/kurutma.gif\" target=\"_blank\" rel=\"noopener noreferrer\" data-caption=\"\"><img loading=\"lazy\" decoding=\"async\" width=\"256\" height=\"252\" src=\"https:\/\/blog.metu.edu.tr\/eresmech\/files\/2021\/04\/kurutma.gif\" class=\"\" alt=\"\" \/><\/a><\/div><\/div><div class=\"su-image-carousel-item\"><div class=\"su-image-carousel-item-content\"><a href=\"https:\/\/blog.metu.edu.tr\/eresmech\/files\/2021\/04\/kurutma-1.gif\" target=\"_blank\" rel=\"noopener noreferrer\" data-caption=\"\"><img loading=\"lazy\" decoding=\"async\" width=\"256\" height=\"256\" src=\"https:\/\/blog.metu.edu.tr\/eresmech\/files\/2021\/04\/kurutma-1.gif\" class=\"\" alt=\"\" \/><\/a><\/div><\/div><\/div><script id=\"su_image_carousel_69dbc9e711ecc_script\">if(window.SUImageCarousel){setTimeout(function() {window.SUImageCarousel.initGallery(document.getElementById(\"su_image_carousel_69dbc9e711ecc\"))}, 0);}var su_image_carousel_69dbc9e711ecc_script=document.getElementById(\"su_image_carousel_69dbc9e711ecc_script\");if(su_image_carousel_69dbc9e711ecc_script){su_image_carousel_69dbc9e711ecc_script.parentNode.removeChild(su_image_carousel_69dbc9e711ecc_script);}<\/script>\n<\/div>\n<\/div><\/div><\/div><div id=\"pgc-gb128-69dbc9e71147e-1-1\"  class=\"panel-grid-cell\" ><div id=\"panel-gb128-69dbc9e71147e-1-1-0\" class=\"so-panel widget widget_sow-editor panel-first-child panel-last-child widgetopts-SO\" data-index=\"2\" ><div\n\t\t\t\n\t\t\tclass=\"so-widget-sow-editor so-widget-sow-editor-base\"\n\t\t\t\n\t\t>\n<div class=\"siteorigin-widget-tinymce textwidget\">\n\t<p>Tarlalarda hayvan yemi i\u00e7in yeti\u015ftirilen yonca gibi otlar tarlada kurumaya b\u0131rak\u0131lacakt\u0131r. Ancak kurumakta olan otlar\u0131n e\u011fer alt k\u0131s\u0131mlar\u0131 havaland\u0131r\u0131lmaz ve g\u00fcne\u015fle temas etmez ise, k\u00fcflenme ve \u00e7\u00fcr\u00fcme olabilir (besin de\u011feri \u00e7ok azal\u0131r). Bu nedenle kurumakta olan otlar\u0131 alt-\u00fcst etmek i\u00e7in, trakt\u00f6rle ta\u015f\u0131nan mekanizma geli\u015ftirilmi\u015ftir.<\/p>\n<\/div>\n<\/div><\/div><\/div><\/div><div id=\"pg-gb128-69dbc9e71147e-2\"  class=\"panel-grid panel-no-style\" ><div id=\"pgc-gb128-69dbc9e71147e-2-0\"  class=\"panel-grid-cell\" ><div id=\"panel-gb128-69dbc9e71147e-2-0-0\" class=\"so-panel widget widget_sow-editor panel-first-child panel-last-child widgetopts-SO\" data-index=\"3\" ><div\n\t\t\t\n\t\t\tclass=\"so-widget-sow-editor so-widget-sow-editor-base\"\n\t\t\t\n\t\t>\n<div class=\"siteorigin-widget-tinymce textwidget\">\n\t<hr \/>\n<h3><span style=\"text-decoration: underline\"><strong data-rich-text-format-boundary=\"true\">Balyalama Makinas\u0131, Ot Besleme Mekanizmas\u0131<\/strong><\/span><\/h3>\n<\/div>\n<\/div><\/div><\/div><\/div><div id=\"pg-gb128-69dbc9e71147e-3\"  class=\"panel-grid panel-no-style\" ><div id=\"pgc-gb128-69dbc9e71147e-3-0\"  class=\"panel-grid-cell\" ><div id=\"panel-gb128-69dbc9e71147e-3-0-0\" class=\"so-panel widget widget_sow-editor panel-first-child panel-last-child widgetopts-SO\" data-index=\"4\" ><div\n\t\t\t\n\t\t\tclass=\"so-widget-sow-editor so-widget-sow-editor-base\"\n\t\t\t\n\t\t>\n<div class=\"siteorigin-widget-tinymce textwidget\">\n\t<div class=\"su-image-carousel  su-image-carousel-has-spacing su-image-carousel-has-lightbox su-image-carousel-has-outline su-image-carousel-adaptive su-image-carousel-slides-style-default su-image-carousel-controls-style-dark su-image-carousel-align-center\" style=\"max-width:300px\" data-flickity-options='{\"groupCells\":true,\"cellSelector\":\".su-image-carousel-item\",\"adaptiveHeight\":true,\"cellAlign\":\"left\",\"prevNextButtons\":true,\"pageDots\":false,\"autoPlay\":false,\"imagesLoaded\":true,\"contain\":false,\"selectedAttraction\":1,\"friction\":1}' id=\"su_image_carousel_69dbc9e712801\"><div class=\"su-image-carousel-item\"><div class=\"su-image-carousel-item-content\"><a href=\"https:\/\/blog.metu.edu.tr\/eresmech\/files\/2021\/04\/haytransport.gif\" target=\"_blank\" rel=\"noopener noreferrer\" data-caption=\"\"><img loading=\"lazy\" decoding=\"async\" width=\"256\" height=\"247\" src=\"https:\/\/blog.metu.edu.tr\/eresmech\/files\/2021\/04\/haytransport.gif\" class=\"\" alt=\"\" \/><\/a><\/div><\/div><div class=\"su-image-carousel-item\"><div class=\"su-image-carousel-item-content\"><a href=\"https:\/\/blog.metu.edu.tr\/eresmech\/files\/2021\/04\/haytransport-1.gif\" target=\"_blank\" rel=\"noopener noreferrer\" data-caption=\"\"><img loading=\"lazy\" decoding=\"async\" width=\"256\" height=\"256\" src=\"https:\/\/blog.metu.edu.tr\/eresmech\/files\/2021\/04\/haytransport-1.gif\" class=\"\" alt=\"\" \/><\/a><\/div><\/div><\/div><script id=\"su_image_carousel_69dbc9e712801_script\">if(window.SUImageCarousel){setTimeout(function() {window.SUImageCarousel.initGallery(document.getElementById(\"su_image_carousel_69dbc9e712801\"))}, 0);}var su_image_carousel_69dbc9e712801_script=document.getElementById(\"su_image_carousel_69dbc9e712801_script\");if(su_image_carousel_69dbc9e712801_script){su_image_carousel_69dbc9e712801_script.parentNode.removeChild(su_image_carousel_69dbc9e712801_script);}<\/script>\n<\/div>\n<\/div><\/div><\/div><div id=\"pgc-gb128-69dbc9e71147e-3-1\"  class=\"panel-grid-cell\" ><div id=\"panel-gb128-69dbc9e71147e-3-1-0\" class=\"so-panel widget widget_sow-editor panel-first-child panel-last-child widgetopts-SO\" data-index=\"5\" ><div\n\t\t\t\n\t\t\tclass=\"so-widget-sow-editor so-widget-sow-editor-base\"\n\t\t\t\n\t\t>\n<div class=\"siteorigin-widget-tinymce textwidget\">\n\t<p>Tarlada kurutulan otlar veya saman balyalama makinalar\u0131nda s\u0131k\u0131\u015ft\u0131r\u0131l\u0131r ve telle ba\u011flanarak depolamaya uygun hale getirilir. Saman\u0131 makinaya beslemek i\u00e7in kullan\u0131lan mekanizma \u015fekilde g\u00f6r\u00fclmektedir.<\/p>\n<\/div>\n<\/div><\/div><\/div><\/div><div id=\"pg-gb128-69dbc9e71147e-4\"  class=\"panel-grid panel-no-style\" ><div id=\"pgc-gb128-69dbc9e71147e-4-0\"  class=\"panel-grid-cell\" ><div id=\"panel-gb128-69dbc9e71147e-4-0-0\" class=\"so-panel widget widget_sow-editor panel-first-child panel-last-child widgetopts-SO\" data-index=\"6\" ><div\n\t\t\t\n\t\t\tclass=\"so-widget-sow-editor so-widget-sow-editor-base\"\n\t\t\t\n\t\t>\n<div class=\"siteorigin-widget-tinymce textwidget\">\n\t<h3><span style=\"text-decoration: underline\"><strong data-rich-text-format-boundary=\"true\">Garaj Kap\u0131s\u0131<\/strong><\/span><\/h3>\n<\/div>\n<\/div><\/div><\/div><\/div><div id=\"pg-gb128-69dbc9e71147e-5\"  class=\"panel-grid panel-no-style\" ><div id=\"pgc-gb128-69dbc9e71147e-5-0\"  class=\"panel-grid-cell\" ><div id=\"panel-gb128-69dbc9e71147e-5-0-0\" class=\"so-panel widget widget_sow-editor panel-first-child panel-last-child widgetopts-SO\" data-index=\"7\" ><div\n\t\t\t\n\t\t\tclass=\"so-widget-sow-editor so-widget-sow-editor-base\"\n\t\t\t\n\t\t>\n<div class=\"siteorigin-widget-tinymce textwidget\">\n\t<div class=\"su-image-carousel  su-image-carousel-has-spacing su-image-carousel-has-lightbox su-image-carousel-has-outline su-image-carousel-adaptive su-image-carousel-slides-style-default su-image-carousel-controls-style-dark su-image-carousel-align-center\" style=\"max-width:300px\" data-flickity-options='{\"groupCells\":true,\"cellSelector\":\".su-image-carousel-item\",\"adaptiveHeight\":true,\"cellAlign\":\"left\",\"prevNextButtons\":true,\"pageDots\":false,\"autoPlay\":false,\"imagesLoaded\":true,\"contain\":false,\"selectedAttraction\":1,\"friction\":1}' id=\"su_image_carousel_69dbc9e71313c\"><div class=\"su-image-carousel-item\"><div class=\"su-image-carousel-item-content\"><a href=\"https:\/\/blog.metu.edu.tr\/eresmech\/files\/2021\/04\/garagedoor.gif\" target=\"_blank\" rel=\"noopener noreferrer\" data-caption=\"\"><img loading=\"lazy\" decoding=\"async\" width=\"253\" height=\"230\" src=\"https:\/\/blog.metu.edu.tr\/eresmech\/files\/2021\/04\/garagedoor.gif\" class=\"\" alt=\"\" \/><\/a><\/div><\/div><div class=\"su-image-carousel-item\"><div class=\"su-image-carousel-item-content\"><a href=\"https:\/\/blog.metu.edu.tr\/eresmech\/files\/2021\/04\/garagedoor-1.gif\" target=\"_blank\" rel=\"noopener noreferrer\" data-caption=\"\"><img loading=\"lazy\" decoding=\"async\" width=\"256\" height=\"256\" src=\"https:\/\/blog.metu.edu.tr\/eresmech\/files\/2021\/04\/garagedoor-1.gif\" class=\"\" alt=\"\" \/><\/a><\/div><\/div><\/div><script id=\"su_image_carousel_69dbc9e71313c_script\">if(window.SUImageCarousel){setTimeout(function() {window.SUImageCarousel.initGallery(document.getElementById(\"su_image_carousel_69dbc9e71313c\"))}, 0);}var su_image_carousel_69dbc9e71313c_script=document.getElementById(\"su_image_carousel_69dbc9e71313c_script\");if(su_image_carousel_69dbc9e71313c_script){su_image_carousel_69dbc9e71313c_script.parentNode.removeChild(su_image_carousel_69dbc9e71313c_script);}<\/script>\n<\/div>\n<\/div><\/div><\/div><div id=\"pgc-gb128-69dbc9e71147e-5-1\"  class=\"panel-grid-cell\" ><div id=\"panel-gb128-69dbc9e71147e-5-1-0\" class=\"so-panel widget widget_sow-editor panel-first-child panel-last-child widgetopts-SO\" data-index=\"8\" ><div\n\t\t\t\n\t\t\tclass=\"so-widget-sow-editor so-widget-sow-editor-base\"\n\t\t\t\n\t\t>\n<div class=\"siteorigin-widget-tinymce textwidget\">\n\t<p>Genellikle k\u00fc\u00e7\u00fck garajlarda, kap\u0131 a\u00e7\u0131kken yer kaplamamas\u0131 i\u00e7in (yandan a\u00e7\u0131lan kap\u0131lar a\u00e7\u0131kken ya yandaki garaj kap\u0131s\u0131n\u0131 t\u0131kayacak veya yola do\u011fru \u00e7ok b\u00fcy\u00fck bir engel olu\u015fturacakt\u0131r) yukar\u0131dan a\u00e7\u0131l\u0131p kapanan kap\u0131lar tercih edilmektedir. Burada sadece d\u00f6ner mafsallar kullan\u0131ld\u0131\u011f\u0131 bir garaj kap\u0131s\u0131 mekanizmas\u0131 g\u00f6r\u00fclmektedir.<\/p>\n<\/div>\n<\/div><\/div><\/div><\/div><div id=\"pg-gb128-69dbc9e71147e-6\"  class=\"panel-grid panel-no-style\" ><div id=\"pgc-gb128-69dbc9e71147e-6-0\"  class=\"panel-grid-cell\" ><div id=\"panel-gb128-69dbc9e71147e-6-0-0\" class=\"so-panel widget widget_sow-editor panel-first-child panel-last-child widgetopts-SO\" data-index=\"9\" ><div\n\t\t\t\n\t\t\tclass=\"so-widget-sow-editor so-widget-sow-editor-base\"\n\t\t\t\n\t\t>\n<div class=\"siteorigin-widget-tinymce textwidget\">\n\t<hr \/>\n<h3><span style=\"text-decoration: underline\"><strong>Hidrolik Pres<\/strong><\/span><\/h3>\n<\/div>\n<\/div><\/div><\/div><\/div><div id=\"pg-gb128-69dbc9e71147e-7\"  class=\"panel-grid panel-no-style\" ><div id=\"pgc-gb128-69dbc9e71147e-7-0\"  class=\"panel-grid-cell\" ><div id=\"panel-gb128-69dbc9e71147e-7-0-0\" class=\"so-panel widget widget_sow-editor panel-first-child panel-last-child widgetopts-SO\" data-index=\"10\" ><div\n\t\t\t\n\t\t\tclass=\"so-widget-sow-editor so-widget-sow-editor-base\"\n\t\t\t\n\t\t>\n<div class=\"siteorigin-widget-tinymce textwidget\">\n\t<div class=\"su-image-carousel  su-image-carousel-has-spacing su-image-carousel-has-lightbox su-image-carousel-has-outline su-image-carousel-adaptive su-image-carousel-slides-style-default su-image-carousel-controls-style-dark su-image-carousel-align-center\" style=\"max-width:300px\" data-flickity-options='{\"groupCells\":true,\"cellSelector\":\".su-image-carousel-item\",\"adaptiveHeight\":true,\"cellAlign\":\"left\",\"prevNextButtons\":true,\"pageDots\":false,\"autoPlay\":false,\"imagesLoaded\":true,\"contain\":false,\"selectedAttraction\":1,\"friction\":1}' id=\"su_image_carousel_69dbc9e713a82\"><div class=\"su-image-carousel-item\"><div class=\"su-image-carousel-item-content\"><a href=\"https:\/\/blog.metu.edu.tr\/eresmech\/files\/2021\/04\/hydprs.gif\" target=\"_blank\" rel=\"noopener noreferrer\" data-caption=\"\"><img loading=\"lazy\" decoding=\"async\" width=\"256\" height=\"256\" src=\"https:\/\/blog.metu.edu.tr\/eresmech\/files\/2021\/04\/hydprs.gif\" class=\"\" alt=\"\" \/><\/a><\/div><\/div><div class=\"su-image-carousel-item\"><div class=\"su-image-carousel-item-content\"><a href=\"https:\/\/blog.metu.edu.tr\/eresmech\/files\/2021\/04\/hydprs-1.gif\" target=\"_blank\" rel=\"noopener noreferrer\" data-caption=\"\"><img loading=\"lazy\" decoding=\"async\" width=\"256\" height=\"256\" src=\"https:\/\/blog.metu.edu.tr\/eresmech\/files\/2021\/04\/hydprs-1.gif\" class=\"\" alt=\"\" \/><\/a><\/div><\/div><\/div><script id=\"su_image_carousel_69dbc9e713a82_script\">if(window.SUImageCarousel){setTimeout(function() {window.SUImageCarousel.initGallery(document.getElementById(\"su_image_carousel_69dbc9e713a82\"))}, 0);}var su_image_carousel_69dbc9e713a82_script=document.getElementById(\"su_image_carousel_69dbc9e713a82_script\");if(su_image_carousel_69dbc9e713a82_script){su_image_carousel_69dbc9e713a82_script.parentNode.removeChild(su_image_carousel_69dbc9e713a82_script);}<\/script>\n<\/div>\n<\/div><\/div><\/div><div id=\"pgc-gb128-69dbc9e71147e-7-1\"  class=\"panel-grid-cell\" ><div id=\"panel-gb128-69dbc9e71147e-7-1-0\" class=\"so-panel widget widget_sow-editor panel-first-child panel-last-child widgetopts-SO\" data-index=\"11\" ><div\n\t\t\t\n\t\t\tclass=\"so-widget-sow-editor so-widget-sow-editor-base\"\n\t\t\t\n\t\t>\n<div class=\"siteorigin-widget-tinymce textwidget\">\n\t<p>Bir\u00e7ok uygulamalarda motor kaputu basit bir d\u00f6ner mafsal ile ara\u00e7 g\u00f6vdesine ba\u011fl\u0131d\u0131r. Motor kaputunun tamir ve bak\u0131m s\u0131ras\u0131nda motordan yeteri kadar uzakta olmas\u0131 istenilir ise, baz\u0131 uygulamalarda \u00e7ok uzuvlu bir mekanizma kullan\u0131lmaktad\u0131r.<\/p>\n<\/div>\n<\/div><\/div><\/div><\/div><div id=\"pg-gb128-69dbc9e71147e-8\"  class=\"panel-grid panel-no-style\" ><div id=\"pgc-gb128-69dbc9e71147e-8-0\"  class=\"panel-grid-cell\" ><div id=\"panel-gb128-69dbc9e71147e-8-0-0\" class=\"so-panel widget widget_sow-editor panel-first-child panel-last-child widgetopts-SO\" data-index=\"12\" ><div\n\t\t\t\n\t\t\tclass=\"so-widget-sow-editor so-widget-sow-editor-base\"\n\t\t\t\n\t\t>\n<div class=\"siteorigin-widget-tinymce textwidget\">\n\t<hr \/>\n<h3><span style=\"text-decoration: underline\"><strong>Motor Kaputu<\/strong><\/span><\/h3>\n<\/div>\n<\/div><\/div><\/div><\/div><div id=\"pg-gb128-69dbc9e71147e-9\"  class=\"panel-grid panel-no-style\" ><div id=\"pgc-gb128-69dbc9e71147e-9-0\"  class=\"panel-grid-cell\" ><div id=\"panel-gb128-69dbc9e71147e-9-0-0\" class=\"so-panel widget widget_sow-editor panel-first-child panel-last-child widgetopts-SO\" data-index=\"13\" ><div\n\t\t\t\n\t\t\tclass=\"so-widget-sow-editor so-widget-sow-editor-base\"\n\t\t\t\n\t\t>\n<div class=\"siteorigin-widget-tinymce textwidget\">\n\t<div class=\"su-image-carousel  su-image-carousel-has-spacing su-image-carousel-has-lightbox su-image-carousel-has-outline su-image-carousel-adaptive su-image-carousel-slides-style-default su-image-carousel-controls-style-dark su-image-carousel-align-center\" style=\"max-width:300px\" data-flickity-options='{\"groupCells\":true,\"cellSelector\":\".su-image-carousel-item\",\"adaptiveHeight\":true,\"cellAlign\":\"left\",\"prevNextButtons\":true,\"pageDots\":false,\"autoPlay\":false,\"imagesLoaded\":true,\"contain\":false,\"selectedAttraction\":1,\"friction\":1}' id=\"su_image_carousel_69dbc9e7143f8\"><div class=\"su-image-carousel-item\"><div class=\"su-image-carousel-item-content\"><a href=\"https:\/\/blog.metu.edu.tr\/eresmech\/files\/2021\/04\/carhood.gif\" target=\"_blank\" rel=\"noopener noreferrer\" data-caption=\"\"><img loading=\"lazy\" decoding=\"async\" width=\"256\" height=\"238\" src=\"https:\/\/blog.metu.edu.tr\/eresmech\/files\/2021\/04\/carhood.gif\" class=\"\" alt=\"\" \/><\/a><\/div><\/div><div class=\"su-image-carousel-item\"><div class=\"su-image-carousel-item-content\"><a href=\"https:\/\/blog.metu.edu.tr\/eresmech\/files\/2021\/04\/carhood-1.gif\" target=\"_blank\" rel=\"noopener noreferrer\" data-caption=\"\"><img loading=\"lazy\" decoding=\"async\" width=\"256\" height=\"256\" src=\"https:\/\/blog.metu.edu.tr\/eresmech\/files\/2021\/04\/carhood-1.gif\" class=\"\" alt=\"\" \/><\/a><\/div><\/div><\/div><script id=\"su_image_carousel_69dbc9e7143f8_script\">if(window.SUImageCarousel){setTimeout(function() {window.SUImageCarousel.initGallery(document.getElementById(\"su_image_carousel_69dbc9e7143f8\"))}, 0);}var su_image_carousel_69dbc9e7143f8_script=document.getElementById(\"su_image_carousel_69dbc9e7143f8_script\");if(su_image_carousel_69dbc9e7143f8_script){su_image_carousel_69dbc9e7143f8_script.parentNode.removeChild(su_image_carousel_69dbc9e7143f8_script);}<\/script>\n<\/div>\n<\/div><\/div><\/div><div id=\"pgc-gb128-69dbc9e71147e-9-1\"  class=\"panel-grid-cell\" ><div id=\"panel-gb128-69dbc9e71147e-9-1-0\" class=\"so-panel widget widget_sow-editor panel-first-child panel-last-child widgetopts-SO\" data-index=\"14\" ><div\n\t\t\t\n\t\t\tclass=\"so-widget-sow-editor so-widget-sow-editor-base\"\n\t\t\t\n\t\t>\n<div class=\"siteorigin-widget-tinymce textwidget\">\n\t<p>Metal gibi sert cisimleri \u015fekillendirmek, kesmek ve delmek gibi i\u015flemlerde malzemeye \u00e7ok y\u00fcksek kuvvetler uygulayacak hidrolik veya mekanik presler kullan\u0131l\u0131r. Burada \u00e7ok y\u00fcksek mekanik avantaj\u0131 olan bir hidrolik g\u00f6r\u00fclmektedir.<\/p>\n<\/div>\n<\/div><\/div><\/div><\/div><div id=\"pg-gb128-69dbc9e71147e-10\"  class=\"panel-grid panel-no-style\" ><div id=\"pgc-gb128-69dbc9e71147e-10-0\"  class=\"panel-grid-cell\" ><div id=\"panel-gb128-69dbc9e71147e-10-0-0\" class=\"so-panel widget widget_sow-editor panel-first-child panel-last-child widgetopts-SO\" data-index=\"15\" ><div\n\t\t\t\n\t\t\tclass=\"so-widget-sow-editor so-widget-sow-editor-base\"\n\t\t\t\n\t\t>\n<div class=\"siteorigin-widget-tinymce textwidget\">\n\t<hr \/>\n<h3><span style=\"text-decoration: underline\">Kamyon Damperi<\/span><\/h3>\n<\/div>\n<\/div><\/div><\/div><\/div><div id=\"pg-gb128-69dbc9e71147e-11\"  class=\"panel-grid panel-no-style\" ><div id=\"pgc-gb128-69dbc9e71147e-11-0\"  class=\"panel-grid-cell\" ><div id=\"panel-gb128-69dbc9e71147e-11-0-0\" class=\"so-panel widget widget_sow-editor panel-first-child panel-last-child widgetopts-SO\" data-index=\"16\" ><div\n\t\t\t\n\t\t\tclass=\"so-widget-sow-editor so-widget-sow-editor-base\"\n\t\t\t\n\t\t>\n<div class=\"siteorigin-widget-tinymce textwidget\">\n\t<div class=\"su-image-carousel  su-image-carousel-has-spacing su-image-carousel-has-lightbox su-image-carousel-has-outline su-image-carousel-adaptive su-image-carousel-slides-style-default su-image-carousel-controls-style-dark su-image-carousel-align-center\" style=\"max-width:300px\" data-flickity-options='{\"groupCells\":true,\"cellSelector\":\".su-image-carousel-item\",\"adaptiveHeight\":true,\"cellAlign\":\"left\",\"prevNextButtons\":true,\"pageDots\":false,\"autoPlay\":false,\"imagesLoaded\":true,\"contain\":false,\"selectedAttraction\":1,\"friction\":1}' id=\"su_image_carousel_69dbc9e714d7a\"><div class=\"su-image-carousel-item\"><div class=\"su-image-carousel-item-content\"><a href=\"https:\/\/blog.metu.edu.tr\/eresmech\/files\/2021\/04\/dumptruck.gif\" target=\"_blank\" rel=\"noopener noreferrer\" data-caption=\"\"><img loading=\"lazy\" decoding=\"async\" width=\"256\" height=\"256\" src=\"https:\/\/blog.metu.edu.tr\/eresmech\/files\/2021\/04\/dumptruck.gif\" class=\"\" alt=\"\" \/><\/a><\/div><\/div><div class=\"su-image-carousel-item\"><div class=\"su-image-carousel-item-content\"><a href=\"https:\/\/blog.metu.edu.tr\/eresmech\/files\/2021\/04\/dumptruck-1.gif\" target=\"_blank\" rel=\"noopener noreferrer\" data-caption=\"\"><img loading=\"lazy\" decoding=\"async\" width=\"256\" height=\"256\" src=\"https:\/\/blog.metu.edu.tr\/eresmech\/files\/2021\/04\/dumptruck-1.gif\" class=\"\" alt=\"\" \/><\/a><\/div><\/div><\/div><script id=\"su_image_carousel_69dbc9e714d7a_script\">if(window.SUImageCarousel){setTimeout(function() {window.SUImageCarousel.initGallery(document.getElementById(\"su_image_carousel_69dbc9e714d7a\"))}, 0);}var su_image_carousel_69dbc9e714d7a_script=document.getElementById(\"su_image_carousel_69dbc9e714d7a_script\");if(su_image_carousel_69dbc9e714d7a_script){su_image_carousel_69dbc9e714d7a_script.parentNode.removeChild(su_image_carousel_69dbc9e714d7a_script);}<\/script>\n<\/div>\n<\/div><\/div><\/div><div id=\"pgc-gb128-69dbc9e71147e-11-1\"  class=\"panel-grid-cell\" ><div id=\"panel-gb128-69dbc9e71147e-11-1-0\" class=\"so-panel widget widget_sow-editor panel-first-child panel-last-child widgetopts-SO\" data-index=\"17\" ><div\n\t\t\t\n\t\t\tclass=\"so-widget-sow-editor so-widget-sow-editor-base\"\n\t\t\t\n\t\t>\n<div class=\"siteorigin-widget-tinymce textwidget\">\n\t<p>Kamyonlar\u0131n ta\u015f\u0131makta olduklar\u0131 kum, \u00e7ak\u0131l, kaya gibi a\u011f\u0131r y\u00fckleri yere b\u0131rakmak i\u00e7in kullan\u0131lan sistemler \u00e7e\u015fitlidir (\u00e7evrenizdeki damperli kamyonlarda farkl\u0131 bir mekanizma g\u00f6rebilirsiniz) Burada g\u00f6sterilen damperli kamyon \u00e7ok a\u011f\u0131r y\u00fck (40-50 ton gibi) i\u00e7in tasarlanm\u0131\u015ft\u0131r.<\/p>\n<\/div>\n<\/div><\/div><\/div><\/div><\/div>\n\n\n<p><a href=\"https:\/\/blog.metu.edu.tr\/eresmech\/mekanizma-teknigi\/ch1\/1-2-3\/\" data-type=\"page\" data-id=\"127\"><img loading=\"lazy\" decoding=\"async\" width=\"38\" height=\"38\" class=\"wp-image-16\" style=\"width: 38px\" src=\"https:\/\/blog.metu.edu.tr\/eresmech\/files\/2021\/04\/back_button.gif\" alt=\"\" \/><\/a><a href=\"https:\/\/blog.metu.edu.tr\/eresmech\/mekanizma-teknigi\/ch1\/\" data-type=\"page\" data-id=\"52\"><img loading=\"lazy\" decoding=\"async\" width=\"38\" height=\"38\" class=\"wp-image-17\" style=\"width: 38px\" src=\"https:\/\/blog.metu.edu.tr\/eresmech\/files\/2021\/04\/contents_button.gif\" alt=\"\" \/><\/a><a href=\"https:\/\/blog.metu.edu.tr\/eresmech\/mekanizma-teknigi\/\" data-type=\"page\" data-id=\"47\"><img loading=\"lazy\" decoding=\"async\" width=\"38\" height=\"38\" class=\"wp-image-18\" style=\"width: 38px\" src=\"https:\/\/blog.metu.edu.tr\/eresmech\/files\/2021\/04\/home_button.gif\" alt=\"\" \/><\/a><a href=\"https:\/\/blog.metu.edu.tr\/eresmech\/mekanizma-teknigi\/ch1\/1-2-5\/\" data-type=\"page\" data-id=\"129\"><img loading=\"lazy\" decoding=\"async\" width=\"38\" height=\"38\" class=\"wp-image-20\" style=\"width: 38px\" src=\"https:\/\/blog.metu.edu.tr\/eresmech\/files\/2021\/04\/next_button.gif\" alt=\"\" \/><\/a><img loading=\"lazy\" decoding=\"async\" width=\"119\" height=\"40\" class=\"wp-image-15\" style=\"width: 119px\" src=\"https:\/\/blog.metu.edu.tr\/eresmech\/files\/2021\/04\/ceres.gif\" alt=\"\" \/><\/p>\n","protected":false},"excerpt":{"rendered":"<p>1.2\u00a0Mekanizma Uygulamalar\u0131na \u00d6rnekler-IV: Ot Havaland\u0131rma Mekanizmas\u0131 Tarlalarda hayvan yemi i\u00e7in yeti\u015ftirilen yonca gibi otlar tarlada kurumaya b\u0131rak\u0131lacakt\u0131r. Ancak kurumakta olan otlar\u0131n e\u011fer alt k\u0131s\u0131mlar\u0131 havaland\u0131r\u0131lmaz ve g\u00fcne\u015fle temas etmez ise, k\u00fcflenme ve \u00e7\u00fcr\u00fcme olabilir (besin de\u011feri \u00e7ok azal\u0131r). Bu nedenle &hellip;<\/p>\n<p class=\"read-more\"> <a class=\"more-link\" href=\"https:\/\/blog.metu.edu.tr\/eresmech\/mekanizma-teknigi\/ch1\/1-2-4\/\"> <span class=\"screen-reader-text\">1-2-4<\/span> Devam\u0131n\u0131 Oku &raquo;<\/a><\/p>\n","protected":false},"author":7747,"featured_media":0,"parent":52,"menu_order":0,"comment_status":"closed","ping_status":"closed","template":"","meta":{"footnotes":"","_links_to":"","_links_to_target":""},"class_list":["post-128","page","type-page","status-publish","hentry"],"_links":{"self":[{"href":"https:\/\/blog.metu.edu.tr\/eresmech\/wp-json\/wp\/v2\/pages\/128","targetHints":{"allow":["GET"]}}],"collection":[{"href":"https:\/\/blog.metu.edu.tr\/eresmech\/wp-json\/wp\/v2\/pages"}],"about":[{"href":"https:\/\/blog.metu.edu.tr\/eresmech\/wp-json\/wp\/v2\/types\/page"}],"author":[{"embeddable":true,"href":"https:\/\/blog.metu.edu.tr\/eresmech\/wp-json\/wp\/v2\/users\/7747"}],"replies":[{"embeddable":true,"href":"https:\/\/blog.metu.edu.tr\/eresmech\/wp-json\/wp\/v2\/comments?post=128"}],"version-history":[{"count":0,"href":"https:\/\/blog.metu.edu.tr\/eresmech\/wp-json\/wp\/v2\/pages\/128\/revisions"}],"up":[{"embeddable":true,"href":"https:\/\/blog.metu.edu.tr\/eresmech\/wp-json\/wp\/v2\/pages\/52"}],"wp:attachment":[{"href":"https:\/\/blog.metu.edu.tr\/eresmech\/wp-json\/wp\/v2\/media?parent=128"}],"curies":[{"name":"wp","href":"https:\/\/api.w.org\/{rel}","templated":true}]}}