{"id":127,"date":"2021-04-18T20:10:48","date_gmt":"2021-04-18T20:10:48","guid":{"rendered":"https:\/\/blog.metu.edu.tr\/eresmech\/?page_id=127"},"modified":"2022-09-02T10:27:37","modified_gmt":"2022-09-02T10:27:37","slug":"1-2-3","status":"publish","type":"page","link":"https:\/\/blog.metu.edu.tr\/eresmech\/mekanizma-teknigi\/ch1\/1-2-3\/","title":{"rendered":"1-2-3"},"content":{"rendered":"<div id=\"pl-gb127-69dbc4668762e\"  class=\"panel-layout\" ><div id=\"pg-gb127-69dbc4668762e-0\"  class=\"panel-grid panel-no-style\" ><div id=\"pgc-gb127-69dbc4668762e-0-0\"  class=\"panel-grid-cell\" ><div id=\"panel-gb127-69dbc4668762e-0-0-0\" class=\"so-panel widget widget_sow-editor panel-first-child panel-last-child widgetopts-SO\" data-index=\"0\" ><div\n\t\t\t\n\t\t\tclass=\"so-widget-sow-editor so-widget-sow-editor-base\"\n\t\t\t\n\t\t>\n<div class=\"siteorigin-widget-tinymce textwidget\">\n\t<p><\/p>\n<h1 class=\"has-text-color\"><strong>1.2<\/strong>\u00a0<strong>Mekanizma Uygulamalar\u0131na \u00d6rnekler-II<\/strong>I:<\/h1>\n<p> <\/p>\n<h3><span style=\"text-decoration: underline\"><strong>Boya Kutusu Kar\u0131\u015ft\u0131rma Aparat\u0131<\/strong><\/span><\/h3>\n<p><\/p>\n<\/div>\n<\/div><\/div><\/div><\/div><div id=\"pg-gb127-69dbc4668762e-1\"  class=\"panel-grid panel-no-style\" ><div id=\"pgc-gb127-69dbc4668762e-1-0\"  class=\"panel-grid-cell\" ><div id=\"panel-gb127-69dbc4668762e-1-0-0\" class=\"so-panel widget widget_sow-editor panel-first-child panel-last-child widgetopts-SO\" data-index=\"1\" ><div\n\t\t\t\n\t\t\tclass=\"so-widget-sow-editor so-widget-sow-editor-base\"\n\t\t\t\n\t\t>\n<div class=\"siteorigin-widget-tinymce textwidget\">\n\t<div class=\"su-image-carousel  su-image-carousel-has-spacing su-image-carousel-crop su-image-carousel-crop-4-3 su-image-carousel-has-lightbox su-image-carousel-has-outline su-image-carousel-adaptive su-image-carousel-slides-style-default su-image-carousel-controls-style-dark su-image-carousel-align-center\" style=\"max-width:300px\" data-flickity-options='{\"groupCells\":true,\"cellSelector\":\".su-image-carousel-item\",\"adaptiveHeight\":false,\"cellAlign\":\"left\",\"prevNextButtons\":true,\"pageDots\":false,\"autoPlay\":false,\"imagesLoaded\":true,\"contain\":true,\"selectedAttraction\":1,\"friction\":1}' id=\"su_image_carousel_69dbc466886ea\"><div class=\"su-image-carousel-item\"><div class=\"su-image-carousel-item-content\"><a href=\"https:\/\/blog.metu.edu.tr\/eresmech\/files\/2021\/04\/PNTCN.gif\" target=\"_blank\" rel=\"noopener noreferrer\" data-caption=\"\"><img loading=\"lazy\" decoding=\"async\" width=\"310\" height=\"230\" src=\"https:\/\/blog.metu.edu.tr\/eresmech\/files\/2021\/04\/PNTCN.gif\" class=\"\" alt=\"\" \/><\/a><\/div><\/div><div class=\"su-image-carousel-item\"><div class=\"su-image-carousel-item-content\"><a href=\"https:\/\/blog.metu.edu.tr\/eresmech\/files\/2021\/04\/paintcan.gif\" target=\"_blank\" rel=\"noopener noreferrer\" data-caption=\"\"><img loading=\"lazy\" decoding=\"async\" width=\"256\" height=\"256\" src=\"https:\/\/blog.metu.edu.tr\/eresmech\/files\/2021\/04\/paintcan.gif\" class=\"\" alt=\"\" \/><\/a><\/div><\/div><\/div><script id=\"su_image_carousel_69dbc466886ea_script\">if(window.SUImageCarousel){setTimeout(function() {window.SUImageCarousel.initGallery(document.getElementById(\"su_image_carousel_69dbc466886ea\"))}, 0);}var su_image_carousel_69dbc466886ea_script=document.getElementById(\"su_image_carousel_69dbc466886ea_script\");if(su_image_carousel_69dbc466886ea_script){su_image_carousel_69dbc466886ea_script.parentNode.removeChild(su_image_carousel_69dbc466886ea_script);}<\/script>\n<\/div>\n<\/div><\/div><\/div><div id=\"pgc-gb127-69dbc4668762e-1-1\"  class=\"panel-grid-cell\" ><div id=\"panel-gb127-69dbc4668762e-1-1-0\" class=\"so-panel widget widget_sow-editor panel-first-child panel-last-child widgetopts-SO\" data-index=\"2\" ><div\n\t\t\t\n\t\t\tclass=\"so-widget-sow-editor so-widget-sow-editor-base\"\n\t\t\t\n\t\t>\n<div class=\"siteorigin-widget-tinymce textwidget\">\n\t<p>Boyan\u0131n viskozitesi y\u00fcksek oldu\u011fundan kar\u0131\u015ft\u0131rmas\u0131 olduk\u00e7a zordur (Boyac\u0131lar genellikle sallayarak de\u011fil, bir \u00e7ubuk ile kar\u0131\u015ft\u0131rarak boyay\u0131 \u00fcniform hale getirir. bu hem boyan\u0131n israf\u0131na ve hem de kirlenmesine neden olabilir). \u015eekilde g\u00f6rd\u00fc\u011f\u00fcn\u00fcz mekanizmada 2 uzvu (k\u0131rm\u0131z\u0131) elektrik motoru ile e\u011fik bir eksen etraf\u0131nda d\u00f6nd\u00fcr\u00fcl\u00fcr. Boya kutusu 3 uzvuna (ye\u015fil) sa\u011flam bir \u015fekilde yerle\u015ftirilir. 2 uzvunun d\u00f6nmesi ile kutu i\u00e7inde bulunan boya \u00fc\u00e7 boyutlu bir hareketle (bu hareketi iyi bir dans\u00f6z\u00fcn g\u00f6bek hareketine benzetebilirsiniz) kar\u0131\u015ft\u0131r\u0131l\u0131r.<\/p>\n<\/div>\n<\/div><\/div><\/div><\/div><div id=\"pg-gb127-69dbc4668762e-2\"  class=\"panel-grid panel-no-style\" ><div id=\"pgc-gb127-69dbc4668762e-2-0\"  class=\"panel-grid-cell\" ><div id=\"panel-gb127-69dbc4668762e-2-0-0\" class=\"so-panel widget widget_sow-editor panel-first-child panel-last-child widgetopts-SO\" data-index=\"3\" ><div\n\t\t\t\n\t\t\tclass=\"so-widget-sow-editor so-widget-sow-editor-base\"\n\t\t\t\n\t\t>\n<div class=\"siteorigin-widget-tinymce textwidget\">\n\t<hr \/>\n<h3><span style=\"text-decoration: underline\"><strong data-rich-text-format-boundary=\"true\">Di\u015fli \u00c7arklar<\/strong><\/span><\/h3>\n<\/div>\n<\/div><\/div><\/div><\/div><div id=\"pg-gb127-69dbc4668762e-3\"  class=\"panel-grid panel-no-style\" ><div id=\"pgc-gb127-69dbc4668762e-3-0\"  class=\"panel-grid-cell\" ><div id=\"panel-gb127-69dbc4668762e-3-0-0\" class=\"so-panel widget widget_sow-editor panel-first-child panel-last-child widgetopts-SO\" data-index=\"4\" ><div\n\t\t\t\n\t\t\tclass=\"so-widget-sow-editor so-widget-sow-editor-base\"\n\t\t\t\n\t\t>\n<div class=\"siteorigin-widget-tinymce textwidget\">\n\t<div class=\"su-image-carousel  su-image-carousel-has-spacing su-image-carousel-crop su-image-carousel-crop-4-3 su-image-carousel-has-lightbox su-image-carousel-has-outline su-image-carousel-adaptive su-image-carousel-slides-style-default su-image-carousel-controls-style-dark su-image-carousel-align-center\" style=\"max-width:300px\" data-flickity-options='{\"groupCells\":true,\"cellSelector\":\".su-image-carousel-item\",\"adaptiveHeight\":false,\"cellAlign\":\"left\",\"prevNextButtons\":true,\"pageDots\":false,\"autoPlay\":false,\"imagesLoaded\":true,\"contain\":true,\"selectedAttraction\":1,\"friction\":1}' id=\"su_image_carousel_69dbc46689334\"><div class=\"su-image-carousel-item\"><div class=\"su-image-carousel-item-content\"><a href=\"https:\/\/blog.metu.edu.tr\/eresmech\/files\/2022\/09\/gear.gif\" target=\"_blank\" rel=\"noopener noreferrer\" data-caption=\"\"><img loading=\"lazy\" decoding=\"async\" width=\"256\" height=\"256\" src=\"https:\/\/blog.metu.edu.tr\/eresmech\/files\/2022\/09\/gear.gif\" class=\"\" alt=\"\" \/><\/a><\/div><\/div><div class=\"su-image-carousel-item\"><div class=\"su-image-carousel-item-content\"><a href=\"https:\/\/blog.metu.edu.tr\/eresmech\/files\/2021\/04\/gear-1.gif\" target=\"_blank\" rel=\"noopener noreferrer\" data-caption=\"\"><img loading=\"lazy\" decoding=\"async\" width=\"256\" height=\"256\" src=\"https:\/\/blog.metu.edu.tr\/eresmech\/files\/2021\/04\/gear-1.gif\" class=\"\" alt=\"\" \/><\/a><\/div><\/div><\/div><script id=\"su_image_carousel_69dbc46689334_script\">if(window.SUImageCarousel){setTimeout(function() {window.SUImageCarousel.initGallery(document.getElementById(\"su_image_carousel_69dbc46689334\"))}, 0);}var su_image_carousel_69dbc46689334_script=document.getElementById(\"su_image_carousel_69dbc46689334_script\");if(su_image_carousel_69dbc46689334_script){su_image_carousel_69dbc46689334_script.parentNode.removeChild(su_image_carousel_69dbc46689334_script);}<\/script>\n<\/div>\n<\/div><\/div><\/div><div id=\"pgc-gb127-69dbc4668762e-3-1\"  class=\"panel-grid-cell\" ><div id=\"panel-gb127-69dbc4668762e-3-1-0\" class=\"so-panel widget widget_sow-editor panel-first-child panel-last-child widgetopts-SO\" data-index=\"5\" ><div\n\t\t\t\n\t\t\tclass=\"so-widget-sow-editor so-widget-sow-editor-base\"\n\t\t\t\n\t\t>\n<div class=\"siteorigin-widget-tinymce textwidget\">\n\t<p>Mekanik sistemlerin \u00e7o\u011funda tahrik bir elektrik motoru veya i\u00e7ten yanmal\u0131 motor ile sa\u011flan\u0131r. Bu motorlar tasarlanm\u0131\u015f olduklar\u0131 belirli a\u00e7\u0131sal h\u0131zlarla d\u00f6nerler. Bu a\u00e7\u0131sal h\u0131zlar\u0131 y\u00fckseltmek veya al\u00e7altmak gerekti\u011finde yayg\u0131n olarak di\u015fli \u00e7arklar kullan\u0131l\u0131r.<\/p>\n<\/div>\n<\/div><\/div><\/div><\/div><div id=\"pg-gb127-69dbc4668762e-4\"  class=\"panel-grid panel-no-style\" ><div id=\"pgc-gb127-69dbc4668762e-4-0\"  class=\"panel-grid-cell\" ><div id=\"panel-gb127-69dbc4668762e-4-0-0\" class=\"so-panel widget widget_sow-editor panel-first-child panel-last-child widgetopts-SO\" data-index=\"6\" ><div\n\t\t\t\n\t\t\tclass=\"so-widget-sow-editor so-widget-sow-editor-base\"\n\t\t\t\n\t\t>\n<div class=\"siteorigin-widget-tinymce textwidget\">\n\t<hr \/>\n<h3><span style=\"text-decoration: underline\"><strong data-rich-text-format-boundary=\"true\">Ara\u00e7 Silecekleri<\/strong><\/span><\/h3>\n<\/div>\n<\/div><\/div><\/div><\/div><div id=\"pg-gb127-69dbc4668762e-5\"  class=\"panel-grid panel-no-style\" ><div id=\"pgc-gb127-69dbc4668762e-5-0\"  class=\"panel-grid-cell\" ><div id=\"panel-gb127-69dbc4668762e-5-0-0\" class=\"so-panel widget widget_sow-editor panel-first-child panel-last-child widgetopts-SO\" data-index=\"7\" ><div\n\t\t\t\n\t\t\tclass=\"so-widget-sow-editor so-widget-sow-editor-base\"\n\t\t\t\n\t\t>\n<div class=\"siteorigin-widget-tinymce textwidget\">\n\t<div class=\"su-image-carousel  su-image-carousel-has-spacing su-image-carousel-has-lightbox su-image-carousel-has-outline su-image-carousel-adaptive su-image-carousel-slides-style-default su-image-carousel-controls-style-dark su-image-carousel-align-center\" style=\"max-width:300px\" data-flickity-options='{\"groupCells\":true,\"cellSelector\":\".su-image-carousel-item\",\"adaptiveHeight\":true,\"cellAlign\":\"left\",\"prevNextButtons\":true,\"pageDots\":false,\"autoPlay\":false,\"imagesLoaded\":true,\"contain\":false,\"selectedAttraction\":1,\"friction\":1}' id=\"su_image_carousel_69dbc46689f5b\"><div class=\"su-image-carousel-item\"><div class=\"su-image-carousel-item-content\"><a href=\"https:\/\/blog.metu.edu.tr\/eresmech\/files\/2021\/04\/wiperfiat6.gif\" target=\"_blank\" rel=\"noopener noreferrer\" data-caption=\"\"><img loading=\"lazy\" decoding=\"async\" width=\"235\" height=\"192\" src=\"https:\/\/blog.metu.edu.tr\/eresmech\/files\/2021\/04\/wiperfiat6.gif\" class=\"\" alt=\"\" \/><\/a><\/div><\/div><div class=\"su-image-carousel-item\"><div class=\"su-image-carousel-item-content\"><a href=\"https:\/\/blog.metu.edu.tr\/eresmech\/files\/2021\/10\/wiper5_small.gif\" target=\"_blank\" rel=\"noopener noreferrer\" data-caption=\"\"><img loading=\"lazy\" decoding=\"async\" width=\"500\" height=\"352\" src=\"https:\/\/blog.metu.edu.tr\/eresmech\/files\/2021\/10\/wiper5_small.gif\" class=\"\" alt=\"\" \/><\/a><\/div><\/div><\/div><script id=\"su_image_carousel_69dbc46689f5b_script\">if(window.SUImageCarousel){setTimeout(function() {window.SUImageCarousel.initGallery(document.getElementById(\"su_image_carousel_69dbc46689f5b\"))}, 0);}var su_image_carousel_69dbc46689f5b_script=document.getElementById(\"su_image_carousel_69dbc46689f5b_script\");if(su_image_carousel_69dbc46689f5b_script){su_image_carousel_69dbc46689f5b_script.parentNode.removeChild(su_image_carousel_69dbc46689f5b_script);}<\/script>\n<\/div>\n<\/div><\/div><\/div><div id=\"pgc-gb127-69dbc4668762e-5-1\"  class=\"panel-grid-cell\" ><div id=\"panel-gb127-69dbc4668762e-5-1-0\" class=\"so-panel widget widget_sow-editor panel-first-child panel-last-child widgetopts-SO\" data-index=\"8\" ><div\n\t\t\t\n\t\t\tclass=\"so-widget-sow-editor so-widget-sow-editor-base\"\n\t\t\t\n\t\t>\n<div class=\"siteorigin-widget-tinymce textwidget\">\n\t<p>Binek arabalar\u0131n\u0131n yayg\u0131n bir \u015fekilde kullan\u0131m\u0131n\u0131 sa\u011flayan sistem i\u00e7ten yanmal\u0131 motor oldu\u011fu kadar silecek ve mar\u015f motoru gibi, arac\u0131n her zaman, her ko\u015fulda ve rahatl\u0131kla kullan\u0131labilmesini sa\u011flayan basit ancak \u00e7ok kullan\u0131l\u0131\u015fl\u0131 mekanizmalard\u0131r. Silecek t\u00fcm ara\u00e7larda olmazsa olmaz diyebilece\u011fimiz ve bozuldu\u011funda ya\u011fmurlu havalarda arac\u0131m\u0131z\u0131 kullan\u0131lmaz hale getiren basit bir d\u00fczenektir. \u015eekilde silecekleri hareket ettiren bir mekanizma g\u00f6r\u00fclmektedir. Uygulamada farkl\u0131 mekanizmalarda kullan\u0131lmaktad\u0131r (Mercedes arabalar\u0131n\u0131n bir k\u0131sm\u0131nda kullan\u0131lan tek silecekli sistem gibi).<\/p>\n<\/div>\n<\/div><\/div><\/div><\/div><div id=\"pg-gb127-69dbc4668762e-6\"  class=\"panel-grid panel-no-style\" ><div id=\"pgc-gb127-69dbc4668762e-6-0\"  class=\"panel-grid-cell\" ><div id=\"panel-gb127-69dbc4668762e-6-0-0\" class=\"so-panel widget widget_sow-editor panel-first-child panel-last-child widgetopts-SO\" data-index=\"9\" ><div\n\t\t\t\n\t\t\tclass=\"so-widget-sow-editor so-widget-sow-editor-base\"\n\t\t\t\n\t\t>\n<div class=\"siteorigin-widget-tinymce textwidget\">\n\t<hr \/>\n<h3><span style=\"text-decoration: underline\"><strong>Kriko<\/strong><\/span><\/h3>\n<\/div>\n<\/div><\/div><\/div><\/div><div id=\"pg-gb127-69dbc4668762e-7\"  class=\"panel-grid panel-no-style\" ><div id=\"pgc-gb127-69dbc4668762e-7-0\"  class=\"panel-grid-cell\" ><div id=\"panel-gb127-69dbc4668762e-7-0-0\" class=\"so-panel widget widget_sow-editor panel-first-child widgetopts-SO\" data-index=\"10\" ><div\n\t\t\t\n\t\t\tclass=\"so-widget-sow-editor so-widget-sow-editor-base\"\n\t\t\t\n\t\t>\n<div class=\"siteorigin-widget-tinymce textwidget\">\n\t<div class=\"su-image-carousel  su-image-carousel-has-spacing su-image-carousel-has-lightbox su-image-carousel-has-outline su-image-carousel-adaptive su-image-carousel-slides-style-default su-image-carousel-controls-style-dark su-image-carousel-align-center\" style=\"max-width:300px\" data-flickity-options='{\"groupCells\":true,\"cellSelector\":\".su-image-carousel-item\",\"adaptiveHeight\":true,\"cellAlign\":\"left\",\"prevNextButtons\":true,\"pageDots\":false,\"autoPlay\":false,\"imagesLoaded\":true,\"contain\":false,\"selectedAttraction\":1,\"friction\":1}' id=\"su_image_carousel_69dbc4668ab91\"><div class=\"su-image-carousel-item\"><div class=\"su-image-carousel-item-content\"><a href=\"https:\/\/blog.metu.edu.tr\/eresmech\/files\/2021\/04\/lift5.gif\" target=\"_blank\" rel=\"noopener noreferrer\" data-caption=\"\"><img loading=\"lazy\" decoding=\"async\" width=\"229\" height=\"243\" src=\"https:\/\/blog.metu.edu.tr\/eresmech\/files\/2021\/04\/lift5.gif\" class=\"\" alt=\"\" \/><\/a><\/div><\/div><div class=\"su-image-carousel-item\"><div class=\"su-image-carousel-item-content\"><a href=\"https:\/\/blog.metu.edu.tr\/eresmech\/files\/2021\/04\/lift.gif\" target=\"_blank\" rel=\"noopener noreferrer\" data-caption=\"\"><img loading=\"lazy\" decoding=\"async\" width=\"256\" height=\"256\" src=\"https:\/\/blog.metu.edu.tr\/eresmech\/files\/2021\/04\/lift.gif\" class=\"\" alt=\"\" \/><\/a><\/div><\/div><\/div><script id=\"su_image_carousel_69dbc4668ab91_script\">if(window.SUImageCarousel){setTimeout(function() {window.SUImageCarousel.initGallery(document.getElementById(\"su_image_carousel_69dbc4668ab91\"))}, 0);}var su_image_carousel_69dbc4668ab91_script=document.getElementById(\"su_image_carousel_69dbc4668ab91_script\");if(su_image_carousel_69dbc4668ab91_script){su_image_carousel_69dbc4668ab91_script.parentNode.removeChild(su_image_carousel_69dbc4668ab91_script);}<\/script>\n<\/div>\n<\/div><\/div><div id=\"panel-gb127-69dbc4668762e-7-0-1\" class=\"so-panel widget widget_sow-editor panel-last-child widgetopts-SO\" data-index=\"11\" ><div\n\t\t\t\n\t\t\tclass=\"so-widget-sow-editor so-widget-sow-editor-base\"\n\t\t\t\n\t\t>\n<div class=\"siteorigin-widget-tinymce textwidget\">\n\t<div class=\"su-image-carousel  su-image-carousel-has-spacing su-image-carousel-has-lightbox su-image-carousel-has-outline su-image-carousel-adaptive su-image-carousel-slides-style-default su-image-carousel-controls-style-dark su-image-carousel-align-center\" style=\"max-width:300px\" data-flickity-options='{\"groupCells\":true,\"cellSelector\":\".su-image-carousel-item\",\"adaptiveHeight\":true,\"cellAlign\":\"left\",\"prevNextButtons\":true,\"pageDots\":false,\"autoPlay\":false,\"imagesLoaded\":true,\"contain\":false,\"selectedAttraction\":1,\"friction\":1}' id=\"su_image_carousel_69dbc4668b58e\"><div class=\"su-image-carousel-item\"><div class=\"su-image-carousel-item-content\"><a href=\"https:\/\/blog.metu.edu.tr\/eresmech\/files\/2021\/04\/liftplatform.gif\" target=\"_blank\" rel=\"noopener noreferrer\" data-caption=\"\"><img loading=\"lazy\" decoding=\"async\" width=\"242\" height=\"221\" src=\"https:\/\/blog.metu.edu.tr\/eresmech\/files\/2021\/04\/liftplatform.gif\" class=\"\" alt=\"\" \/><\/a><\/div><\/div><div class=\"su-image-carousel-item\"><div class=\"su-image-carousel-item-content\"><a href=\"https:\/\/blog.metu.edu.tr\/eresmech\/files\/2021\/04\/liftplatform-1.gif\" target=\"_blank\" rel=\"noopener noreferrer\" data-caption=\"\"><img loading=\"lazy\" decoding=\"async\" width=\"256\" height=\"256\" src=\"https:\/\/blog.metu.edu.tr\/eresmech\/files\/2021\/04\/liftplatform-1.gif\" class=\"\" alt=\"\" \/><\/a><\/div><\/div><\/div><script id=\"su_image_carousel_69dbc4668b58e_script\">if(window.SUImageCarousel){setTimeout(function() {window.SUImageCarousel.initGallery(document.getElementById(\"su_image_carousel_69dbc4668b58e\"))}, 0);}var su_image_carousel_69dbc4668b58e_script=document.getElementById(\"su_image_carousel_69dbc4668b58e_script\");if(su_image_carousel_69dbc4668b58e_script){su_image_carousel_69dbc4668b58e_script.parentNode.removeChild(su_image_carousel_69dbc4668b58e_script);}<\/script>\n<\/div>\n<\/div><\/div><\/div><div id=\"pgc-gb127-69dbc4668762e-7-1\"  class=\"panel-grid-cell\" ><div id=\"panel-gb127-69dbc4668762e-7-1-0\" class=\"so-panel widget widget_sow-editor panel-first-child panel-last-child widgetopts-SO\" data-index=\"12\" ><div\n\t\t\t\n\t\t\tclass=\"so-widget-sow-editor so-widget-sow-editor-base\"\n\t\t\t\n\t\t>\n<div class=\"siteorigin-widget-tinymce textwidget\">\n\t<p>A\u011f\u0131r y\u00fckleri kald\u0131rmak ve ta\u015f\u0131mak i\u00e7in genellikle kiriko olarak tan\u0131mlanan kald\u0131r\u0131c\u0131lar kullan\u0131l\u0131r (bunlar\u0131 tekerlekli bir platform \u00fczerine yerle\u015ftirirsek y\u00fck\u00fc ayn\u0131 zamanda bir yerden ba\u015fka bir yere ta\u015f\u0131mak i\u00e7in de kullan\u0131labilir. Yanda bu i\u015flem i\u00e7in pratikte kullan\u0131lan iki de\u011fi\u015fik mekanizma g\u00f6r\u00fclmektedir. Etraf\u0131n\u0131za bakarsan\u0131z mutlaka bir ka\u00e7 de\u011fi\u015fik tip sizde g\u00f6rebilirsiniz (araba kirikolar\u0131 gibi).<\/p>\n<\/div>\n<\/div><\/div><\/div><\/div><div id=\"pg-gb127-69dbc4668762e-8\"  class=\"panel-grid panel-no-style\" ><div id=\"pgc-gb127-69dbc4668762e-8-0\"  class=\"panel-grid-cell\" ><div id=\"panel-gb127-69dbc4668762e-8-0-0\" class=\"so-panel widget widget_sow-editor panel-first-child panel-last-child widgetopts-SO\" data-index=\"13\" ><div\n\t\t\t\n\t\t\tclass=\"so-widget-sow-editor so-widget-sow-editor-base\"\n\t\t\t\n\t\t>\n<div class=\"siteorigin-widget-tinymce textwidget\">\n\t<hr \/>\n<h3><span style=\"text-decoration: underline\"><strong>Kald\u0131rma Platformu<\/strong><\/span><\/h3>\n<\/div>\n<\/div><\/div><\/div><\/div><div id=\"pg-gb127-69dbc4668762e-9\"  class=\"panel-grid panel-no-style\" ><div id=\"pgc-gb127-69dbc4668762e-9-0\"  class=\"panel-grid-cell\" ><div id=\"panel-gb127-69dbc4668762e-9-0-0\" class=\"so-panel widget widget_sow-editor panel-first-child panel-last-child widgetopts-SO\" data-index=\"14\" ><div\n\t\t\t\n\t\t\tclass=\"so-widget-sow-editor so-widget-sow-editor-base\"\n\t\t\t\n\t\t>\n<div class=\"siteorigin-widget-tinymce textwidget\">\n\t<div class=\"su-image-carousel  su-image-carousel-has-spacing su-image-carousel-has-lightbox su-image-carousel-has-outline su-image-carousel-adaptive su-image-carousel-slides-style-default su-image-carousel-controls-style-dark su-image-carousel-align-center\" style=\"max-width:300px\" data-flickity-options='{\"groupCells\":true,\"cellSelector\":\".su-image-carousel-item\",\"adaptiveHeight\":true,\"cellAlign\":\"left\",\"prevNextButtons\":true,\"pageDots\":false,\"autoPlay\":false,\"imagesLoaded\":true,\"contain\":false,\"selectedAttraction\":0.025,\"friction\":0.28}' id=\"su_image_carousel_69dbc4668c1dd\"><div class=\"su-image-carousel-item\"><div class=\"su-image-carousel-item-content\"><a href=\"https:\/\/blog.metu.edu.tr\/eresmech\/files\/2021\/04\/newlift.gif\" target=\"_blank\" rel=\"noopener noreferrer\" data-caption=\"\"><img loading=\"lazy\" decoding=\"async\" width=\"256\" height=\"256\" src=\"https:\/\/blog.metu.edu.tr\/eresmech\/files\/2021\/04\/newlift.gif\" class=\"\" alt=\"\" \/><\/a><\/div><\/div><div class=\"su-image-carousel-item\"><div class=\"su-image-carousel-item-content\"><a href=\"https:\/\/blog.metu.edu.tr\/eresmech\/files\/2021\/04\/newlift-1.gif\" target=\"_blank\" rel=\"noopener noreferrer\" data-caption=\"\"><img loading=\"lazy\" decoding=\"async\" width=\"256\" height=\"256\" src=\"https:\/\/blog.metu.edu.tr\/eresmech\/files\/2021\/04\/newlift-1.gif\" class=\"\" alt=\"\" \/><\/a><\/div><\/div><\/div><script id=\"su_image_carousel_69dbc4668c1dd_script\">if(window.SUImageCarousel){setTimeout(function() {window.SUImageCarousel.initGallery(document.getElementById(\"su_image_carousel_69dbc4668c1dd\"))}, 0);}var su_image_carousel_69dbc4668c1dd_script=document.getElementById(\"su_image_carousel_69dbc4668c1dd_script\");if(su_image_carousel_69dbc4668c1dd_script){su_image_carousel_69dbc4668c1dd_script.parentNode.removeChild(su_image_carousel_69dbc4668c1dd_script);}<\/script>\n<\/div>\n<\/div><\/div><\/div><div id=\"pgc-gb127-69dbc4668762e-9-1\"  class=\"panel-grid-cell\" ><div id=\"panel-gb127-69dbc4668762e-9-1-0\" class=\"so-panel widget widget_sow-editor panel-first-child panel-last-child widgetopts-SO\" data-index=\"15\" ><div\n\t\t\t\n\t\t\tclass=\"so-widget-sow-editor so-widget-sow-editor-base\"\n\t\t\t\n\t\t>\n<div class=\"siteorigin-widget-tinymce textwidget\">\n\t<p>Y\u00fcksek noktalara \u00e7\u0131kmak, orada \u00e7al\u0131\u015fmak i\u00e7in bir platformun kald\u0131r\u0131lmas\u0131 gerekmektedir.\u015eekilde g\u00f6sterilmekte olan mekanizma bu i\u015fi kolayl\u0131kla ger\u00e7ekle\u015ftirebilir. \u00dczerine yerle\u015ftirilen e\u015fya ve insan\u0131 y\u00fcksek konumlara ta\u015f\u0131r ve orada \u00e7al\u0131\u015fma imkan\u0131 verir (\u00f6rne\u011fin tamirat i\u015fleri ve elektrik kablosu d\u00f6\u015feme, pencere temizli\u011fi gibi). Bu i\u015flem i\u00e7in farkl\u0131 \u00e7\u00f6z\u00fcmleri de etraf\u0131n\u0131zda g\u00f6rebilirsiniz.<\/p>\n<\/div>\n<\/div><\/div><\/div><\/div><\/div>\n\n\n<p><a href=\"https:\/\/blog.metu.edu.tr\/eresmech\/mekanizma-teknigi\/ch1\/1-2-2\/\" data-type=\"page\" data-id=\"111\"><img loading=\"lazy\" decoding=\"async\" width=\"38\" height=\"38\" class=\"wp-image-16\" style=\"width: 38px\" src=\"https:\/\/blog.metu.edu.tr\/eresmech\/files\/2021\/04\/back_button.gif\" alt=\"\" \/><\/a><a href=\"https:\/\/blog.metu.edu.tr\/eresmech\/mekanizma-teknigi\/ch1\/\" data-type=\"page\" data-id=\"52\"><img loading=\"lazy\" decoding=\"async\" width=\"38\" height=\"38\" class=\"wp-image-17\" style=\"width: 38px\" src=\"https:\/\/blog.metu.edu.tr\/eresmech\/files\/2021\/04\/contents_button.gif\" alt=\"\" \/><\/a><a href=\"https:\/\/blog.metu.edu.tr\/eresmech\/mekanizma-teknigi\/\" data-type=\"page\" data-id=\"47\"><img loading=\"lazy\" decoding=\"async\" width=\"38\" height=\"38\" class=\"wp-image-18\" style=\"width: 38px\" src=\"https:\/\/blog.metu.edu.tr\/eresmech\/files\/2021\/04\/home_button.gif\" alt=\"\" \/><\/a><a href=\"https:\/\/blog.metu.edu.tr\/eresmech\/mekanizma-teknigi\/ch1\/1-2-4\/\" data-type=\"page\" data-id=\"128\"><img loading=\"lazy\" decoding=\"async\" width=\"38\" height=\"38\" class=\"wp-image-20\" style=\"width: 38px\" src=\"https:\/\/blog.metu.edu.tr\/eresmech\/files\/2021\/04\/next_button.gif\" alt=\"\" \/><\/a><img loading=\"lazy\" decoding=\"async\" width=\"119\" height=\"40\" class=\"wp-image-15\" style=\"width: 119px\" src=\"https:\/\/blog.metu.edu.tr\/eresmech\/files\/2021\/04\/ceres.gif\" alt=\"\" \/><\/p>\n","protected":false},"excerpt":{"rendered":"<p>1.2\u00a0Mekanizma Uygulamalar\u0131na \u00d6rnekler-III: Boya Kutusu Kar\u0131\u015ft\u0131rma Aparat\u0131 Boyan\u0131n viskozitesi y\u00fcksek oldu\u011fundan kar\u0131\u015ft\u0131rmas\u0131 olduk\u00e7a zordur (Boyac\u0131lar genellikle sallayarak de\u011fil, bir \u00e7ubuk ile kar\u0131\u015ft\u0131rarak boyay\u0131 \u00fcniform hale getirir. bu hem boyan\u0131n israf\u0131na ve hem de kirlenmesine neden olabilir). \u015eekilde g\u00f6rd\u00fc\u011f\u00fcn\u00fcz mekanizmada 2 &hellip;<\/p>\n<p class=\"read-more\"> <a class=\"more-link\" href=\"https:\/\/blog.metu.edu.tr\/eresmech\/mekanizma-teknigi\/ch1\/1-2-3\/\"> <span class=\"screen-reader-text\">1-2-3<\/span> Devam\u0131n\u0131 Oku &raquo;<\/a><\/p>\n","protected":false},"author":7747,"featured_media":0,"parent":52,"menu_order":0,"comment_status":"closed","ping_status":"closed","template":"","meta":{"footnotes":"","_links_to":"","_links_to_target":""},"class_list":["post-127","page","type-page","status-publish","hentry"],"_links":{"self":[{"href":"https:\/\/blog.metu.edu.tr\/eresmech\/wp-json\/wp\/v2\/pages\/127","targetHints":{"allow":["GET"]}}],"collection":[{"href":"https:\/\/blog.metu.edu.tr\/eresmech\/wp-json\/wp\/v2\/pages"}],"about":[{"href":"https:\/\/blog.metu.edu.tr\/eresmech\/wp-json\/wp\/v2\/types\/page"}],"author":[{"embeddable":true,"href":"https:\/\/blog.metu.edu.tr\/eresmech\/wp-json\/wp\/v2\/users\/7747"}],"replies":[{"embeddable":true,"href":"https:\/\/blog.metu.edu.tr\/eresmech\/wp-json\/wp\/v2\/comments?post=127"}],"version-history":[{"count":0,"href":"https:\/\/blog.metu.edu.tr\/eresmech\/wp-json\/wp\/v2\/pages\/127\/revisions"}],"up":[{"embeddable":true,"href":"https:\/\/blog.metu.edu.tr\/eresmech\/wp-json\/wp\/v2\/pages\/52"}],"wp:attachment":[{"href":"https:\/\/blog.metu.edu.tr\/eresmech\/wp-json\/wp\/v2\/media?parent=127"}],"curies":[{"name":"wp","href":"https:\/\/api.w.org\/{rel}","templated":true}]}}