{"id":111,"date":"2021-04-18T19:08:27","date_gmt":"2021-04-18T19:08:27","guid":{"rendered":"https:\/\/blog.metu.edu.tr\/eresmech\/?page_id=111"},"modified":"2021-09-21T10:19:06","modified_gmt":"2021-09-21T10:19:06","slug":"1-2-2","status":"publish","type":"page","link":"https:\/\/blog.metu.edu.tr\/eresmech\/mekanizma-teknigi\/ch1\/1-2-2\/","title":{"rendered":"1-2-2"},"content":{"rendered":"<div id=\"pl-gb111-69dbae8f4fdb8\"  class=\"panel-layout\" ><div id=\"pg-gb111-69dbae8f4fdb8-0\"  class=\"panel-grid panel-no-style\" ><div id=\"pgc-gb111-69dbae8f4fdb8-0-0\"  class=\"panel-grid-cell\" ><div id=\"panel-gb111-69dbae8f4fdb8-0-0-0\" class=\"so-panel widget widget_sow-editor panel-first-child panel-last-child widgetopts-SO\" data-index=\"0\" ><div\n\t\t\t\n\t\t\tclass=\"so-widget-sow-editor so-widget-sow-editor-base\"\n\t\t\t\n\t\t>\n<div class=\"siteorigin-widget-tinymce textwidget\">\n\t<p><\/p>\n<h1 class=\"has-text-color\"><strong>1.2<\/strong>\u00a0<strong>Mekanizma Uygulamalar\u0131na \u00d6rnekler-II:<\/strong><\/h1>\n<p> <\/p>\n<h3><span style=\"text-decoration: underline\"><strong>Otomobil Di\u015fli Kutusu<\/strong><\/span><\/h3>\n<p><\/p>\n<\/div>\n<\/div><\/div><\/div><\/div><div id=\"pg-gb111-69dbae8f4fdb8-1\"  class=\"panel-grid panel-no-style\" ><div id=\"pgc-gb111-69dbae8f4fdb8-1-0\"  class=\"panel-grid-cell\" ><div id=\"panel-gb111-69dbae8f4fdb8-1-0-0\" class=\"so-panel widget widget_sow-image panel-first-child panel-last-child widgetopts-SO\" data-index=\"1\" ><div\n\t\t\t\n\t\t\tclass=\"so-widget-sow-image so-widget-sow-image-default-c67d20f9f743-111\"\n\t\t\t\n\t\t>\n<div class=\"sow-image-container\">\n\t\t<img \n\tsrc=\"https:\/\/blog.metu.edu.tr\/eresmech\/files\/2021\/04\/gearbox.gif\" width=\"226\" height=\"178\" sizes=\"(max-width: 226px) 100vw, 226px\" alt=\"\" \t\tclass=\"so-widget-image\" \/>\n\t<\/div>\n\n<\/div><\/div><\/div><div id=\"pgc-gb111-69dbae8f4fdb8-1-1\"  class=\"panel-grid-cell\" ><div id=\"panel-gb111-69dbae8f4fdb8-1-1-0\" class=\"so-panel widget widget_sow-editor panel-first-child panel-last-child widgetopts-SO\" data-index=\"2\" ><div\n\t\t\t\n\t\t\tclass=\"so-widget-sow-editor so-widget-sow-editor-base\"\n\t\t\t\n\t\t>\n<div class=\"siteorigin-widget-tinymce textwidget\">\n\t<p>Tak\u0131m tezgahlar\u0131nda, arabalarda, ve daha bir\u00e7ok uygulamada, sabit bir giri\u015f h\u0131z\u0131ndan de\u011fi\u015fik de\u011ferlerde \u00e7\u0131k\u0131\u015f h\u0131z\u0131n\u0131n elde edilmesi gerekli olmaktad\u0131r. Bu durumlarda di\u015flilerin birbirleri ile temas etmeleri veya ayr\u0131lmalar\u0131 ile, veya di\u015fli bir kavrama yard\u0131m\u0131yla ana ta\u015f\u0131y\u0131c\u0131 mile ba\u011flanmas\u0131 ile, de\u011fi\u015fik h\u0131zlar\u0131n elde edilmesi m\u00fcmk\u00fcn olacakt\u0131r. \u015eekilde, bir ara\u00e7 di\u015fli kutusu \u00f6rnek olarak g\u00f6sterilmektedir.<\/p>\n<\/div>\n<\/div><\/div><\/div><\/div><div id=\"pg-gb111-69dbae8f4fdb8-2\"  class=\"panel-grid panel-no-style\" ><div id=\"pgc-gb111-69dbae8f4fdb8-2-0\"  class=\"panel-grid-cell\" ><div id=\"panel-gb111-69dbae8f4fdb8-2-0-0\" class=\"so-panel widget widget_sow-editor panel-first-child panel-last-child widgetopts-SO\" data-index=\"3\" ><div\n\t\t\t\n\t\t\tclass=\"so-widget-sow-editor so-widget-sow-editor-base\"\n\t\t\t\n\t\t>\n<div class=\"siteorigin-widget-tinymce textwidget\">\n\t<hr \/>\n<h3><span style=\"text-decoration: underline\"><strong data-rich-text-format-boundary=\"true\">Oyuncak Hayvan Y\u00fcr\u00fcme Mekanizmas\u0131<\/strong><\/span><\/h3>\n<\/div>\n<\/div><\/div><\/div><\/div><div id=\"pg-gb111-69dbae8f4fdb8-3\"  class=\"panel-grid panel-no-style\" ><div id=\"pgc-gb111-69dbae8f4fdb8-3-0\"  class=\"panel-grid-cell\" ><div id=\"panel-gb111-69dbae8f4fdb8-3-0-0\" class=\"so-panel widget widget_sow-editor panel-first-child panel-last-child widgetopts-SO\" data-index=\"4\" ><div\n\t\t\t\n\t\t\tclass=\"so-widget-sow-editor so-widget-sow-editor-base\"\n\t\t\t\n\t\t>\n<div class=\"siteorigin-widget-tinymce textwidget\">\n\t<div class=\"su-image-carousel  su-image-carousel-has-spacing su-image-carousel-has-lightbox su-image-carousel-has-outline su-image-carousel-adaptive su-image-carousel-slides-style-default su-image-carousel-controls-style-dark su-image-carousel-align-center\" style=\"\" data-flickity-options='{\"groupCells\":true,\"cellSelector\":\".su-image-carousel-item\",\"adaptiveHeight\":true,\"cellAlign\":\"left\",\"prevNextButtons\":true,\"pageDots\":false,\"autoPlay\":false,\"imagesLoaded\":true,\"contain\":false,\"selectedAttraction\":1,\"friction\":1}' id=\"su_image_carousel_69dbae8f50e65\"><div class=\"su-image-carousel-item\"><div class=\"su-image-carousel-item-content\"><a href=\"https:\/\/blog.metu.edu.tr\/eresmech\/files\/2021\/09\/TOY.gif\" target=\"_blank\" rel=\"noopener noreferrer\" data-caption=\"\"><img loading=\"lazy\" decoding=\"async\" width=\"550\" height=\"400\" src=\"https:\/\/blog.metu.edu.tr\/eresmech\/files\/2021\/09\/TOY.gif\" class=\"\" alt=\"\" \/><\/a><\/div><\/div><div class=\"su-image-carousel-item\"><div class=\"su-image-carousel-item-content\"><a href=\"https:\/\/blog.metu.edu.tr\/eresmech\/files\/2021\/09\/TOY_1.gif\" target=\"_blank\" rel=\"noopener noreferrer\" data-caption=\"\"><img loading=\"lazy\" decoding=\"async\" width=\"550\" height=\"400\" src=\"https:\/\/blog.metu.edu.tr\/eresmech\/files\/2021\/09\/TOY_1.gif\" class=\"\" alt=\"\" \/><\/a><\/div><\/div><\/div><script id=\"su_image_carousel_69dbae8f50e65_script\">if(window.SUImageCarousel){setTimeout(function() {window.SUImageCarousel.initGallery(document.getElementById(\"su_image_carousel_69dbae8f50e65\"))}, 0);}var su_image_carousel_69dbae8f50e65_script=document.getElementById(\"su_image_carousel_69dbae8f50e65_script\");if(su_image_carousel_69dbae8f50e65_script){su_image_carousel_69dbae8f50e65_script.parentNode.removeChild(su_image_carousel_69dbae8f50e65_script);}<\/script>\n<\/div>\n<\/div><\/div><\/div><div id=\"pgc-gb111-69dbae8f4fdb8-3-1\"  class=\"panel-grid-cell\" ><div id=\"panel-gb111-69dbae8f4fdb8-3-1-0\" class=\"so-panel widget widget_sow-editor panel-first-child panel-last-child widgetopts-SO\" data-index=\"5\" ><div\n\t\t\t\n\t\t\tclass=\"so-widget-sow-editor so-widget-sow-editor-base\"\n\t\t\t\n\t\t>\n<div class=\"siteorigin-widget-tinymce textwidget\">\n\t<p>Mekanizmalar\u0131n \u00e7ocuk oyuncaklar\u0131na uygulanmas\u0131 olduk\u00e7a eski olup, ayn\u0131 zamanda insano\u011flunun hayallerinin geni\u015fli\u011fini g\u00f6stermesinden dolay\u0131 da \u00e7ok ilgin\u00e7tir (ki\u015fisel olarak kan\u0131m, insano\u011flunun en fazla oyuncaklarda ve silah sanayisinde hayallerini zorlamakta ve her ge\u00e7en g\u00fcn bir yenilik bulmakta oldu\u011fu, ve yeni teknolojilerin ilk olarak bu iki alanda g\u00f6r\u00fcld\u00fc\u011f\u00fcd\u00fcr). \u015eekilde g\u00f6sterilen oyuncak y\u00fcr\u00fcme mekanizmas\u0131nda A<sub>0<\/sub>A kolu bir elektrik motoru ile tahrik edilmekte, arka ayaklar B<sub>0<\/sub>\u00a0merkezli d\u00f6nme yaparken, \u00f6n ayaklar\u0131n daha karma\u015f\u0131k bir hareketle ileri &#8220;geri gitmesi sa\u011flanmaktad\u0131r. Hareketin sanatsal olarak uygulan\u0131\u015f\u0131n\u0131 g\u00f6rmek i\u00e7in\u00a0<a href=\"http:\/\/www.cabaret.co.uk\/\">buray\u0131 t\u0131klarsan\u0131z<\/a>\u00a0ilgin\u00e7 bir siteyi g\u00f6r\u00fcrs\u00fcn\u00fcz. G\u00f6recekleriniz &#8220;Sanat bir bilimdir ve bilim ise bir sanatt\u0131r&#8221; c\u00fcmlesini do\u011frulayacakt\u0131r.<\/p>\n<\/div>\n<\/div><\/div><\/div><\/div><div id=\"pg-gb111-69dbae8f4fdb8-4\"  class=\"panel-grid panel-no-style\" ><div id=\"pgc-gb111-69dbae8f4fdb8-4-0\"  class=\"panel-grid-cell\" ><div id=\"panel-gb111-69dbae8f4fdb8-4-0-0\" class=\"so-panel widget widget_sow-editor panel-first-child panel-last-child widgetopts-SO\" data-index=\"6\" ><div\n\t\t\t\n\t\t\tclass=\"so-widget-sow-editor so-widget-sow-editor-base\"\n\t\t\t\n\t\t>\n<div class=\"siteorigin-widget-tinymce textwidget\">\n\t<hr \/>\n<h3><span style=\"text-decoration: underline\"><strong data-rich-text-format-boundary=\"true\">Liman Vinci<\/strong><\/span><\/h3>\n<\/div>\n<\/div><\/div><\/div><\/div><div id=\"pg-gb111-69dbae8f4fdb8-5\"  class=\"panel-grid panel-no-style\" ><div id=\"pgc-gb111-69dbae8f4fdb8-5-0\"  class=\"panel-grid-cell\" ><div id=\"panel-gb111-69dbae8f4fdb8-5-0-0\" class=\"so-panel widget widget_sow-editor panel-first-child panel-last-child widgetopts-SO\" data-index=\"7\" ><div\n\t\t\t\n\t\t\tclass=\"so-widget-sow-editor so-widget-sow-editor-base\"\n\t\t\t\n\t\t>\n<div class=\"siteorigin-widget-tinymce textwidget\">\n\t<div class=\"su-image-carousel  su-image-carousel-has-spacing su-image-carousel-has-lightbox su-image-carousel-has-outline su-image-carousel-adaptive su-image-carousel-slides-style-default su-image-carousel-controls-style-dark su-image-carousel-align-center\" style=\"\" data-flickity-options='{\"groupCells\":true,\"cellSelector\":\".su-image-carousel-item\",\"adaptiveHeight\":true,\"cellAlign\":\"left\",\"prevNextButtons\":true,\"pageDots\":false,\"autoPlay\":false,\"imagesLoaded\":true,\"contain\":false,\"selectedAttraction\":1,\"friction\":1}' id=\"su_image_carousel_69dbae8f5176a\"><div class=\"su-image-carousel-item\"><div class=\"su-image-carousel-item-content\"><a href=\"https:\/\/blog.metu.edu.tr\/eresmech\/files\/2021\/09\/crane2.png\" target=\"_blank\" rel=\"noopener noreferrer\" data-caption=\"\"><img loading=\"lazy\" decoding=\"async\" width=\"400\" height=\"400\" src=\"https:\/\/blog.metu.edu.tr\/eresmech\/files\/2021\/09\/crane2.png\" class=\"\" alt=\"\" srcset=\"https:\/\/blog.metu.edu.tr\/eresmech\/files\/2021\/09\/crane2.png 400w, https:\/\/blog.metu.edu.tr\/eresmech\/files\/2021\/09\/crane2-300x300.png 300w, https:\/\/blog.metu.edu.tr\/eresmech\/files\/2021\/09\/crane2-150x150.png 150w, https:\/\/blog.metu.edu.tr\/eresmech\/files\/2021\/09\/crane2-100x100.png 100w, https:\/\/blog.metu.edu.tr\/eresmech\/files\/2021\/09\/crane2-200x200.png 200w\" sizes=\"auto, (max-width: 400px) 100vw, 400px\" \/><\/a><\/div><\/div><div class=\"su-image-carousel-item\"><div class=\"su-image-carousel-item-content\"><a href=\"https:\/\/blog.metu.edu.tr\/eresmech\/files\/2021\/09\/crane2_1.gif\" target=\"_blank\" rel=\"noopener noreferrer\" data-caption=\"\"><img loading=\"lazy\" decoding=\"async\" width=\"400\" height=\"400\" src=\"https:\/\/blog.metu.edu.tr\/eresmech\/files\/2021\/09\/crane2_1.gif\" class=\"\" alt=\"\" \/><\/a><\/div><\/div><\/div><script id=\"su_image_carousel_69dbae8f5176a_script\">if(window.SUImageCarousel){setTimeout(function() {window.SUImageCarousel.initGallery(document.getElementById(\"su_image_carousel_69dbae8f5176a\"))}, 0);}var su_image_carousel_69dbae8f5176a_script=document.getElementById(\"su_image_carousel_69dbae8f5176a_script\");if(su_image_carousel_69dbae8f5176a_script){su_image_carousel_69dbae8f5176a_script.parentNode.removeChild(su_image_carousel_69dbae8f5176a_script);}<\/script>\n<\/div>\n<\/div><\/div><\/div><div id=\"pgc-gb111-69dbae8f4fdb8-5-1\"  class=\"panel-grid-cell\" ><div id=\"panel-gb111-69dbae8f4fdb8-5-1-0\" class=\"so-panel widget widget_sow-editor panel-first-child panel-last-child widgetopts-SO\" data-index=\"8\" ><div\n\t\t\t\n\t\t\tclass=\"so-widget-sow-editor so-widget-sow-editor-base\"\n\t\t\t\n\t\t>\n<div class=\"siteorigin-widget-tinymce textwidget\">\n\t<p>\u015eekilde g\u00f6r\u00fclen ve genellikle Demag vinci olarak adland\u0131r\u0131lan vin\u00e7ler, limanlarda, tersanelerde yo\u011funlukla kullan\u0131l\u0131r. Y\u00fck, kanca ile t\u00fcm engellerin yukar\u0131s\u0131nda bir seviyeye kald\u0131r\u0131ld\u0131ktan sonra D noktas\u0131n\u0131n yatay bir hareket yapmas\u0131 istenilir. Bunun nedeni, bu ikinci yer de\u011fi\u015ftirme i\u015flemi s\u0131ras\u0131nda enerji kullan\u0131m\u0131n\u0131n minimize edilmesidir. Yatay hareket, t\u00fcm sistemin kendi ekseni etraf\u0131nda d\u00f6nmesi ile dairesel olarak, radyal y\u00f6nde hareket ise, \u015fekilde g\u00f6r\u00fclen d\u00f6rt-\u00e7ubuk mekanizmas\u0131 kullan\u0131larak D noktas\u0131n\u0131n yakla\u015f\u0131k yatay do\u011frusal hareketi ile sa\u011flanabilir.<\/p>\n<\/div>\n<\/div><\/div><\/div><\/div><\/div>\n\n\n<p><a href=\"https:\/\/blog.metu.edu.tr\/eresmech\/mekanizma-teknigi\/ch1\/1-2-1\/\" data-type=\"page\" data-id=\"92\"><img loading=\"lazy\" decoding=\"async\" width=\"38\" height=\"38\" class=\"wp-image-16\" style=\"width: 38px\" src=\"https:\/\/blog.metu.edu.tr\/eresmech\/files\/2021\/04\/back_button.gif\" alt=\"\" \/><\/a><a href=\"https:\/\/blog.metu.edu.tr\/eresmech\/mekanizma-teknigi\/ch1\/\" data-type=\"page\" data-id=\"52\"><img loading=\"lazy\" decoding=\"async\" width=\"38\" height=\"38\" class=\"wp-image-17\" style=\"width: 38px\" src=\"https:\/\/blog.metu.edu.tr\/eresmech\/files\/2021\/04\/contents_button.gif\" alt=\"\" \/><\/a><a href=\"https:\/\/blog.metu.edu.tr\/eresmech\/mekanizma-teknigi\/\" data-type=\"page\" data-id=\"47\"><img loading=\"lazy\" decoding=\"async\" width=\"38\" height=\"38\" class=\"wp-image-18\" style=\"width: 38px\" src=\"https:\/\/blog.metu.edu.tr\/eresmech\/files\/2021\/04\/home_button.gif\" alt=\"\" \/><\/a><a href=\"https:\/\/blog.metu.edu.tr\/eresmech\/mekanizma-teknigi\/ch1\/1-2-3\/\" data-type=\"page\" data-id=\"127\"><img loading=\"lazy\" decoding=\"async\" width=\"38\" height=\"38\" class=\"wp-image-20\" style=\"width: 38px\" src=\"https:\/\/blog.metu.edu.tr\/eresmech\/files\/2021\/04\/next_button.gif\" alt=\"\" \/><\/a><img loading=\"lazy\" decoding=\"async\" width=\"119\" height=\"40\" class=\"wp-image-15\" style=\"width: 119px\" src=\"https:\/\/blog.metu.edu.tr\/eresmech\/files\/2021\/04\/ceres.gif\" alt=\"\" \/><\/p>\n","protected":false},"excerpt":{"rendered":"<p>1.2\u00a0Mekanizma Uygulamalar\u0131na \u00d6rnekler-II: Otomobil Di\u015fli Kutusu Tak\u0131m tezgahlar\u0131nda, arabalarda, ve daha bir\u00e7ok uygulamada, sabit bir giri\u015f h\u0131z\u0131ndan de\u011fi\u015fik de\u011ferlerde \u00e7\u0131k\u0131\u015f h\u0131z\u0131n\u0131n elde edilmesi gerekli olmaktad\u0131r. Bu durumlarda di\u015flilerin birbirleri ile temas etmeleri veya ayr\u0131lmalar\u0131 ile, veya di\u015fli bir kavrama yard\u0131m\u0131yla &hellip;<\/p>\n<p class=\"read-more\"> <a class=\"more-link\" href=\"https:\/\/blog.metu.edu.tr\/eresmech\/mekanizma-teknigi\/ch1\/1-2-2\/\"> <span class=\"screen-reader-text\">1-2-2<\/span> Devam\u0131n\u0131 Oku &raquo;<\/a><\/p>\n","protected":false},"author":7747,"featured_media":0,"parent":52,"menu_order":0,"comment_status":"closed","ping_status":"closed","template":"","meta":{"footnotes":"","_links_to":"","_links_to_target":""},"class_list":["post-111","page","type-page","status-publish","hentry"],"_links":{"self":[{"href":"https:\/\/blog.metu.edu.tr\/eresmech\/wp-json\/wp\/v2\/pages\/111","targetHints":{"allow":["GET"]}}],"collection":[{"href":"https:\/\/blog.metu.edu.tr\/eresmech\/wp-json\/wp\/v2\/pages"}],"about":[{"href":"https:\/\/blog.metu.edu.tr\/eresmech\/wp-json\/wp\/v2\/types\/page"}],"author":[{"embeddable":true,"href":"https:\/\/blog.metu.edu.tr\/eresmech\/wp-json\/wp\/v2\/users\/7747"}],"replies":[{"embeddable":true,"href":"https:\/\/blog.metu.edu.tr\/eresmech\/wp-json\/wp\/v2\/comments?post=111"}],"version-history":[{"count":0,"href":"https:\/\/blog.metu.edu.tr\/eresmech\/wp-json\/wp\/v2\/pages\/111\/revisions"}],"up":[{"embeddable":true,"href":"https:\/\/blog.metu.edu.tr\/eresmech\/wp-json\/wp\/v2\/pages\/52"}],"wp:attachment":[{"href":"https:\/\/blog.metu.edu.tr\/eresmech\/wp-json\/wp\/v2\/media?parent=111"}],"curies":[{"name":"wp","href":"https:\/\/api.w.org\/{rel}","templated":true}]}}