{"id":223,"date":"2020-05-27T17:45:04","date_gmt":"2020-05-27T14:45:04","guid":{"rendered":"http:\/\/blog.metu.edu.tr\/erdur\/?page_id=223"},"modified":"2020-06-16T13:52:30","modified_gmt":"2020-06-16T10:52:30","slug":"national-book-chapters","status":"publish","type":"page","link":"https:\/\/blog.metu.edu.tr\/erdur\/national-book-chapters\/","title":{"rendered":"Book Chapters"},"content":{"rendered":"<div id=\"pl-gb223-69d7bf1c9b099\"  class=\"panel-layout\" ><div id=\"pg-gb223-69d7bf1c9b099-0\"  class=\"panel-grid panel-no-style\" ><div id=\"pgc-gb223-69d7bf1c9b099-0-0\"  class=\"panel-grid-cell\" ><div id=\"panel-gb223-69d7bf1c9b099-0-0-0\" class=\"so-panel widget widget_sow-headline panel-first-child panel-last-child widgetopts-SO\" data-index=\"0\" ><div\n\t\t\t\n\t\t\tclass=\"so-widget-sow-headline so-widget-sow-headline-default-ad6310e5dc19-223\"\n\t\t\t\n\t\t><div class=\"sow-headline-container \">\n\t\t\t\t\t\t\t<h1 class=\"sow-headline\">\n\t\t\t\t\t\tINTERNATIONAL BOOK CHAPTERS\t\t\t\t\t\t<\/h1>\n\t\t\t\t\t\t<\/div>\n<\/div><\/div><\/div><\/div><div id=\"pg-gb223-69d7bf1c9b099-1\"  class=\"panel-grid panel-no-style\" ><div id=\"pgc-gb223-69d7bf1c9b099-1-0\"  class=\"panel-grid-cell panel-grid-cell-empty\" ><\/div><div id=\"pgc-gb223-69d7bf1c9b099-1-1\"  class=\"panel-grid-cell\" ><div id=\"panel-gb223-69d7bf1c9b099-1-1-0\" class=\"so-panel widget widget_sow-image panel-first-child widgetopts-SO\" data-index=\"1\" ><div\n\t\t\t\n\t\t\tclass=\"so-widget-sow-image so-widget-sow-image-default-c67d20f9f743-223\"\n\t\t\t\n\t\t>\n<div class=\"sow-image-container\">\n\t\t<img \n\tsrc=\"https:\/\/blog.metu.edu.tr\/erdur\/files\/2020\/06\/Stress-and-anxiety_Theories-and-realities.jpg\" width=\"106\" height=\"150\" srcset=\"https:\/\/blog.metu.edu.tr\/erdur\/files\/2020\/06\/Stress-and-anxiety_Theories-and-realities.jpg 352w, https:\/\/blog.metu.edu.tr\/erdur\/files\/2020\/06\/Stress-and-anxiety_Theories-and-realities-212x300.jpg 212w\" sizes=\"(max-width: 106px) 100vw, 106px\" title=\"Stress and anxiety_Theories and realities\" alt=\"\" \t\tclass=\"so-widget-image\" \/>\n\t<\/div>\n\n<\/div><\/div><div id=\"panel-gb223-69d7bf1c9b099-1-1-1\" class=\"so-panel widget widget_sow-editor panel-last-child widgetopts-SO\" data-index=\"2\" ><div\n\t\t\t\n\t\t\tclass=\"so-widget-sow-editor so-widget-sow-editor-base\"\n\t\t\t\n\t\t>\n<div class=\"siteorigin-widget-tinymce textwidget\">\n\t<p><strong>Mothers\u2019xx Concerns Against Terrorist Attacks: Preliminary Findings of a Phenomenological Study About Turkey\u2019s Recent Urban Terrorist Attacks<\/strong><\/p>\n<p>In Moore, K. A., &amp; Buchwald, P. (Eds.) <em>Stress and Anxiety: Theories and Realities<\/em>, Berlin: Logos Verlag, p.107-118, 2018 <a href=\"https:\/\/www.amazon.com\/Stress-Anxiety-Realities-Kathleen-Moore\/dp\/3832547177\"><img loading=\"lazy\" decoding=\"async\" class=\"alignnone wp-image-328\" src=\"https:\/\/blog.metu.edu.tr\/erdur\/files\/2020\/06\/External_link_font_awesome.svg_-300x300.png\" alt=\"\" width=\"18\" height=\"18\" srcset=\"https:\/\/blog.metu.edu.tr\/erdur\/files\/2020\/06\/External_link_font_awesome.svg_-300x300.png 300w, https:\/\/blog.metu.edu.tr\/erdur\/files\/2020\/06\/External_link_font_awesome.svg_-1024x1024.png 1024w, https:\/\/blog.metu.edu.tr\/erdur\/files\/2020\/06\/External_link_font_awesome.svg_-150x150.png 150w, https:\/\/blog.metu.edu.tr\/erdur\/files\/2020\/06\/External_link_font_awesome.svg_-768x768.png 768w, https:\/\/blog.metu.edu.tr\/erdur\/files\/2020\/06\/External_link_font_awesome.svg_.png 1200w\" sizes=\"auto, (max-width: 18px) 100vw, 18px\" \/><\/a><\/p>\n<\/div>\n<\/div><\/div><\/div><div id=\"pgc-gb223-69d7bf1c9b099-1-2\"  class=\"panel-grid-cell panel-grid-cell-mobile-last\" ><div id=\"panel-gb223-69d7bf1c9b099-1-2-0\" class=\"so-panel widget widget_sow-image panel-first-child widgetopts-SO\" data-index=\"3\" ><div\n\t\t\t\n\t\t\tclass=\"so-widget-sow-image so-widget-sow-image-default-c67d20f9f743-223\"\n\t\t\t\n\t\t>\n<div class=\"sow-image-container\">\n\t\t<img \n\tsrc=\"https:\/\/blog.metu.edu.tr\/erdur\/files\/2020\/06\/A-Social-Ecological-Approach-to-Cyberbullying.jpg\" width=\"98\" height=\"150\" srcset=\"https:\/\/blog.metu.edu.tr\/erdur\/files\/2020\/06\/A-Social-Ecological-Approach-to-Cyberbullying.jpg 500w, https:\/\/blog.metu.edu.tr\/erdur\/files\/2020\/06\/A-Social-Ecological-Approach-to-Cyberbullying-196x300.jpg 196w\" sizes=\"(max-width: 98px) 100vw, 98px\" title=\"A Social Ecological Approach to Cyberbullying\" alt=\"\" \t\tclass=\"so-widget-image\" \/>\n\t<\/div>\n\n<\/div><\/div><div id=\"panel-gb223-69d7bf1c9b099-1-2-1\" class=\"so-panel widget widget_sow-editor panel-last-child widgetopts-SO\" data-index=\"4\" ><div\n\t\t\t\n\t\t\tclass=\"so-widget-sow-editor so-widget-sow-editor-base\"\n\t\t\t\n\t\t>\n<div class=\"siteorigin-widget-tinymce textwidget\">\n\t<p><strong>Gender Differences in Cyberbullying Perpetration: The Role of Moral Disengagement and Aggression\u00a0 \u00a0 \u00a0 \u00a0 \u00a0 \u00a0 \u00a0 \u00a0 \u00a0 \u00a0 \u00a0 \u00a0 \u00a0 \u00a0 \u00a0 \u00a0 \u00a0 \u00a0 \u00a0 \u00a0 \u00a0 \u00a0 \u00a0 \u00a0 \u00a0 \u00a0<\/strong><\/p>\n<p>In Wright, M. F. (Ed.) <em>A Social-Ecological Approach to Cyberbullying<\/em>, p.77-97, Nova: NY, 2016 <a href=\"https:\/\/novapublishers.com\/shop\/a-social-ecological-approach-to-cyberbullying\/\"><img loading=\"lazy\" decoding=\"async\" class=\"alignnone wp-image-328\" src=\"https:\/\/blog.metu.edu.tr\/erdur\/files\/2020\/06\/External_link_font_awesome.svg_-300x300.png\" alt=\"\" width=\"18\" height=\"18\" srcset=\"https:\/\/blog.metu.edu.tr\/erdur\/files\/2020\/06\/External_link_font_awesome.svg_-300x300.png 300w, https:\/\/blog.metu.edu.tr\/erdur\/files\/2020\/06\/External_link_font_awesome.svg_-1024x1024.png 1024w, https:\/\/blog.metu.edu.tr\/erdur\/files\/2020\/06\/External_link_font_awesome.svg_-150x150.png 150w, https:\/\/blog.metu.edu.tr\/erdur\/files\/2020\/06\/External_link_font_awesome.svg_-768x768.png 768w, https:\/\/blog.metu.edu.tr\/erdur\/files\/2020\/06\/External_link_font_awesome.svg_.png 1200w\" sizes=\"auto, (max-width: 18px) 100vw, 18px\" \/><\/a><\/p>\n<\/div>\n<\/div><\/div><\/div><div id=\"pgc-gb223-69d7bf1c9b099-1-3\"  class=\"panel-grid-cell panel-grid-cell-empty\" ><\/div><\/div><div id=\"pg-gb223-69d7bf1c9b099-2\"  class=\"panel-grid panel-no-style\" ><div id=\"pgc-gb223-69d7bf1c9b099-2-0\"  class=\"panel-grid-cell\" ><div id=\"panel-gb223-69d7bf1c9b099-2-0-0\" class=\"so-panel widget widget_sow-image panel-first-child widgetopts-SO\" data-index=\"5\" ><div\n\t\t\t\n\t\t\tclass=\"so-widget-sow-image so-widget-sow-image-default-c67d20f9f743-223\"\n\t\t\t\n\t\t>\n<div class=\"sow-image-container\">\n\t\t<img \n\tsrc=\"https:\/\/blog.metu.edu.tr\/erdur\/files\/2020\/06\/WorkingAlliance.png\" width=\"113\" height=\"150\" srcset=\"https:\/\/blog.metu.edu.tr\/erdur\/files\/2020\/06\/WorkingAlliance.png 552w, https:\/\/blog.metu.edu.tr\/erdur\/files\/2020\/06\/WorkingAlliance-226x300.png 226w\" sizes=\"(max-width: 113px) 100vw, 113px\" alt=\"\" \t\tclass=\"so-widget-image\" \/>\n\t<\/div>\n\n<\/div><\/div><div id=\"panel-gb223-69d7bf1c9b099-2-0-1\" class=\"so-panel widget widget_sow-editor panel-last-child widgetopts-SO\" data-index=\"6\" ><div\n\t\t\t\n\t\t\tclass=\"so-widget-sow-editor so-widget-sow-editor-base\"\n\t\t\t\n\t\t>\n<div class=\"siteorigin-widget-tinymce textwidget\">\n\t<p><strong>Working Alliance and Treatment Outcome in Ethnically Similar and Different Client-Therapist Pairings\u00a0 \u00a0 \u00a0 \u00a0 \u00a0 \u00a0 \u00a0 \u00a0 \u00a0 \u00a0 \u00a0 \u00a0 \u00a0 \u00a0 \u00a0 \u00a0 \u00a0 \u00a0 \u00a0 \u00a0 \u00a0<\/strong><\/p>\n<p>In <em>Research Reports of The Research Consortium of Counseling and Psychological Services in Higher Education<\/em>, Vol. 1, Austin, TX, USA, 2000 <a href=\"https:\/\/www.researchgate.net\/profile\/Ozgur_Erdur-Baker\/publication\/237711264_Working_Alliance_and_Treatment_Outcome_in_Ethnically_Similar_and_Dissimilar_Client-Therapist_Pairings\/links\/00b49528e20cbacbbc000000.pdf\"><img loading=\"lazy\" decoding=\"async\" class=\"alignnone wp-image-328\" src=\"https:\/\/blog.metu.edu.tr\/erdur\/files\/2020\/06\/External_link_font_awesome.svg_-300x300.png\" alt=\"\" width=\"18\" height=\"18\" srcset=\"https:\/\/blog.metu.edu.tr\/erdur\/files\/2020\/06\/External_link_font_awesome.svg_-300x300.png 300w, https:\/\/blog.metu.edu.tr\/erdur\/files\/2020\/06\/External_link_font_awesome.svg_-1024x1024.png 1024w, https:\/\/blog.metu.edu.tr\/erdur\/files\/2020\/06\/External_link_font_awesome.svg_-150x150.png 150w, https:\/\/blog.metu.edu.tr\/erdur\/files\/2020\/06\/External_link_font_awesome.svg_-768x768.png 768w, https:\/\/blog.metu.edu.tr\/erdur\/files\/2020\/06\/External_link_font_awesome.svg_.png 1200w\" sizes=\"auto, (max-width: 18px) 100vw, 18px\" \/><\/a><\/p>\n<\/div>\n<\/div><\/div><\/div><div id=\"pgc-gb223-69d7bf1c9b099-2-1\"  class=\"panel-grid-cell\" ><div id=\"panel-gb223-69d7bf1c9b099-2-1-0\" class=\"so-panel widget widget_sow-image panel-first-child widgetopts-SO\" data-index=\"7\" ><div\n\t\t\t\n\t\t\tclass=\"so-widget-sow-image so-widget-sow-image-default-c67d20f9f743-223\"\n\t\t\t\n\t\t>\n<div class=\"sow-image-container\">\n\t\t<img \n\tsrc=\"https:\/\/blog.metu.edu.tr\/erdur\/files\/2020\/06\/DoseResponse.png\" width=\"116\" height=\"150\" srcset=\"https:\/\/blog.metu.edu.tr\/erdur\/files\/2020\/06\/DoseResponse.png 560w, https:\/\/blog.metu.edu.tr\/erdur\/files\/2020\/06\/DoseResponse-232x300.png 232w\" sizes=\"(max-width: 116px) 100vw, 116px\" alt=\"\" \t\tclass=\"so-widget-image\" \/>\n\t<\/div>\n\n<\/div><\/div><div id=\"panel-gb223-69d7bf1c9b099-2-1-1\" class=\"so-panel widget widget_sow-editor panel-last-child widgetopts-SO\" data-index=\"8\" ><div\n\t\t\t\n\t\t\tclass=\"so-widget-sow-editor so-widget-sow-editor-base\"\n\t\t\t\n\t\t>\n<div class=\"siteorigin-widget-tinymce textwidget\">\n\t<p><strong>Dose Effect Relationship in Brief Therapy in A Nationwide College Counseling Center Sample\u00a0 \u00a0 \u00a0 \u00a0 \u00a0 \u00a0 \u00a0 \u00a0 \u00a0 \u00a0 \u00a0 \u00a0 \u00a0 \u00a0 \u00a0 \u00a0 \u00a0 \u00a0 \u00a0 \u00a0 \u00a0 \u00a0 \u00a0 \u00a0 \u00a0 \u00a0 \u00a0 \u00a0 \u00a0 \u00a0 \u00a0 \u00a0 \u00a0<\/strong><\/p>\n<p>In <em>Research Reports of The Research Consortium of Counseling and Psychological Services in Higher Education<\/em>, Vol. 1, Austin, TX, USA, 2000 <a href=\"https:\/\/cmhc.utexas.edu\/pdf\/DoseResp.pdf\"><img loading=\"lazy\" decoding=\"async\" class=\"alignnone wp-image-328\" src=\"https:\/\/blog.metu.edu.tr\/erdur\/files\/2020\/06\/External_link_font_awesome.svg_-300x300.png\" alt=\"\" width=\"18\" height=\"18\" srcset=\"https:\/\/blog.metu.edu.tr\/erdur\/files\/2020\/06\/External_link_font_awesome.svg_-300x300.png 300w, https:\/\/blog.metu.edu.tr\/erdur\/files\/2020\/06\/External_link_font_awesome.svg_-1024x1024.png 1024w, https:\/\/blog.metu.edu.tr\/erdur\/files\/2020\/06\/External_link_font_awesome.svg_-150x150.png 150w, https:\/\/blog.metu.edu.tr\/erdur\/files\/2020\/06\/External_link_font_awesome.svg_-768x768.png 768w, https:\/\/blog.metu.edu.tr\/erdur\/files\/2020\/06\/External_link_font_awesome.svg_.png 1200w\" sizes=\"auto, (max-width: 18px) 100vw, 18px\" \/><\/a><\/p>\n<\/div>\n<\/div><\/div><\/div><div id=\"pgc-gb223-69d7bf1c9b099-2-2\"  class=\"panel-grid-cell\" ><div id=\"panel-gb223-69d7bf1c9b099-2-2-0\" class=\"so-panel widget widget_sow-image panel-first-child widgetopts-SO\" data-index=\"9\" ><div\n\t\t\t\n\t\t\tclass=\"so-widget-sow-image so-widget-sow-image-default-c67d20f9f743-223\"\n\t\t\t\n\t\t>\n<div class=\"sow-image-container\">\n\t\t<img \n\tsrc=\"https:\/\/blog.metu.edu.tr\/erdur\/files\/2020\/06\/WorkingAlliance.png\" width=\"113\" height=\"150\" srcset=\"https:\/\/blog.metu.edu.tr\/erdur\/files\/2020\/06\/WorkingAlliance.png 552w, https:\/\/blog.metu.edu.tr\/erdur\/files\/2020\/06\/WorkingAlliance-226x300.png 226w\" sizes=\"(max-width: 113px) 100vw, 113px\" alt=\"\" \t\tclass=\"so-widget-image\" \/>\n\t<\/div>\n\n<\/div><\/div><div id=\"panel-gb223-69d7bf1c9b099-2-2-1\" class=\"so-panel widget widget_sow-editor panel-last-child widgetopts-SO\" data-index=\"10\" ><div\n\t\t\t\n\t\t\tclass=\"so-widget-sow-editor so-widget-sow-editor-base\"\n\t\t\t\n\t\t>\n<div class=\"siteorigin-widget-tinymce textwidget\">\n\t<p><strong>Characteristics of Children of Alcoholics in Help Seeking College Student Population\u00a0 \u00a0 \u00a0 \u00a0 \u00a0 \u00a0 \u00a0 \u00a0 \u00a0 \u00a0 \u00a0 \u00a0 \u00a0 \u00a0 \u00a0 \u00a0 \u00a0 \u00a0 \u00a0 \u00a0 \u00a0 \u00a0 \u00a0 \u00a0 \u00a0 \u00a0 \u00a0 \u00a0 \u00a0 \u00a0 \u00a0 \u00a0 \u00a0 \u00a0 \u00a0 \u00a0 \u00a0 \u00a0 \u00a0 \u00a0 \u00a0 \u00a0<\/strong><\/p>\n<p>In <em>Research Reports of The Research Consortium of Counseling and Psychological Services in Higher Education<\/em>, Vol. 1, Austin, TX, USA, 2000 <img loading=\"lazy\" decoding=\"async\" class=\"alignnone wp-image-328\" src=\"https:\/\/blog.metu.edu.tr\/erdur\/files\/2020\/06\/External_link_font_awesome.svg_-300x300.png\" alt=\"\" width=\"18\" height=\"18\" srcset=\"https:\/\/blog.metu.edu.tr\/erdur\/files\/2020\/06\/External_link_font_awesome.svg_-300x300.png 300w, https:\/\/blog.metu.edu.tr\/erdur\/files\/2020\/06\/External_link_font_awesome.svg_-1024x1024.png 1024w, https:\/\/blog.metu.edu.tr\/erdur\/files\/2020\/06\/External_link_font_awesome.svg_-150x150.png 150w, https:\/\/blog.metu.edu.tr\/erdur\/files\/2020\/06\/External_link_font_awesome.svg_-768x768.png 768w, https:\/\/blog.metu.edu.tr\/erdur\/files\/2020\/06\/External_link_font_awesome.svg_.png 1200w\" sizes=\"auto, (max-width: 18px) 100vw, 18px\" \/><\/p>\n<\/div>\n<\/div><\/div><\/div><\/div><div id=\"pg-gb223-69d7bf1c9b099-3\"  class=\"panel-grid panel-no-style\" ><div id=\"pgc-gb223-69d7bf1c9b099-3-0\"  class=\"panel-grid-cell\" ><div id=\"panel-gb223-69d7bf1c9b099-3-0-0\" class=\"so-panel widget widget_sow-headline panel-first-child panel-last-child widgetopts-SO\" data-index=\"11\" ><div\n\t\t\t\n\t\t\tclass=\"so-widget-sow-headline so-widget-sow-headline-default-ad6310e5dc19-223\"\n\t\t\t\n\t\t><div class=\"sow-headline-container \">\n\t\t\t\t\t\t\t<h1 class=\"sow-headline\">\n\t\t\t\t\t\tNATIONAL BOOK CHAPTERS\t\t\t\t\t\t<\/h1>\n\t\t\t\t\t\t<\/div>\n<\/div><\/div><\/div><\/div><div id=\"pg-gb223-69d7bf1c9b099-4\"  class=\"panel-grid panel-no-style\" ><div id=\"pgc-gb223-69d7bf1c9b099-4-0\"  class=\"panel-grid-cell\" ><div id=\"panel-gb223-69d7bf1c9b099-4-0-0\" class=\"so-panel widget widget_sow-image panel-first-child widgetopts-SO\" data-index=\"12\" ><div\n\t\t\t\n\t\t\tclass=\"so-widget-sow-image so-widget-sow-image-default-c67d20f9f743-223\"\n\t\t\t\n\t\t>\n<div class=\"sow-image-container\">\n\t\t<img \n\tsrc=\"https:\/\/blog.metu.edu.tr\/erdur\/files\/2020\/06\/YasDanismanligi.jpg\" width=\"106\" height=\"150\" srcset=\"https:\/\/blog.metu.edu.tr\/erdur\/files\/2020\/06\/YasDanismanligi.jpg 291w, https:\/\/blog.metu.edu.tr\/erdur\/files\/2020\/06\/YasDanismanligi-212x300.jpg 212w\" sizes=\"(max-width: 106px) 100vw, 106px\" alt=\"\" \t\tclass=\"so-widget-image\" \/>\n\t<\/div>\n\n<\/div><\/div><div id=\"panel-gb223-69d7bf1c9b099-4-0-1\" class=\"so-panel widget widget_sow-editor panel-last-child widgetopts-SO\" data-index=\"13\" ><div\n\t\t\t\n\t\t\tclass=\"so-widget-sow-editor so-widget-sow-editor-base\"\n\t\t\t\n\t\t>\n<div class=\"siteorigin-widget-tinymce textwidget\">\n\t<p><strong>Grief Counseling \u00a0 \u00a0 \u00a0 \u00a0 \u00a0 \u00a0 \u00a0 \u00a0 \u00a0 \u00a0 \u00a0 \u00a0 \u00a0 \u00a0 \u00a0 \u00a0 \u00a0 \u00a0 \u00a0 \u00a0<\/strong><\/p>\n<p>Erdur-Baker, \u00d6. &amp; Aks\u00f6z-Efe, \u0130. (2017). <em>Grief Counseling<\/em>. An\u0131 Yay\u0131nc\u0131l\u0131k, Ankara <a href=\"https:\/\/aniyayincilik.com.tr\/kitaplar\/yas-danismanligi\/\"><img loading=\"lazy\" decoding=\"async\" class=\"alignnone wp-image-328\" src=\"https:\/\/blog.metu.edu.tr\/erdur\/files\/2020\/06\/External_link_font_awesome.svg_-300x300.png\" alt=\"\" width=\"18\" height=\"18\" srcset=\"https:\/\/blog.metu.edu.tr\/erdur\/files\/2020\/06\/External_link_font_awesome.svg_-300x300.png 300w, https:\/\/blog.metu.edu.tr\/erdur\/files\/2020\/06\/External_link_font_awesome.svg_-1024x1024.png 1024w, https:\/\/blog.metu.edu.tr\/erdur\/files\/2020\/06\/External_link_font_awesome.svg_-150x150.png 150w, https:\/\/blog.metu.edu.tr\/erdur\/files\/2020\/06\/External_link_font_awesome.svg_-768x768.png 768w, https:\/\/blog.metu.edu.tr\/erdur\/files\/2020\/06\/External_link_font_awesome.svg_.png 1200w\" sizes=\"auto, (max-width: 18px) 100vw, 18px\" \/><\/a><\/p>\n<\/div>\n<\/div><\/div><\/div><div id=\"pgc-gb223-69d7bf1c9b099-4-1\"  class=\"panel-grid-cell\" ><div id=\"panel-gb223-69d7bf1c9b099-4-1-0\" class=\"so-panel widget widget_sow-image panel-first-child widgetopts-SO\" data-index=\"14\" ><div\n\t\t\t\n\t\t\tclass=\"so-widget-sow-image so-widget-sow-image-default-c67d20f9f743-223\"\n\t\t\t\n\t\t>\n<div class=\"sow-image-container\">\n\t\t<img \n\tsrc=\"https:\/\/blog.metu.edu.tr\/erdur\/files\/2020\/06\/KrizDanismanligi.jpg\" width=\"102\" height=\"150\" srcset=\"https:\/\/blog.metu.edu.tr\/erdur\/files\/2020\/06\/KrizDanismanligi.jpg 800w, https:\/\/blog.metu.edu.tr\/erdur\/files\/2020\/06\/KrizDanismanligi-205x300.jpg 205w, https:\/\/blog.metu.edu.tr\/erdur\/files\/2020\/06\/KrizDanismanligi-700x1024.jpg 700w, https:\/\/blog.metu.edu.tr\/erdur\/files\/2020\/06\/KrizDanismanligi-768x1124.jpg 768w\" sizes=\"(max-width: 102px) 100vw, 102px\" alt=\"\" \t\tclass=\"so-widget-image\" \/>\n\t<\/div>\n\n<\/div><\/div><div id=\"panel-gb223-69d7bf1c9b099-4-1-1\" class=\"so-panel widget widget_sow-editor panel-last-child widgetopts-SO\" data-index=\"15\" ><div\n\t\t\t\n\t\t\tclass=\"so-widget-sow-editor so-widget-sow-editor-base\"\n\t\t\t\n\t\t>\n<div class=\"siteorigin-widget-tinymce textwidget\">\n\t<p><strong>Crisis Counseling <\/strong><\/p>\n<p>Erdur-Baker, \u00d6. &amp; Do\u011fan, T.\u00a0(2016). <em>Crisis Counseling<\/em>.\u00a0 Ankara: Pegem <a href=\"https:\/\/www.pegem.net\/kitabevi\/208907-Kriz-Danismanligi-kitabi.aspx\"><img loading=\"lazy\" decoding=\"async\" class=\"alignnone wp-image-328\" src=\"https:\/\/blog.metu.edu.tr\/erdur\/files\/2020\/06\/External_link_font_awesome.svg_-300x300.png\" alt=\"\" width=\"18\" height=\"18\" srcset=\"https:\/\/blog.metu.edu.tr\/erdur\/files\/2020\/06\/External_link_font_awesome.svg_-300x300.png 300w, https:\/\/blog.metu.edu.tr\/erdur\/files\/2020\/06\/External_link_font_awesome.svg_-1024x1024.png 1024w, https:\/\/blog.metu.edu.tr\/erdur\/files\/2020\/06\/External_link_font_awesome.svg_-150x150.png 150w, https:\/\/blog.metu.edu.tr\/erdur\/files\/2020\/06\/External_link_font_awesome.svg_-768x768.png 768w, https:\/\/blog.metu.edu.tr\/erdur\/files\/2020\/06\/External_link_font_awesome.svg_.png 1200w\" sizes=\"auto, (max-width: 18px) 100vw, 18px\" \/><\/a><\/p>\n<\/div>\n<\/div><\/div><\/div><div id=\"pgc-gb223-69d7bf1c9b099-4-2\"  class=\"panel-grid-cell\" ><div id=\"panel-gb223-69d7bf1c9b099-4-2-0\" class=\"so-panel widget widget_sow-image panel-first-child widgetopts-SO\" data-index=\"16\" ><div\n\t\t\t\n\t\t\tclass=\"so-widget-sow-image so-widget-sow-image-default-c67d20f9f743-223\"\n\t\t\t\n\t\t>\n<div class=\"sow-image-container\">\n\t\t<img \n\tsrc=\"https:\/\/blog.metu.edu.tr\/erdur\/files\/2020\/06\/Afetler-Travmalar-Krizler-Ve-Psikolojik-Yard\u0131m.jpg\" width=\"106\" height=\"150\" srcset=\"https:\/\/blog.metu.edu.tr\/erdur\/files\/2020\/06\/Afetler-Travmalar-Krizler-Ve-Psikolojik-Yard\u0131m.jpg 432w, https:\/\/blog.metu.edu.tr\/erdur\/files\/2020\/06\/Afetler-Travmalar-Krizler-Ve-Psikolojik-Yard\u0131m-213x300.jpg 213w\" sizes=\"(max-width: 106px) 100vw, 106px\" title=\"Afetler, Travmalar, Krizler Ve Psikolojik Yard\u0131m\" alt=\"\" \t\tclass=\"so-widget-image\" \/>\n\t<\/div>\n\n<\/div><\/div><div id=\"panel-gb223-69d7bf1c9b099-4-2-1\" class=\"so-panel widget widget_sow-editor panel-last-child widgetopts-SO\" data-index=\"17\" ><div\n\t\t\t\n\t\t\tclass=\"so-widget-sow-editor so-widget-sow-editor-base\"\n\t\t\t\n\t\t>\n<div class=\"siteorigin-widget-tinymce textwidget\">\n\t<p><strong>Disasters, Trauma, Crisis, and Psychological Help<\/strong><\/p>\n<p>Erdur-Baker, \u00d6. &amp; Do\u011fan, T. (2014). <em>Disasters, Trauma, Crisis, and Psychological Help<\/em>. Ankara:PDR Derne\u011fi Yay\u0131nlar\u0131 <a href=\"https:\/\/pdr.org.tr\/kitaplar\/\"><img loading=\"lazy\" decoding=\"async\" class=\"alignnone wp-image-328\" src=\"https:\/\/blog.metu.edu.tr\/erdur\/files\/2020\/06\/External_link_font_awesome.svg_-300x300.png\" alt=\"\" width=\"18\" height=\"18\" srcset=\"https:\/\/blog.metu.edu.tr\/erdur\/files\/2020\/06\/External_link_font_awesome.svg_-300x300.png 300w, https:\/\/blog.metu.edu.tr\/erdur\/files\/2020\/06\/External_link_font_awesome.svg_-1024x1024.png 1024w, https:\/\/blog.metu.edu.tr\/erdur\/files\/2020\/06\/External_link_font_awesome.svg_-150x150.png 150w, https:\/\/blog.metu.edu.tr\/erdur\/files\/2020\/06\/External_link_font_awesome.svg_-768x768.png 768w, https:\/\/blog.metu.edu.tr\/erdur\/files\/2020\/06\/External_link_font_awesome.svg_.png 1200w\" sizes=\"auto, (max-width: 18px) 100vw, 18px\" \/><\/a><\/p>\n<\/div>\n<\/div><\/div><\/div><\/div><\/div>","protected":false},"excerpt":{"rendered":"<p>Mothers\u2019xx Concerns Against Terrorist Attacks: Preliminary Findings of a Phenomenological Study About Turkey\u2019s Recent Urban Terrorist Attacks In Moore, K. A., &amp; Buchwald, P. (Eds.) Stress and Anxiety: Theories and Realities, Berlin: Logos Verlag, p.107-118, 2018 Gender Differences in Cyberbullying Perpetration: The Role of Moral Disengagement and Aggression\u00a0 \u00a0 \u00a0 \u00a0 \u00a0 \u00a0 \u00a0 \u00a0 [&hellip;]<\/p>\n","protected":false},"author":7053,"featured_media":0,"parent":0,"menu_order":0,"comment_status":"closed","ping_status":"closed","template":"","meta":{"footnotes":"","_links_to":"","_links_to_target":""},"class_list":["post-223","page","type-page","status-publish","hentry"],"_links":{"self":[{"href":"https:\/\/blog.metu.edu.tr\/erdur\/wp-json\/wp\/v2\/pages\/223","targetHints":{"allow":["GET"]}}],"collection":[{"href":"https:\/\/blog.metu.edu.tr\/erdur\/wp-json\/wp\/v2\/pages"}],"about":[{"href":"https:\/\/blog.metu.edu.tr\/erdur\/wp-json\/wp\/v2\/types\/page"}],"author":[{"embeddable":true,"href":"https:\/\/blog.metu.edu.tr\/erdur\/wp-json\/wp\/v2\/users\/7053"}],"replies":[{"embeddable":true,"href":"https:\/\/blog.metu.edu.tr\/erdur\/wp-json\/wp\/v2\/comments?post=223"}],"version-history":[{"count":0,"href":"https:\/\/blog.metu.edu.tr\/erdur\/wp-json\/wp\/v2\/pages\/223\/revisions"}],"wp:attachment":[{"href":"https:\/\/blog.metu.edu.tr\/erdur\/wp-json\/wp\/v2\/media?parent=223"}],"curies":[{"name":"wp","href":"https:\/\/api.w.org\/{rel}","templated":true}]}}