{"id":35,"date":"2011-10-19T07:56:50","date_gmt":"2011-10-19T05:56:50","guid":{"rendered":"http:\/\/blog.metu.edu.tr\/erdinc\/?page_id=35"},"modified":"2019-07-27T08:35:01","modified_gmt":"2019-07-27T08:35:01","slug":"ana-sayfa","status":"publish","type":"page","link":"https:\/\/blog.metu.edu.tr\/erdinc\/ana-sayfa\/","title":{"rendered":""},"content":{"rendered":"<p>Merhaba<\/p>\n<p>Sayfalar\u0131mda \u00e7e\u015fitli konularda yapaca\u011f\u0131m payla\u015f\u0131mlar\u0131 bulabilirsiniz.<\/p>\n<p>&nbsp;<\/p>\n","protected":false},"excerpt":{"rendered":"<p>Merhaba Sayfalar\u0131mda \u00e7e\u015fitli konularda yapaca\u011f\u0131m payla\u015f\u0131mlar\u0131 bulabilirsiniz. &nbsp;<\/p>\n","protected":false},"author":559,"featured_media":0,"parent":0,"menu_order":0,"comment_status":"closed","ping_status":"closed","template":"","meta":{"footnotes":"","_links_to":"","_links_to_target":""},"class_list":["post-35","page","type-page","status-publish","hentry"],"_links":{"self":[{"href":"https:\/\/blog.metu.edu.tr\/erdinc\/wp-json\/wp\/v2\/pages\/35","targetHints":{"allow":["GET"]}}],"collection":[{"href":"https:\/\/blog.metu.edu.tr\/erdinc\/wp-json\/wp\/v2\/pages"}],"about":[{"href":"https:\/\/blog.metu.edu.tr\/erdinc\/wp-json\/wp\/v2\/types\/page"}],"author":[{"embeddable":true,"href":"https:\/\/blog.metu.edu.tr\/erdinc\/wp-json\/wp\/v2\/users\/559"}],"replies":[{"embeddable":true,"href":"https:\/\/blog.metu.edu.tr\/erdinc\/wp-json\/wp\/v2\/comments?post=35"}],"version-history":[{"count":0,"href":"https:\/\/blog.metu.edu.tr\/erdinc\/wp-json\/wp\/v2\/pages\/35\/revisions"}],"wp:attachment":[{"href":"https:\/\/blog.metu.edu.tr\/erdinc\/wp-json\/wp\/v2\/media?parent=35"}],"curies":[{"name":"wp","href":"https:\/\/api.w.org\/{rel}","templated":true}]}}