{"id":2,"date":"2010-01-30T21:58:30","date_gmt":"2010-01-30T19:58:30","guid":{"rendered":"http:\/\/blog.metu.edu.tr\/erdinc\/hakkinda\/"},"modified":"2016-06-17T16:49:48","modified_gmt":"2016-06-17T16:49:48","slug":"hakkinda","status":"publish","type":"page","link":"https:\/\/blog.metu.edu.tr\/erdinc\/hakkinda\/","title":{"rendered":"Hakk\u0131nda"},"content":{"rendered":"<p>Erdin\u00e7 \u00c7ak\u0131ro\u011flu Orta Do\u011fu Teknik \u00dcniversitesi \u0130lk\u00f6\u011fretim B\u00f6l\u00fcm\u00fc, matematik e\u011fitimi dal\u0131nda \u00f6\u011fretim \u00fcyesidir. \u00c7ocuklarda matematiksel kavramlar nas\u0131l geli\u015fir? Okul matemati\u011fi \u00e7ocuklara nas\u0131l daha anlaml\u0131 gelebilir? Anlaml\u0131 ve kal\u0131c\u0131 \u00f6\u011frenme i\u00e7in matematik \u00f6\u011fretimi nas\u0131l ger\u00e7ekle\u015ftirilmelidir? gibi sorularla ilgilenir.<\/p>\n","protected":false},"excerpt":{"rendered":"<p>Erdin\u00e7 \u00c7ak\u0131ro\u011flu Orta Do\u011fu Teknik \u00dcniversitesi \u0130lk\u00f6\u011fretim B\u00f6l\u00fcm\u00fc, matematik e\u011fitimi dal\u0131nda \u00f6\u011fretim \u00fcyesidir. \u00c7ocuklarda matematiksel kavramlar nas\u0131l geli\u015fir? Okul matemati\u011fi \u00e7ocuklara nas\u0131l daha anlaml\u0131 gelebilir? Anlaml\u0131 ve kal\u0131c\u0131 \u00f6\u011frenme i\u00e7in matematik \u00f6\u011fretimi nas\u0131l ger\u00e7ekle\u015ftirilmelidir? gibi sorularla ilgilenir.<\/p>\n","protected":false},"author":559,"featured_media":0,"parent":0,"menu_order":5,"comment_status":"closed","ping_status":"closed","template":"","meta":{"footnotes":"","_links_to":"","_links_to_target":""},"class_list":["post-2","page","type-page","status-publish","hentry"],"_links":{"self":[{"href":"https:\/\/blog.metu.edu.tr\/erdinc\/wp-json\/wp\/v2\/pages\/2","targetHints":{"allow":["GET"]}}],"collection":[{"href":"https:\/\/blog.metu.edu.tr\/erdinc\/wp-json\/wp\/v2\/pages"}],"about":[{"href":"https:\/\/blog.metu.edu.tr\/erdinc\/wp-json\/wp\/v2\/types\/page"}],"author":[{"embeddable":true,"href":"https:\/\/blog.metu.edu.tr\/erdinc\/wp-json\/wp\/v2\/users\/559"}],"replies":[{"embeddable":true,"href":"https:\/\/blog.metu.edu.tr\/erdinc\/wp-json\/wp\/v2\/comments?post=2"}],"version-history":[{"count":0,"href":"https:\/\/blog.metu.edu.tr\/erdinc\/wp-json\/wp\/v2\/pages\/2\/revisions"}],"wp:attachment":[{"href":"https:\/\/blog.metu.edu.tr\/erdinc\/wp-json\/wp\/v2\/media?parent=2"}],"curies":[{"name":"wp","href":"https:\/\/api.w.org\/{rel}","templated":true}]}}