{"id":2,"date":"2010-01-21T14:23:51","date_gmt":"2010-01-21T12:23:51","guid":{"rendered":"http:\/\/blog.metu.edu.tr\/erbas\/hakkinda\/"},"modified":"2019-03-14T09:36:31","modified_gmt":"2019-03-14T09:36:31","slug":"hakkinda","status":"publish","type":"page","link":"https:\/\/blog.metu.edu.tr\/erbas\/hakkinda\/","title":{"rendered":"About Me"},"content":{"rendered":"<div id=\"attachment_15\" style=\"width: 235px\" class=\"wp-caption alignnone\"><img loading=\"lazy\" decoding=\"async\" aria-describedby=\"caption-attachment-15\" class=\"size-medium wp-image-15\" src=\"http:\/\/blog.metu.edu.tr\/erbas\/files\/2010\/01\/CIMG08461-225x300.jpg\" alt=\"Next to the Bosphorus...May 10, 2010\" width=\"225\" height=\"300\" \/><p id=\"caption-attachment-15\" class=\"wp-caption-text\">Next to the Bosphorus&#8230;May 10, 2010<\/p><\/div>\n<p><strong>Education<\/strong>:<\/p>\n<ul>\n<li>Middle East Tech. Univ., B.S. in Matematics<\/li>\n<li>Middle East Tech. Univ., B.S. in Matematics Education<\/li>\n<li>Middle East Tech. Univ., M.Sc. in Matematics Education<\/li>\n<li>University of Georgia. , Ph.D. in Mathematics Education<\/li>\n<\/ul>\n<p><strong>Research Area<\/strong>:<\/p>\n<ul>\n<li>Mathematical modeling and problem solving<\/li>\n<li>Mathematics education, teaching and learning of algebra<\/li>\n<li>Teacher knowledge and beliefs,<\/li>\n<li>Prospective and inservice mathematics teacher education.<\/li>\n<li>Technology and problem solving, integrating technology into mathematics education<\/li>\n<li>Qualitative research<\/li>\n<\/ul>\n<p><strong>Contact<\/strong>:<\/p>\n<p>Prof. Dr. Ayhan K\u00fcr\u015fat ERBA\u015e<br \/>\nOrta Do\u011fu Teknik \u00dcniversitesi<br \/>\nE\u011fitim Fak\u00fcltesi<br \/>\nMatematik ve Fen Bilimleri E\u011fitimi B\u00f6l\u00fcm\u00fc<br \/>\n06800 Ankara &#8211; T\u00dcRK\u0130YE<br \/>\nTel: (312) 210-3652<br \/>\nFax: (312) 210-7971<\/p>\n<p>Prof. Dr. Ayhan Kursat ERBAS<br \/>\nMiddle East Technical University<br \/>\nFaculty of Education<br \/>\nDepartment of Mathematics and Science Education<br \/>\n06800 Ankara \u2013 TURKEY<br \/>\nTel: +90 (312) 210-3652<br \/>\nFax: +90 (312) 210-7971<\/p>\n","protected":false},"excerpt":{"rendered":"<p>Education: Middle East Tech. Univ., B.S. in Matematics Middle East Tech. Univ., B.S. in Matematics Education Middle East Tech. Univ., M.Sc. in Matematics Education University of Georgia. , Ph.D. in Mathematics Education Research Area: Mathematical modeling and problem solving Mathematics education, teaching and learning of algebra Teacher knowledge and beliefs, Prospective and inservice mathematics teacher [&hellip;]<\/p>\n","protected":false},"author":558,"featured_media":0,"parent":0,"menu_order":0,"comment_status":"open","ping_status":"open","template":"","meta":{"footnotes":"","_links_to":"","_links_to_target":""},"class_list":["post-2","page","type-page","status-publish","hentry"],"_links":{"self":[{"href":"https:\/\/blog.metu.edu.tr\/erbas\/wp-json\/wp\/v2\/pages\/2","targetHints":{"allow":["GET"]}}],"collection":[{"href":"https:\/\/blog.metu.edu.tr\/erbas\/wp-json\/wp\/v2\/pages"}],"about":[{"href":"https:\/\/blog.metu.edu.tr\/erbas\/wp-json\/wp\/v2\/types\/page"}],"author":[{"embeddable":true,"href":"https:\/\/blog.metu.edu.tr\/erbas\/wp-json\/wp\/v2\/users\/558"}],"replies":[{"embeddable":true,"href":"https:\/\/blog.metu.edu.tr\/erbas\/wp-json\/wp\/v2\/comments?post=2"}],"version-history":[{"count":0,"href":"https:\/\/blog.metu.edu.tr\/erbas\/wp-json\/wp\/v2\/pages\/2\/revisions"}],"wp:attachment":[{"href":"https:\/\/blog.metu.edu.tr\/erbas\/wp-json\/wp\/v2\/media?parent=2"}],"curies":[{"name":"wp","href":"https:\/\/api.w.org\/{rel}","templated":true}]}}