{"id":230,"date":"2013-04-08T10:26:35","date_gmt":"2013-04-08T08:26:35","guid":{"rendered":"http:\/\/blog.metu.edu.tr\/egitim-ve-tanitim-videolari-2\/"},"modified":"2021-09-27T15:54:35","modified_gmt":"2021-09-27T13:54:35","slug":"tutorials","status":"publish","type":"page","link":"https:\/\/blog.metu.edu.tr\/en\/tutorials\/","title":{"rendered":"Blog Service Tutorial Videos"},"content":{"rendered":"<div class=\"pvc_clear\"><\/div>\n<p id=\"pvc_stats_230\" class=\"pvc_stats all  \" data-element-id=\"230\" style=\"\"><i class=\"pvc-stats-icon medium\" aria-hidden=\"true\"><svg aria-hidden=\"true\" focusable=\"false\" data-prefix=\"far\" data-icon=\"chart-bar\" role=\"img\" xmlns=\"http:\/\/www.w3.org\/2000\/svg\" viewBox=\"0 0 512 512\" class=\"svg-inline--fa fa-chart-bar fa-w-16 fa-2x\"><path fill=\"currentColor\" d=\"M396.8 352h22.4c6.4 0 12.8-6.4 12.8-12.8V108.8c0-6.4-6.4-12.8-12.8-12.8h-22.4c-6.4 0-12.8 6.4-12.8 12.8v230.4c0 6.4 6.4 12.8 12.8 12.8zm-192 0h22.4c6.4 0 12.8-6.4 12.8-12.8V140.8c0-6.4-6.4-12.8-12.8-12.8h-22.4c-6.4 0-12.8 6.4-12.8 12.8v198.4c0 6.4 6.4 12.8 12.8 12.8zm96 0h22.4c6.4 0 12.8-6.4 12.8-12.8V204.8c0-6.4-6.4-12.8-12.8-12.8h-22.4c-6.4 0-12.8 6.4-12.8 12.8v134.4c0 6.4 6.4 12.8 12.8 12.8zM496 400H48V80c0-8.84-7.16-16-16-16H16C7.16 64 0 71.16 0 80v336c0 17.67 14.33 32 32 32h464c8.84 0 16-7.16 16-16v-16c0-8.84-7.16-16-16-16zm-387.2-48h22.4c6.4 0 12.8-6.4 12.8-12.8v-70.4c0-6.4-6.4-12.8-12.8-12.8h-22.4c-6.4 0-12.8 6.4-12.8 12.8v70.4c0 6.4 6.4 12.8 12.8 12.8z\" class=\"\"><\/path><\/svg><\/i> <img loading=\"lazy\" decoding=\"async\" width=\"16\" height=\"16\" alt=\"Loading\" src=\"https:\/\/blog.metu.edu.tr\/wp-content\/plugins\/page-views-count\/ajax-loader-2x.gif\" border=0 \/><\/p>\n<div class=\"pvc_clear\"><\/div>\n<ul>\n<li><a href=\"#bir\">Login and creating a post<\/a><\/li>\n<li><a href=\"#iki\">Adding new post<\/a><\/li>\n<li><a href=\"#uc\">Adding personal photo to the corporate theme<\/a><\/li>\n<li><a href=\"#dort\">Changing site title<\/a><\/li>\n<li><a href=\"#bes\">Adding menu and page<\/a><\/li>\n<li><a href=\"#alti\">Adding dropdown menu<\/a><\/li>\n<li><a href=\"#yedi\">Adding links to the side menu<\/a><\/li>\n<li><a href=\"#sekiz\">Sorting home page posts<\/a><\/li>\n<li><a href=\"#dokuz\">Adding contact form<\/a><\/li>\n<li><a href=\"#on\">Adding gallery<\/a><\/li>\n<li><a href=\"#onbir\">Adding media library<\/a><\/li>\n<li><a href=\"#oniki\">Adding widgets<\/a><\/li>\n<\/ul>\n<hr \/>\n<h4 id=\"bir\">Login and creating a post:<\/h4>\n<p><video src=\"http:\/\/blog.metu.edu.tr\/\/tutorial\/1-Login\/Login.mp4\" controls=\"controls\" width=\"100%\" height=\"100%\"> Your browser does not support the video tag. <\/video><\/p>\n<hr \/>\n<h4 id=\"iki\">Adding new post:<\/h4>\n<p><video src=\"http:\/\/blog.metu.edu.tr\/\/tutorial\/2-\u0130lk Yaz\u0131 Ekleme\/new_post.mp4\" controls=\"controls\" width=\"100%\" height=\"100%\"> Your browser does not support the video tag. <\/video><\/p>\n<hr \/>\n<h4 id=\"uc\">Adding personal photo to the corporate theme:<\/h4>\n<p><video src=\"http:\/\/blog.metu.edu.tr\/\/tutorial\/3-Kurumsal Temaya Ki\u015fisel Resminizi Ekleme\/personal_photo.mp4\" controls=\"controls\" width=\"100%\" height=\"100%\"> Your browser does not support the video tag. <\/video><\/p>\n<hr \/>\n<h4 id=\"dort\">Changing site title:<\/h4>\n<p><video src=\"http:\/\/blog.metu.edu.tr\/tutorial\/4-Siteye \u0130sim Verme\/changing_site_title.mp4\" controls=\"controls\" width=\"100%\" height=\"100%\"> Your browser does not support the video tag. <\/video><\/p>\n<hr \/>\n<h4 id=\"bes\">Adding menu and page:<\/h4>\n<p><video src=\"http:\/\/blog.metu.edu.tr\/tutorial\/5-Men\u00fc ve Yeni Sayfa Ekleme\/adding_menu_page.mp4\" controls=\"controls\" width=\"100%\" height=\"100%\"> Your browser does not support the video tag. <\/video><\/p>\n<hr \/>\n<h4 id=\"alti\">Adding dropdown menu:<\/h4>\n<p><video src=\"http:\/\/blog.metu.edu.tr\/tutorial\/6-A\u00e7\u0131l\u0131r Men\u00fcler\/dropdown_menu.mp4\" controls=\"controls\" width=\"100%\" height=\"100%\"> Your browser does not support the video tag. <\/video><\/p>\n<hr \/>\n<h4 id=\"yedi\">Adding links to the side menu:<\/h4>\n<p><video src=\"http:\/\/blog.metu.edu.tr\/tutorial\/7-Sa\u011f Men\u00fcye Ba\u011flant\u0131 Ekleme\/adding_links-to_side_menu.mp4\" controls=\"controls\" width=\"100%\" height=\"100%\"> Your browser does not support the video tag. <\/video><\/p>\n<hr \/>\n<h4 id=\"sekiz\">Sorting home page posts:<\/h4>\n<p><video src=\"http:\/\/blog.metu.edu.tr\/tutorial\/8-Anasayfa Post \u00d6nceli\u011fi\/sorting_posts_onthemainpage.mp4\" controls=\"controls\" width=\"100%\" height=\"100%\"> Your browser does not support the video tag. <\/video><\/p>\n<hr \/>\n<h4 id=\"dokuz\">Adding contact form:<\/h4>\n<p><video src=\"http:\/\/blog.metu.edu.tr\/tutorial\/9-\u0130leti\u015fim Formu\/adding_contact_form.mp4\" controls=\"controls\" width=\"100%\" height=\"100%\"> Your browser does not support the video tag. <\/video><\/p>\n<hr \/>\n<h4 id=\"on\">Adding gallery:<\/h4>\n<p><video src=\"http:\/\/blog.metu.edu.tr\/tutorial\/10-Resim Galesisi Ekleme\/adding_gallery.mp4\" controls=\"controls\" width=\"100%\" height=\"100%\"> Your browser does not support the video tag. <\/video><\/p>\n<hr \/>\n<h4 id=\"onbir\">Adding media library:<\/h4>\n<p><video src=\"http:\/\/blog.metu.edu.tr\/tutorial\/11-Ortam K\u00fct\u00fcphanesi\/adding_media_library.mp4\" controls=\"controls\" width=\"100%\" height=\"100%\"> Your browser does not support the video tag. <\/video><\/p>\n<hr \/>\n<h4 id=\"oniki\">Adding widgets:<\/h4>\n<p><video src=\"http:\/\/blog.metu.edu.tr\/tutorial\/12-Bile\u015fen Ekleme\/adding_widgets.mp4\" controls=\"controls\" width=\"100%\" height=\"100%\"> Your browser does not support the video tag. <\/video><\/p>\n","protected":false},"excerpt":{"rendered":"<div class=\"pvc_clear\"><\/div>\n<p id=\"pvc_stats_230\" class=\"pvc_stats all  \" data-element-id=\"230\" style=\"\"><i class=\"pvc-stats-icon medium\" aria-hidden=\"true\"><svg aria-hidden=\"true\" focusable=\"false\" data-prefix=\"far\" data-icon=\"chart-bar\" role=\"img\" xmlns=\"http:\/\/www.w3.org\/2000\/svg\" viewBox=\"0 0 512 512\" class=\"svg-inline--fa fa-chart-bar fa-w-16 fa-2x\"><path fill=\"currentColor\" d=\"M396.8 352h22.4c6.4 0 12.8-6.4 12.8-12.8V108.8c0-6.4-6.4-12.8-12.8-12.8h-22.4c-6.4 0-12.8 6.4-12.8 12.8v230.4c0 6.4 6.4 12.8 12.8 12.8zm-192 0h22.4c6.4 0 12.8-6.4 12.8-12.8V140.8c0-6.4-6.4-12.8-12.8-12.8h-22.4c-6.4 0-12.8 6.4-12.8 12.8v198.4c0 6.4 6.4 12.8 12.8 12.8zm96 0h22.4c6.4 0 12.8-6.4 12.8-12.8V204.8c0-6.4-6.4-12.8-12.8-12.8h-22.4c-6.4 0-12.8 6.4-12.8 12.8v134.4c0 6.4 6.4 12.8 12.8 12.8zM496 400H48V80c0-8.84-7.16-16-16-16H16C7.16 64 0 71.16 0 80v336c0 17.67 14.33 32 32 32h464c8.84 0 16-7.16 16-16v-16c0-8.84-7.16-16-16-16zm-387.2-48h22.4c6.4 0 12.8-6.4 12.8-12.8v-70.4c0-6.4-6.4-12.8-12.8-12.8h-22.4c-6.4 0-12.8 6.4-12.8 12.8v70.4c0 6.4 6.4 12.8 12.8 12.8z\" class=\"\"><\/path><\/svg><\/i> <img loading=\"lazy\" decoding=\"async\" width=\"16\" height=\"16\" alt=\"Loading\" src=\"https:\/\/blog.metu.edu.tr\/wp-content\/plugins\/page-views-count\/ajax-loader-2x.gif\" border=0 \/><\/p>\n<div class=\"pvc_clear\"><\/div>\n<p>Login and creating a post Adding new post Adding personal photo to the corporate theme Changing site title Adding menu and page Adding dropdown menu Adding links to the side menu Sorting home page posts Adding contact form Adding gallery Adding media library Adding widgets Login and creating a post: Your browser does not support [&hellip;]<\/p>\n","protected":false},"author":1,"featured_media":0,"parent":0,"menu_order":0,"comment_status":"closed","ping_status":"open","template":"","meta":{"footnotes":"","_links_to":"","_links_to_target":""},"class_list":["post-230","page","type-page","status-publish","hentry"],"_links":{"self":[{"href":"https:\/\/blog.metu.edu.tr\/en\/wp-json\/wp\/v2\/pages\/230","targetHints":{"allow":["GET"]}}],"collection":[{"href":"https:\/\/blog.metu.edu.tr\/en\/wp-json\/wp\/v2\/pages"}],"about":[{"href":"https:\/\/blog.metu.edu.tr\/en\/wp-json\/wp\/v2\/types\/page"}],"author":[{"embeddable":true,"href":"https:\/\/blog.metu.edu.tr\/en\/wp-json\/wp\/v2\/users\/1"}],"replies":[{"embeddable":true,"href":"https:\/\/blog.metu.edu.tr\/en\/wp-json\/wp\/v2\/comments?post=230"}],"version-history":[{"count":0,"href":"https:\/\/blog.metu.edu.tr\/en\/wp-json\/wp\/v2\/pages\/230\/revisions"}],"wp:attachment":[{"href":"https:\/\/blog.metu.edu.tr\/en\/wp-json\/wp\/v2\/media?parent=230"}],"curies":[{"name":"wp","href":"https:\/\/api.w.org\/{rel}","templated":true}]}}