{"id":63,"date":"2015-10-22T12:35:14","date_gmt":"2015-10-22T09:35:14","guid":{"rendered":"http:\/\/blog.metu.edu.tr\/emustafa\/?page_id=63"},"modified":"2015-10-22T16:17:26","modified_gmt":"2015-10-22T13:17:26","slug":"63-2","status":"publish","type":"page","link":"https:\/\/blog.metu.edu.tr\/emustafa\/","title":{"rendered":"Ak\u0131ll\u0131 Madencilik"},"content":{"rendered":"<p>Madencilik verinin iyi anla\u015f\u0131lmas\u0131 gerekti\u011fi y\u00fcksek teknoloji bir end\u00fcstri haline gelmi\u015ftir. \u0130\u015f zekas\u0131 madenlerde s\u00fcrekli iyile\u015ftirmenin esas unsurlar\u0131ndan birisidir ve t\u00fcm maden m\u00fchendisleri veriye ba\u011fl\u0131 kriterlerin analiz ve raporlanmas\u0131 konular\u0131nda gerekli yetenek ile donat\u0131lm\u0131\u015f olmal\u0131 gerekmektedir. ABD ve d\u00fcnya \u00e7ap\u0131nda madenlere i\u015f zekas\u0131 analisti olarak hizmet verdikten sonra ak\u0131ll\u0131 madencilik yap\u0131labilece\u011fini tecr\u00fcbe ettim ve bu konudaki ba\u015far\u0131 anahtar\u0131n\u0131n veri oldu\u011funu g\u00f6rd\u00fcm.<\/p>\n<p><a href=\"http:\/\/blog.metu.edu.tr\/emustafa\/files\/2014\/02\/wordle.png\"><img loading=\"lazy\" decoding=\"async\" class=\"aligncenter wp-image-62 size-full\" src=\"http:\/\/blog.metu.edu.tr\/emustafa\/files\/2014\/02\/wordle-e1445505716998.png\" alt=\"wordle\" width=\"792\" height=\"336\" srcset=\"https:\/\/blog.metu.edu.tr\/emustafa\/files\/2014\/02\/wordle-e1445505716998.png 792w, https:\/\/blog.metu.edu.tr\/emustafa\/files\/2014\/02\/wordle-e1445505716998-300x127.png 300w\" sizes=\"auto, (max-width: 792px) 100vw, 792px\" \/><\/a><\/p>\n<p>&nbsp;<\/p>\n<p style=\"text-align: right\">&#8220;\u00d6l\u00e7emiyorsan, y\u00f6netemezsin.&#8221;<\/p>\n<p style=\"text-align: right\">W.Edward Deming<a href=\"https:\/\/tr.wikipedia.org\/wiki\/William_Edwards_Deming\" target=\"_blank\">*<\/a><\/p>\n","protected":false},"excerpt":{"rendered":"<p>Madencilik verinin iyi anla\u015f\u0131lmas\u0131 gerekti\u011fi y\u00fcksek teknoloji bir end\u00fcstri haline gelmi\u015ftir. \u0130\u015f zekas\u0131 madenlerde s\u00fcrekli iyile\u015ftirmenin esas unsurlar\u0131ndan birisidir ve t\u00fcm maden m\u00fchendisleri veriye ba\u011fl\u0131 kriterlerin analiz ve raporlanmas\u0131 konular\u0131nda gerekli yetenek ile donat\u0131lm\u0131\u015f olmal\u0131 gerekmektedir. ABD ve d\u00fcnya \u00e7ap\u0131nda madenlere i\u015f zekas\u0131 analisti olarak hizmet verdikten sonra ak\u0131ll\u0131 madencilik yap\u0131labilece\u011fini tecr\u00fcbe ettim ve bu [&hellip;]<\/p>\n","protected":false},"author":3767,"featured_media":0,"parent":0,"menu_order":0,"comment_status":"closed","ping_status":"open","template":"","meta":{"footnotes":"","_links_to":"","_links_to_target":""},"class_list":["post-63","page","type-page","status-publish","hentry"],"_links":{"self":[{"href":"https:\/\/blog.metu.edu.tr\/emustafa\/wp-json\/wp\/v2\/pages\/63","targetHints":{"allow":["GET"]}}],"collection":[{"href":"https:\/\/blog.metu.edu.tr\/emustafa\/wp-json\/wp\/v2\/pages"}],"about":[{"href":"https:\/\/blog.metu.edu.tr\/emustafa\/wp-json\/wp\/v2\/types\/page"}],"author":[{"embeddable":true,"href":"https:\/\/blog.metu.edu.tr\/emustafa\/wp-json\/wp\/v2\/users\/3767"}],"replies":[{"embeddable":true,"href":"https:\/\/blog.metu.edu.tr\/emustafa\/wp-json\/wp\/v2\/comments?post=63"}],"version-history":[{"count":0,"href":"https:\/\/blog.metu.edu.tr\/emustafa\/wp-json\/wp\/v2\/pages\/63\/revisions"}],"wp:attachment":[{"href":"https:\/\/blog.metu.edu.tr\/emustafa\/wp-json\/wp\/v2\/media?parent=63"}],"curies":[{"name":"wp","href":"https:\/\/api.w.org\/{rel}","templated":true}]}}