{"id":199,"date":"2016-12-22T11:20:45","date_gmt":"2016-12-22T08:20:45","guid":{"rendered":"http:\/\/blog.metu.edu.tr\/emustafa\/de\/?page_id=199"},"modified":"2016-12-22T15:53:12","modified_gmt":"2016-12-22T12:53:12","slug":"mine-smart","status":"publish","type":"page","link":"https:\/\/blog.metu.edu.tr\/emustafa\/de\/","title":{"rendered":"Mine Smart"},"content":{"rendered":"<p>Bergbau entwickelt sich zu einer hochtechnologischen Industrie, die ein gutes Verst\u00e4ndnis von Daten erfordert. Business Intelligence (BI) ist ein Kernelement des kontinuierlichen Verbesserungsprozesses im Bergbau. Alle Bergbau-Ingenieure sollten mit den richtigen F\u00e4higkeiten zur Analyse und Berichterstattung \u00fcber datengesteuerte Kriterien ausgestattet sein. Als ehemaliger BI-Analyst f\u00fcr Bergbauunternehmen in den USA und weltweit habe ich erlebt, dass Bergbau weitaus intelligenter sein kann. Der Schl\u00fcssel zum Erfolg sind Daten.<\/p>\n<p>&nbsp;<\/p>\n<p><img loading=\"lazy\" decoding=\"async\" class=\"aligncenter wp-image-62 size-full\" src=\"https:\/\/blog.metu.edu.tr\/emustafa\/files\/2014\/02\/wordle-e1445505716998.png\" alt=\"wordle\" width=\"792\" height=\"336\" srcset=\"https:\/\/blog.metu.edu.tr\/emustafa\/files\/2014\/02\/wordle-e1445505716998.png 792w, https:\/\/blog.metu.edu.tr\/emustafa\/files\/2014\/02\/wordle-e1445505716998-300x127.png 300w\" sizes=\"auto, (max-width: 792px) 100vw, 792px\" \/><\/p>\n<p>&nbsp;<\/p>\n<p style=\"text-align: right\">&#8222;Was man nicht messen kann, kann man nicht kontrollieren.&#8220;<\/p>\n<p style=\"text-align: right\">W.Edward Deming<a href=\"https:\/\/de.wikipedia.org\/wiki\/William_Edwards_Deming\" target=\"_blank\">*<\/a><\/p>\n","protected":false},"excerpt":{"rendered":"<p>Bergbau entwickelt sich zu einer hochtechnologischen Industrie, die ein gutes Verst\u00e4ndnis von Daten erfordert. Business Intelligence (BI) ist ein Kernelement des kontinuierlichen Verbesserungsprozesses im Bergbau. Alle Bergbau-Ingenieure sollten mit den richtigen F\u00e4higkeiten zur Analyse und Berichterstattung \u00fcber datengesteuerte Kriterien ausgestattet sein. Als ehemaliger BI-Analyst f\u00fcr Bergbauunternehmen in den USA und weltweit habe ich erlebt, dass [&hellip;]<\/p>\n","protected":false},"author":3767,"featured_media":0,"parent":0,"menu_order":1,"comment_status":"closed","ping_status":"open","template":"","meta":{"footnotes":"","_links_to":"","_links_to_target":""},"class_list":["post-199","page","type-page","status-publish","hentry"],"_links":{"self":[{"href":"https:\/\/blog.metu.edu.tr\/emustafa\/de\/wp-json\/wp\/v2\/pages\/199","targetHints":{"allow":["GET"]}}],"collection":[{"href":"https:\/\/blog.metu.edu.tr\/emustafa\/de\/wp-json\/wp\/v2\/pages"}],"about":[{"href":"https:\/\/blog.metu.edu.tr\/emustafa\/de\/wp-json\/wp\/v2\/types\/page"}],"author":[{"embeddable":true,"href":"https:\/\/blog.metu.edu.tr\/emustafa\/de\/wp-json\/wp\/v2\/users\/3767"}],"replies":[{"embeddable":true,"href":"https:\/\/blog.metu.edu.tr\/emustafa\/de\/wp-json\/wp\/v2\/comments?post=199"}],"version-history":[{"count":0,"href":"https:\/\/blog.metu.edu.tr\/emustafa\/de\/wp-json\/wp\/v2\/pages\/199\/revisions"}],"wp:attachment":[{"href":"https:\/\/blog.metu.edu.tr\/emustafa\/de\/wp-json\/wp\/v2\/media?parent=199"}],"curies":[{"name":"wp","href":"https:\/\/api.w.org\/{rel}","templated":true}]}}