{"id":9,"date":"2016-07-13T08:48:45","date_gmt":"2016-07-13T08:48:45","guid":{"rendered":"http:\/\/blog.metu.edu.tr\/emreo\/?page_id=9"},"modified":"2025-07-09T12:55:41","modified_gmt":"2025-07-09T12:55:41","slug":"publications","status":"publish","type":"page","link":"https:\/\/blog.metu.edu.tr\/emreo\/publications\/","title":{"rendered":"Publications"},"content":{"rendered":"\n<div class=\"wp-block-columns is-layout-flex wp-container-core-columns-is-layout-9d6595d7 wp-block-columns-is-layout-flex\">\n<div class=\"wp-block-column is-layout-flow wp-block-column-is-layout-flow\" style=\"flex-basis:100%\">\n<dl>\n<dd>\n<dl>\n<dt><\/dt>\n<dt>\n<dl>\n<dt>\n<p><span class=\"fontstyle0\">Erdem Toraman, Murat Kumru, and Emre Ozkan. <\/span><strong><span class=\"fontstyle2\">2.5D Object Mapping using Gaussian Processes for Robot Navigation<\/span><span class=\"fontstyle0\">. <\/span><\/strong><em><span class=\"fontstyle3\">IEEE\/RSJ International Conference on Intelligent Robots and Systems (IROS), (Accepted), 2025, Hangzou, China.<\/span><\/em> <\/p>\n<dl>\n<dt>\n<dl>\n<dt><span style=\"color: initial\"><span class=\"fontstyle0\">Kurtulus Kerem Sahin, Ali Emre Balci, and Emre Ozkan. <\/span><strong><span class=\"fontstyle2\">Random Matrix Extended Target Tracking for Trajectory-Aligned and Drifting Targets<\/span><\/strong><span class=\"fontstyle0\">. <\/span><em><span class=\"fontstyle3\">IET Radar, Sonar and Navigation, vol. 18, pp. 2247-2263, 2024<\/span><\/em><\/span><\/dt>\n<dt><\/dt>\n<dt><span class=\"fontstyle0\">Ogul Can Yurdakul, Mehmet Cetinkaya, Enescan Celebi, and Emre Ozkan.\u00a0 <\/span><span class=\"fontstyle2\"><strong>A Rao-Blackwellized Particle Filter for Superelliptical Extended Target Tracking<\/strong>. <\/span><em><span class=\"fontstyle3\">IEEE 27th International Conference on Information Fusion (FUSION), 2024, Venice, Italy<\/span><\/em>\n<p><span class=\"fontstyle0\" style=\"color: initial\">Murat Kumru, and Emre Ozkan, \u00a8 <\/span><span class=\"fontstyle2\" style=\"color: initial\"><strong>Tracking Arbitrarily Shaped Extended Objects Using Gaussian<\/strong> <strong>Processes.<\/strong><\/span><span class=\"fontstyle3\" style=\"color: initial\">\u00a0I<em>EEE 27th International Conference on Information Fusion (FUSION), 2024, Venice, Italy<\/em><\/span><\/p>\n<\/dt>\n<dt><span style=\"color: initial\">Balc\u0131, Ali Emre; Sahin, Kurtulu\u015f Kerem; Kumru, Firat; Pektas, Fatih; \u00d6zkan, Emre; Orguner, Umut.<br \/><\/span><strong style=\"color: initial\">Association and Fusion of Range-Azimuth Tracks. <\/strong><em style=\"color: initial\">25th International Conference on Information Fusion &#8211;\u00a0 July, Link\u00f6ping, Sweden, 2022<\/em><\/dt>\n<dt><\/dt>\n<dt><\/dt>\n<dt><\/dt>\n<\/dl>\n<\/dt>\n<dt>\n<dl>\n<dt><\/dt>\n<dt><\/dt>\n<dt>Bark\u0131n Tuncer, Umut Orguner, and Emre \u00d6zkan.<\/dt>\n<dt><strong>Multi-Ellipsoidal Extended Target Tracking with Variational Bayes Inference. <\/strong><em><span class=\"tp_pub_additional_journal\">IEEE Transactions on Signal Processing, <\/span><span class=\"tp_pub_additional_volume\">vol. 70,\u00a0<\/span><span class=\"tp_pub_additional_pages\">pp. 3921-3934,\u00a0<\/span><span class=\"tp_pub_additional_year\">2022<\/span>.<\/em><strong>\u00a0<\/strong><\/dt>\n<dt><\/dt>\n<dt><span style=\"color: initial\">Murat Kumru, Hilal Koksal, and Emre \u00d6zkan.<br \/><\/span><strong style=\"color: initial\">Variational Measurement Update for Extended Object Tracking Using Gaussian Processes <\/strong><em style=\"color: initial\">IEEE Signal Processing Letters vol. 28, pp. 538-542, 2021<\/em><\/dt>\n<\/dl>\n<\/dt>\n<dt>\n<dl>\n<dt><\/dt>\n<dt>Bark\u0131n Tuncer, and Emre \u00d6zkan.<\/dt>\n<dt><strong>Random Matrix Based Extended Target Tracking with Orientation: A New Model and Inference<\/strong><br \/><em>IEEE Transactions on Signal Processing vol. 69, pp. 1910-1923, 2021<\/em><\/dt>\n<dt>\n<dl>\n<dt><\/dt>\n<dt>Murat Kumru, and Emre \u00d6zkan.<\/dt>\n<dt><strong>Three-Dimensional Extended Object Tracking and Shape Learning Using Gaussian Processes<\/strong><br \/><em>IEEE Transactions on Aerospace and Electronic Systems 57 (5), 2795-2814, 2021<\/em><\/dt>\n<\/dl>\n<\/dt>\n<\/dl>\n<p><span style=\"color: initial\">Bark\u0131n Tuncer, Murat Kumru, and Emre \u00d6zkan.<br \/><\/span><strong style=\"color: initial\"> Extended Target <\/strong><strong style=\"color: initial\">Tracking and Classification Using <\/strong><strong style=\"color: initial\">Neural Networks. <\/strong><em style=\"color: initial\">22nd International Conference on Information Fusion &#8211;\u00a0 July, Ottawa, Canada, 2019<\/em><\/p>\n<\/dt>\n<\/dl>\n<\/dt>\n<\/dl>\n<p>Suleyman F. Kara, Emre Ozkan.<br \/><strong>Multiellipsoidal extended target tracking with known extent using sequential Monte Carlo framework. <\/strong><i>Turkish Journal of Electrical Engineering &amp; Computer Sciences<\/i>\u00a027.2 (2019): 1546-1558.<\/p>\n<\/dt>\n<\/dl>\n<\/dd>\n<dd>Murat Kumru, Emre Ozkan.<br \/><strong>3D Extended Object Tracking Using Recursive Gaussian Processes.<\/strong><br \/><em>21st International Conference on Information Fusion &#8211; 10-13 July, Cambridge, UK, 2018<\/em><\/dd>\n<\/dl>\n<dl>\n<dd>Suleyman F. Kara, Emre Ozkan.<br \/><strong>Multi-Ellipsoidal Extended Target Tracking Using Sequential Monte Carlo. <\/strong><br \/><em>21st International Conference on Information Fusion &#8211; 10-13 July, Cambridge, UK, 2018<\/em><\/dd>\n<\/dl>\n<dl>\n<dd>Bark\u0131n Tuncer, Murat Kumru, Emre \u00d6zkan, A. Ayd\u0131n Alatan.<br \/><strong>Extended Object Tracking and Shape Classification. <\/strong><br \/><em>21st International Conference on Information Fusion &#8211; 10-13 July, Cambridge, UK, 2018<\/em><\/dd>\n<\/dl>\n<dl>\n<dd>Carsten Fritsche, Umut Orguner, Emre \u00d6zkan, Fredrik Gustafsson.<br \/><strong>Marginal Bayesian Bhattacharyya Bounds for Discrete-time Filtering. <\/strong><em>IEEE International Conference on Acoustics, Speech and Signal Processing (ICASSP), 10-20 April, Calgary, Canada, 2018<\/em><\/dd>\n<\/dl>\n<dl>\n<dd>Roth, M., Ardeshiri, T., \u00d6zkan, E., &amp; Gustafsson, F. (2017). <strong>Robust Bayesian Filtering and Smoothing Using Student&#8217;s t Distribution<\/strong>.\u00a0<i>arXiv preprint arXiv:1703.02428<\/i>.<\/dd>\n<\/dl>\n<dl>\n<dd>Pakazad, S. K., \u00d6zkan, E., Fritsche, C., Hansson, A., &amp; Gustafsson, F. (2016). <strong>Distributed Localization of Tree-structured Scattered Sensor Networks<\/strong>.\u00a0<i> arXiv preprint arXiv:1607.04798<\/i>.<\/dd>\n<\/dl>\n<dl>\n<dd>Emre Ozkan, Niklas Wahlstr\u00f6m, Simon J. Godsill. <b>Rao-Blackwellised Particle Filter for Star-convex Extended Target Tracking Models. <\/b><i>Information Fusion (FUSION), 2016 19th International Conference on, 1193-1199, Heidelberg, Germany<\/i>.<\/dd>\n<\/dl>\n<dl>\n<dd>James Murphy, Emre Ozkan, Pete Bunch, Simon J. Godsill. <b>Sparse Structure Inference for Group and Network Tracking. <\/b><i> Information Fusion (FUSION), 2016 19th International Conference on, 1208-1214, Heidelberg, Germany<\/i>.<\/dd>\n<\/dl>\n<dl>\n<dd>Tohid Ardeshiri, Emre \u00d6zkan, Umut Orguner, Fredrik Gustafsson. <b>Approximate Bayesian Smoothing with Unknown Process and Measurement Noise Covariances <\/b><i>IEEE Signal Processing Letters 22 (12), 2450-2454, Dec 2015<\/i>.<\/dd>\n<\/dl>\n<dl>\n<dd>Niklas Wahlstr\u00f6m, and Emre \u00d6zkan. <b>Extended Target Tracking Using Gaussian Processes.<\/b> <i>IEEE Transactions on Signal Processing, 2015, 63.16: 4165-4178<\/i>.<\/dd>\n<\/dl>\n<dl>\n<dd>Emre \u00d6zkan, Fredrik Lindsten, Carsten Fritsche, and Fredrik Gustafsson. <b>Recursive Maximum Likelihood Identification of Jump Markov Nonlinear Systems.\u00a0<\/b><i> IEEE Transactions on Signal Processing, 2015, 63.3: 754-765.<\/i> <a href=\"http:\/\/arxiv.org\/abs\/1312.0781\">[pdf]<\/a>.<\/dd>\n<\/dl>\n<dl>\n<dd>Tohid Ardeshiri, Karl Granstr\u00f6m, Emre \u00d6zkan, and Umut Orguner. <b>Greedy Reduction Algorithms for Mixtures of Exponential Family.<\/b> <i>IEEE Signal Processing Letters<\/i>, vol.22, no.6, pp.676-680, June 2015.<\/dd>\n<\/dl>\n<dl>\n<dd>Emre \u00d6zkan, Vaclav Smidl, Saikat Saha, Christian Lundquist and Fredrik Gustafsson,<b>Marginalized Adaptive Particle Filtering for Non-linear Models with Unknown Time-varying Noise Parameters<\/b>, <em>Automatica <\/em>, 49(6):1566-1575, 2013. <a href=\"http:\/\/users.isy.liu.se\/en\/rt\/emre\/Publications\/OzkanSSLG2013.pdf\">[pdf]<\/a><\/dd>\n<\/dl>\n<dl>\n<dd>Christian Lundquist, Richard Karlsson, Emre \u00d6zkan and Fredrik Gustafsson. <b>Tire Radii Estimation Using a Marginalized Particle Filter.<\/b> <i>IEEE Transactions on Intelligent Transportation Systems<\/i>, 2013.<\/dd>\n<\/dl>\n<dl>\n<dd>Emre \u00d6zkan, I.Y\u00fccel \u00d6zbek, and M\u00fcbeccel Demirekler. <b>Dynamic Speech Spectrum Representation and Tracking Variable Number of Vocal Tract Resonance Frequencies With Timevarying Dirichlet Process Mixture Models.<\/b> <i>IEEE Transactions on Audio, Speech, and Language Processing,<\/i> vol.17, no.8, pp.1518 1532, Nov. 2009.<\/dd>\n<\/dl>\n<dl>\n<dd>Andre R. Braga, Marcelo G.S. Bruno, Emre Ozkan, Carsten Fritsche, and Fredrik Gustafsson.<b>Cooperative Terrain Based Navigation and Coverage Identification Using Consensus<\/b>.\u00a0 <i>IEEE 18th International Conference on Information Fusion (FUSION)<\/i>, 6-9 July 2015, Washington DC, U.S.<\/dd>\n<\/dl>\n<dl>\n<dd>Parinaz Kasebzadeh, Carsten Fritsche, Emre Ozkan, Fredrik Gunnarsson, and Fredrik Gustafsson. <b>Joint Antenna and Propagation Model Parameter Estimation Using RSS Measurements<\/b> Accepted to <i>IEEE 18th International Conference on Information Fusion (FUSION)<\/i>, 6-9 July 2015, Washington DC, U.S.<\/dd>\n<\/dl>\n<dl>\n<dd>Yuxin Zhao, Feng Yin, Fredrik Gunnarsson, Mehdi Amirijoo, Emre Ozkan, and Fredrik Gustafsson. <b>Particle Filtering for Positioning Based on Proximity Reports<\/b>Accepted to <i>IEEE 18th International Conference on Information Fusion (FUSION)<\/i>, 6-9 July 2015, Washington DC, U.S.<\/dd>\n<\/dl>\n<dl>\n<dd>Carsten Fritsche, Emre \u00d6zkan, Umut Orguner and Fredrik Gustafsson. <b>Marginal Weiss-Weinstein Bounds for Discrete-Time Filtering<\/b> <i>Proceedings of IEEE 40th International Conference on Acoustics, Speech and Signal Processing<\/i>, 2015, Brisbane, Australia.<\/dd>\n<\/dl>\n<dl>\n<dd>Carsten Fritsche, Umut Orguner, Emre \u00d6zkan and Fredrik Gustafsson. <b>On the Cramer-Rao Lower Bound under Model Mismatch<\/b> <i>Proceedings of IEEE 40th International Conference on Acoustics, Speech and Signal Processing,<\/i>\u00a0 2015, Brisbane, Australia.<\/dd>\n<\/dl>\n<dl>\n<dd>Carsten Fritsche, Emre Ozkan, Lennart Svensson and Fredrik Gustafsson. <b>A Fresh Look at Bayesian Cramer-Rao Bounds for Discrete-Time Nonlinear Filtering <\/b><i>Proceedings of IEEE 17th International Conference on Information Fusion (FUSION)<\/i>, 7-10 July 2014, Salamanca, Spain.<\/dd>\n<\/dl>\n<dl>\n<dd>Tohid Ardeshiri, and Emre \u00d6zkan. <b>An adaptive PHD filter for tracking with unknown sensor characteristics.<\/b> <i>Proceedings of IEEE 16th International Conference on Information Fusion (FUSION)<\/i>, vol., no., pp.1736,1743, 9-12 July 2013, Istanbul, Turkey.<\/dd>\n<\/dl>\n<dl>\n<dd>Emre \u00d6zkan, Carsten Fritsche, and Fredrik Gustafsson. <b>Online EM algorithm for joint state and mixture measurement noise estimation.<\/b> <i>Proceedings of IEEE 15th International Conference on Information Fusion (FUSION)<\/i>, Singapore, Singapore, 2012.<\/dd>\n<\/dl>\n<dl>\n<dd>Carsten Fritsche, Emre \u00d6zkan, and Fredrik Gustafsson. <b>Online EM algorithm for jump Markov systems.<\/b> <i>Proceedings of IEEE 15th International Conference on Information Fusion (FUSION)<\/i>, Singapore, Singapore, 2012.<\/dd>\n<\/dl>\n<dl>\n<dd>Michael Roth, Emre \u00d6zkan, and Fredrik Gustafsson. <b>A Students t Filter for Heavy Tailed Process and Measurement Noise.<\/b> <i>Proceedings of IEEE 38th International Conference on Acoustics, Speech and Signal Processing<\/i>, Vancouver, Canada, 2013.<\/dd>\n<\/dl>\n<dl>\n<dd>Emre \u00d6zkan, Christian Lundquist, and Fredrik Gustafsson. <b>A Bayesian Approach to Jointly Estimate Tire Radii and Vehicle Trajectory.<\/b> In <em>Proceedings of the International IEEE Conference on Intelligent Transportation Systems<\/em>, Washington, DC, USA, 2011. <a href=\"http:\/\/users.isy.liu.se\/en\/rt\/emre\/Publications\/OzkanLG2011.pdf\">[pdf]<\/a><\/dd>\n<\/dl>\n<dl>\n<dd>Emre \u00d6zkan, Burak Guldogan, Umut Orguner, and Fredrik Gustafsson. <b>Ground Multiple Target Tracking with a Network of Acoustic Sensor Arrays Using PHD and CPHD Filters.<\/b><i>Proceedings of IEEE 14th International Conference on Information Fusion (FUSION)<\/i>, Chicago, U.S., 2011.<\/dd>\n<\/dl>\n<dl>\n<dd>Emre \u00d6zkan, Saikat Saha, Fredrik Gustafsson and Vaclav Smidl. <b>Non-Parametric Bayesian Noise Density Estimation in Non-Linear Filtering.<\/b> <i>Proceedings of IEEE 36th International Conference on Acoustics, Speech and Signal Processing<\/i>, Prague, 2011.<\/dd>\n<\/dl>\n<dl>\n<dd>Saikat Saha, Emre \u00d6zkan, Fredrik Gustafsson and Vaclav Smidl. <b>Marginalized Particle Filters for Bayesian Estimation of Gaussian Noise Parameters.<\/b><i>Proceedings of IEEE 13th International Conference on Information Fusion (FUSION)<\/i>, Edinburgh, UK, 2010. [<a href=\"http:\/\/ieeexplore.ieee.org\/xpls\/abs_all.jsp?arnumber=5712016\">IEEE<\/a>]<\/dd>\n<\/dl>\n<dl>\n<dd>Emre \u00d6zkan, Burak Guldogan, Umut Orguner, and Fredrik Gustafsson. <b>Olasilik Hipotez Yogunlugu S\u00fczgeci kullanarak Akustik Sens\u00f6rlerle Kara Ara\u00e7lari Takibi.<\/b> <i>IEEE 20th Conference on Signal Processing and Communications Applications (SIU),<\/i> 2012.<\/dd>\n<\/dl>\n<dl>\n<dd>Emre \u00d6zkan, and Fredrik Gustafsson. <b>Estimation of Gaussian noise parameters in nonlinear models using particle filters.<\/b> <i>IEEE 19th Conference on Signal Processing and Communications Applications (SIU),<\/i> 2011.<\/dd>\n<\/dl>\n<\/div>\n<\/div>\n","protected":false},"excerpt":{"rendered":"<p>Erdem Toraman, Murat Kumru, and Emre Ozkan. 2.5D Object Mapping using Gaussian Processes for Robot Navigation. IEEE\/RSJ International Conference on Intelligent Robots and Systems (IROS), (Accepted), 2025, Hangzou, China. Kurtulus Kerem Sahin, Ali Emre Balci, and Emre Ozkan. Random Matrix Extended Target Tracking for Trajectory-Aligned and Drifting Targets. IET Radar, Sonar and Navigation, vol. 18, [&hellip;]<\/p>\n","protected":false},"author":4280,"featured_media":0,"parent":0,"menu_order":0,"comment_status":"closed","ping_status":"closed","template":"","meta":{"footnotes":"","_links_to":"","_links_to_target":""},"class_list":["post-9","page","type-page","status-publish","hentry"],"_links":{"self":[{"href":"https:\/\/blog.metu.edu.tr\/emreo\/wp-json\/wp\/v2\/pages\/9","targetHints":{"allow":["GET"]}}],"collection":[{"href":"https:\/\/blog.metu.edu.tr\/emreo\/wp-json\/wp\/v2\/pages"}],"about":[{"href":"https:\/\/blog.metu.edu.tr\/emreo\/wp-json\/wp\/v2\/types\/page"}],"author":[{"embeddable":true,"href":"https:\/\/blog.metu.edu.tr\/emreo\/wp-json\/wp\/v2\/users\/4280"}],"replies":[{"embeddable":true,"href":"https:\/\/blog.metu.edu.tr\/emreo\/wp-json\/wp\/v2\/comments?post=9"}],"version-history":[{"count":0,"href":"https:\/\/blog.metu.edu.tr\/emreo\/wp-json\/wp\/v2\/pages\/9\/revisions"}],"wp:attachment":[{"href":"https:\/\/blog.metu.edu.tr\/emreo\/wp-json\/wp\/v2\/media?parent=9"}],"curies":[{"name":"wp","href":"https:\/\/api.w.org\/{rel}","templated":true}]}}