{"id":23,"date":"2018-04-05T16:31:52","date_gmt":"2018-04-05T16:31:52","guid":{"rendered":"http:\/\/blog.metu.edu.tr\/emrebuk\/?page_id=23"},"modified":"2024-11-20T19:12:48","modified_gmt":"2024-11-20T19:12:48","slug":"group-members","status":"publish","type":"page","link":"https:\/\/blog.metu.edu.tr\/emrebuk\/group-members\/","title":{"rendered":"Group Members"},"content":{"rendered":"\n<div class=\"wp-block-columns is-layout-flex wp-container-core-columns-is-layout-9d6595d7 wp-block-columns-is-layout-flex\">\n<div class=\"wp-block-column is-layout-flow wp-block-column-is-layout-flow\" style=\"flex-basis:100%\">\n<p><span style=\"color: #993300\"><strong>Emre Bukusoglu, Ph.D.<\/strong><\/span><br><em>Principal Investigator<\/em><br>B.S., M.Sc. Chemical Engineering, METU&#8217;08-&#8217;10<br>Ph. D. Chemical Engineering, UW-Madison&#8217;15<span style=\"color: #993300\"><\/span><\/p>\n\n\n\n<div class=\"wp-block-columns is-layout-flex wp-container-core-columns-is-layout-9d6595d7 wp-block-columns-is-layout-flex\">\n<div class=\"wp-block-column is-layout-flow wp-block-column-is-layout-flow\">\n<p><span style=\"color: #993300\"><strong>Cansu Dedeo\u011flu<\/strong><\/span><br><em>M.Sc. Student<\/em><br>B.S. Chemical Engineering, METU&#8217;23<\/p>\n\n\n\n<p><span style=\"color: #993300\"><strong>Cansu Erdil<\/strong><\/span><br><em>M.Sc. Student<\/em><br>B.S. Chemical Engineering, METU&#8217;23<\/p>\n\n\n\n<p><span style=\"color: #993300\"><strong>Pouriya Esmaeilzadeh, Ph.D.<\/strong><\/span><br><em>Postdoctoral Researcher<\/em><br>B.S., M.Sc. Chemical Engineering, Azad University&#8217;09-11<br>Ph. D. Chemical Engineering, Iran U. of Sci. and Tech.&#8217;17<\/p>\n\n\n\n<p><span style=\"color: #993300\"><strong>Ay\u015fe Nurcan \u00d6z\u015fahin I\u015f\u0131lak, M.Sc.<\/strong><\/span><br><em>Ph.D. Student<\/em><br>B.S., M.Sc. Chemical Engineering, METU&#8217;22-&#8217;24<\/p>\n\n\n\n<p><span style=\"color: #993300\"><strong>G\u00fclce \u0130lhan<\/strong><\/span><br><em>M.Sc. Student<\/em><br>B.S. Chemical Engineering, METU&#8217;22<\/p>\n\n\n\n<p><span style=\"color: #993300\"><strong>Deniz Karaman<\/strong><\/span><br><em>M.Sc. Student<\/em><br>B.S. Chemical Engineering, METU&#8217;23<\/p>\n\n\n\n<p><span style=\"color: #993300\"><strong>Asl\u0131 Karausta, M.Sc.<\/strong><\/span><br><em>Ph.D. Student<\/em><br>B.S., M.Sc. Chemical Engineering, METU&#8217;17-&#8217;19<\/p>\n\n\n\n<p><span style=\"color: #993300\"><strong>\u0130rem \u00d6zen<\/strong><\/span><br><em>M.Sc. Student<\/em><br>B.S. Chemical Engineering, METU&#8217;23<\/p>\n\n\n\n<p><strong><mark style=\"background-color:#ffffff\" class=\"has-inline-color has-vivid-red-color\">Alumni<\/mark><\/strong><\/p>\n\n\n\n<p>Burak Akdeniz (2019, <em>Ph.D. U. of <\/em><em>Twente<\/em>)<\/p>\n\n\n\n<p>Ali Akman (2023, <em>now<\/em><em>:&nbsp; U. of Chicago<\/em>)<\/p>\n\n\n\n<p>Deniz I\u015f\u0131nsu Av\u015far (2020, <em>now<\/em><em>: U. of <\/em><em>Luxembourg<\/em>)<\/p>\n\n\n\n<p>Dr. \u00d6zge Bat\u0131r (2023)<\/p>\n\n\n\n<p>Ramazan Umut Din\u00e7 (2022, <em>now<\/em><em>: U. of Eindhoven<\/em>)<\/p>\n\n\n\n<p>Elif Er\u00e7elik (2022, <em>now<\/em><em>:<\/em> <em>Aselsan<\/em>)<\/p>\n\n\n\n<p>Berk Can \u0130\u00e7ten (2023, now: <em>METU<\/em>)<\/p>\n\n\n\n<p>Ceren Kocaman (2022, <em>now<\/em><em>: EPFL<\/em>)<\/p>\n\n\n\n<p>Elif Kurt (2022, <em>now<\/em><em>: U. of Eindhoven<\/em>)<\/p>\n\n\n\n<p>Selin \u015eeng\u00fcl (2021, <em>now<\/em><em>: <\/em><em>Roketsan<\/em>)<\/p>\n<\/div>\n<\/div>\n\n\n\n<p><strong><mark style=\"background-color:#ffffff\" class=\"has-inline-color has-vivid-red-color\">Past Visitors \/ Postdoctoral Researchers<\/mark><\/strong><\/p>\n\n\n\n<p>Dr. Emine Kemiklio\u011flu (&#8217;23-&#8217;24, <em>now: Celal Bayar University<\/em>)<\/p>\n\n\n\n<p>Dr. Selda Sezer (&#8217;21-&#8217;23, <em>now:&nbsp;Turgut \u00d6zal Uni.<\/em>)<\/p>\n<\/div>\n<\/div>\n\n\n\n<p><\/p>\n","protected":false},"excerpt":{"rendered":"<p>Emre Bukusoglu, Ph.D.Principal InvestigatorB.S., M.Sc. Chemical Engineering, METU&#8217;08-&#8217;10Ph. D. Chemical Engineering, UW-Madison&#8217;15 Cansu Dedeo\u011fluM.Sc. StudentB.S. Chemical Engineering, METU&#8217;23 Cansu ErdilM.Sc. StudentB.S. Chemical Engineering, METU&#8217;23 Pouriya Esmaeilzadeh, Ph.D.Postdoctoral ResearcherB.S., M.Sc. Chemical Engineering, Azad University&#8217;09-11Ph. D. Chemical Engineering, Iran U. of Sci. and Tech.&#8217;17 Ay\u015fe Nurcan \u00d6z\u015fahin I\u015f\u0131lak, M.Sc.Ph.D. StudentB.S., M.Sc. Chemical Engineering, METU&#8217;22-&#8217;24 G\u00fclce \u0130lhanM.Sc. StudentB.S. [&hellip;]<\/p>\n","protected":false},"author":5595,"featured_media":0,"parent":0,"menu_order":0,"comment_status":"closed","ping_status":"closed","template":"","meta":{"footnotes":"","_links_to":"","_links_to_target":""},"class_list":["post-23","page","type-page","status-publish","hentry"],"_links":{"self":[{"href":"https:\/\/blog.metu.edu.tr\/emrebuk\/wp-json\/wp\/v2\/pages\/23","targetHints":{"allow":["GET"]}}],"collection":[{"href":"https:\/\/blog.metu.edu.tr\/emrebuk\/wp-json\/wp\/v2\/pages"}],"about":[{"href":"https:\/\/blog.metu.edu.tr\/emrebuk\/wp-json\/wp\/v2\/types\/page"}],"author":[{"embeddable":true,"href":"https:\/\/blog.metu.edu.tr\/emrebuk\/wp-json\/wp\/v2\/users\/5595"}],"replies":[{"embeddable":true,"href":"https:\/\/blog.metu.edu.tr\/emrebuk\/wp-json\/wp\/v2\/comments?post=23"}],"version-history":[{"count":0,"href":"https:\/\/blog.metu.edu.tr\/emrebuk\/wp-json\/wp\/v2\/pages\/23\/revisions"}],"wp:attachment":[{"href":"https:\/\/blog.metu.edu.tr\/emrebuk\/wp-json\/wp\/v2\/media?parent=23"}],"curies":[{"name":"wp","href":"https:\/\/api.w.org\/{rel}","templated":true}]}}