{"id":22,"date":"2018-04-05T16:31:15","date_gmt":"2018-04-05T16:31:15","guid":{"rendered":"http:\/\/blog.metu.edu.tr\/emrebuk\/?page_id=22"},"modified":"2024-11-20T19:14:21","modified_gmt":"2024-11-20T19:14:21","slug":"contact","status":"publish","type":"page","link":"https:\/\/blog.metu.edu.tr\/emrebuk\/contact\/","title":{"rendered":"Contact"},"content":{"rendered":"<p>Department of Chemical Engineering<br \/>\nMiddle East Technical University<\/p>\n<p>Address: Dumlup\u0131nar Bulvar\u0131 No:1<br \/>\nKimya M\u00fchendisli\u011fi B\u00f6l\u00fcm\u00fc<br \/>\n\u00c7ankaya Ankara 06800 Turkey<\/p>\n<p>e-mail: <a href=\"mailto:emrebuk@metu.edu.tr\">emrebuk@metu.edu.tr<\/a><\/p>\n","protected":false},"excerpt":{"rendered":"<p>Department of Chemical Engineering Middle East Technical University Address: Dumlup\u0131nar Bulvar\u0131 No:1 Kimya M\u00fchendisli\u011fi B\u00f6l\u00fcm\u00fc \u00c7ankaya Ankara 06800 Turkey e-mail: emrebuk@metu.edu.tr<\/p>\n","protected":false},"author":5595,"featured_media":0,"parent":0,"menu_order":0,"comment_status":"closed","ping_status":"closed","template":"","meta":{"footnotes":"","_links_to":"","_links_to_target":""},"class_list":["post-22","page","type-page","status-publish","hentry"],"_links":{"self":[{"href":"https:\/\/blog.metu.edu.tr\/emrebuk\/wp-json\/wp\/v2\/pages\/22","targetHints":{"allow":["GET"]}}],"collection":[{"href":"https:\/\/blog.metu.edu.tr\/emrebuk\/wp-json\/wp\/v2\/pages"}],"about":[{"href":"https:\/\/blog.metu.edu.tr\/emrebuk\/wp-json\/wp\/v2\/types\/page"}],"author":[{"embeddable":true,"href":"https:\/\/blog.metu.edu.tr\/emrebuk\/wp-json\/wp\/v2\/users\/5595"}],"replies":[{"embeddable":true,"href":"https:\/\/blog.metu.edu.tr\/emrebuk\/wp-json\/wp\/v2\/comments?post=22"}],"version-history":[{"count":0,"href":"https:\/\/blog.metu.edu.tr\/emrebuk\/wp-json\/wp\/v2\/pages\/22\/revisions"}],"wp:attachment":[{"href":"https:\/\/blog.metu.edu.tr\/emrebuk\/wp-json\/wp\/v2\/media?parent=22"}],"curies":[{"name":"wp","href":"https:\/\/api.w.org\/{rel}","templated":true}]}}