{"id":134,"date":"2016-12-26T15:25:46","date_gmt":"2016-12-26T12:25:46","guid":{"rendered":"http:\/\/blog.metu.edu.tr\/elifs\/?page_id=134"},"modified":"2024-04-03T11:06:27","modified_gmt":"2024-04-03T08:06:27","slug":"ecislab","status":"publish","type":"page","link":"https:\/\/blog.metu.edu.tr\/elifs\/ecislab\/","title":{"rendered":"ECISLab"},"content":{"rendered":"<h6 style=\"text-align: justify\"><strong>Entertainment Computing and Interactive Systems Laboratory &#8211; ECISLab<\/strong><\/h6>\n<h6 style=\"text-align: justify\">METU Entertainment Computing and Interactive Systems Laboratory (ECISLab) was founded in 2016 at METU II. ECISLab focuses on research in the following areas: Serious games, Procedural content generation, Multi-agent and multi-strategy learning, Augmented and mixed reality, Computational intelligence techniques for games, Evolutionary games, Human movement analysis, Machine learning, Reinforcement learning, Computer vision, and Character development and narrative in games<\/h6>\n<h6><strong>Principal Investigator<\/strong><\/h6>\n<h6><a href=\"http:\/\/blog.metu.edu.tr\/elifs\" target=\"_blank\" rel=\"noopener\">Assoc. Prof. Elif Surer<\/a><\/h6>\n<h6><strong>Current Projects<\/strong><\/h6>\n<h6>Local Coordinator and Researcher &#8211; EU Horizon Europe (<a href=\"https:\/\/ufukavrupa.org.tr\/tr\/haberler\/kume-3-toplum-icin-sivil-guvenlik-2023-yili-cagrilari-basvuru-sonuclari-aciklandi\" target=\"_blank\" rel=\"noopener\">Accepted on March 20, 2024<\/a>)<br \/>\nLocal Coordinator and Researcher &#8211; EU UCPM (2024-now)<br \/>\nParticipant and Supervisor Role &#8211; <a href=\"http:\/\/enrichtogether.metu.edu.tr\/\" target=\"_blank\" rel=\"noopener\">ENRICH-TOGETHER<\/a> (2024-now)<br \/>\nResearcher &#8211; METU ADEP II (2024-now)<br \/>\nResearcher &#8211; British Council &#8211; <a href=\"https:\/\/www.britishcouncil.org.tr\/en\/events\/connect4innovation-uk-turkey-higher-education-institutional-partnerships-fund\" target=\"_blank\" rel=\"noopener\">Connect4Innovation: UK-Turkey Higher Education Institutional Partnerships Fund<\/a><br \/>\nResearcher &#8211; TUBITAK 1001 (2022-now)<br \/>\nResearcher &#8211; TUBITAK 1004 (2022-now)<br \/>\nResearcher &#8211; METU ADEP I (2022-now)<br \/>\nResearcher &#8211; EU Quantum Flagship Pilot Project &#8211; <a href=\"https:\/\/qt.eu\/about-quantum-flagship\/projects\/education-coordination-support-actions\/\" target=\"_blank\" rel=\"noopener\">Quantum Technologies Education for Everyone (QUTE4E)<\/a><br \/>\nResearcher &#8211; N\u00d6ROM Neuroscience and Neurotechnology Center of Excellence (2019-now)<br \/>\nLocal Coordinator and Researcher &#8211; EU H2020 &#8211; <a href=\"http:\/\/www.h2020-enotice.eu\/\" target=\"_blank\" rel=\"noopener\">European Network Of CBRN TraIning CEnters (eNOTICE)<\/a><br \/>\nResearcher &#8211; ERC Consolidator Grant &#8211;\u00a0<a href=\"https:\/\/neogene.metu.edu.tr\" target=\"_blank\" rel=\"noopener\">NEOGENE: Archaeogenomic analysis of genetic and cultural interactions in Neolithic Anatolian societies<\/a><br \/>\nResearcher &#8211; EU H2020 &#8211; <a href=\"https:\/\/cordis.europa.eu\/project\/id\/952317\" target=\"_blank\" rel=\"noopener\">NEOMATRIX &#8211; Mapping The Neolithic Expansion In The Mediterranean: A Scientific Collective To Promote Archaeogenomics And Evolutionary Biology Research In Turkey<\/a><br \/>\nResearcher &#8211; TUBITAK 1003 &#8211; The Effect of Parenting Attitudes and Parent-Child Communication Characteristics on Child and Adolescent Development<br \/>\nAdvisory Board &#8211; EU H2020 &#8211; <a href=\"https:\/\/proactive-h2020.eu\/\" target=\"_blank\" rel=\"noopener\">PReparedness against CBRNE threats through cOmmon Approaches between security praCTItioners and the VulnerablE civil society (PROActive)<\/a><\/h6>\n<h6 style=\"text-align: justify\"><strong>Past Projects<\/strong><\/h6>\n<h6>Researcher &#8211; EuropeAid\/162207\/ID\/ACT\/TR &#8211; <a href=\"https:\/\/blog.metu.edu.tr\/mr4ms\/\" target=\"_blank\" rel=\"noopener\">Mixed Reality Application for Improving Mine Safety Culture in Underground Mining &#8211; MR4MS<\/a><br \/>\nResearcher &#8211; Ankara Regional Innovation Strategy &#8211; Establishing Creative Industries Design and Training Center and Developing Digital Game Industry Capacity in Ankara<br \/>\nPrincipal Investigator &#8211; Joint BAP Project with Assoc. Prof. \u0130pek G\u00fcrsel Dino<br \/>\nResearcher &#8211; Joint BAP Project\u00a0with Assoc. Prof. \u0130pek G\u00fcrsel Dino (PI: Assoc. Prof. \u0130pek G\u00fcrsel Dino)<br \/>\nResearcher &#8211; Joint BAP-1 Project\u00a0in collaboration with Virtual Reality and Computer Vision Group<br \/>\nResearcher &#8211; Joint BAP-1 Project in collaboration with METU CENG<br \/>\nResearcher &#8211;\u00a0T\u00dcB\u0130TAK 2232 Reintegration Research Fellowship Program &#8211; 15\/07\/2015 &#8211;\u00a0 15\/07\/2017<br \/>\nResearcher &#8211; EU FP7 &#8211; <a href=\"https:\/\/sites.google.com\/site\/projectrewire\/\" target=\"_blank\" rel=\"noopener\">Rehabilitative Wayout in Responsive Home Environments (REWIRE)<\/a> &#8211; 31\/01\/2013 &#8211; 31\/01\/2015<br \/>\nResearcher &#8211; Regione Sardegna RAS 2008 \u2013 Researcher \u2013 A Canine Gait Analysis Protocol For The Assessment Of Lumbosacral Stenosis In German Shepherd Dogs \u2013 1\/06\/2011 &#8211; 1\/12\/2012<\/h6>\n<h6><strong>Graduates &#8211; Completed Theses<\/strong><\/h6>\n<h6 style=\"text-align: justify\">2023 &#8211; Ege Yosunkaya (Advisor: Assoc. Prof. Elif S\u00fcrer, Co-Advisor: Asst. Prof. Hasan Onur Kele\u015f)<br \/>\n2023 &#8211; Hanifi Tu\u011f\u015fad Kaya (Advisor: Asst. Prof. Aybar Can Acar, Co-Advisor: Assoc. Prof. Elif S\u00fcrer)<br \/>\n2023 &#8211; \u00d6mer Faruk Karakaya (Advisor: Assoc. Prof. Elif S\u00fcrer, Co-Advisor: Assoc. Prof. Aysu Betin-Can)<br \/>\n2023 &#8211; Elif Hilal Korkut<br \/>\n2023 &#8211; Mehmet Ali Arabac\u0131 (Advisor: Prof. Alptekin Temizel, Co-Advisor: Assoc. Prof. Elif S\u00fcrer)<br \/>\n2022 &#8211; Sinan Ar\u0131y\u00fcrek (Advisor: Assoc. Prof. Elif S\u00fcrer, Co-Advisor: Assoc. Prof. Aysu Betin-Can)<br \/>\n2022 &#8211; Furkan Y\u00fccel (Advisor: Assoc. Prof. Elif S\u00fcrer, Co-Advisor: Assoc. Prof. Nejan Huvaj Sar\u0131han)<br \/>\n2021 &#8211; Onur Tekik (Advisor: Assoc. Prof. Aysu Betin-Can, Co-Advisor: Asst. Prof. Elif S\u00fcrer)<br \/>\n2021 &#8211; B\u00fc\u015fra \u015eenderin (Advisor: Asst. Prof. Elif S\u00fcrer, Co-Advisor: Assoc. Prof. Nurcan Tun\u00e7ba\u011f)<br \/>\n2021 &#8211; Burak Altan<br \/>\n2021 &#8211; Faruk K\u00fc\u00e7\u00fcksuba\u015f\u0131<br \/>\n2021 &#8211; \u015eura Gen\u00e7 (Advisor: Asst. Prof. Elif S\u00fcrer, Co-Advisor: Asst. Prof. Murat Perit \u00c7ak\u0131r)<br \/>\n2021 &#8211; Servet G\u00fcrer (Advisor: Asst. Prof. Mustafa Erkayao\u011flu, Co-Advisor: Asst. Prof. Elif S\u00fcrer)<br \/>\n2020 &#8211; O\u011fuzcan Y\u0131ld\u0131r\u0131m<br \/>\n2020 &#8211; \u015eahin Ak\u0131n (Advisor: Assoc. Prof. \u0130pek G\u00fcrsel Dino, Co-Advisor: Asst. Prof. Elif S\u00fcrer)<br \/>\n2019 &#8211; Hasane Ceren Cindio\u011flu (Advisor: Assoc. Prof. \u0130pek G\u00fcrsel Dino, Co-Advisor: Asst. Prof. Elif S\u00fcrer)<br \/>\n2019 &#8211; O\u011fuzcan Erg\u00fcn (Advisor: Asst. Prof. Elif S\u00fcrer, Co-Advisor: Assoc. Prof. \u0130pek G\u00fcrsel Dino)<br \/>\n2018 &#8211; Dilay Seda \u00d6zgen (Advisor: Assoc. Prof. Yasemin Afacan, Co-Advisor: Asst. Prof. Elif S\u00fcrer)<br \/>\n2017 &#8211; Ali Kaan Sungur<br \/>\n2017 &#8211; Umut Demirel (Advisor: Assoc. Prof. H\u00fcseyin Hac\u0131habibo\u011flu, Co-Advisor: Asst. Prof. Elif S\u00fcrer)<br \/>\n2017 &#8211; Fatih \u00d6zkan (Advisor: Assoc. Prof. Alptekin Temizel, Co-Advisor: Asst. Prof. Elif S\u00fcrer)<br \/>\n2017 &#8211; G\u00f6khan Y\u0131lmaz (Advisor: Assoc. Prof. Alptekin Temizel, Co-Advisor: Asst. Prof. Elif S\u00fcrer)<\/h6>\n<h6><strong>External Collaborations<br \/>\n<\/strong><br \/>\n<a href=\"https:\/\/dschool.stanford.edu\/programs\/university-innovation\" target=\"_blank\" rel=\"noopener\">Stanford University &#8211; University Innovation Fellows<\/a><br \/>\n<a href=\"https:\/\/www.univie.ac.at\/en\/\" target=\"_blank\" rel=\"noopener\">University of Vienna<\/a><br \/>\n<a href=\"https:\/\/www.bradford.ac.uk\/external\/\" target=\"_blank\" rel=\"noopener\">University of Bradford<\/a><br \/>\n<a href=\"https:\/\/www.unimi.it\/it\" target=\"_blank\" rel=\"noopener\">University of Milan<\/a><br \/>\n<a href=\"https:\/\/www.uniss.it\/\" target=\"_blank\" rel=\"noopener\">University of Sassari<\/a><br \/>\n<a href=\"https:\/\/web.uniroma2.it\/home\/newlang\/italiano\" target=\"_blank\" rel=\"noopener\">University of Rome Tor Vergata<\/a><br \/>\n<a href=\"https:\/\/www.unito.it\/\" target=\"_blank\" rel=\"noopener\">University of Turin<\/a><br \/>\n<a href=\"https:\/\/www.mines.edu\/\" target=\"_blank\" rel=\"noopener\">Colorado School of Mines<\/a><br \/>\n<a href=\"https:\/\/www.h2020-enotice.eu\/static\/partner.html\" target=\"_blank\" rel=\"noopener\">eNOTICE Consortium<\/a><\/h6>\n","protected":false},"excerpt":{"rendered":"<p>Entertainment Computing and Interactive Systems Laboratory &#8211; ECISLab METU Entertainment Computing and Interactive Systems Laboratory (ECISLab) was founded in 2016 at METU II. ECISLab focuses on research in the following areas: Serious games, Procedural content generation, Multi-agent and multi-strategy learning, Augmented and mixed reality, Computational intelligence techniques for games, Evolutionary games, Human movement analysis, Machine&hellip; <a href=\"https:\/\/blog.metu.edu.tr\/elifs\/ecislab\/\">Read More<\/a><\/p>\n","protected":false},"author":3399,"featured_media":0,"parent":0,"menu_order":0,"comment_status":"closed","ping_status":"closed","template":"","meta":{"footnotes":"","_links_to":"","_links_to_target":""},"class_list":["post-134","page","type-page","status-publish","hentry"],"_links":{"self":[{"href":"https:\/\/blog.metu.edu.tr\/elifs\/wp-json\/wp\/v2\/pages\/134","targetHints":{"allow":["GET"]}}],"collection":[{"href":"https:\/\/blog.metu.edu.tr\/elifs\/wp-json\/wp\/v2\/pages"}],"about":[{"href":"https:\/\/blog.metu.edu.tr\/elifs\/wp-json\/wp\/v2\/types\/page"}],"author":[{"embeddable":true,"href":"https:\/\/blog.metu.edu.tr\/elifs\/wp-json\/wp\/v2\/users\/3399"}],"replies":[{"embeddable":true,"href":"https:\/\/blog.metu.edu.tr\/elifs\/wp-json\/wp\/v2\/comments?post=134"}],"version-history":[{"count":0,"href":"https:\/\/blog.metu.edu.tr\/elifs\/wp-json\/wp\/v2\/pages\/134\/revisions"}],"wp:attachment":[{"href":"https:\/\/blog.metu.edu.tr\/elifs\/wp-json\/wp\/v2\/media?parent=134"}],"curies":[{"name":"wp","href":"https:\/\/api.w.org\/{rel}","templated":true}]}}