{"id":128,"date":"2016-12-26T15:11:18","date_gmt":"2016-12-26T12:11:18","guid":{"rendered":"http:\/\/blog.metu.edu.tr\/elifs\/?page_id=128"},"modified":"2024-02-23T16:38:57","modified_gmt":"2024-02-23T13:38:57","slug":"courses","status":"publish","type":"page","link":"https:\/\/blog.metu.edu.tr\/elifs\/courses\/","title":{"rendered":"Courses"},"content":{"rendered":"<h6><strong>SPRING Semester<\/strong><\/h6>\n<h6>MMI 716 Game Programming Patterns <strong>(NEW)<\/strong><\/h6>\n<h6>MMI 706 Reinforcement Learning<\/h6>\n<p>&#8212;<\/p>\n<h6><strong>FALL Semester<\/strong><\/h6>\n<h6>DI 728 Data Analytics Applications in Gaming and Entertainment <strong>(NEW)<\/strong><\/h6>\n<h6>MMI 505 Game Development Pipeline<\/h6>\n<h6>\u00a0&#8212;<\/h6>\n<h6>MMI 702 Machine Learning for Multimedia Informatics<\/h6>\n<h6>Mentor @ Interdisciplinary Design Studio<\/h6>\n<h6><a href=\"https:\/\/komunite.com.tr\/bootcamp\" target=\"_blank\" rel=\"noopener\">FireUp Creator Bootcamp &#8211; 2023<\/a><\/h6>\n<h6><a href=\"https:\/\/gimer.metu.edu.tr\/en\/announcement\/fire-changemakers-program-2022\" target=\"_blank\" rel=\"noopener\">Fire Up Changemakers Program &#8211; 2022<\/a><\/h6>\n<h6>MMI 541 Physics for Computer Games<\/h6>\n<h6>MMI 590 Graduate Seminar<\/h6>\n<h6>ARME 707 Digital Archaeology of the Neolithic Transition<\/h6>\n<h6>MMI 704 Motion Capture, Analysis and Synthesis<\/h6>\n<h6>MMI 727 Deep Learning: Methods and Applications (with Assoc. Prof. Alptekin Temizel)<\/h6>\n<h6>MMI 700 Research Methods (with Assoc. Prof. Alptekin Temizel)<\/h6>\n<h6>MMI 700 Research Methods (with Assoc. Prof. H\u00fcseyin Hac\u0131habibo\u011flu)<\/h6>\n","protected":false},"excerpt":{"rendered":"<p>SPRING Semester MMI 716 Game Programming Patterns (NEW) MMI 706 Reinforcement Learning &#8212; FALL Semester DI 728 Data Analytics Applications in Gaming and Entertainment (NEW) MMI 505 Game Development Pipeline \u00a0&#8212; MMI 702 Machine Learning for Multimedia Informatics Mentor @ Interdisciplinary Design Studio FireUp Creator Bootcamp &#8211; 2023 Fire Up Changemakers Program &#8211; 2022 MMI&hellip; <a href=\"https:\/\/blog.metu.edu.tr\/elifs\/courses\/\">Read More<\/a><\/p>\n","protected":false},"author":3399,"featured_media":0,"parent":0,"menu_order":0,"comment_status":"closed","ping_status":"closed","template":"","meta":{"footnotes":"","_links_to":"","_links_to_target":""},"class_list":["post-128","page","type-page","status-publish","hentry"],"_links":{"self":[{"href":"https:\/\/blog.metu.edu.tr\/elifs\/wp-json\/wp\/v2\/pages\/128","targetHints":{"allow":["GET"]}}],"collection":[{"href":"https:\/\/blog.metu.edu.tr\/elifs\/wp-json\/wp\/v2\/pages"}],"about":[{"href":"https:\/\/blog.metu.edu.tr\/elifs\/wp-json\/wp\/v2\/types\/page"}],"author":[{"embeddable":true,"href":"https:\/\/blog.metu.edu.tr\/elifs\/wp-json\/wp\/v2\/users\/3399"}],"replies":[{"embeddable":true,"href":"https:\/\/blog.metu.edu.tr\/elifs\/wp-json\/wp\/v2\/comments?post=128"}],"version-history":[{"count":0,"href":"https:\/\/blog.metu.edu.tr\/elifs\/wp-json\/wp\/v2\/pages\/128\/revisions"}],"wp:attachment":[{"href":"https:\/\/blog.metu.edu.tr\/elifs\/wp-json\/wp\/v2\/media?parent=128"}],"curies":[{"name":"wp","href":"https:\/\/api.w.org\/{rel}","templated":true}]}}