{"id":30,"date":"2019-01-10T15:32:44","date_gmt":"2019-01-10T15:32:44","guid":{"rendered":"http:\/\/blog.metu.edu.tr\/elifoguz\/?page_id=30"},"modified":"2023-02-18T15:23:19","modified_gmt":"2023-02-18T15:23:19","slug":"activities","status":"publish","type":"page","link":"https:\/\/blog.metu.edu.tr\/elifoguz\/activities\/","title":{"rendered":"Professional Activities"},"content":{"rendered":"<p><strong>P29. Invited Speaker, 2022<\/strong><\/p>\n<p>MARENTECH EXPO \u2013 1st International Marine Energy Technologies Fair and Conference, 26-28 October 2022, \u0130zmir, Turkey. Session 5: Offshore Wind Academical Studies, 27 October 2022, 15:00.<\/p>\n<p><strong>P28. Chairman <\/strong>of\u00a0<em>\u2018Session 1.6\u00a0 Offshore Renewable Energy\u2019<\/em>\u00a0with\u00a0<strong>Dr. <\/strong><strong>I. Catipovic<\/strong><em>,<\/em>\u00a0Sustainable Development and Innovations in Marine Technologies, 19th Congress of International Maritime Association of the Mediterranean 26-29 September 2022, \u0130stanbul, Turkey.<\/p>\n<p><strong>P27. I<\/strong><strong>nternational Congress Organising Committee Member,<\/strong>\u00a02022<\/p>\n<p>Organization Board Membership: \u201cThe 19th International Congress of International Maritime Association of the Mediterranean, IMAM 2022 Congress\u201d, Istanbul Technical University, Turkey, 26-29 September 2022. https:\/\/imam2022.itu.edu.tr\/<\/p>\n<p><strong>P26. Invited Speaker,<\/strong> 2022<\/p>\n<p>&#8220;G\u00fcney Marmara Deniz\u00fcst\u00fc R\u00fczgar Enerjisi Online Semineri \/ G\u00fcney Marmara&#8217;da Deniz\u00fcst\u00fc R\u00fczgar Enerjisi i\u00e7in Uygun Yer Se\u00e7imi ve T\u00fcrkiye&#8217;de DRES i\u00e7in ihtiya\u00e7lar&#8221;, 24 May\u0131s 2022 saat 14:00.<\/p>\n<p><strong>P25. <em>Chairman <\/em><\/strong>of <em>&#8216;Renewable energy&#8217; <\/em>session with <em><strong>Dr Emre Uzuno\u011flu<\/strong><\/em> from Center for Marine Technology and Ocean Engineering, Instituto Superior Technico (CENTEC), Lisbon, Portugal at the 2<sup>nd\u00a0<\/sup>International Congress on Ship and Marine Technology, 16-17 September 2021, \u0130stanbul, Turkey.<\/p>\n<p><strong>P24. I<\/strong><strong>nternational Conference Organising Committee Member,<\/strong>\u00a02022<\/p>\n<p>14th International Conference on Hydroscience and Engineering (ICHE2022), Scientific Committe Member (https:\/\/www.iche2022.org\/)<\/p>\n<p><strong>P23. Jury member of Internal and External MSc &amp; PhD students: :\u00a0<\/strong><\/p>\n<ol>\n<li>Examinee: Mehmet Ali \u00c7etinta\u015f, <em><strong>MSc thesis<\/strong> title: \u2018 Investigation of Interaction Between Pressure Relief Valve and Turbines During a Transient Flow in a Hydropower Plant&#8217;<\/em>, 11 February 2022.<\/li>\n<li>Examinee: Muhammed Serdar Avc\u0131, <em><strong>MSc thesis<\/strong> title: \u2018 Flood Control Optimization With Chance Constrained Approach&#8217;<\/em>, 11 February 2022.<\/li>\n<li>Examinee: Neslihan P\u0131nar G\u00f6dek, <em><strong>MSc thesis<\/strong> title: \u2018 Investigation of the Effects of Uncertainities of Inflow Hydrograph and Dam Breach Geometry on Outflow Hydrograph&#8217;<\/em>, 8 November 2021.<\/li>\n<li>Examinee: Emre Hesap, <em><strong>MSc thesis<\/strong> title: \u2018 Numerical Investigation of Coherent Structures Forming Around Bridge Piers Sitting on an Inclined Surface&#8217;<\/em>, 5 November 2021.<\/li>\n<li>Examinee: Buse Ecem Ak\u00e7or, <em><strong>MSc thesis<\/strong> title: \u2018 Computer Aided Flow Analysis Through Culverts and<br \/>\nDiversion Tunnels&#8217;<\/em>, 14 July 2021.<\/li>\n<li>Examinee: Hasan H\u00fcseyin Y\u0131ld\u0131r\u0131m,\u00a0<em><strong>MSc thesis<\/strong> title: \u2018Numerical Solution to Kinematic Wave Equation for Surface Runoff Analysis Using Satellite Based DEM Data\u2018<\/em>, 23 September 2020.<\/li>\n<li>Examinee: \u00d6mer Faruk Akbulut, <em><strong>PhD thesis<\/strong> title: \u2018Interaction Between Bridge Abutment and Pier concerning Local Scour\u2018<\/em>, 17 August 2020.<\/li>\n<li>Examinee: Saber Topraghghaleh, <em><strong>MSc thesis<\/strong> title: \u2018Software Development for Analyzing Fluid Transients in Pipelines\u2018<\/em>, 5 August 2020.<\/li>\n<li>Examinee: Keriman O\u011fuz, <em><strong>MSc thesis<\/strong> title: \u2018Aerodynamic Optimization of Horizontal Axis Wind Turbine Blades by using CST Method, BEM Theory and Genetic Algorithm\u2019<\/em>. 16 December 2019. <em>ODT\u00dc R\u00dcZGEM.<\/em><\/li>\n<li>Examinee: Kutay Y\u0131lmaz, <em><strong>PhD thesis<\/strong> title: \u2018&#8221;Hydraulic Characteristics of Modified Tyrolean Type Intakes&#8221;<\/em>, 13 December 2019.<\/li>\n<li>Examinee: \u00c7a\u011fr\u0131 Erdem, <em><strong>MSc thesis<\/strong> title: \u2018Investigation of Water Hammer Problems and Potential Solutions In Pump Discharge Lines\u2018<\/em>, 12 December 2019.<\/li>\n<li>Examinee: Ozan Kesikba\u015f, <em><strong>MSc thesis<\/strong> title: \u2018Investigations of Upscaling Effects for Aerodynamic Design of Large Wind Turbine Rotors by Using BEM Theory and Optimization\u2019<\/em>. 13 September 2019. <em>ODT\u00dc R\u00dcZGEM.<\/em><\/li>\n<li>Examinee: Can Metin S\u00f6nmez, <em><strong>MSc thesis<\/strong> title: \u2018Effect of Approach Channel Shape on the Formation of Vortices at Single-Horizontal Intakes\u2019<\/em>. 6 September 2019.<\/li>\n<li>Examinee: \u00c7a\u011fla Irmak \u00dcnal, <em><strong>MSc thesis<\/strong> title: \u2018Two-Dimensional Dam Break Analyses of Berdan Dam\u2019<\/em>. 4 September 2019.<\/li>\n<li>Examinee: U\u011fra\u015f Sidar G\u00fcl, <em><strong>MSc thesis<\/strong> title: \u2018A case study for Calculating and Reporting the Uncertanity Budget of 1 and 2 Dimensional Combined Hydraulic Model\u2019<\/em>. 29 August 2019.<\/li>\n<li>Examinee : Efe Barbaros, <em><strong>MSc thesis<\/strong> title: \u2018Feasibility of Pumped-Storage Hydraulics Systems Based on Hourly Variation of Electricity Prices\u2019<\/em>. 22 July 2019.<\/li>\n<li>Examinee : Abiddin Berhan Melek, <strong><em>PhD Proficiency<\/em><\/strong> <em>Exam, 27 May 2019.<\/em><\/li>\n<\/ol>\n<p><em><strong>P22. Chairman<\/strong> <\/em>of <em>&#8216;Session 2.1\u00a0 Offshore renewable energy &amp; coastal development&#8217;<\/em> with <em><strong>Dr S. Moncheva<\/strong>,<\/em> Sustainable Development and Innovations in Marine Technologies, 18th Congress of International Maritime Association of the Mediterranean 9-11 September 2019, Varna, Bulgaria.<\/p>\n<p><strong>P21.<\/strong><em><strong> Chairman<\/strong><\/em>of <em>&#8216;Session 2.3\u00a0 Offshore renewable energy&#8217;<\/em> with <em><strong>N. Markov<\/strong>,<\/em> Sustainable Development and Innovations in Marine Technologies, 18th Congress of International Maritime Association of the Mediterranean 9-11 September 2019, Varna, Bulgaria.<\/p>\n<p><strong>P20. Technical Committee Member<\/strong><br \/>\nIn September 2018, I was appointed to an ISSC Specialist Committee on \u2018Offshore Renewable Energy\u2019 for a duration of three years.<\/p>\n<p><strong>P19. Organization Board Membership<\/strong>: \u201cWorkshop on Offshore Wind and Wave Energy for Turkey\u201d, Middle East Technical University (METU), Ankara, 11-14 September 2017.<\/p>\n<p><strong>P18. SHIPLYS: Workshop at ASTANDER shipyard<\/strong>, 1-2 March 2017<br \/>\nAttendance at workshop and technical visit activities organised by Astander (Astilleros de Santander, Spain).<\/p>\n<p><strong>P17. HORIZON 2020 EU Project Second Half-yearly Consortium Meeting and Technical visit to Ferguson Shipyard, Organizing Committee Member,<\/strong> 2017<br \/>\nOrganization Board Membership: \u201cShip Lifecycle Software Solutions (SHIPLYS)\u201d, HORIZON 2020 EU Project 2nd Meeting. 25-26th April 2017, Glasgow, Technology Innovation Center, University of Strathclyde, UK.<\/p>\n<p><strong>P16. Athena SWAN Self-Assessment Team member,<\/strong> 2016<br \/>\nUniversity of Strathclyde, Glasgow, UK.<\/p>\n<p><strong>P15. Workshop for Industry,<\/strong> 2016<br \/>\nA workshop presenting the INNOVATE UK Project (TLPWIND UK: Driving the cost down of offshore wind in UK Waters) to renewable energy industry on 23\/06\/2016, at the Kelvin Hydrodynamics Laboratory, Glasgow, UK.<\/p>\n<p><strong>P14. 8th International Collegiate Snow Sculpture Contest,<\/strong> 2016<br \/>\n4-7th January 2016, Harbin, China (Team leader).<\/p>\n<p><strong>P13. Workshop for Ocean Renewable Energy,<\/strong> 2016<br \/>\n7th January, 2016, Harbin Engineering University, Harbin, China.<\/p>\n<p><strong>P12. International Maritime Academic Collaboration Workshop on Renewable Energy,<\/strong> 2014<br \/>\nAttendance at workshop and academic exchange activities organised by ClassNK (Nippon Kaiji Kyokai) and the College of Science and Technology (CST), 3rd to 10th August 2014, Funabashi Campus, ClassNK and Kobe University, Japan. (Visited other international research groups and Kawasaki Heavy Industry).<\/p>\n<p><strong>P11. International Workshop Organising Committee Member,<\/strong> 2013<br \/>\nOrganization Board Membership: \u201cJoint Workshop on Technologies to Reduce Risks in Shipping\u201d, Istanbul Technical University, Turkey, 3rd May, 2013. This workshop is supported by the University of Strathclyde, Istanbul Technical University and Lloyd&#8217;s Register.<\/p>\n<p><strong>P10. International Symposium Organising Committee Member,<\/strong> 2012<br \/>\nOrganization Board Membership: \u201cThe 3rd European Offshore Mechanics Symposium ISOPE-EUROMS\u201d, Istanbul Technical University, Turkey, 25-27th June 2012.<\/p>\n<p><strong>P9. Editorship of the Proceedings of International Offshore Mechanics Symposium ISOPE-EUROMS,<\/strong> 2012, 25-27 June 2012, Istanbul, Turkey.<\/p>\n<p><strong>P8. EU-FP7 Project 2nd Meeting Organizing Committee Member,<\/strong> 2012<br \/>\nOrganization Board Membership: \u201cInnovative Multi-purpose off-shore platforms: planning, design and operation (MERMAID)\u201d, EU-FP7 Project 2nd Meeting. 24-26th September 2012, Istanbul Technical University, Turkey.<\/p>\n<p><strong>P7. Working as a Crew Scientist for two weeks: Field study, NASA,<\/strong>\u00a01-16 February 2014<br \/>\nI was involved in the \u2018Mars Desert Research Station Reliability and Redundancy of Extreme Environment Habitat Structures and Power System Martian Bases\u2019 project which was supported by NASA and Mars Society. I took part in 7 experiments during my stay in Utah Desert in the US and worked as a crew scientist. Our science journalist Tereza Pultarova and Filip Koubek also made a documentary about this research.<\/p>\n<p><strong>P6. Field study in Ayvalik Bay,<\/strong> December 2009<br \/>\nDuring this field study, we worked as a team with the aim of generating a joint scientific research project and submitting our work to a journal within one year. Our paper entitled \u201cNumerical Modeling and Site Investigation on Water Body Movements in Ayvalik Bay, Turkey\u201d was indeed drawn from the collaborative work of this field study.<\/p>\n<p><strong>P5. In-situ measurements, <\/strong>August2007<br \/>\nI took in part in situ measurements in order to investigate the coastal area usage diversity and related problems in the Bosphorus and in the Golden Horn, Istanbul.<\/p>\n<p><strong>P4. The Publishing Challenge Workshop<\/strong> 2017, University of Strathclyde<br \/>\nThe Publication Challenge focused on improving the quality and quantity of publications. This workshop was organised to share best practice from across the Faculty to give staff a series of workshops focusing on key aspects of academic publishing.<\/p>\n<p><strong>P3. Teaching, Learning &amp; Assessment within the disciplines: Academic staff,<\/strong> University of Strathclyde (2017)<br \/>\nThis four days training provided me a pedagogical theory and practice to develop and challenge my understandings of teaching, learning and assessment in Higher Education.<\/p>\n<p><strong>P2. STEP session on Assignment for Teaching staff,<\/strong> University of Strathclyde (2016)<br \/>\nThis course was delivered by Robina Nicholson from Education Enhancement Team (Organisational and Staff Development Unit).<\/p>\n<p><strong>P1. Enterprise Academy by University of Strathclyde at the Beardmore Hotel and Conference Centre,<\/strong> 19-21 March, 2013<br \/>\nThis was an intensive skills development programme for postgraduate researchers and early career research staff including a three day fully-funded residential training element. This course was designed to allow participants to explore, develop and practise career enhancing skills and to discover entrepreneurship through interdisciplinary group work by providing networking opportunities.<\/p>\n","protected":false},"excerpt":{"rendered":"<p>P29. Invited Speaker, 2022 MARENTECH EXPO \u2013 1st International Marine Energy Technologies Fair and Conference, 26-28 October 2022, \u0130zmir, Turkey. Session 5: Offshore Wind Academical Studies, 27 October 2022, 15:00. P28. Chairman of\u00a0\u2018Session 1.6\u00a0 Offshore Renewable Energy\u2019\u00a0with\u00a0Dr. I. Catipovic,\u00a0Sustainable Development and Innovations in Marine Technologies, 19th Congress of International Maritime Association of the Mediterranean 26-29 [&hellip;]<\/p>\n","protected":false},"author":6009,"featured_media":0,"parent":0,"menu_order":0,"comment_status":"closed","ping_status":"closed","template":"","meta":{"footnotes":"","_links_to":"","_links_to_target":""},"class_list":["post-30","page","type-page","status-publish","hentry"],"_links":{"self":[{"href":"https:\/\/blog.metu.edu.tr\/elifoguz\/wp-json\/wp\/v2\/pages\/30","targetHints":{"allow":["GET"]}}],"collection":[{"href":"https:\/\/blog.metu.edu.tr\/elifoguz\/wp-json\/wp\/v2\/pages"}],"about":[{"href":"https:\/\/blog.metu.edu.tr\/elifoguz\/wp-json\/wp\/v2\/types\/page"}],"author":[{"embeddable":true,"href":"https:\/\/blog.metu.edu.tr\/elifoguz\/wp-json\/wp\/v2\/users\/6009"}],"replies":[{"embeddable":true,"href":"https:\/\/blog.metu.edu.tr\/elifoguz\/wp-json\/wp\/v2\/comments?post=30"}],"version-history":[{"count":0,"href":"https:\/\/blog.metu.edu.tr\/elifoguz\/wp-json\/wp\/v2\/pages\/30\/revisions"}],"wp:attachment":[{"href":"https:\/\/blog.metu.edu.tr\/elifoguz\/wp-json\/wp\/v2\/media?parent=30"}],"curies":[{"name":"wp","href":"https:\/\/api.w.org\/{rel}","templated":true}]}}