{"id":24,"date":"2018-12-06T15:39:00","date_gmt":"2018-12-06T15:39:00","guid":{"rendered":"http:\/\/blog.metu.edu.tr\/elifoguz\/?page_id=24"},"modified":"2022-05-30T15:02:25","modified_gmt":"2022-05-30T15:02:25","slug":"projects","status":"publish","type":"page","link":"https:\/\/blog.metu.edu.tr\/elifoguz\/projects\/","title":{"rendered":"Projects"},"content":{"rendered":"<ol>\n<li>\n<p>EU-COST Action OC-2020-1-24806, \u201cOFF SOURCE: Offshore freshened groundwater: An unconventional water resource in coastal regions?\u201d, (2022-2026).<\/p>\n<\/li>\n<li>\n<p>&#8220;Hydrokinetic Turbine Design &#8211; Operates Efficiently at Low Velocity Flows&#8221;, (Funded by Middle East Technical University, BAP\u2013Scientific Research Project, Project Code: GAP-303-2022-10895), Project Duration: 17.01.2022 \u2013 17.01.2024 (24 months), Elif O\u011fuz (Principal Investigator).<\/p>\n<\/li>\n<li>\n<p>&#8220;Multi-Purpose Floating Solar Power Plant (FloSoWer)&#8221;, (Funded by T\u00dcB\u0130TAK-MSRT International Bilateral Joint Cooperation Program), 2021-2023. Elif O\u011fuz (Principal Investigator), Ra\u015fit Turan, Nejan Huvaj, Mahdi Khorasanchi (Principal Investigator), Sharif University of Technology, Iran.<\/p>\n<\/li>\n<li>&#8220;Floating Hybrid Renewable Energy Systems for Turkey&#8221; (Funded by UK Newton Fund, Institutional Links Grant), 2021-2023. Nejan Huvaj (Principal Investigator), Ra\u015fit Turan, Elif O\u011fuz, Ashraf Osman (Principal Investigator), University of Durham, UK.<\/li>\n<li>&#8220;Offshore Wind Farms Large-Scale Integration in Turkey (WindFlag)&#8221;, University Of Aalborg-Denmark (Coordinator), (funded by Ministry of Foreign Affairs of Denmark, DANIDA Fellowship Center), 2020-2023. https:\/\/www.et.aau.dk\/research-programmes\/microgrids\/activities\/windflag\/<\/li>\n<li>EU HORIZON 2020 Project, &#8220;Ship Lifecycle Software Solutions (SHIPLYS)&#8221; (09\/2016-08\/2018). http:\/\/www.shiplys.com\/<\/li>\n<li>INNOVATE UK Project, &#8220;TLPWIND UK: Driving the cost down of offshore wind in UK Waters&#8221; (2014-2016).\u00a0 https:\/\/gtr.ukri.org\/projects?ref=101969<\/li>\n<li>&#8220;Reliability and Redundancy of Extreme Environmental Habitat Structures and Power Systems (abbreviated as RAR Mission)&#8221; MDRS (Mars Desert Research Station) Project (supported by NASA and Mars Society).<\/li>\n<li>EU FP7 Project, &#8220;Innovative Multi-purpose offshore platforms: planning, design and operation (MERMAID)&#8221;, (2011-2012). http:\/\/www.vliz.be\/projects\/mermaidproject\/<\/li>\n<li>&#8220;Experimental and Theoretical Investigation of Hydrodynamic Properties of Submerged and Emergent Vegetation on Protection of Coastal Ecosystem&#8221;. ITU Scientific Research Project Department (Project no: 3901, 2012).<\/li>\n<li>&#8220;An Experimental Study about the Effect of Emergent Vegetation on Wave Refraction&#8221;. ITU Scientific Research Project Department (Project no: 3302, 2009).<\/li>\n<li>&#8220;Numerical Modelling and Site Investigation on Water Body Movements in Ayvalik Bay, Turkey&#8221;. Scientific Research Project Department (Project no: 2009\/30, 2009).<\/li>\n<\/ol>\n\n\n<p><\/p>\n","protected":false},"excerpt":{"rendered":"<p>EU-COST Action OC-2020-1-24806, \u201cOFF SOURCE: Offshore freshened groundwater: An unconventional water resource in coastal regions?\u201d, (2022-2026). &#8220;Hydrokinetic Turbine Design &#8211; Operates Efficiently at Low Velocity Flows&#8221;, (Funded by Middle East Technical University, BAP\u2013Scientific Research Project, Project Code: GAP-303-2022-10895), Project Duration: 17.01.2022 \u2013 17.01.2024 (24 months), Elif O\u011fuz (Principal Investigator). &#8220;Multi-Purpose Floating Solar Power Plant (FloSoWer)&#8221;, [&hellip;]<\/p>\n","protected":false},"author":6009,"featured_media":0,"parent":0,"menu_order":0,"comment_status":"closed","ping_status":"closed","template":"","meta":{"footnotes":"","_links_to":"","_links_to_target":""},"class_list":["post-24","page","type-page","status-publish","hentry"],"_links":{"self":[{"href":"https:\/\/blog.metu.edu.tr\/elifoguz\/wp-json\/wp\/v2\/pages\/24","targetHints":{"allow":["GET"]}}],"collection":[{"href":"https:\/\/blog.metu.edu.tr\/elifoguz\/wp-json\/wp\/v2\/pages"}],"about":[{"href":"https:\/\/blog.metu.edu.tr\/elifoguz\/wp-json\/wp\/v2\/types\/page"}],"author":[{"embeddable":true,"href":"https:\/\/blog.metu.edu.tr\/elifoguz\/wp-json\/wp\/v2\/users\/6009"}],"replies":[{"embeddable":true,"href":"https:\/\/blog.metu.edu.tr\/elifoguz\/wp-json\/wp\/v2\/comments?post=24"}],"version-history":[{"count":0,"href":"https:\/\/blog.metu.edu.tr\/elifoguz\/wp-json\/wp\/v2\/pages\/24\/revisions"}],"wp:attachment":[{"href":"https:\/\/blog.metu.edu.tr\/elifoguz\/wp-json\/wp\/v2\/media?parent=24"}],"curies":[{"name":"wp","href":"https:\/\/api.w.org\/{rel}","templated":true}]}}