{"id":13,"date":"2018-10-18T13:10:34","date_gmt":"2018-10-18T13:10:34","guid":{"rendered":"http:\/\/blog.metu.edu.tr\/elifoguz\/?page_id=13"},"modified":"2023-12-20T21:11:25","modified_gmt":"2023-12-20T21:11:25","slug":"reviews","status":"publish","type":"page","link":"https:\/\/blog.metu.edu.tr\/elifoguz\/reviews\/","title":{"rendered":"Reviews"},"content":{"rendered":"<p><strong>Reviewer or Evaluator of research projects:<\/strong><\/p>\n<p><strong>A20.<\/strong> ODT\u00dc Teknokent Research and Development Project Evaluation &#8211; METU (December 2023)<\/p>\n<p><strong>A19.<\/strong> T\u00dcB\u0130TAK 1001 Project Evaluation Panel (December2023)<\/p>\n<p><strong>A18.<\/strong> ODT\u00dc Teknokent Research and Development Project Evaluation &#8211; METU (November 2023)<\/p>\n<p><strong>A17.<\/strong> BAP Research Project Evaluation, Bursa Technical University (November 2023)<\/p>\n<p><strong>A16.<\/strong> Horizon Europe Call Project Evaluation Panel &#8211; EU Commission (October 2023)<\/p>\n<p><strong>A15.<\/strong> T\u00dcB\u0130TAK\u00a01001\u00a0Project\u00a0Evaluation\u00a0Panel\u00a0(June\u00a02023)<\/p>\n<p><strong>A14.<\/strong> Horizon Europe Call Project Evaluation Panel &#8211; EU Commission (May 2023)<\/p>\n<p><strong>A13.<\/strong> ODT\u00dc Teknokent Research and Development Project Evaluation &#8211; METU (June 2023)<\/p>\n<p><strong>A12.<\/strong> BAP\u00a0Research\u00a0Project\u00a0Evaluation,\u00a0University\u00a0(May\u00a02023)<\/p>\n<p><strong>A11.<\/strong> T\u00dcB\u0130TAK\u00a01002\u00a0Project\u00a0Evaluation\u00a0(April\u00a02023)<\/p>\n<p><strong>A10.<\/strong> BAP\u00a0Research\u00a0Project\u00a0Evaluation,\u00a0University\u00a0(April\u00a02023)<\/p>\n<p><strong>A9.<\/strong> Horizon Europe Call Project Evaluation Panel &#8211; EU Commission (2022)<\/p>\n<p><strong>A8.<\/strong> The Royal Society of Edinburgh \/Research Grants Scheme Evaluation, UK (March 2022)<\/p>\n<p><strong>A7. <\/strong>BAP Research Project Evaluation, (June 2021)<\/p>\n<p><strong>A6. <\/strong>T\u00dcB\u0130TAK 1002 Project Evaluation (March 2021)<\/p>\n<p><strong>A5. <\/strong>BAP Research Project Evaluation, METU (December 2020)<\/p>\n<p><strong>A4. <\/strong>BAP Research Project Evaluation, METU (November 2020)<\/p>\n<p><strong>A3. <\/strong>Horizon2020 Call Project Evaluation Panel &#8211; EU Commission (2020)\u00a0<\/p>\n<p><strong>A2.<\/strong> ODT\u00dc Teknokent Company Evaluation &#8211; METU (2019)<\/p>\n<p><strong>A1.<\/strong> ODT\u00dc Research and Development Project Evaluation &#8211; METU (2019)<\/p>\n<p><strong>Peer reviewer activities :<\/strong><\/p>\n<p><strong>A20. <\/strong>Gemi ve Deniz Teknolojisi Dergisi (February, 2022)<\/p>\n<p><strong>A19.<\/strong> Ocean Engineering, Journal, Elsevier (February, 2022)<\/p>\n<p><strong>A18.<\/strong> Journal of Marine Science and Application, Springer (May, 2021)<\/p>\n<p><strong>A17.<\/strong> Ocean Engineering, Journal, Elsevier (April, 2021)<\/p>\n<p><strong>A16. <\/strong>Journal of Polish Maritime Research, Gdansk University of Technology (GUT), (2 times in 2020)\u00a0<\/p>\n<p><strong>A15.<\/strong> International Journal of Maritime Engineering, <em>The Transactions of the Royal Institution of Naval Architects<\/em> (2020)<\/p>\n<p><strong>A14. <\/strong>5th International Conference on Maritime Technology and Engineering Engineering (MARTECH 2020)<\/p>\n<p><strong>A13.<\/strong> Ocean Engineering, Journal, Elsevier (2020)<\/p>\n<p><strong>A12. <\/strong>TMMOB \u0130n\u015faat M\u00fchendisleri Odas\u0131, Teknik Dergi (2020)<\/p>\n<p><strong>A11. <\/strong>Uluda\u011f University Journal of the Faculty of Engineering (2020)<\/p>\n<p><strong>A10.<\/strong> Journal of Bal\u0131kesir University Institute of Science &amp; Technology (2020)<\/p>\n<p><strong>A9.<\/strong> Erzincan University Journal of Science and Technology (2020)<\/p>\n<p><strong>A8.<\/strong> Journal of Safety in Extreme Environments (2019)<\/p>\n<p><strong>A7.<\/strong> Journal of Reliability Engineering and System Safety (2019)<\/p>\n<p><strong>A6.<\/strong> Journal of Cleaner Production, Elsevier (since 2018)<\/p>\n<p><strong>A5.<\/strong> TMMOB \u0130n\u015faat M\u00fchendisleri Odas\u0131, Teknik Dergi (2 times in 2018)<\/p>\n<p><strong>A4.<\/strong> 37th International Conference on Ocean, Offshore, and Arctic Engineering (OMAE2018-ASME: The American Society of Mechanical Engineers) (3 times in 2018)<\/p>\n<p><strong>A3.<\/strong> Journal of Ships and Offshore Structures, Taylor &amp; Francis Group (since 2017)<\/p>\n<p><strong>A2.<\/strong> Ocean Engineering, Journal, Elsevier (since 2013)<br \/>Certificate of Outstanding Contribution in Reviewing in Ocean Engineering, 2017.<br \/>Certificate of Outstanding Contribution in Reviewing in Ocean Engineering, 2015.<\/p>\n<p><strong>A1.<\/strong> Journal of Coastal Research (CERF) (2 times in 2012)<\/p>\n\n\n<p><\/p>\n","protected":false},"excerpt":{"rendered":"<p>Reviewer or Evaluator of research projects: A20. ODT\u00dc Teknokent Research and Development Project Evaluation &#8211; METU (December 2023) A19. T\u00dcB\u0130TAK 1001 Project Evaluation Panel (December2023) A18. ODT\u00dc Teknokent Research and Development Project Evaluation &#8211; METU (November 2023) A17. BAP Research Project Evaluation, Bursa Technical University (November 2023) A16. Horizon Europe Call Project Evaluation Panel &#8211; [&hellip;]<\/p>\n","protected":false},"author":6009,"featured_media":0,"parent":0,"menu_order":0,"comment_status":"closed","ping_status":"closed","template":"","meta":{"footnotes":"","_links_to":"","_links_to_target":""},"class_list":["post-13","page","type-page","status-publish","hentry"],"_links":{"self":[{"href":"https:\/\/blog.metu.edu.tr\/elifoguz\/wp-json\/wp\/v2\/pages\/13","targetHints":{"allow":["GET"]}}],"collection":[{"href":"https:\/\/blog.metu.edu.tr\/elifoguz\/wp-json\/wp\/v2\/pages"}],"about":[{"href":"https:\/\/blog.metu.edu.tr\/elifoguz\/wp-json\/wp\/v2\/types\/page"}],"author":[{"embeddable":true,"href":"https:\/\/blog.metu.edu.tr\/elifoguz\/wp-json\/wp\/v2\/users\/6009"}],"replies":[{"embeddable":true,"href":"https:\/\/blog.metu.edu.tr\/elifoguz\/wp-json\/wp\/v2\/comments?post=13"}],"version-history":[{"count":0,"href":"https:\/\/blog.metu.edu.tr\/elifoguz\/wp-json\/wp\/v2\/pages\/13\/revisions"}],"wp:attachment":[{"href":"https:\/\/blog.metu.edu.tr\/elifoguz\/wp-json\/wp\/v2\/media?parent=13"}],"curies":[{"name":"wp","href":"https:\/\/api.w.org\/{rel}","templated":true}]}}