{"id":7,"date":"2013-07-27T12:27:06","date_gmt":"2013-07-27T09:27:06","guid":{"rendered":"http:\/\/blog.metu.edu.tr\/ekentel\/?page_id=7"},"modified":"2026-04-16T16:01:56","modified_gmt":"2026-04-16T13:01:56","slug":"abdef","status":"publish","type":"page","link":"https:\/\/blog.metu.edu.tr\/ekentel\/abdef\/","title":{"rendered":"Publications"},"content":{"rendered":"<p><b><span style=\"text-decoration: underline\"><a href=\"http:\/\/blog.metu.edu.tr\/ekentel\/files\/2013\/07\/P1030341.jpg\"><img loading=\"lazy\" decoding=\"async\" class=\"size-medium wp-image-29 alignright\" src=\"http:\/\/blog.metu.edu.tr\/ekentel\/files\/2013\/07\/P1030341-300x225.jpg\" alt=\"P1030341\" width=\"300\" height=\"225\" srcset=\"https:\/\/blog.metu.edu.tr\/ekentel\/files\/2013\/07\/P1030341-300x225.jpg 300w, https:\/\/blog.metu.edu.tr\/ekentel\/files\/2013\/07\/P1030341-1024x768.jpg 1024w, https:\/\/blog.metu.edu.tr\/ekentel\/files\/2013\/07\/P1030341-624x467.jpg 624w\" sizes=\"auto, (max-width: 300px) 100vw, 300px\" \/><\/a>Refereed Journals Publications:<\/span><\/b><\/p>\n<ol>\n<li>Ediger, V. S., and Kentel, E. (1999) \u201cRenewable Energy Potential as an Alternative to Fossil Fuels in Turkey,\u201d <i>Energy Conversion and Management<\/i>, 40(7), 743-755.<\/li>\n<li>Kentel, E., and Aral, M. (2004) \u201cProbabilistic-fuzzy Health Risk Modeling,\u201d <i>Stochastic Environmental Research and Risk Assessment (SERRA)<\/i>, 18, 324-338.<\/li>\n<li>Kentel, E., and Aral, M. (2005) \u201c2D Monte Carlo and Monte Carlo-Fuzzy Health Risk Assessment,\u201d <i>Stochastic Environmental Research and Risk Assessment (SERRA)<\/i>, 19, 86-96.<\/li>\n<li>Kentel, E., and Aral, M. (2007) \u201cFuzzy multi-objective decision making approach to evaluate pumping demands in coastal aquifers: A case study for Savannah, Georgia,\u201d <i>ASCE Journal of Hydrologic Engineering, <\/i>12(2), 206-217.<\/li>\n<li>Kentel, E., and Aral, M. (2007) \u201cRisk Tolerance Measure for Decision Making in Fuzzy Health Risk Assessment,\u201d <i>Stochastic Environmental Research and Risk Assessment (SERRA)<\/i>, 21, 405-417<i>.<\/i><\/li>\n<li>Guan, J., Kentel, E. and Aral, M. (2008) \u201cGenetic Algorithm for Constrained Optimization Models and Its Application,\u201d <i>ASCE Journal of Water Resources Planning and Management<\/i>, 134(1), 64-72.<\/li>\n<li>Kentel, E. (2009) \u201cEstimation of River Flow by Artificial Neural Networks and Identification of Input Vectors Susceptible to Producing Unreliable Flow Estimates,\u201d Journal of Hydrology, 375, 481-488.<\/li>\n<li>Ayd\u0131n, N. Y., Kentel, E., and Duzgun, S. (2010) \u201cGIS-Based Environmental Assessment of Wind Energy Systems for Spatial Planning: A Case Study from Western Turkey,\u201d Renewable and Sustainable Energy Reviews, 14, 364-373.<\/li>\n<li>Kentel, E., Aksoy, A., Buyuker, B., Dilek, F., Girgin, S., Ipek, M.H., Polat, S., Yetis, U., and Unlu, K. (2011) \u201cChallenges in Development and Implementation of Health Risk-Based Soil Quality Guidelines: Turkey\u2019s Experience,\u201d <i>Risk <\/i>Analysis, 31(4), 657-667.<\/li>\n<li>Aydin, N.Y., Kentel, E. and Duzgun, S. (2013) \u201cGIS-Based Site Selection Methodology for Hybrid Renewable Energy Systems: A Case Study from Western Turkey,\u201d Energy Conversions and Management, 70, 90-106.<\/li>\n<li>Kentel, E. and Alp, E. (2013) \u201cHydropower in Turkey: Economical, Social and Environmental Aspects and Legal Challenges,\u201d Environmental Science and Policy, 31, 34-43.<\/li>\n<li>Ayvaz, M.T. and Kentel, E. (2014) &#8220;Identification of the Best Booster Station Network for a Water Distribution System,&#8221; Journal of Water Resources Planning and Management, 10.1061\/(ASCE)WR.1943-5452.0000473, 04014076.<\/li>\n<li>Ak, M., Yanmaz, A.M., and Kentel, E. (2014) &#8220;A comparative study on energy income estimation: A case study in Turkey,&#8221; Renewable and Sustainable Energy Reviews, 38, 700-705.<\/li>\n<li>Sanin, F.D., Filibeli, A., Erdincler, A., Cokgor, E., Kentel, E., Ayol, A., Alagoz, A., Pehlivanoglu-Mantas, E., Sener, G., and Saygili, G. (2014) \u201cRegulatory Framework in Sludge Management: Examples from Around the World,\u201d Journal of Residual Science and Technology, 11(2), 49-54.<\/li>\n<li>Kendir, E., Kentel, E., and Sanin, F.D. (2015) \u201cEvaluation of Heavy Metals and Associated Health Hazards in a Metropolitan Wastewater Treatment Plant\u2019s Sludge for Its Land Application,\u201d Human and Ecological Risk Assessment: An International Journal, DOI:10.1080\/10807039.2014.966590.<\/li>\n<li>Ergen, K. and Kentel, E. (2015) &#8220;An Integrated Map Correlation Method and Multi-Source Sites Drainage Area-Ratio Method for Estimating Streamflows at Ungauged Catchments: A Case Study of the Western Black Sea Regio, Turkey,&#8221; Journal of Environmental Management, 166, 309-320.<\/li>\n<li>Ozcan, Z., Kentel, E., and Alp, E. (2016) &#8220;Determination of unit nutrient loads for different land uses in wet periods through modelling and optimization for a semi-arid region,&#8221; Journal of Hydrology, 540, 40-49.<\/li>\n<li>Ak, M., Kentel, E., and Kucukali, S. (2016) &#8220;A fuzzy logic tool to evaluate low-head hydropower technologies at the outlet of wastewater treatment plants,&#8221; Renewable and Sustainable Energy Reviews, 68, 727-737.<\/li>\n<li>Ak, M., Kentel, E., and Savasaneril, S. (2017) \u201cOperating policies for energy generation and revenue management in single-reservoir hydropower systems,\u201d Renewable and Sustainable Energy Reviews, 78, 1253-1261.<\/li>\n<li>Ozcan, Z., Baskan, O., Duzgun, S., Kentel, E., and Alp, E. (2017) \u201cA Pollution fate and transport model application in a semi-arid region: Is some number better than no number?\u201d Science of the Total Environment, 595, 425-440.<\/li>\n<li>Calamak, M., Yanmaz, A.M., and Kentel, E. (2017) \u201cProbabilistic evaluation of the effect of uncertainty in Transient Seepage Parameters,\u201d ASCE Journal of Geotechnical and Geoenvironmental Engineering, 143(9), 06017009 .<\/li>\n<li>Ozcan, Z., Kentel, E., and Alp, E. (2017) \u201cEvaluation of the best management practices in a semi-arid region with high agricultural activity\u201d, Agricultural Water Management, 194, 160-171.<\/li>\n<li>Ak, M., Kentel, E., and Savasaneril, S. (2019) \u201cQuantifying the revenue gain of operating a cascade hydropower plant system as a pumped-storage hydropower system\u201d, Renewable Energy, 139, 739-752.<\/li>\n<li>Mesta, B., Kargi, P.G., Tezyapar, I., Ayvaz, T.M., Goktas, R.K., Kentel, E., and Tezel, U. (2019) \u201cDetermination of Rainfall-Runoff Relationship in Yenicegoruce Basin with HEC-HMS Hydrologic Model (Yeniceg\u00f6r\u00fcce Havzas\u0131\u2019ndaki Ya\u011f\u0131\u015f-Ak\u0131\u015f \u0130li\u015fkisinin HEC-HMS Hidrolojik Modeli ile Belirlenmesi)\u201d, Pamukkale \u00dcniversitesi M\u00fchendislik Bilimleri Dergisi, 25(8), 949-955.<\/li>\n<li>Mohsenizadeh, M., Tural, M.K., and Kentel, E. (2020) \u201cMunicipal Solid Waste Management with Cost Minimization and Emissions Control Objectives: A Case Study of Ankara\u201d, Sustainable Cities and Society, 52, 101807.<\/li>\n<li>Yavuz, C., Kentel, E., and Aral. M.M. (2020) &#8221;Tsunami risk assessment: economic, environmental and social dimensions&#8221;, Natural Hazards 104 (2), 1413-1442.<\/li>\n<li>Yavuz, C., Kentel, E., and Aral, M.M. (2020) &#8221;Climate change risk evaluation of Tsunami hazards in the Eastern Mediterranean sea&#8221;, Water 12 (10), 2881.<\/li>\n<li>Mesta, B., Akgun, O.B., and Kentel, E. (2021) &#8221;Alternative solutions for long missing streamflow data for sustainable water resources management&#8221;, International Journal of Water Resources Development 37 (5), 882-905.<\/li>\n<li>Mesta, B., Sasaki, H., Nakaegawa, T., and Kentel, E. (2022) &#8221;Changes in precipitation climatology for the Eastern Mediterranean using CORDEX RCMs, NHRCM and MRI-AGCM&#8221;, Atmospheric Research 272, 106140.<\/li>\n<li>Ercan, E. and Kentel, E. (2022) &#8221;Optimum daily operation of a wind-hydro hybrid system&#8221;, Journal of Energy Storage 50, 104540.<\/li>\n<li>Mesta, B. and Kentel, E. (2022) &#8221;Superensembles of raw and bias\u2010adjusted regional climate models for Mediterranean region, Turkey&#8221;, International Journal of Climatology 42 (4), 2566-2585.<\/li>\n<li>Yavuz, C. and Kentel, E. (2022) \u201cDo\u011fu Akdeniz\u2019deki Tsunamijenik Depremlerin Sosyal Risklerinin Monte Carlo Y\u00f6ntemi De\u011ferlendirmesi\u201d, Teknik Dergi, 12741-12760, Yaz\u0131 703 (in Turkish).<\/li>\n<li>Yavuz, C. and Kentel, E. (2022) \u201cSocial Risk Evaluation of Tsunamigenic Earthquakes using Monte Carlo Simulations in the Eastern Mediterranean Sea\u201d, Teknik Dergi, 33(6), 12741-12760.<\/li>\n<li>Temel, P., Kentel, E., and Alp, E. (2022) \u201cDevelopment of a site selection methodology for run-of-river hydroelectric power plants within the water-energy-ecosystem nexus\u201d, Science of the Total Environment, 159152.<\/li>\n<li>Mesta, B., Akgun, O.B., and Kentel, E. (2024) \u201cImproving precipitation estimates for Turkey with multimodel ensemble: a comparison of nonlinear artificial neural network methods with linear methods\u201d, Neural Computing and Applications, 36, 10219-10238.<\/li>\n<li>Ruso, M., Ak\u0131ntu\u011f, B., and Kentel, E. (2024) \u201cRainwater Harvesting System Analysis for Semi-Arid Climate: A Daily Linear Programming Model\u201d, Turkish Journal of Civil Engineering, 35(5), 1-28.<\/li>\n<li>Yegin, M., Karakaya, G. and Kentel, E. (2025) \u201cNonstationary Frequency Analysis of Annual Maximum Flow Series: Climate Change versus Land Use\/Land Cover Change\u201d Water Resources Management. https:\/\/doi.org\/10.1007\/s11269-025-04277-5.<\/li>\n<li>Yegin, M., Karakaya, G., and Kentel, E. (2026) \u201cModel Selection Challenges in Non-Stationary Precipitation Esimation: The Role of AIC, BIC, and Covariate Choice\u201d Water Resources Management, <a href=\"https:\/\/doi.org\/10.1007\/s11269-025-04357-6\">https:\/\/doi.org\/10.1007\/s11269-025-04357-6<\/a>.<\/li>\n<li>G\u00f6kta\u015f, R.K., Kentel, E., and Aksoy, A. (2026) \u201cReassessing BTEX inhalation exposure at paint industry workplaces using a combined risk assessment and PBPK modeling approach\u201d Human and Ecological Risk Assessment: An International Journal, <a href=\"https:\/\/doi.org\/10.1080\/10807039.2026.2640998\">https:\/\/doi.org\/10.1080\/10807039.2026.2640998<\/a>.<\/li>\n<li>Yegin, M., Nabinejad, S., Karakaya, G., Sch\u00fcttrumpf, H. and Kentel E. (under review) \u201cIntegration of climate change impacts and agent-based modeling to flood risk assessment in an urbanized area\u201d Risk Analysis.<\/li>\n<\/ol>\n<p><b><span style=\"text-decoration: underline\">Publications in Conference Proceedings and Poster Sessions:<\/span><\/b><\/p>\n<ol>\n<li>Kentel, E. and Aral, M. (2003) \u201cFuzzy Set Theory Application in Capture Zone Analysis: Probabilistic and Possibilistic Capture Zone Delineation,\u201d AEES Annual Symposium, Atlanta. 2003 (<i>Poster presentation<\/i>).<\/li>\n<li>Kentel, E. and Aral, M. (2004) \u201cOptimization of Removal Rates of Target Contaminants from Water Supply Wells,\u201d Sixth International Conference on Advances in Civil Engineering, Istanbul, Turkey. October 6-8, 2004.<\/li>\n<li>Kentel, E. and Aral, M. (2005) \u201cUncertainty Modeling Using Fuzzy and Probability Approaches for One Dimensional Solute Transport Problem,\u201d Quad Conference, Atlanta. 2005 (<i>Poster presentation<\/i>).<\/li>\n<li>Kentel, E. and Aral, M. (2005) \u201cEffect of Fuzzy Aggregation Operators in Selecting Best Groundwater Management Strategies,\u201d EWRA 2005, 6<sup>th<\/sup> International Conference, Menton, France. September 7-10, 2005.<\/li>\n<li>Kentel, E. and Aral, M. (2006) \u201cSpatial Distribution of Groundwater Availability for Various Pumping Scenarios in Savannah Region,\u201d ASCE World Environment and Water Resources Conference (EWRI), Nebraska, Omaha, 2006.<\/li>\n<li>Kentel, E. and Aral, M. (2007) \u201cGroundwater Flow Modeling with Imprecise Parameters,\u201d 5<sup>th<\/sup> National Hydrology Conference, Ankara, Turkey. September 5-7, 2007 (in Turkish).<\/li>\n<li>Kentel, E. and Yanmaz, M. (2007) \u201cEvaluation of Problems Related with Operation of Wastewater Collection Systems,\u201d 5<sup>th<\/sup> Urban Infrastructure Conference, Antakya\/Hatay, Turkey. November 1-2, 2007 (in Turkish).<\/li>\n<li>Kentel, E. and Yanmaz, M. (2008) \u201cImpact of Hydrologic Uncertainties in Reservoir Routing,\u201d BALWOIS 2008 Conference, Ohrid, Macedonia, May 27-31 2008.<\/li>\n<li>Yanmaz, M., Gunindi, E., and Kentel, E. (2008) \u201cInterpretation of New Trends in Flood Frequency Analysis: A Case Study,\u201d BALWOIS 2008 Conference, Ohrid, Macedonia, May 27-31 2008.<\/li>\n<li>Kentel, E. and Yanmaz, M. (2008) \u201cEvaluation of Uncertainties for a Flood Detention Dam Proposed for Fol Creek,\u201d Flood, Landslide and Mitigation of River Beds Conference, Trabzon, Turkey. August 7-8, 2008 (in Turkish).<\/li>\n<li>Kentel, E. (2009) \u201cFuture River Flow Estimations of Gerede-Ulusu River, Ankara, Turkey,\u201d 2009 AGU Fall Meeting, San Francisco, California, USA. 14-18 December (<i>Poster presentation<\/i>).<\/li>\n<li>Kentel, E. (2010) \u201cEstimation of Gerede-Ulusu River Flows using a Fuzzy Inference System Model\u201d, 6<sup>th<\/sup> National Hydrology Conference, PamukkaleUniversity, Denizli, Turkey. September 22-24 (in Turkish).<\/li>\n<li>Kentel, E. (2011) \u201cDevelopment of Electricity Generation from Renewable Energy Sources in Turkey,\u201d 2011 AGU Fall Meeting, San Francisco, California, USA. 5-9 December (<i>Poster presentation<\/i>).<\/li>\n<li>Kentel, E., Onder, H., and Taskan, C. (2012) \u201cEstimation of Aquifer Parameters in Groundwater Management Using Optimization as an Inverse Problem,\u201d 25<sup>th<\/sup> European Conference on Operations Research, Vilnius, Lithuania. 8-11 July, 2012.<\/li>\n<li>Ak, M., Yanmaz, M., and Kentel, E. (2012) \u201cElectricity market in Turkey \u2013 2011,\u201d 10<sup>th<\/sup> International Congress on Advances in Civil Engineering, Ankara, Turkey. 17-19 October 2012.<\/li>\n<li>Calamak, M., Kentel, E., and Yanmaz, M. (2012) \u201cSeepage Analysis through Earth-fill Dams Having Random Fields,\u201d 10th International Congress on Advances in Civil Engineering, Ankara, Turkey. 17-19 October 2012.<\/li>\n<li>Kendir, E., Sanin, F.D., and Kentel, E. (2012) \u201cHealth Risk Assessment for Land Application of Biosolids in Ankara, Turkey,\u201d 17th European Biosolids and Organic Resources Conference and Exhibition, Leeds, UK. 19-21 November 2012.<\/li>\n<li>Ergen, K. and Kentel, E. (2013) \u201cSelection of the Reference Streamgages using the Map Correlation Method in the Western Black Sea Basin, Turkey,\u201d 6<sup>th<\/sup> International Perspective on Water Resources and the Environment, Izmir, Turkey. 7-9 January 2013.<\/li>\n<li>Kentel, E. and Onder, H. (2013) Identification of best installed capacities for the turbines for hydropower plants. Euro\/Informs 26<sup>th<\/sup> European Conference on Operations Research, Rome, Italy. 1-4 July, 2013.<\/li>\n<li>Kentel, E. and Cetinkaya, M.A. (2013) Impact of Different Time Series Streamflow Data on Energy Generation of a Run-of-River Hydropower Plant. 2013 AGU Fall Meeting, San Francisco, California, USA. 9-13 December (<em>Poster presentation<\/em>).<\/li>\n<li>Ozunlu, B. and Kentel, E. (2014) Sustainability Assessment Of A Hydroelectric Power Plant: A Case From Turkey. World Water Congress and Exhibition, Lisbon, Portugal. 21-26 September, 2014 (<em>Poster presentation<\/em>).<\/li>\n<li>Ak, M. and Kentel, E. (2014) Reservoir Operation. Stochastic Programming and Energy Applications, EURO Mini Conference, Paris, France. 24-26 September, 2014.<\/li>\n<li>Ozcan, Z. Hatipoglu, A., Baskan, O., Duzgun, S.H., Kentel, E., and Alp, E. (2015) \u201cIntegrated Watershed Management for Lake Mogan with the focus of Agricultural Diffuse Pollution,\u201d WEFTEC 2015, The Water Quality Event, The Water Environment Federation, September 26 \u2013 30, 2015, Chicago, Illinois, USA.<\/li>\n<li>Ozcan, Z., Kentel, E., and Alp, E. (2015) \u201cDetermination of nutrient loads in Mogan watershed through modelling approach,\u201d 17th IWA International Conference on Diffuse Pollution and Eutrophication, 13\u201318 September, Berlin, Germany.<\/li>\n<li>Topal, G.G., Duzgun, H.S., Erdogan, S.T., Kentel, E., and Alp, E. (2015) \u201cSustainable Stormwater Management on METU Campus, Ankara, Turkey,\u201d Smart and Sustainable Campuses Conference, March 30-31, 2015, University of Maryland, Baltimore USA.<\/li>\n<li>Dogulu, N., and Kentel, E. (2015) \u201cEstimation of Flow Duration Curve for Ungauged Catchments using Adaptive Neuro-Fuzzy Inference System and Map Correlation Method: A Case Study from Turkey,\u201d 2015 AGU Fall Meeting, San Francisco, California, USA. 14-18 December (<em>Poster presentation<\/em>).<\/li>\n<li>Dogulu, N., and Kentel, E. (2015) \u201cPrioritization and Selection of Climate Change Adaptation Measures: A Review of the Literature,\u201d 36<sup>th<\/sup> IAHR World Congress, the Hague, the Netherlands. 28 June \u2013 3 July (<em>Poster presentation<\/em>).<\/li>\n<li>Gok, E., and Kentel, E. (2015) \u201cHydropower versus Other Renewable Energy Sources,\u201d World Water Congress XV, International Water Resources Association (IWRA), Edinburgh, Scotland. 25-29 May.<\/li>\n<li>Yavuz, C., and Kentel, E. (2016) \u201cCoastal Tsunami-Hazard Mapping,\u201d Sustainable Hydraulics in the Era of Global Change \u2013 Erpicum et al. (Eds.), 2016 Taylor and Francis Group, London, ISBN: 978-1-138-02977-4. 4<sup>th<\/sup> European Congress of the International Association for Hydro-environment engineering and Research (IAHR).<\/li>\n<li>Yegin, M., and Kentel, E. (2016) \u201cFlood Risk Mapping Using Economic, Environmental and Social Dimensions,\u201d 12<sup>th<\/sup> International Congress on Advances in Civil Engineering (ACE), 21-23 September, 2016, Istanbul, Turkey.<\/li>\n<li>Ak, M., Kentel, E., and Savasaneril, S. (2016) \u201cIntegrated River Basin Management to Maximize the Combined Benefit from Cascade Hydropower Plants,\u201d 12<sup>th<\/sup> International Congress on Advances in Civil Engineering (ACE), 21-23 September, 2016, Istanbul, Turkey.<\/li>\n<li>Dogulu, N. and Kentel, E. (2016) \u201cExploring the added value of machine learning methods in predicting flow duration curves: a comparative analysis for ungaguged catchments,\u201d 2016 AGU Fall Meeting, San Francisco, California, USA. 12-16 December (<em>Poster presentation<\/em>).<\/li>\n<li>Ayvaz, T. and Kentel, E. (2016) \u201cSu Da\u011f\u0131t\u0131m Sistemleri i\u00e7in En \u0130yi Ek Klorlama \u0130stasyon A\u011f\u0131n\u0131n Simulasyon-Optimizasyon ve \u00c7ok Ama\u00e7l\u0131 Bulan\u0131k Karar Verme Modelleri Kullan\u0131larak Belirlenmesi,\u201d International Symposium of Water and Wastewater Management, Malatya, Turkey. October 26-28, 2016.<\/li>\n<li>Dogulu, N. and Kentel, E. (2017) \u201cClustering of hydrologic data: a review of methods for runoff predictions in ungaguged basins,\u201d 2017 EGU Meeting, Vienna, Austria, 23-27 April <em>(Poster presentation).<\/em><\/li>\n<li>Demir, G., Akyurek, Z., Binley, A., Yucel, I., Kentel, E., Merzi, N., and Yanmaz, M.A. (2017) \u201cEstablishing a critical zone observatory site in Turkey,\u201d 2017 EGU Meeting, Vienna, Austria, 23-27 April <em>(Poster presentation).<\/em><\/li>\n<li>Ocal, D. and Kentel, E. (2017) \u201cA GIS tool to estimate flow at ungaged basins using the map correlation method\u201d, Computational Science and Its Applications &#8211; ICCSA 2017: 17th International Conference, Trieste, Italy, July 3-6 2017, Proceedings, part IV (pp377-391), doi: 10.1007\/978-3-319-62401-3_28.<\/li>\n<li>Yavuz, C. and Kentel, E. (2017) \u201cCoastal Tsunami and Risk Assessment for Eastern Mediterranean Countries\u201d, 2017 AGU Fall Meeting, New Orleans, Louisiana, USA. 11-15 December 2017.<\/li>\n<li>Goktas, R.K., Tezel, U. Kargi, P.G., Ayvaz, T., Tezyapar, I., Mesta, B., and Kentel, E. (2017) \u201cEffect of Using Extreme Years in Hydrologic Model Calibration Performance\u201d, 2017 AGU Fall Meeting, New Orleans, Louisiana, USA. 11-15 December 2017 <em>(Poster presentation).<\/em><\/li>\n<li>Mohsenizadeh, M., Kentel, E., and Tural, M.K. (2017) \u201cMunicipal solid waste management with cost minimization and emission control objectives\u201d, 5<sup>th<\/sup> International Fuzzy Systems Symposium, Ankara, Turkey. October 2017.<\/li>\n<li>Ayvaz, T., Tezel, U., Kentel, E. and Goktas, R.K. (2018) \u201cWeekly flow prediction of Ergene River using an artificial neural network based solution approach\u201d, 13<sup>th<\/sup> International Hydroinformatics Conference (HIC2018), Palermo, Italy. 1-6 July 2018.<\/li>\n<li>Goktas, R.K., Ayvaz, T., Kargi, P.G., Kentel, E., Mesta, B., Tezyapar, I., and Tezel, U. (2018) \u201cEffect of Land Surface Elevation Data Availability on River Hydraulic Model Output\u201d, EGU General Assembly 2018, Vienna, Austria. 8-13 April 2018 <em>(Poster presentation).<\/em><\/li>\n<li>Tezyapar, I., Karg\u0131, P.G., Mesta, B., Ayvaz, M.T., Goktas, R.K., Kentel, E. and Tezel, U. (2018) \u201cInvestigation of River Water Quality Observation Data Using Hydraulic and Transport Models\u201d, UKSAY International Symposium on Urban Water and Wastewater Management, Denizli, Turkey. 25-27 October 2018. (<em>in Turkish<\/em>).<\/li>\n<li>Mesta, B., Karg\u0131, P.G., Tezyapar, I., Ayvaz, M.T., Goktas, R.K., Kentel, E. and Tezel, U. (2018) \u201cRainfall-runoff modeling at Yenigoruce Basin using HEC-HMS Hydrologic Model\u201d, UKSAY International Symposium on Urban Water and Wastewater Management, Denizli, Turkey. 25-27 October 2018. (<em>in Turkish<\/em>).<\/li>\n<li>Akgun, B. and Kentel, E. (2018) \u201cEstimation of Streamflow Using Takagi-Sugeno Rule-Based Model\u201d, in <a href=\"https:\/\/easychair.org\/publications\/author\/X1lD\">Goffredo La Loggia<\/a>,\u00a0<a href=\"https:\/\/easychair.org\/publications\/author\/JbT8\">Gabriele Freni<\/a>,\u00a0<a href=\"https:\/\/easychair.org\/publications\/author\/kcz7\">Valeria Puleo<\/a>and\u00a0<a href=\"https:\/\/easychair.org\/publications\/author\/kCmJ\">Mauro De Marchis<\/a>\u00a0(editors).\u00a0<a href=\"https:\/\/easychair.org\/publications\/volume\/HIC_2018\">HIC 2018. 13th International Conference on Hydroinformatics<\/a>, Vol. 3, 18-25.<\/li>\n<li>Ocal, D. and Kentel, E (2018) \u201cImpact of the Period of Record on Performance of the Map Correlation Method\u201d, 13<sup>th<\/sup> International Congress on Advances in Civil Engineering (ACE), \u0130zmir, Turkey. 12-14 September, 2018.<\/li>\n<li>Yavuz, C. and Kentel, E. (2018) \u201cProbabilistic Tsunami Risk Assessment using Monte Carlo Simulations\u201d, 13<sup>th<\/sup> International Congress on Advances in Civil Engineering (ACE), \u0130zmir, Turkey. 12-14 September, 2018.<\/li>\n<li>Akgun, O.B. and Kentel, E. (2021) &#8221;Ensemble Precipitation Estimation Using a Fuzzy Rule-Based Model&#8221;, Engineering Proceedings 5 (1), 48.<\/li>\n<li>Yegin, M., Mesta B. and Kentel, E. (2023) \u201cImpact of climate change on flood inundation at Silifke, Goksu River Basin, Turkey\u201d, Regional Symposium on Geospatial Information Exchange and Research (GIER), Muscat, Oman, 7-8 March 2023.<\/li>\n<\/ol>\n\n\n<p><\/p>\n","protected":false},"excerpt":{"rendered":"<p>Refereed Journals Publications: Ediger, V. S., and Kentel, E. (1999) \u201cRenewable Energy Potential as an Alternative to Fossil Fuels in Turkey,\u201d Energy Conversion and Management, 40(7), 743-755. Kentel, E., and Aral, M. (2004) \u201cProbabilistic-fuzzy Health Risk Modeling,\u201d Stochastic Environmental Research and Risk Assessment (SERRA), 18, 324-338. Kentel, E., and Aral, M. (2005) \u201c2D Monte Carlo [&hellip;]<\/p>\n","protected":false},"author":1681,"featured_media":0,"parent":0,"menu_order":0,"comment_status":"open","ping_status":"open","template":"","meta":{"footnotes":"","_links_to":"","_links_to_target":""},"class_list":["post-7","page","type-page","status-publish","hentry"],"_links":{"self":[{"href":"https:\/\/blog.metu.edu.tr\/ekentel\/wp-json\/wp\/v2\/pages\/7","targetHints":{"allow":["GET"]}}],"collection":[{"href":"https:\/\/blog.metu.edu.tr\/ekentel\/wp-json\/wp\/v2\/pages"}],"about":[{"href":"https:\/\/blog.metu.edu.tr\/ekentel\/wp-json\/wp\/v2\/types\/page"}],"author":[{"embeddable":true,"href":"https:\/\/blog.metu.edu.tr\/ekentel\/wp-json\/wp\/v2\/users\/1681"}],"replies":[{"embeddable":true,"href":"https:\/\/blog.metu.edu.tr\/ekentel\/wp-json\/wp\/v2\/comments?post=7"}],"version-history":[{"count":0,"href":"https:\/\/blog.metu.edu.tr\/ekentel\/wp-json\/wp\/v2\/pages\/7\/revisions"}],"wp:attachment":[{"href":"https:\/\/blog.metu.edu.tr\/ekentel\/wp-json\/wp\/v2\/media?parent=7"}],"curies":[{"name":"wp","href":"https:\/\/api.w.org\/{rel}","templated":true}]}}