{"id":19,"date":"2013-07-27T16:40:03","date_gmt":"2013-07-27T13:40:03","guid":{"rendered":"http:\/\/blog.metu.edu.tr\/ekentel\/?page_id=19"},"modified":"2023-04-25T11:46:24","modified_gmt":"2023-04-25T08:46:24","slug":"projects","status":"publish","type":"page","link":"https:\/\/blog.metu.edu.tr\/ekentel\/projects\/","title":{"rendered":"Projects"},"content":{"rendered":"<p><span style=\"text-decoration: underline\"><a href=\"http:\/\/blog.metu.edu.tr\/ekentel\/files\/2013\/07\/P1030292.jpg\"><img loading=\"lazy\" decoding=\"async\" class=\"size-medium wp-image-27 alignright\" src=\"http:\/\/blog.metu.edu.tr\/ekentel\/files\/2013\/07\/P1030292-225x300.jpg\" alt=\"P1030292\" width=\"225\" height=\"300\" srcset=\"https:\/\/blog.metu.edu.tr\/ekentel\/files\/2013\/07\/P1030292-225x300.jpg 225w, https:\/\/blog.metu.edu.tr\/ekentel\/files\/2013\/07\/P1030292-768x1024.jpg 768w, https:\/\/blog.metu.edu.tr\/ekentel\/files\/2013\/07\/P1030292-624x832.jpg 624w, https:\/\/blog.metu.edu.tr\/ekentel\/files\/2013\/07\/P1030292.jpg 1728w\" sizes=\"auto, (max-width: 225px) 100vw, 225px\" \/><\/a><\/span><u><\/u><u><\/u><\/p>\n<p><u>Researcher<\/u>, April 2022-April 2025<\/p>\n<p>\u201cIklim de\u011fi\u015fikli\u011finin \u00c7oruh Havzas\u0131\u2019ndaki Y\u00fczey Su Potansiyeline ve Ard\u0131\u015f\u0131k Barajlardaki Enerji \u00dcretimine Etkilerinin \u0130ncelenmesi (Investigation of Climate Change at \u00c7oruh Basin on the Surface Water Potential and Energy Generation of Cascade Hydropower Plants\u201d 121Y456, 1001 TUBITAK, April 2022 to April 2024.<\/p>\n<p><u>Principle Investigator<\/u>, September 2021-March 2024<\/p>\n<p>\u201cTa\u015fk\u0131n Risk Haritaland\u0131rmas\u0131 i\u00e7in Ajan-Bazl\u0131 Bir Model: Kentle\u015fme ve \u0130klim De\u011fi\u015fikli\u011fi Etkileri (An agent-based model for flood risk mapping: Integration of urbanization and climate change impacts)\u201d 220N054, 2525-BMBF-IB, TUBITAK, September 2021 to March 2024.<\/p>\n<p><u>Principle Investigator<\/u>, August 2019-August 2021<\/p>\n<p>\u201cAntalya Havzas\u0131\u2019nda \u0130klim De\u011fi\u015fikli\u011finin Debi ve HES \u00dcretimine Etkilerinin \u0130ncelenmesi (Assessment of Climate Change Impacts on Streamflow and Hydropower in Antalya, Turkey)\u201d 118Y365, TUBITAK, August 2019 to August 2021.<\/p>\n<p><u>Researcher<\/u>, March 2016-September 2019<\/p>\n<p>\u201cSu, Enerji, G\u0131da \u0130li\u015fkisinin Sakarya Havzas\u0131nda De\u011ferlendirilmesi (Evaluation of Water-Energy-Food Nexus at Sakarya Basin)\u201d 116Y166, TUBITAK, March 2017 to September 2019.<\/p>\n<p><u><\/u><u>Researcher<\/u>, March 2016-September 2019<\/p>\n<p>\u201cErgene Havzas\u0131 Su Kalitesi Y\u00f6netimi i\u00e7in Kirletici Parmak \u0130zine Ba\u011fl\u0131 Co\u011frafi Bilgi Sistemi Bazl\u0131 Karar Destek Sistemleri Geli\u015ftirilmesi (Development of a geographical information systems based decision-making tool for water quality management of Ergene watershed using pollutant fingerprints)\u201d 115Y064, TUBITAK, March 2016 to September 2019.<\/p>\n<p><u><\/u><u>Researcher<\/u>, March 2016-September 2019<\/p>\n<p>\u201cKavramsal Hidrolojik Model ile Hidrolojik D\u00f6ng\u00fc Parametrelerinin Elde Edilmesi (Identification of hydrologic cycle parameters using conceptual hydrologic modeling)\u201d 115Y041, TUBITAK, March 2016 to September 2019.<\/p>\n<p><span style=\"text-decoration: underline\">Principle Investigator<\/span><span style=\"line-height: 1.714285714;font-size: 1rem\">, January 2015-December 2015<\/span><\/p>\n<p>\u201cDevelopment of Operation Policy to Maximize Energy Generation for Arkun Hydropower Plant (Arkun Hidroelektrik Santrali i\u00e7in Enerji \u00dcretimini Maksimize Edecek Optimum \u0130\u015fletme Politikas\u0131n\u0131n Geli\u015ftirilmesi)\u201d BAP-03-03-2015-04, METU Research Fund, January 2015 to December 2015.<\/p>\n<p><span style=\"text-decoration: underline\">Researcher<\/span>, October 2013-October 2015<\/p>\n<p>\u201cAf\u015fin-Elbistan Havzas\u0131 entegre a\u00e7\u0131k linyit madencili\u011fi ve elektrik \u00fcretim plan ve alternatiflerinin g\u00f6stergeye dayal\u0131 s\u00fcrd\u00fcr\u00fclebilirlik analizi i\u00e7in metodoloji geli\u015ftirilmesi (Methodology development for indicator-based sustainability analysis of Afsin-Elbistan integrated opencast lignite mining and electricity generation plan and alternatives)\u201d 113M463, TUBITAK, October 2013 to October 2015.<\/p>\n<p><span style=\"text-decoration: underline\">Researcher<\/span>, January 2013-November 2013<\/p>\n<p>\u201cToprak dolgu barajlar\u0131n g\u00f6vdelerindeki s\u0131zman\u0131n belirsizlik esasl\u0131 ara\u015ft\u0131r\u0131lmas\u0131 (Investigation of seepage through earth-fill dams within an uncertainty based framework)\u201d BAP-03-03-2013-004, METU Research Fund, January 2013-November 2013.<\/p>\n<p><span style=\"text-decoration: underline\">Researcher<\/span>, September 2012-September 2014<\/p>\n<p>\u201cMogan G\u00f6l\u00fc havzas\u0131nda tar\u0131msal faaliyetlerden kaynaklanan yay\u0131l\u0131 kirliligin ve konrtol y\u00f6ntemlerinin SWAT modeli ile de\u011ferlendirilmesi (Evaluation of distributed pollution due to agricultural activities and control strategies using SWAT model)\u201d KAR\u0130YER 111Y284, TUBITAK, September 2012-September 2014.<\/p>\n<p><span style=\"text-decoration: underline\">Researcher<\/span><span style=\"line-height: 1.714285714;font-size: 1rem\">, June 2010-June 2013<\/span><\/p>\n<p>\u201cEvsel\/Kentesel ar\u0131tma \u00e7amurlar\u0131n\u0131n y\u00f6netimi (Management of domestic\/urban wastewater sludges)\u201d KAMAG 108G167, TUBITAK, June 2010 to June 2013.<\/p>\n<p><span style=\"text-decoration: underline\">Principle Investigator<\/span><span style=\"line-height: 1.714285714;font-size: 1rem\">, April 2010-April 2011<\/span><\/p>\n<p>\u201cYapay sinir a\u011flar\u0131 modeli i\u00e7in kullan\u0131lan girdi setlerinden g\u00fcvenilmez sonu\u00e7lar \u00fcretme riski y\u00fcksek olanlar\u0131n belirlenmesi (Identification of inputs sets that are susceptible of producing unreliable outputs by Artificial Neural Network models)\u201d BAP-03-03-2010-06, METU Research Fund, April 2010 to April 2011.<\/p>\n<p><span style=\"text-decoration: underline\">Principle Investigator<\/span><span style=\"line-height: 1.714285714;font-size: 1rem\">, April 2009-January 2011<\/span><\/p>\n<p>\u201cGerede-Ulusu \u00c7ay\u0131&#8217;n\u0131n Gelecekteki ak\u0131mlar\u0131n\u0131n veri-temelli metodlar kullan\u0131larak tahmini (Estimation of future flows of Gerede-UlusuRiver by data driven methods)\u201d BAP-03-03-2009-08, METU Research Fund, April 2009 to January 2011.<\/p>\n<p><span style=\"text-decoration: underline\">Principle Investigator<\/span><span style=\"line-height: 1.714285714;font-size: 1rem\">, April 2008-April 2009<\/span><\/p>\n<p>\u201cHidrolojik Belirsizliklerin Hazne Ta\u015fk\u0131n \u00d6telemesine Etkileri (Impact of Hydrological Uncertainties in Reservoir Routing)\u201d BAP-2008-03-03-00-04, METU Research Fund. April 1, 2008 to April 1, 2009.<\/p>\n<p><span style=\"text-decoration: underline\">Researcher<\/span><span style=\"line-height: 1.714285714;font-size: 1rem\">, July 2007-May 2008<\/span><\/p>\n<p>\u201cNoktasal Kaynakl\u0131 Kirlenmi\u015f Sahalar i\u00e7in Y\u00f6netim Sistemi Geli\u015ftirilmesi (Development of a Management System for Sites Contaminated by Point Sources)\u201d KAMAG 106G008, TUBITAK, September 1, 2006 to March 1, 2009.<\/p>\n","protected":false},"excerpt":{"rendered":"<p>Researcher, April 2022-April 2025 \u201cIklim de\u011fi\u015fikli\u011finin \u00c7oruh Havzas\u0131\u2019ndaki Y\u00fczey Su Potansiyeline ve Ard\u0131\u015f\u0131k Barajlardaki Enerji \u00dcretimine Etkilerinin \u0130ncelenmesi (Investigation of Climate Change at \u00c7oruh Basin on the Surface Water Potential and Energy Generation of Cascade Hydropower Plants\u201d 121Y456, 1001 TUBITAK, April 2022 to April 2024. Principle Investigator, September 2021-March 2024 \u201cTa\u015fk\u0131n Risk Haritaland\u0131rmas\u0131 i\u00e7in Ajan-Bazl\u0131 [&hellip;]<\/p>\n","protected":false},"author":1681,"featured_media":0,"parent":0,"menu_order":0,"comment_status":"open","ping_status":"open","template":"","meta":{"footnotes":"","_links_to":"","_links_to_target":""},"class_list":["post-19","page","type-page","status-publish","hentry"],"_links":{"self":[{"href":"https:\/\/blog.metu.edu.tr\/ekentel\/wp-json\/wp\/v2\/pages\/19","targetHints":{"allow":["GET"]}}],"collection":[{"href":"https:\/\/blog.metu.edu.tr\/ekentel\/wp-json\/wp\/v2\/pages"}],"about":[{"href":"https:\/\/blog.metu.edu.tr\/ekentel\/wp-json\/wp\/v2\/types\/page"}],"author":[{"embeddable":true,"href":"https:\/\/blog.metu.edu.tr\/ekentel\/wp-json\/wp\/v2\/users\/1681"}],"replies":[{"embeddable":true,"href":"https:\/\/blog.metu.edu.tr\/ekentel\/wp-json\/wp\/v2\/comments?post=19"}],"version-history":[{"count":0,"href":"https:\/\/blog.metu.edu.tr\/ekentel\/wp-json\/wp\/v2\/pages\/19\/revisions"}],"wp:attachment":[{"href":"https:\/\/blog.metu.edu.tr\/ekentel\/wp-json\/wp\/v2\/media?parent=19"}],"curies":[{"name":"wp","href":"https:\/\/api.w.org\/{rel}","templated":true}]}}