{"id":12,"date":"2013-07-27T12:29:03","date_gmt":"2013-07-27T09:29:03","guid":{"rendered":"http:\/\/blog.metu.edu.tr\/ekentel\/?page_id=12"},"modified":"2023-04-25T11:43:58","modified_gmt":"2023-04-25T08:43:58","slug":"ssd","status":"publish","type":"page","link":"https:\/\/blog.metu.edu.tr\/ekentel\/ssd\/","title":{"rendered":"Students"},"content":{"rendered":"<p><a href=\"http:\/\/blog.metu.edu.tr\/ekentel\/files\/2013\/07\/P1020212.jpg\"><img loading=\"lazy\" decoding=\"async\" class=\"size-medium wp-image-34 alignright\" src=\"http:\/\/blog.metu.edu.tr\/ekentel\/files\/2013\/07\/P1020212-225x300.jpg\" alt=\"P1020212\" width=\"225\" height=\"300\" srcset=\"https:\/\/blog.metu.edu.tr\/ekentel\/files\/2013\/07\/P1020212-225x300.jpg 225w, https:\/\/blog.metu.edu.tr\/ekentel\/files\/2013\/07\/P1020212-768x1024.jpg 768w, https:\/\/blog.metu.edu.tr\/ekentel\/files\/2013\/07\/P1020212-624x832.jpg 624w, https:\/\/blog.metu.edu.tr\/ekentel\/files\/2013\/07\/P1020212.jpg 1200w\" sizes=\"auto, (max-width: 225px) 100vw, 225px\" \/><\/a><\/p>\n<p>Ahmet K\u00f6rp\u0131nar, MS, 2023, Bias-correction for non-extreme and extreme values of precipitation<\/p>\n<p>Orhan Veli Kad\u0131, MS, 2022, Rainwater harvesting system (RHS) and its applications on METU campus<\/p>\n<p>Buket Mesta Yoleri, PhD, 2022, Impact of climate change in the Southern Mediterranean of Turkey: a method to assess Oymapinar Reservoir&#8217;s inflow projections (Co-advisor: Dr. \u0130smail Y\u00fccel)<\/p>\n<p>Eray Ercan, MS, 2020, Developing optimum operation strategies for wind-hydro hybrid systems<\/p>\n<p>\u00d6mer Burak Akg\u00fcn, MS, 2020, Filling out missing daily streamflow data using fuzzy rule-based models<\/p>\n<p>Berkan Er\u015fahin, MS, 2020, Simulation of stremflow using hydrologic modeling system HEC-HMS (Co-advisor: Dr. Zuhal Aky\u00fcrek)<\/p>\n<p>Alper Turan, 2019, MS, Operation strategies of pumped storage hydropower plants under electricity spot market: case study of Uluabat hydropower plant<\/p>\n<p>Seda \u00d6zt\u00fcrk, 2019, MS, Prediction of felt intensity from ground motion parameters using artificial neural network method (Co-advisor: Dr. Ay\u015feg\u00fcl Askan G\u00fcndo\u011fan)<\/p>\n<p>Y\u0131lmaz Bahad\u0131r T\u00fczgel, MS, 2018, People&#8217;s preferences towards wind farms at the coast of Mugla (Advisor: Dr. Y\u00fccel Can Severcan)<\/p>\n<p>Duygu Ocal, MS, September 2017, Development of a GIS-Based Estimator for Streamflow at Ungaged Catchments<\/p>\n<p>M\u00fcmtaz Ak, PhD, February 2017, Rule Curves for Operating Single- and Multi-Reservoir Hydropower Plants (Co-advisor: Dr. Se\u00e7il Sava\u015faneril)<\/p>\n<p>Murat Ye\u011fin, MS, September 2015, Flood Risk Mapping Using Economic, Environmental and Social Dimensions<\/p>\n<p>Melih \u00c7alamak, Ph.D., December 2014, Uncertainty Based Analysis of Seepage Through Earth-fill Dams (Advisor: Dr. Melih Yanmaz; Co-advisor: Dr. El\u00e7in Kentel)<\/p>\n<p>Gizem Naz D\u00f6lek, MS, July 2014, Evaluation of\u00a0BTEX Concentrations in Selected Industries Producing and Applying Paint Based on Human Health Risks Through Inhalation (Advisor: Dr. Ay\u015feg\u00fcl Aksoy, ENVE; Co-advisor: Dr. El\u00e7in Kentel)<\/p>\n<p>Berna Vural \u00d6z\u00fcnl\u00fc, MS, September 2013, Energy Indicators for Sustainable Development and Sustainability Assessment of a Hydropower Project: A Case Study of \u00c7etin Dam and HEPP<\/p>\n<p>Emre, G\u00f6k, MS, July 2013, Renewable-Energy Planning in Turkey with a Focus on Hydropower<\/p>\n<p>\u015eerife Ece Boyac\u0131o\u011flu, MS, June 2013, Development of the Rule Curve for Alt\u0131parmak Hydroelectric Power Plant (Co-advisor: Dr. Melih Yanmaz)<\/p>\n<p>Ece Kendir, MS, January 2013, Health Risk Assessment for the Land Application of Biosolids in Ankara, Turkey (Advisor: Dr. Dilek Sanin; Co-advisor: Dr. El\u00e7in Kentel)<\/p>\n<p>Mehmet Ak\u0131n \u00c7etinkaya, MS, January 2013, Balkusan Dam and HEPP: Investigation of Better Alternatives to EIEI Formulation<\/p>\n<p>Mehmet Kayra Ergen, MS, June 2012, Application of the Map Correlation Method to the Western Blacksea Region<\/p>\n<p>M\u00fcmtaz Ak, MS, September 2011, Alternative Feasibility Studies for Alt\u0131parmak Dam and HEPP (Co-advisor: Dr. Melih Yanmaz)<\/p>\n<p>S\u00fclen Nur Kitapc\u0131gil, MS, December 2010, A Study on the Reliability-Based Safety Analysis of Hardfill Dams (Co-advisor,\u00a0Advisor: Dr. Melih Yanmaz)<\/p>\n<p>Boran Ekin Ayd\u0131n, MS, September 2010, Feasibility Study of Multiple Hydropower Projects: Case Study of Baltac\u0131 Stream, Trabzon, Turkey (Co-advisor: Dr. Do\u011fan Alt\u0131nbilek)<\/p>\n<p>Reyhan Mutlu, MS, September 2010, Feasibility Study of a Hydropower Projects: Case Study of Niksar HEPP, Turkey (Co-advisor: Dr. Do\u011fan Alt\u0131nbilek)<\/p>\n<p>Nazl\u0131 Yonca Ayd\u0131n, MS, July 2009, GIS-Based Site Selection Approach for Wind and Solar-Energy Systems: A Case Study from Western Turkey (Co-advisor: Dr. \u015eebnem D\u00fczg\u00fcn)<\/p>\n<p>Sibel Kerpi\u00e7\u00e7i Kara, MS, February 2009, Reliability-Based Analysis of Time-Dependent Scouring at Bridge Abutments (Co-advisor, Advisor: Dr. Melih Yanmaz)<\/p>\n","protected":false},"excerpt":{"rendered":"<p>Ahmet K\u00f6rp\u0131nar, MS, 2023, Bias-correction for non-extreme and extreme values of precipitation Orhan Veli Kad\u0131, MS, 2022, Rainwater harvesting system (RHS) and its applications on METU campus Buket Mesta Yoleri, PhD, 2022, Impact of climate change in the Southern Mediterranean of Turkey: a method to assess Oymapinar Reservoir&#8217;s inflow projections (Co-advisor: Dr. \u0130smail Y\u00fccel) Eray [&hellip;]<\/p>\n","protected":false},"author":1681,"featured_media":0,"parent":0,"menu_order":0,"comment_status":"open","ping_status":"open","template":"","meta":{"footnotes":"","_links_to":"","_links_to_target":""},"class_list":["post-12","page","type-page","status-publish","hentry"],"_links":{"self":[{"href":"https:\/\/blog.metu.edu.tr\/ekentel\/wp-json\/wp\/v2\/pages\/12","targetHints":{"allow":["GET"]}}],"collection":[{"href":"https:\/\/blog.metu.edu.tr\/ekentel\/wp-json\/wp\/v2\/pages"}],"about":[{"href":"https:\/\/blog.metu.edu.tr\/ekentel\/wp-json\/wp\/v2\/types\/page"}],"author":[{"embeddable":true,"href":"https:\/\/blog.metu.edu.tr\/ekentel\/wp-json\/wp\/v2\/users\/1681"}],"replies":[{"embeddable":true,"href":"https:\/\/blog.metu.edu.tr\/ekentel\/wp-json\/wp\/v2\/comments?post=12"}],"version-history":[{"count":0,"href":"https:\/\/blog.metu.edu.tr\/ekentel\/wp-json\/wp\/v2\/pages\/12\/revisions"}],"wp:attachment":[{"href":"https:\/\/blog.metu.edu.tr\/ekentel\/wp-json\/wp\/v2\/media?parent=12"}],"curies":[{"name":"wp","href":"https:\/\/api.w.org\/{rel}","templated":true}]}}