{"id":28,"date":"2021-12-26T22:27:13","date_gmt":"2021-12-26T22:27:13","guid":{"rendered":"https:\/\/blog.metu.edu.tr\/ebabur\/?page_id=28"},"modified":"2026-02-01T13:56:07","modified_gmt":"2026-02-01T13:56:07","slug":"cv","status":"publish","type":"page","link":"https:\/\/blog.metu.edu.tr\/ebabur\/cv\/","title":{"rendered":"CV"},"content":{"rendered":"<p><strong><a href=\"https:\/\/blog.metu.edu.tr\/ebabur\/files\/2026\/02\/BaburErdem_CV.pdf\"><strong>Please click to reach my CV<\/strong><\/a><\/strong><\/p>\n<p><a href=\"https:\/\/blog.metu.edu.tr\/ebabur\/files\/2026\/02\/BaburErdem_Ozgecmis.pdf\"><strong>\u00d6zge\u00e7mi\u015f i\u00e7in l\u00fctfen t\u0131klay\u0131n\u0131z<\/strong><\/a><\/p>\n\n\n<p><\/p>\n\n\n\n<p><\/p>\n","protected":false},"excerpt":{"rendered":"<p>Please click to reach my CV \u00d6zge\u00e7mi\u015f i\u00e7in l\u00fctfen t\u0131klay\u0131n\u0131z<\/p>\n","protected":false},"author":8114,"featured_media":0,"parent":0,"menu_order":0,"comment_status":"closed","ping_status":"closed","template":"","meta":{"footnotes":"","_links_to":"","_links_to_target":""},"class_list":["post-28","page","type-page","status-publish","hentry"],"_links":{"self":[{"href":"https:\/\/blog.metu.edu.tr\/ebabur\/wp-json\/wp\/v2\/pages\/28","targetHints":{"allow":["GET"]}}],"collection":[{"href":"https:\/\/blog.metu.edu.tr\/ebabur\/wp-json\/wp\/v2\/pages"}],"about":[{"href":"https:\/\/blog.metu.edu.tr\/ebabur\/wp-json\/wp\/v2\/types\/page"}],"author":[{"embeddable":true,"href":"https:\/\/blog.metu.edu.tr\/ebabur\/wp-json\/wp\/v2\/users\/8114"}],"replies":[{"embeddable":true,"href":"https:\/\/blog.metu.edu.tr\/ebabur\/wp-json\/wp\/v2\/comments?post=28"}],"version-history":[{"count":0,"href":"https:\/\/blog.metu.edu.tr\/ebabur\/wp-json\/wp\/v2\/pages\/28\/revisions"}],"wp:attachment":[{"href":"https:\/\/blog.metu.edu.tr\/ebabur\/wp-json\/wp\/v2\/media?parent=28"}],"curies":[{"name":"wp","href":"https:\/\/api.w.org\/{rel}","templated":true}]}}