{"id":155,"date":"2024-12-22T20:49:07","date_gmt":"2024-12-22T20:49:07","guid":{"rendered":"https:\/\/blog.metu.edu.tr\/ebabur\/?page_id=155"},"modified":"2025-12-31T23:33:53","modified_gmt":"2025-12-31T23:33:53","slug":"education-experience","status":"publish","type":"page","link":"https:\/\/blog.metu.edu.tr\/ebabur\/education-experience\/","title":{"rendered":"Education &amp; Experience"},"content":{"rendered":"<h3><strong>EDUCATION <\/strong><\/h3>\n<p>PhD, Biology (2024) Middle East Technical University, Department of Biological Sciences, Ankara, Turkiye <br \/>Thesis: <em>Investigation of the Effects of Lithium on Locomotor Activity, Circadian Rhythm, and Learning Using Computational Methods in Honey Bees<\/em><\/p>\n<p>MSc, Biology (2018) Middle East Technical University, Department of Biological Sciences, Ankara, Turkiye <br \/>Thesis: <em>Differences in Learning Performance and Related Behaviors Across Three Honey Bee Subspecies from Turkey<\/em><\/p>\n<p>BSc, Biology (2015) Middle East Technical University, Department of Biological Sciences, Ankara, Turkiye<\/p>\n<h3><strong>WORK EXPERIENCE<\/strong><\/h3>\n<p><strong>Postdoctoral Researcher<\/strong><\/p>\n<p>Middle East Technical University, Center for Robotics and Artificial Intelligence. Postdoctoral Research Program of the Council of Higher Education of Turkiye (DOSAP-A) (June 2025 &#8211; Ongoing)<\/p>\n<p><strong>Researcher<\/strong> <br \/>Middle East Technical University, Center for Robotics and Artificial Intelligence. EU-Horizon2020-FET-Open \u2013 ID: 964492 (December 2021 \u2013 June 2025)\u00a0<\/p>\n<p><strong>Founder &amp; CEO<\/strong> <br \/>Vitaliter Natural Sciences and Engineering R&amp;D Ltd. (March 2016 \u2013 November 2018)<\/p>\n<h3><strong>PROJECTS<\/strong><\/h3>\n<p>PROJECT MANAGER<\/p>\n<p><em>Development of a Biosensor Using Honey Bees for Detection of Explosives and Narcotic Substances<\/em> (July 2016 \u2013 September 2017). Supported by the Scientific and Technological Research Council of Turkiye (TUBITAK) under the 1512 program. (Budget: $ 5,200)<\/p>\n<p><em>Effects of Light and Serotonin on Sex Determination in Water Fleas (Daphnia magna)<\/em> (September 2013 \u2013 September 2014). Supported by the Scientific and Technological Research Council of Turkiye (TUBITAK) under the 2209-A program. (Budget: $ 750)<\/p>\n<p>RESEARCHER<\/p>\n<p><em>RoboRoyale: ROBOtic Replicants for Optimizing the Yield by Augmenting Living Ecosystems<\/em> (December 2021 &#8211; Ongoing). Supported by EU Horizon 2020 FET Open. (Project manager: Erol Sahin \/ Budget: 334,625\u20ac)<\/p>\n<p><em>Study of Behavioral Interactions and Nutrition of Queen and Worker Bees to Determine Queen Bee Health and Needs<\/em> (June 2021 \u2013 June 2022). Supported by METU Scientific Research Projects Coordination Unit (Project Manager: Hande Alemdar \/ Budget: $ 1,175)<\/p>\n<p>CONSULTANT<\/p>\n<p><em>Museum Research: Cenozoic Stratigraphy and Paleogeography of T\u00fcrkiye<\/em> (January 2026 \u2013 December 2026). Supported by Mineral Research and Exploration General Directorate of T\u00fcrkiye (MTA). (Project Manager: M\u00fcjde G\u00fcrsoy)<\/p>\n<h3><strong>SCHOLARSHIP<\/strong><\/h3>\n<p>Scientific and Technological Research Council of Turkiye &#8211; T\u00dcB\u0130TAK B\u0130DEB 2250 Graduate Performance Scholarship (September 2022 \u2013 Present)<\/p>\n<p>Project assistant. Hive 4.0: Artificial intelligence-based objective approaches in honeybee monitoring. Middle East Technical University, Department of Computer Engineering, (May 2022 \u2013 November 2024) Supported by T\u00dcB\u0130TAK<\/p>\n<p>The Council of Higher Education &#8211; YOK 100\/2000 Doctoral Fellowship in Bioinformatics \u2013 Biostatistics field (2019 \u2013 2021)<\/p>\n<p>Project assistant. Investigation of the neural basis of attention in the fruit fly. TOBB Economy and Technology University, Psychology Department (December 2017 \u2013 July 2018) Supported by T\u00dcB\u0130TAK<\/p>\n<h3><strong>AWARD<\/strong><\/h3>\n<p><strong>Erdem, B<\/strong>., Akpolat, M. T., &amp; Arslan, O. C. (Kovan Team) <em>&#8220;Development of a biosensor for detecting explosives and narcotics using honey bees.&#8221; <\/em>Special Prize in the IDEA Category of the &#8220;New Ideas New Businesses&#8221; Technopreneurship Program, Organized by METU Technopolis and METU. December 5, 2015, Ankara.<\/p>\n<h3><strong>TRAININGS &amp; CERTIFICATES\u00a0\u00a0\u00a0<\/strong>\u00a0\u00a0\u00a0<\/h3>\n<p><em>T-Jump Entrepreneurship Accelerator Camp<\/em>, February 9-19, 2016. METU Technopolis, San Francisco, USA<\/p>\n<p><em>New Ideas New Businesses Technopreneurship Program<\/em>, June \u2013 September 2015. METU Technopolis, Ankara, Turkiye<\/p>\n<p><em>Erciyes &amp; Sultan Reeds Nature Education Certificate<\/em>. August 2010. Erciyes University &amp; T\u00dcB\u0130TAK, Kayseri, Turkiye<\/p>\n\n\n<p><\/p>\n","protected":false},"excerpt":{"rendered":"<p>EDUCATION PhD, Biology (2024) Middle East Technical University, Department of Biological Sciences, Ankara, Turkiye Thesis: Investigation of the Effects of Lithium on Locomotor Activity, Circadian Rhythm, and Learning Using Computational Methods in Honey Bees MSc, Biology (2018) Middle East Technical &hellip;<\/p>\n<p class=\"read-more\"> <a class=\"more-link\" href=\"https:\/\/blog.metu.edu.tr\/ebabur\/education-experience\/\"> <span class=\"screen-reader-text\">Education &amp; Experience<\/span> Read More &raquo;<\/a><\/p>\n","protected":false},"author":8114,"featured_media":0,"parent":0,"menu_order":0,"comment_status":"closed","ping_status":"closed","template":"","meta":{"footnotes":"","_links_to":"","_links_to_target":""},"class_list":["post-155","page","type-page","status-publish","hentry"],"_links":{"self":[{"href":"https:\/\/blog.metu.edu.tr\/ebabur\/wp-json\/wp\/v2\/pages\/155","targetHints":{"allow":["GET"]}}],"collection":[{"href":"https:\/\/blog.metu.edu.tr\/ebabur\/wp-json\/wp\/v2\/pages"}],"about":[{"href":"https:\/\/blog.metu.edu.tr\/ebabur\/wp-json\/wp\/v2\/types\/page"}],"author":[{"embeddable":true,"href":"https:\/\/blog.metu.edu.tr\/ebabur\/wp-json\/wp\/v2\/users\/8114"}],"replies":[{"embeddable":true,"href":"https:\/\/blog.metu.edu.tr\/ebabur\/wp-json\/wp\/v2\/comments?post=155"}],"version-history":[{"count":0,"href":"https:\/\/blog.metu.edu.tr\/ebabur\/wp-json\/wp\/v2\/pages\/155\/revisions"}],"wp:attachment":[{"href":"https:\/\/blog.metu.edu.tr\/ebabur\/wp-json\/wp\/v2\/media?parent=155"}],"curies":[{"name":"wp","href":"https:\/\/api.w.org\/{rel}","templated":true}]}}