{"id":50,"date":"2025-08-02T10:03:18","date_gmt":"2025-08-02T10:03:18","guid":{"rendered":"https:\/\/blog.metu.edu.tr\/e273863\/?page_id=50"},"modified":"2025-08-03T10:34:44","modified_gmt":"2025-08-03T10:34:44","slug":"reading-list","status":"publish","type":"page","link":"https:\/\/blog.metu.edu.tr\/e273863\/reading-list\/","title":{"rendered":"Reading List"},"content":{"rendered":"\n<figure class=\"wp-block-embed is-type-rich is-provider-spotify wp-block-embed-spotify wp-embed-aspect-21-9 wp-has-aspect-ratio\"><div class=\"wp-block-embed__wrapper\">\n<iframe title=\"Spotify Embed: Via con me\" style=\"border-radius: 12px\" width=\"100%\" height=\"152\" frameborder=\"0\" allowfullscreen allow=\"autoplay; clipboard-write; encrypted-media; fullscreen; picture-in-picture\" loading=\"lazy\" src=\"https:\/\/open.spotify.com\/embed\/track\/2P2rhs7AtvqUzerhAZDbNu?si=fcfdb3f350cf4ea8&#038;utm_source=oembed\"><\/iframe>\n<\/div><\/figure>\n\n\n\n<p>1- Yan\u0131 Ba\u015f\u0131m\u0131zdaki Do\u011fa- Thor Hanson<\/p>\n\n\n\n<figure class=\"wp-block-gallery has-nested-images columns-default is-cropped wp-block-gallery-1 is-layout-flex wp-block-gallery-is-layout-flex\">\n<figure class=\"wp-block-image size-full\"><img loading=\"lazy\" decoding=\"async\" width=\"952\" height=\"719\" data-id=\"85\" src=\"https:\/\/blog.metu.edu.tr\/e273863\/files\/2025\/08\/Ekran-goruntusu-2025-08-02-124743.png\" alt=\"\" class=\"wp-image-85\" srcset=\"https:\/\/blog.metu.edu.tr\/e273863\/files\/2025\/08\/Ekran-goruntusu-2025-08-02-124743.png 952w, https:\/\/blog.metu.edu.tr\/e273863\/files\/2025\/08\/Ekran-goruntusu-2025-08-02-124743-300x227.png 300w, https:\/\/blog.metu.edu.tr\/e273863\/files\/2025\/08\/Ekran-goruntusu-2025-08-02-124743-768x580.png 768w\" sizes=\"auto, (max-width: 952px) 100vw, 952px\" \/><\/figure>\n<\/figure>\n\n\n\n<p>2- Hamburger Cumhuriyeti- Eric Schlosser<\/p>\n\n\n\n<figure class=\"wp-block-gallery has-nested-images columns-default is-cropped wp-block-gallery-2 is-layout-flex wp-block-gallery-is-layout-flex\">\n<figure class=\"wp-block-image size-large\"><img decoding=\"async\" data-id=\"54\" src=\"https:\/\/blog.metu.edu.tr\/e273863\/files\/2025\/08\/Ekran-goruntusu-2025-08-02-131004.png\" alt=\"\" class=\"wp-image-54\" \/><\/figure>\n<\/figure>\n","protected":false},"excerpt":{"rendered":"<p>1- Yan\u0131 Ba\u015f\u0131m\u0131zdaki Do\u011fa- Thor Hanson 2- Hamburger Cumhuriyeti- Eric Schlosser<\/p>\n","protected":false},"author":9396,"featured_media":0,"parent":0,"menu_order":0,"comment_status":"closed","ping_status":"closed","template":"","meta":{"footnotes":"","_links_to":"","_links_to_target":""},"class_list":["post-50","page","type-page","status-publish","hentry"],"_links":{"self":[{"href":"https:\/\/blog.metu.edu.tr\/e273863\/wp-json\/wp\/v2\/pages\/50","targetHints":{"allow":["GET"]}}],"collection":[{"href":"https:\/\/blog.metu.edu.tr\/e273863\/wp-json\/wp\/v2\/pages"}],"about":[{"href":"https:\/\/blog.metu.edu.tr\/e273863\/wp-json\/wp\/v2\/types\/page"}],"author":[{"embeddable":true,"href":"https:\/\/blog.metu.edu.tr\/e273863\/wp-json\/wp\/v2\/users\/9396"}],"replies":[{"embeddable":true,"href":"https:\/\/blog.metu.edu.tr\/e273863\/wp-json\/wp\/v2\/comments?post=50"}],"version-history":[{"count":0,"href":"https:\/\/blog.metu.edu.tr\/e273863\/wp-json\/wp\/v2\/pages\/50\/revisions"}],"wp:attachment":[{"href":"https:\/\/blog.metu.edu.tr\/e273863\/wp-json\/wp\/v2\/media?parent=50"}],"curies":[{"name":"wp","href":"https:\/\/api.w.org\/{rel}","templated":true}]}}