{"id":91,"date":"2024-12-27T14:43:03","date_gmt":"2024-12-27T14:43:03","guid":{"rendered":"https:\/\/blog.metu.edu.tr\/e273710\/?page_id=91"},"modified":"2024-12-28T19:39:00","modified_gmt":"2024-12-28T19:39:00","slug":"about","status":"publish","type":"page","link":"https:\/\/blog.metu.edu.tr\/e273710\/about\/","title":{"rendered":"About Me"},"content":{"rendered":"\n<p class=\"has-medium-font-size\">Hi! My name is Berkay SAR\u0130. My department is Computer Education and Instructional Technology. We have created a workbook and video material as a group. Here is a list of group member information.<\/p>\n\n\n\n<p class=\"has-medium-font-size\"><em><strong>Berkay SAR\u0130<\/strong><\/em> &#8211; 2737104<\/p>\n\n\n\n<p class=\"has-medium-font-size\"><em><strong>Zeynep S\u00fcmeyra YILDIRIM<\/strong><\/em> &#8211; 2621001<\/p>\n\n\n\n<p class=\"has-medium-font-size\"><strong><em>Fatmag\u00fcl Name Y\u0130\u011e\u0130T<\/em><\/strong> &#8211; 2621019<\/p>\n\n\n\n<p><em>e-mail adress: e273710@metu.edu.tr<\/em><\/p>\n","protected":false},"excerpt":{"rendered":"<p>Hi! My name is Berkay SAR\u0130. My department is Computer Education and Instructional Technology. We have created a workbook and video material as a group. Here is a list of group member information. Berkay SAR\u0130 &#8211; 2737104 Zeynep S\u00fcmeyra YILDIRIM &#8211; 2621001 Fatmag\u00fcl Name Y\u0130\u011e\u0130T &#8211; 2621019 e-mail adress: e273710@metu.edu.tr<\/p>\n","protected":false},"author":9232,"featured_media":0,"parent":0,"menu_order":0,"comment_status":"closed","ping_status":"closed","template":"","meta":{"footnotes":"","_links_to":"","_links_to_target":""},"class_list":["post-91","page","type-page","status-publish","hentry"],"_links":{"self":[{"href":"https:\/\/blog.metu.edu.tr\/e273710\/wp-json\/wp\/v2\/pages\/91","targetHints":{"allow":["GET"]}}],"collection":[{"href":"https:\/\/blog.metu.edu.tr\/e273710\/wp-json\/wp\/v2\/pages"}],"about":[{"href":"https:\/\/blog.metu.edu.tr\/e273710\/wp-json\/wp\/v2\/types\/page"}],"author":[{"embeddable":true,"href":"https:\/\/blog.metu.edu.tr\/e273710\/wp-json\/wp\/v2\/users\/9232"}],"replies":[{"embeddable":true,"href":"https:\/\/blog.metu.edu.tr\/e273710\/wp-json\/wp\/v2\/comments?post=91"}],"version-history":[{"count":0,"href":"https:\/\/blog.metu.edu.tr\/e273710\/wp-json\/wp\/v2\/pages\/91\/revisions"}],"wp:attachment":[{"href":"https:\/\/blog.metu.edu.tr\/e273710\/wp-json\/wp\/v2\/media?parent=91"}],"curies":[{"name":"wp","href":"https:\/\/api.w.org\/{rel}","templated":true}]}}