{"id":55,"date":"2025-04-07T20:55:26","date_gmt":"2025-04-07T20:55:26","guid":{"rendered":"https:\/\/blog.metu.edu.tr\/e270199\/?page_id=55"},"modified":"2025-04-07T20:55:27","modified_gmt":"2025-04-07T20:55:27","slug":"toplumun-sessiz-kaliplari","status":"publish","type":"page","link":"https:\/\/blog.metu.edu.tr\/e270199\/toplumun-sessiz-kaliplari\/","title":{"rendered":"Toplumun Sessiz Kal\u0131plar\u0131"},"content":{"rendered":"<p align=\"justify\"><span style=\"font-size: medium\">Cinsiyet rolleri, do\u011fdu\u011fumuz andan itibaren bize sunulan ve \u00e7o\u011fu zaman sorgulanmadan kabul edilen toplumsal beklentiler b\u00fct\u00fcn\u00fcd\u00fcr. Kad\u0131nlar\u0131n <\/span><span style=\"color: #0563c1\"><a href=\"https:\/\/ankarapsikolog1.com\/ergen-psikolog\/\"><span style=\"color: #000000\"><span style=\"font-size: medium\">ergen terapisi<\/span><\/span><\/a><\/span><span style=\"font-size: medium\"> ve erkeklerin nas\u0131l davranmas\u0131, ne giymesi, hangi mesle\u011fi se\u00e7mesi gerekti\u011fi gibi kal\u0131plar, bireylerin ya\u015famlar\u0131n\u0131 \u015fekillendirir. Bu yaz\u0131da, cinsiyet rollerinin ne oldu\u011fu, nas\u0131l olu\u015ftu\u011fu, bireyler \u00fczerindeki etkisi ve bu kal\u0131plar\u0131n nas\u0131l d\u00f6n\u00fc\u015ft\u00fcr\u00fclebilece\u011fi \u00fczerine d\u00f6rt temel ba\u015fl\u0131k alt\u0131nda duraca\u011f\u0131z.<\/span><\/p>\n<p align=\"justify\"><span style=\"font-size: medium\"><b>1. Cinsiyet Rolleri Nedir?<\/b><\/span><\/p>\n<p align=\"justify\"><span style=\"font-size: medium\">Cinsiyet rolleri, toplumun kad\u0131nlara ve erkeklere bi\u00e7ti\u011fi davran\u0131\u015f, g\u00f6rev ve sorumluluk kal\u0131plar\u0131d\u0131r. \u00d6rne\u011fin, kad\u0131nlar\u0131n \u201cduygusal, \u015fefkatli ve evcimen\u201d, erkeklerin ise \u201cg\u00fc\u00e7l\u00fc, mant\u0131kl\u0131 ve d\u0131\u015fa d\u00f6n\u00fck\u201d olmas\u0131 <\/span><span style=\"color: #0563c1\"><a href=\"https:\/\/ankarapsikolog1.com\/\"><span style=\"color: #000000\"><span style=\"font-size: medium\">ankarapsikolog1.com<\/span><\/span><\/a><\/span><span style=\"font-size: medium\"> gerekti\u011fi d\u00fc\u015f\u00fcn\u00fcl\u00fcr. Bu roller, yaln\u0131zca bireysel ya\u015famlar\u0131 de\u011fil; i\u015f hayat\u0131n\u0131, aile yap\u0131s\u0131n\u0131 ve e\u011fitim sistemini de etkiler. Oysa cinsiyet, biyolojik bir farkl\u0131l\u0131kken; cinsiyet rolleri tamamen <\/span><span style=\"font-size: medium\"><b>k\u00fclt\u00fcrel ve toplumsal olarak in\u015fa edilmi\u015f<\/b><\/span><span style=\"font-size: medium\"> kavramlard\u0131r.<\/span><\/p>\n<p align=\"justify\"><span style=\"font-size: medium\"><b>2. Cinsiyet Rolleri Nas\u0131l Olu\u015fur?<\/b><\/span><\/p>\n<p align=\"justify\"><a name=\"_GoBack\"><\/a> <span style=\"font-size: medium\">Cinsiyet rolleri, \u00e7ocukluk \u00e7a\u011f\u0131ndan itibaren aile, okul, medya ve sosyal \u00e7evre arac\u0131l\u0131\u011f\u0131yla \u00f6\u011frenilir. \u00d6rne\u011fin, k\u0131z \u00e7ocuklar\u0131na bebekler, erkek \u00e7ocuklar\u0131na arabalar hediye edilmesi; erkeklerin \u201ca\u011flamamas\u0131\u201d, k\u0131zlar\u0131n \u201cnazik\u201d olmas\u0131 <\/span><span style=\"color: #0563c1\"><a href=\"https:\/\/ankarapsikolog1.com\/\"><span style=\"color: #000000\"><span style=\"font-size: medium\">uzman psikolog<\/span><\/span><\/a><\/span><span style=\"font-size: medium\"> gerekti\u011finin \u00f6\u011fretilmesi bu rollerin temelidir. Zamanla bu kal\u0131plar i\u00e7selle\u015ftirilir ve birey kendi benli\u011fini bu roller \u00fczerinden tan\u0131mlar. Medya, diziler ve reklamlarda kullan\u0131lan dil ve g\u00f6rseller de bu s\u00fcreci g\u00fc\u00e7lendirir.<\/span><\/p>\n<p align=\"justify\"><span style=\"font-size: medium\"><b>3. Cinsiyet Rollerinin Birey \u00dczerindeki Etkileri<\/b><\/span><\/p>\n<p align=\"justify\"><span style=\"font-size: medium\">Toplumsal cinsiyet rolleri, bireylerin <\/span><span style=\"font-size: medium\"><b>potansiyellerini s\u0131n\u0131rlayabilir<\/b><\/span><span style=\"font-size: medium\">. Kad\u0131nlar sadece \u201canne\u201d veya \u201ce\u015f\u201d rol\u00fcne s\u0131k\u0131\u015ft\u0131r\u0131l\u0131rken, erkekler duygular\u0131n\u0131 bast\u0131rmaya ve \u201cg\u00fc\u00e7l\u00fc olmak zorunda\u201d kalmaya zorlanabilir. Bu durum, psikolojik bask\u0131lara, \u00f6zg\u00fcven kayb\u0131na ve toplumsal e\u015fitsizliklere yol a\u00e7ar. Ayr\u0131ca meslek se\u00e7imlerinde bile bu roller etkilidir; \u00f6rne\u011fin kad\u0131nlar\u0131n m\u00fchendislikten, erkeklerin ise hem\u015firelikten uzak durmas\u0131n\u0131n temelinde toplumsal beklentiler yatar.<\/span><\/p>\n<p align=\"justify\"><span style=\"font-size: medium\"><b>4. Cinsiyet Rollerini D\u00f6n\u00fc\u015ft\u00fcrmek M\u00fcmk\u00fcn m\u00fc?<\/b><\/span><\/p>\n<p align=\"justify\"><span style=\"font-size: medium\">Cinsiyet rolleri de\u011fi\u015ftirilemez de\u011fildir. \u0130lk ad\u0131m, bu rollerin fark\u0131na varmak ve sorgulamakt\u0131r. Aile i\u00e7inde \u00e7ocuklara \u00f6zg\u00fcr alan tan\u0131mak, e\u011fitimde toplumsal cinsiyet e\u015fitli\u011fini esas almak ve medyada \u00e7e\u015fitlili\u011fe yer vermek \u00f6nemlidir. Ayr\u0131ca birey olarak, kal\u0131pla\u015fm\u0131\u015f beklentiler yerine <\/span><span style=\"font-size: medium\"><b>\u00f6zg\u00fcn kimliklere ve tercihlere<\/b><\/span><span style=\"font-size: medium\"> sayg\u0131 g\u00f6stermek toplumsal d\u00f6n\u00fc\u015f\u00fcm\u00fcn temelini olu\u015fturur. E\u015fitlik\u00e7i bir toplum, ancak bireylerin \u00f6zg\u00fcrce var olabildi\u011fi bir ortamda m\u00fcmk\u00fcnd\u00fcr.<\/span><\/p>\n<p align=\"justify\"><span style=\"font-size: medium\">Cinsiyet rolleri, fark\u0131na varmadan hayat\u0131m\u0131z\u0131 \u015fekillendiren g\u00fc\u00e7l\u00fc kal\u0131plard\u0131r. Ancak bu kal\u0131plar\u0131n d\u0131\u015f\u0131na \u00e7\u0131kmak, daha adil ve \u00f6zg\u00fcr bir toplumun kap\u0131lar\u0131n\u0131 aralayabilir.<\/span><\/p>\n","protected":false},"excerpt":{"rendered":"<p>Cinsiyet rolleri, do\u011fdu\u011fumuz andan itibaren bize sunulan ve \u00e7o\u011fu zaman sorgulanmadan kabul edilen toplumsal beklentiler b\u00fct\u00fcn\u00fcd\u00fcr. Kad\u0131nlar\u0131n ergen terapisi ve erkeklerin nas\u0131l davranmas\u0131, ne giymesi, hangi mesle\u011fi se\u00e7mesi gerekti\u011fi gibi kal\u0131plar, bireylerin ya\u015famlar\u0131n\u0131 \u015fekillendirir. Bu yaz\u0131da, cinsiyet rollerinin ne oldu\u011fu, nas\u0131l olu\u015ftu\u011fu, bireyler \u00fczerindeki etkisi ve bu kal\u0131plar\u0131n nas\u0131l d\u00f6n\u00fc\u015ft\u00fcr\u00fclebilece\u011fi \u00fczerine d\u00f6rt temel ba\u015fl\u0131k alt\u0131nda [&hellip;]<\/p>\n","protected":false},"author":9149,"featured_media":0,"parent":0,"menu_order":0,"comment_status":"closed","ping_status":"closed","template":"","meta":{"footnotes":"","_links_to":"","_links_to_target":""},"class_list":["post-55","page","type-page","status-publish","hentry"],"_links":{"self":[{"href":"https:\/\/blog.metu.edu.tr\/e270199\/wp-json\/wp\/v2\/pages\/55","targetHints":{"allow":["GET"]}}],"collection":[{"href":"https:\/\/blog.metu.edu.tr\/e270199\/wp-json\/wp\/v2\/pages"}],"about":[{"href":"https:\/\/blog.metu.edu.tr\/e270199\/wp-json\/wp\/v2\/types\/page"}],"author":[{"embeddable":true,"href":"https:\/\/blog.metu.edu.tr\/e270199\/wp-json\/wp\/v2\/users\/9149"}],"replies":[{"embeddable":true,"href":"https:\/\/blog.metu.edu.tr\/e270199\/wp-json\/wp\/v2\/comments?post=55"}],"version-history":[{"count":0,"href":"https:\/\/blog.metu.edu.tr\/e270199\/wp-json\/wp\/v2\/pages\/55\/revisions"}],"wp:attachment":[{"href":"https:\/\/blog.metu.edu.tr\/e270199\/wp-json\/wp\/v2\/media?parent=55"}],"curies":[{"name":"wp","href":"https:\/\/api.w.org\/{rel}","templated":true}]}}