{"id":53,"date":"2025-04-06T17:59:42","date_gmt":"2025-04-06T17:59:42","guid":{"rendered":"https:\/\/blog.metu.edu.tr\/e270199\/?page_id=53"},"modified":"2025-04-06T17:59:44","modified_gmt":"2025-04-06T17:59:44","slug":"kaygi-bozuklugu","status":"publish","type":"page","link":"https:\/\/blog.metu.edu.tr\/e270199\/kaygi-bozuklugu\/","title":{"rendered":"Kayg\u0131 Bozuklu\u011fu"},"content":{"rendered":"<p align=\"justify\"><span style=\"font-size: medium\">Hepimiz zaman zaman endi\u015feleniriz. Ancak baz\u0131 insanlar i\u00e7in bu endi\u015fe, hayat\u0131n her alan\u0131na yay\u0131lan, kontrol edilmesi zor bir hale gelir. \u0130\u015fte bu noktada <\/span><span style=\"font-size: medium\"><b>kayg\u0131 bozuklu\u011fu<\/b><\/span><span style=\"font-size: medium\"> devreye girer. G\u00fcn\u00fcm\u00fczde olduk\u00e7a yayg\u0131n <\/span><span style=\"color: #0563c1\"><a href=\"https:\/\/ankarapsikolog1.com\/ankara-psikolog\/\"><span style=\"color: #000000\"><span style=\"font-size: medium\">ankara psikolog<\/span><\/span><\/a><\/span><span style=\"font-size: medium\"> hale gelen bu psikolojik durum, ki\u015finin ya\u015fam kalitesini ciddi \u015fekilde etkileyebilir. Bu yaz\u0131da, kayg\u0131 bozuklu\u011funu d\u00f6rt temel ba\u015fl\u0131k alt\u0131nda ele al\u0131yoruz.<\/span><\/p>\n<p align=\"justify\"><span style=\"font-size: medium\"><b>1. Kayg\u0131 Bozuklu\u011fu Nedir?<\/b><\/span><\/p>\n<p align=\"justify\"><span style=\"font-size: medium\">Kayg\u0131 bozuklu\u011fu, ki\u015finin s\u00fcrekli olarak <\/span><span style=\"font-size: medium\"><b>yo\u011fun endi\u015fe, korku ve huzursuzluk<\/b><\/span><span style=\"font-size: medium\"> hissetti\u011fi bir ruhsal durumdur. G\u00fcnl\u00fck ya\u015famda kar\u015f\u0131la\u015f\u0131lan k\u00fc\u00e7\u00fck sorunlar bile b\u00fcy\u00fck tehditlermi\u015f gibi alg\u0131lan\u0131r. Bu bozukluk, yaln\u0131zca zihinsel de\u011fil, <\/span><span style=\"font-size: medium\"><b>bedensel belirtilerle<\/b><\/span><span style=\"font-size: medium\"> de kendini g\u00f6sterebilir: \u00e7arp\u0131nt\u0131, terleme, kas gerginli\u011fi, mide bulant\u0131s\u0131 ve <\/span><span style=\"color: #0563c1\"><a href=\"https:\/\/ankarapsikolog1.com\/\"><span style=\"color: #000000\"><span style=\"font-size: medium\">ankarapsikolog1<\/span><\/span><\/a><\/span><span style=\"font-size: medium\"> uyku problemleri en s\u0131k g\u00f6r\u00fclenler aras\u0131ndad\u0131r.<\/span><\/p>\n<p align=\"justify\"><span style=\"font-size: medium\">Kayg\u0131, asl\u0131nda hayatta kalma mekanizmam\u0131z\u0131n bir par\u00e7as\u0131d\u0131r. Ancak bu duygu s\u00fcrekli hale gelip kontrols\u00fczle\u015fti\u011finde, bireyin hem sosyal hem profesyonel ya\u015fam\u0131 zorla\u015f\u0131r.<\/span><\/p>\n<p align=\"justify\"><span style=\"font-size: medium\"><b>2. En Yayg\u0131n Kayg\u0131 Bozuklu\u011fu T\u00fcrleri<\/b><\/span><\/p>\n<p align=\"justify\"><span style=\"font-size: medium\">Kayg\u0131 bozukluklar\u0131 birka\u00e7 farkl\u0131 t\u00fcrde ortaya \u00e7\u0131kabilir. En yayg\u0131n olanlar:<\/span><\/p>\n<ul>\n<li>\n<p align=\"justify\"><span style=\"font-size: medium\"><b>Genelle\u015fmi\u015f Kayg\u0131 Bozuklu\u011fu (GAD):<\/b><\/span><span style=\"font-size: medium\"> S\u00fcrekli, yo\u011fun ve kontrol edilemeyen endi\u015feler.<\/span><\/p>\n<\/li>\n<li>\n<p align=\"justify\"><span style=\"font-size: medium\"><b>Panik Bozukluk:<\/b><\/span><span style=\"font-size: medium\"> Aniden ba\u015flayan, yo\u011fun korku n\u00f6betleri (panik ataklar).<\/span><\/p>\n<\/li>\n<li>\n<p align=\"justify\"><span style=\"font-size: medium\"><b>Sosyal Fobi:<\/b><\/span><span style=\"font-size: medium\"> Ba\u015fkalar\u0131 taraf\u0131ndan de\u011ferlendirilme korkusu, sosyal ortamlardan ka\u00e7\u0131nma.<\/span><\/p>\n<\/li>\n<li>\n<p align=\"justify\"><span style=\"font-size: medium\"><b>Fobiler:<\/b><\/span><span style=\"font-size: medium\"> Belirli nesne ya da durumlara kar\u015f\u0131 a\u015f\u0131r\u0131 ve mant\u0131ks\u0131z korkular.<\/span><\/p>\n<\/li>\n<\/ul>\n<p align=\"justify\"><span style=\"font-size: medium\">Her biri farkl\u0131 belirtiler g\u00f6sterse de temelinde <\/span><span style=\"font-size: medium\"><b>korku, ka\u00e7\u0131nma ve kontrol kayb\u0131<\/b><\/span><span style=\"font-size: medium\"> duygular\u0131 yer al\u0131r.<\/span><\/p>\n<p align=\"justify\"><span style=\"font-size: medium\"><b>3. Kayg\u0131 Bozuklu\u011fu ile Ya\u015famak<\/b><\/span><\/p>\n<p align=\"justify\"><a name=\"_GoBack\"><\/a> <span style=\"font-size: medium\">Kayg\u0131 bozuklu\u011fu olan ki\u015filer genellikle \u201cen k\u00f6t\u00fc senaryo\u201d d\u00fc\u015f\u00fcnme e\u011filimindedir. Bu d\u00fc\u015f\u00fcnceler zamanla ki\u015finin karar verme s\u00fcre\u00e7lerini, ili\u015fkilerini ve hatta beden sa\u011fl\u0131\u011f\u0131n\u0131 etkileyebilir. \u0130\u015f performans\u0131nda <\/span><span style=\"color: #0563c1\"><a href=\"https:\/\/ankarapsikolog1.com\/ankara-psikolog\/\"><span style=\"color: #000000\"><span style=\"font-size: medium\">ankara terapist<\/span><\/span><\/a><\/span><span style=\"font-size: medium\"> d\u00fc\u015f\u00fc\u015f, sosyal ortamlardan uzakla\u015fma, s\u00fcrekli kontrol ihtiyac\u0131 gibi sonu\u00e7lar ortaya \u00e7\u0131kabilir. Ayr\u0131ca kronik kayg\u0131, <\/span><span style=\"font-size: medium\"><b>ba\u011f\u0131\u015f\u0131kl\u0131k sistemini zay\u0131flatabilir<\/b><\/span><span style=\"font-size: medium\">, enerji d\u00fc\u015f\u00fckl\u00fc\u011f\u00fcne ve t\u00fckenmi\u015flik hissine yol a\u00e7abilir.<\/span><\/p>\n<p align=\"justify\"><span style=\"font-size: medium\">Ancak bu durumla ya\u015famak zorunda de\u011filsiniz. Do\u011fru destekle kayg\u0131 bozuklu\u011fu y\u00f6netilebilir bir hale gelebilir.<\/span><\/p>\n<p align=\"justify\"><span style=\"font-size: medium\"><b>4. Kayg\u0131 Bozuklu\u011fuyla Ba\u015fa \u00c7\u0131kma Yollar\u0131<\/b><\/span><\/p>\n<p align=\"justify\"><span style=\"font-size: medium\">Kayg\u0131y\u0131 kontrol alt\u0131na almak i\u00e7in hem psikolojik hem ya\u015fam tarz\u0131 temelli yakla\u015f\u0131mlar etkili olabilir:<\/span><\/p>\n<ul>\n<li>\n<p align=\"justify\"><span style=\"font-size: medium\"><b>Psikoterapi (\u00f6zellikle Bili\u015fsel Davran\u0131\u015f\u00e7\u0131 Terapi)<\/b><\/span><span style=\"font-size: medium\">, d\u00fc\u015f\u00fcnce kal\u0131plar\u0131n\u0131 fark etmeye ve de\u011fi\u015ftirmeye yard\u0131mc\u0131 olur.<\/span><\/p>\n<\/li>\n<li>\n<p align=\"justify\"><span style=\"font-size: medium\"><b>Nefes egzersizleri<\/b><\/span><span style=\"font-size: medium\">, <\/span><span style=\"font-size: medium\"><b>meditasyon<\/b><\/span><span style=\"font-size: medium\"> ve <\/span><span style=\"font-size: medium\"><b>fiziksel aktivite<\/b><\/span><span style=\"font-size: medium\">, bedensel rahatlama sa\u011flar.<\/span><\/p>\n<\/li>\n<li>\n<p align=\"justify\"><span style=\"font-size: medium\"><b>Uyku d\u00fczeni<\/b><\/span><span style=\"font-size: medium\">, <\/span><span style=\"font-size: medium\"><b>sa\u011fl\u0131kl\u0131 beslenme<\/b><\/span><span style=\"font-size: medium\"> ve <\/span><span style=\"font-size: medium\"><b>kafein azalt\u0131m\u0131<\/b><\/span><span style=\"font-size: medium\">, kayg\u0131y\u0131 tetikleyen unsurlar\u0131n \u00f6n\u00fcne ge\u00e7ebilir.<\/span><\/p>\n<\/li>\n<li>\n<p align=\"justify\"><span style=\"font-size: medium\">Gerekli durumlarda, psikiyatrist deste\u011fiyle ila\u00e7 tedavisi de d\u00fc\u015f\u00fcn\u00fclebilir.<\/span><\/p>\n<\/li>\n<\/ul>\n<p align=\"justify\"><span style=\"font-size: medium\">En \u00f6nemlisi ise, yard\u0131m istemekten \u00e7ekinmemek. Kayg\u0131 bozuklu\u011fu, profesyonel destekle <\/span><span style=\"font-size: medium\"><b>y\u00f6netilebilir ve iyile\u015febilir bir durumdur<\/b><\/span><span style=\"font-size: medium\">.<\/span><\/p>\n<p align=\"justify\">\n","protected":false},"excerpt":{"rendered":"<p>Hepimiz zaman zaman endi\u015feleniriz. Ancak baz\u0131 insanlar i\u00e7in bu endi\u015fe, hayat\u0131n her alan\u0131na yay\u0131lan, kontrol edilmesi zor bir hale gelir. \u0130\u015fte bu noktada kayg\u0131 bozuklu\u011fu devreye girer. G\u00fcn\u00fcm\u00fczde olduk\u00e7a yayg\u0131n ankara psikolog hale gelen bu psikolojik durum, ki\u015finin ya\u015fam kalitesini ciddi \u015fekilde etkileyebilir. Bu yaz\u0131da, kayg\u0131 bozuklu\u011funu d\u00f6rt temel ba\u015fl\u0131k alt\u0131nda ele al\u0131yoruz. 1. Kayg\u0131 [&hellip;]<\/p>\n","protected":false},"author":9149,"featured_media":0,"parent":0,"menu_order":0,"comment_status":"closed","ping_status":"closed","template":"","meta":{"footnotes":"","_links_to":"","_links_to_target":""},"class_list":["post-53","page","type-page","status-publish","hentry"],"_links":{"self":[{"href":"https:\/\/blog.metu.edu.tr\/e270199\/wp-json\/wp\/v2\/pages\/53","targetHints":{"allow":["GET"]}}],"collection":[{"href":"https:\/\/blog.metu.edu.tr\/e270199\/wp-json\/wp\/v2\/pages"}],"about":[{"href":"https:\/\/blog.metu.edu.tr\/e270199\/wp-json\/wp\/v2\/types\/page"}],"author":[{"embeddable":true,"href":"https:\/\/blog.metu.edu.tr\/e270199\/wp-json\/wp\/v2\/users\/9149"}],"replies":[{"embeddable":true,"href":"https:\/\/blog.metu.edu.tr\/e270199\/wp-json\/wp\/v2\/comments?post=53"}],"version-history":[{"count":0,"href":"https:\/\/blog.metu.edu.tr\/e270199\/wp-json\/wp\/v2\/pages\/53\/revisions"}],"wp:attachment":[{"href":"https:\/\/blog.metu.edu.tr\/e270199\/wp-json\/wp\/v2\/media?parent=53"}],"curies":[{"name":"wp","href":"https:\/\/api.w.org\/{rel}","templated":true}]}}