{"id":50,"date":"2025-03-28T13:44:48","date_gmt":"2025-03-28T13:44:48","guid":{"rendered":"https:\/\/blog.metu.edu.tr\/e270199\/?page_id=50"},"modified":"2025-03-28T13:45:32","modified_gmt":"2025-03-28T13:45:32","slug":"dijital-dunyanin-yuzu","status":"publish","type":"page","link":"https:\/\/blog.metu.edu.tr\/e270199\/dijital-dunyanin-yuzu\/","title":{"rendered":"Dijital D\u00fcnyan\u0131n Y\u00fcz\u00fc"},"content":{"rendered":"<p align=\"justify\"><span style=\"font-size: medium\">Teknolojinin i\u00e7ine do\u011fan, de\u011fi\u015fimin merkezinde b\u00fcy\u00fcyen ve kendine \u00f6zg\u00fc de\u011ferlerle hayata bakan bir ku\u015fak: <\/span><span style=\"font-size: medium\"><b>Z ku\u015fa\u011f\u0131<\/b><\/span><span style=\"font-size: medium\">. 1997-2012 y\u0131llar\u0131 aras\u0131nda do\u011fan <\/span><span style=\"color: #0563c1\"><a href=\"https:\/\/urolojidunyasi.com\/vazektomi-nedir\/\"><span style=\"color: #000000\"><span style=\"font-size: medium\">vazektomi ameliyat\u0131 fiyatlar\u0131 2025<\/span><\/span><\/a><\/span><span style=\"font-size: medium\"> bu nesil, \u00f6nceki ku\u015faklardan olduk\u00e7a farkl\u0131 bir profil \u00e7iziyor. Peki Z ku\u015fa\u011f\u0131n\u0131 bu kadar \u00f6zel ve farkl\u0131 yapan ne? Gelin birlikte ke\u015ffedelim.<\/span><\/p>\n<p align=\"justify\"><span style=\"font-size: medium\"><b>1. Dijital Yerli Nesil<\/b><\/span><\/p>\n<p align=\"justify\"><span style=\"font-size: medium\">Z ku\u015fa\u011f\u0131, internetsiz bir hayat\u0131 hi\u00e7 deneyimlemedi. Ak\u0131ll\u0131 telefonlar, sosyal medya ve dijital uygulamalar onlar\u0131n ya\u015fam\u0131n\u0131n ayr\u0131lmaz bir par\u00e7as\u0131. Teknolojiyi <\/span><span style=\"color: #0563c1\"><a href=\"https:\/\/urolojidunyasi.com\/vazektomi-nedir\/\"><span style=\"color: #000000\"><span style=\"font-size: medium\">vazektomi ameliyat\u0131<\/span><\/span><\/a><\/span><span style=\"font-size: medium\"> sadece t\u00fcketmiyor, ayn\u0131 zamanda yarat\u0131yorlar. YouTube kanal\u0131 a\u00e7mak, i\u00e7erik \u00fcretmek, kod yazmak ya da dijital tasar\u0131m yapmak art\u0131k onlar i\u00e7in s\u0131radan beceriler.<\/span><\/p>\n<p align=\"justify\"><span style=\"font-size: medium\"><b>2. \u00d6zg\u00fcrl\u00fck ve Bireysellik \u00d6ncelikli<\/b><\/span><\/p>\n<p align=\"justify\"><span style=\"font-size: medium\">Bu ku\u015fak i\u00e7in \u00f6zg\u00fcrl\u00fck olmazsa olmaz. Kurallarla de\u011fil, anlamla motive oluyorlar. Kendi kimliklerini olu\u015fturma konusunda olduk\u00e7a cesur ve kararl\u0131lar. Toplumsal cinsiyet, kimlik, k\u00fclt\u00fcr gibi konularda a\u00e7\u0131k fikirli, kapsay\u0131c\u0131 ve bireysel farkl\u0131l\u0131klara sayg\u0131l\u0131 bir yap\u0131lar\u0131 var.<\/span><\/p>\n<p align=\"justify\"><span style=\"font-size: medium\"><b>3. H\u0131zl\u0131 T\u00fcketim, H\u0131zl\u0131 S\u0131k\u0131lma<\/b><\/span><\/p>\n<p align=\"justify\"><span style=\"font-size: medium\">Z ku\u015fa\u011f\u0131, bilgiye h\u0131zl\u0131 ula\u015f\u0131yor, h\u0131zl\u0131 t\u00fcketiyor ve ayn\u0131 h\u0131zla s\u0131k\u0131labiliyor. Bu y\u00fczden i\u00e7eriklerin dikkat \u00e7ekici, k\u0131sa ve \u00f6z olmas\u0131 <\/span><span style=\"color: #0563c1\"><a href=\"https:\/\/urolojidunyasi.com\/\"><span style=\"color: #000000\"><span style=\"font-size: medium\">\u00fcroloji doktorlar\u0131<\/span><\/span><\/a><\/span><span style=\"font-size: medium\"> onlar i\u00e7in \u00e7ok \u00f6nemli. Markalar, e\u011fitimciler ve y\u00f6neticiler bu ku\u015fa\u011fa hitap edebilmek i\u00e7in ileti\u015fim bi\u00e7imlerini yeniden g\u00f6zden ge\u00e7irmek zorunda.<\/span><\/p>\n<p align=\"justify\"><span style=\"font-size: medium\"><b>4. Anlam Aray\u0131\u015f\u0131 ve Sosyal Sorumluluk<\/b><\/span><\/p>\n<p align=\"justify\"><span style=\"font-size: medium\">Z ku\u015fa\u011f\u0131 sadece &#8220;ne kazand\u0131\u011f\u0131yla&#8221; de\u011fil, &#8220;nas\u0131l kazand\u0131\u011f\u0131yla&#8221; da ilgileniyor. Sosyal adalet, iklim krizi, hayvan haklar\u0131 gibi konularda olduk\u00e7a duyarl\u0131lar. \u00c7al\u0131\u015facaklar\u0131 \u015firketin etik de\u011ferlerini, t\u00fcketecekleri markan\u0131n sosyal duru\u015funu \u00f6nemsiyorlar.<\/span><\/p>\n<p align=\"justify\"><span style=\"font-size: medium\"><b>5. Giri\u015fimcilik Ruhuna Sahipler<\/b><\/span><\/p>\n<p align=\"justify\"><span style=\"font-size: medium\">Z ku\u015fa\u011f\u0131, klasik kariyer yollar\u0131n\u0131 sorgulayan bir nesil. Kendi i\u015fini kurmak, dijitalden para kazanmak ya da freelance \u00e7al\u0131\u015fmak gibi se\u00e7enekleri \u00e7ok daha cazip buluyorlar. Esneklik ve yarat\u0131c\u0131l\u0131k onlar i\u00e7in g\u00fcvenli i\u015flerden daha de\u011ferli.<\/span><\/p>\n<p align=\"justify\"><span style=\"font-size: medium\"><b>6. E\u011fitim ve \u0130\u015f D\u00fcnyas\u0131nda Yeni Beklentiler<\/b><\/span><\/p>\n<p align=\"justify\"><span style=\"font-size: medium\">Z ku\u015fa\u011f\u0131 klasik s\u0131n\u0131f d\u00fczenine ya da s\u0131k\u0131c\u0131 i\u015f ortamlar\u0131na s\u0131cak bakm\u0131yor. Etkile\u015fimli, kat\u0131l\u0131mc\u0131 ve yarat\u0131c\u0131 \u00f6\u011frenme ortamlar\u0131 onlar\u0131n ilgisini \u00e7ekiyor. \u0130\u015f d\u00fcnyas\u0131nda ise hiyerar\u015fiden \u00e7ok ekip \u00e7al\u0131\u015fmas\u0131na, otoriteden \u00e7ok mentorluk ili\u015fkisine \u00f6nem veriyorlar.<\/span><\/p>\n<p align=\"justify\"><span style=\"font-size: medium\"><b>7. Z Ku\u015fa\u011f\u0131n\u0131n Psikolojisi: Anksiyete ve Fark\u0131ndal\u0131k<\/b><\/span><\/p>\n<p align=\"justify\"><span style=\"font-size: medium\">Z ku\u015fa\u011f\u0131, bir yandan bilgiye s\u0131n\u0131rs\u0131z eri\u015fimin avantaj\u0131n\u0131 ya\u015farken, di\u011fer yandan dijital d\u00fcnyadaki s\u00fcrekli k\u0131yas, h\u0131zl\u0131 tempo ve belirsizliklerle ba\u015f etmeye \u00e7al\u0131\u015f\u0131yor. Bu durum; kayg\u0131, t\u00fckenmi\u015flik ve yaln\u0131zl\u0131k gibi psikolojik sorunlar\u0131n daha erken ya\u015flarda g\u00f6r\u00fclmesine neden olabiliyor. Ancak bu ku\u015fak ayn\u0131 zamanda fark\u0131ndal\u0131k ve ruh sa\u011fl\u0131\u011f\u0131 konular\u0131nda da olduk\u00e7a bilin\u00e7li. Terapiye gitmek, meditasyon yapmak ya da zihinsel sa\u011fl\u0131\u011f\u0131 konu\u015fmak onlar i\u00e7in bir tabu de\u011fil. Aksine, i\u00e7sel dengeyi \u00f6nemseyen ve bunu a\u00e7\u0131k\u00e7a dile getirebilen bir nesil.<\/span><\/p>\n<p align=\"justify\"><span style=\"font-size: medium\"><b>8. Z Ku\u015fa\u011f\u0131yla Etkili \u0130leti\u015fim Kurmak<\/b><\/span><\/p>\n<p align=\"justify\"><span style=\"font-size: medium\">Z ku\u015fa\u011f\u0131na ula\u015fmak isteyen markalar, e\u011fitimciler, y\u00f6neticiler ve hatta ebeveynler i\u00e7in en \u00f6nemli nokta: <\/span><span style=\"font-size: medium\"><b>samimiyet<\/b><\/span><span style=\"font-size: medium\">. Bu nesil yapmac\u0131k s\u00f6ylemleri, kli\u015feleri ya da pazarlama dilini an\u0131nda fark ediyor. Onlarla etkili ileti\u015fim kurman\u0131n yolu; d\u00fcr\u00fcst, a\u00e7\u0131k, kat\u0131l\u0131mc\u0131 ve anlam odakl\u0131 bir dil benimsemekten ge\u00e7iyor. Onlara sadece bir \u015fey \u00f6\u011fretmeye \u00e7al\u0131\u015fmak de\u011fil, birlikte \u00fcretmek, birlikte d\u00fc\u015f\u00fcnmek gerekiyor.<\/span><\/p>\n<p align=\"justify\">\n","protected":false},"excerpt":{"rendered":"<p>Teknolojinin i\u00e7ine do\u011fan, de\u011fi\u015fimin merkezinde b\u00fcy\u00fcyen ve kendine \u00f6zg\u00fc de\u011ferlerle hayata bakan bir ku\u015fak: Z ku\u015fa\u011f\u0131. 1997-2012 y\u0131llar\u0131 aras\u0131nda do\u011fan vazektomi ameliyat\u0131 fiyatlar\u0131 2025 bu nesil, \u00f6nceki ku\u015faklardan olduk\u00e7a farkl\u0131 bir profil \u00e7iziyor. Peki Z ku\u015fa\u011f\u0131n\u0131 bu kadar \u00f6zel ve farkl\u0131 yapan ne? Gelin birlikte ke\u015ffedelim. 1. Dijital Yerli Nesil Z ku\u015fa\u011f\u0131, internetsiz bir hayat\u0131 [&hellip;]<\/p>\n","protected":false},"author":9149,"featured_media":0,"parent":0,"menu_order":0,"comment_status":"closed","ping_status":"closed","template":"","meta":{"footnotes":"","_links_to":"","_links_to_target":""},"class_list":["post-50","page","type-page","status-publish","hentry"],"_links":{"self":[{"href":"https:\/\/blog.metu.edu.tr\/e270199\/wp-json\/wp\/v2\/pages\/50","targetHints":{"allow":["GET"]}}],"collection":[{"href":"https:\/\/blog.metu.edu.tr\/e270199\/wp-json\/wp\/v2\/pages"}],"about":[{"href":"https:\/\/blog.metu.edu.tr\/e270199\/wp-json\/wp\/v2\/types\/page"}],"author":[{"embeddable":true,"href":"https:\/\/blog.metu.edu.tr\/e270199\/wp-json\/wp\/v2\/users\/9149"}],"replies":[{"embeddable":true,"href":"https:\/\/blog.metu.edu.tr\/e270199\/wp-json\/wp\/v2\/comments?post=50"}],"version-history":[{"count":0,"href":"https:\/\/blog.metu.edu.tr\/e270199\/wp-json\/wp\/v2\/pages\/50\/revisions"}],"wp:attachment":[{"href":"https:\/\/blog.metu.edu.tr\/e270199\/wp-json\/wp\/v2\/media?parent=50"}],"curies":[{"name":"wp","href":"https:\/\/api.w.org\/{rel}","templated":true}]}}