{"id":46,"date":"2024-12-04T13:58:06","date_gmt":"2024-12-04T13:58:06","guid":{"rendered":"https:\/\/blog.metu.edu.tr\/e270199\/?page_id=46"},"modified":"2024-12-04T13:58:18","modified_gmt":"2024-12-04T13:58:18","slug":"pinhan","status":"publish","type":"page","link":"https:\/\/blog.metu.edu.tr\/e270199\/pinhan\/","title":{"rendered":"Pinhan"},"content":{"rendered":"<p>Elif \u015eafak\u2019\u0131n ilk roman\u0131 olan <em>Pinhan<\/em>, hem temalar\u0131 hem de \u00fcslubuyla edebiyat d\u00fcnyas\u0131nda \u00f6zg\u00fcn bir yere sahiptir. Bu eser, okuyucuyu Sufi mistisizmi, varolu\u015fsal sorgulamalar ve cinsiyet kimli\u011fi gibi derin konularla bulu\u015fturur. \u015eafak, masals\u0131 bir atmosferde, insan\u0131n kendi benli\u011fini aray\u0131\u015f\u0131n\u0131 ve bu aray\u0131\u015f s\u0131ras\u0131nda kar\u015f\u0131la\u015ft\u0131\u011f\u0131 zorluklar\u0131 anlat\u0131r. Roman, ad\u0131ndan da anla\u015f\u0131laca\u011f\u0131 gibi, saklanmay\u0131 ve ke\u015ffi merkeze al\u0131r. &#8220;Pinhan&#8221; kelimesi, <a href=\"https:\/\/urolojidunyasi.com\/\">urolog ankara<\/a> hem gizli hem de derinde olan anlam\u0131na gelir ve bu gizem, roman boyunca hissedilir. \u015eafak, ana karakterin hikayesi arac\u0131l\u0131\u011f\u0131yla, insan\u0131n kendi \u00f6z\u00fcne ula\u015fma yolculu\u011funda i\u00e7sel \u00e7at\u0131\u015fmalar\u0131n ve toplumsal s\u0131n\u0131rlamalar\u0131n ne denli belirleyici oldu\u011funu g\u00f6sterir.<\/p>\n<p>Roman\u0131n ba\u015fkahraman\u0131 Pinhan, hem fiziksel hem de ruhsal anlamda bir kimlik aray\u0131\u015f\u0131 i\u00e7erisindedir. Cinsiyetin toplumsal bir kimlik olarak bireyin \u00f6zg\u00fcrl\u00fc\u011f\u00fcn\u00fc nas\u0131l s\u0131n\u0131rlayabildi\u011fini, bu s\u0131n\u0131rlamalara kar\u015f\u0131 bir ba\u015fkald\u0131r\u0131yla inceleyen \u015eafak, karakterini hem erkek hem de kad\u0131n unsurlar\u0131n\u0131 b\u00fcnyesinde bar\u0131nd\u0131ran bir fig\u00fcr olarak kurgular. Bu durum, Pinhan\u2019\u0131n kendi kimli\u011fini anlamaya \u00e7al\u0131\u015f\u0131rken toplumun dayatt\u0131\u011f\u0131 kal\u0131plarla <a href=\"https:\/\/urolojidunyasi.com\/sperm-nedir\/\">sperm nedir<\/a> y\u00fczle\u015fmesine ve bu kal\u0131plar\u0131n \u00f6tesine ge\u00e7me \u00e7abas\u0131na dikkat \u00e7eker. \u015eafak, Pinhan \u00fczerinden insan\u0131n sadece cinsiyet ba\u011flam\u0131nda de\u011fil, t\u00fcm varolu\u015fsal sorgulamalar\u0131nda ya\u015fad\u0131\u011f\u0131 belirsizlikleri derinlemesine i\u015fler.<\/p>\n<p><em>Pinhan<\/em>, ayn\u0131 zamanda tasavvuf felsefesinin ve mistik \u00f6\u011fretilerin roman kurgusuna etkileyici bir \u015fekilde dahil edildi\u011fi bir eserdir. \u015eafak, tasavvufun evrensel sevgi, tevazu ve \u00f6z aray\u0131\u015f\u0131 gibi temalar\u0131n\u0131 Pinhan\u2019\u0131n hikayesine ustal\u0131kla yedirir. Roman boyunca, dervi\u015flik gelene\u011fi ve Mevlevi d\u00fc\u015f\u00fcncesi gibi unsurlar, hem hikayenin ruhunu hem de Pinhan\u2019\u0131n i\u00e7sel yolculu\u011funu \u015fekillendirir. Bu y\u00f6n\u00fcyle kitap, hem bir bireyin <a href=\"https:\/\/urolojidunyasi.com\/uretra-darligi-nedir\/\">\u00fcretra darl\u0131\u011f\u0131<\/a> kendini bulma s\u00fcrecini anlat\u0131r hem de bu s\u00fcrecin, insan\u0131n evrenle ve ilahi olanla kurdu\u011fu ba\u011fla nas\u0131l b\u00fct\u00fcnle\u015fti\u011fini g\u00f6sterir. \u015eafak\u2019\u0131n dili ve anlat\u0131m\u0131, bu mistik atmosferi destekleyen b\u00fcy\u00fcleyici bir masal havas\u0131 yarat\u0131r. Ger\u00e7ek ve metafor, d\u00fcnyevi ve manevi olan aras\u0131nda s\u00fcrekli bir ge\u00e7i\u015f yapan anlat\u0131m\u0131, okuyucuyu hem zihinsel hem de duygusal bir yolculu\u011fa \u00e7\u0131kar\u0131r.<\/p>\n<p>Roman\u0131n bir di\u011fer g\u00fc\u00e7l\u00fc y\u00f6n\u00fc, \u015eafak\u2019\u0131n kulland\u0131\u011f\u0131 zengin semboller ve metaforlard\u0131r. \u00d6zellikle \u0131\u015f\u0131k ve karanl\u0131k, eril ve di\u015fil, gizem ve a\u00e7\u0131kl\u0131k gibi z\u0131tl\u0131klar \u00fczerinden insan\u0131n do\u011fas\u0131ndaki \u00e7at\u0131\u015fmalar\u0131 ve uyumu anlat\u0131r. \u015eafak\u2019\u0131n bu kar\u015f\u0131tl\u0131klar aras\u0131nda kurdu\u011fu dengeler, Pinhan\u2019\u0131n hikayesini daha evrensel bir hale getirir. Karakterin i\u00e7sel \u00e7at\u0131\u015fmalar\u0131, insan\u0131n hayat\u0131n anlam\u0131n\u0131 aray\u0131\u015f\u0131ndaki evrensel sorularla \u00f6rt\u00fc\u015f\u00fcr: \u201cKimim?\u201d, \u201cNereden geldim?\u201d, \u201cNereye gidiyorum?\u201d Bu sorular, tasavvufi bir derinlikte i\u015flenirken, ayn\u0131 zamanda bireyin modern d\u00fcnyadaki kimlik aray\u0131\u015f\u0131na da \u0131\u015f\u0131k tutar.<\/p>\n<p>Elif \u015eafak\u2019\u0131n <em>Pinhan<\/em>\u0131, s\u0131radan bir roman olmaktan \u00f6te, insan ruhunun derinliklerine inen bir ke\u015fif yolculu\u011fu sunar. \u015eafak, bu eserde yaln\u0131zca bir hikaye anlatmakla kalmaz, ayn\u0131 zamanda insan do\u011fas\u0131na dair \u00f6nemli sorular\u0131 g\u00fcndeme getirir. Tasavvufun mistik \u00f6\u011fretileriyle bireyin varolu\u015fsal sorgulamalar\u0131n\u0131 birle\u015ftiren <em>Pinhan<\/em>, okuyucuyu hem edebi hem de d\u00fc\u015f\u00fcnsel anlamda zenginle\u015ftiren bir deneyim sunar. \u015eafak\u2019\u0131n g\u00fc\u00e7l\u00fc kalemi, bu derin konular\u0131 zarif bir \u015fekilde i\u015flerken, okuyucuyu kendini ve evreni sorgulamaya davet eder.<\/p>\n","protected":false},"excerpt":{"rendered":"<p>Elif \u015eafak\u2019\u0131n ilk roman\u0131 olan Pinhan, hem temalar\u0131 hem de \u00fcslubuyla edebiyat d\u00fcnyas\u0131nda \u00f6zg\u00fcn bir yere sahiptir. Bu eser, okuyucuyu Sufi mistisizmi, varolu\u015fsal sorgulamalar ve cinsiyet kimli\u011fi gibi derin konularla bulu\u015fturur. \u015eafak, masals\u0131 bir atmosferde, insan\u0131n kendi benli\u011fini aray\u0131\u015f\u0131n\u0131 ve bu aray\u0131\u015f s\u0131ras\u0131nda kar\u015f\u0131la\u015ft\u0131\u011f\u0131 zorluklar\u0131 anlat\u0131r. Roman, ad\u0131ndan da anla\u015f\u0131laca\u011f\u0131 gibi, saklanmay\u0131 ve ke\u015ffi merkeze [&hellip;]<\/p>\n","protected":false},"author":9149,"featured_media":0,"parent":0,"menu_order":0,"comment_status":"closed","ping_status":"closed","template":"","meta":{"footnotes":"","_links_to":"","_links_to_target":""},"class_list":["post-46","page","type-page","status-publish","hentry"],"_links":{"self":[{"href":"https:\/\/blog.metu.edu.tr\/e270199\/wp-json\/wp\/v2\/pages\/46","targetHints":{"allow":["GET"]}}],"collection":[{"href":"https:\/\/blog.metu.edu.tr\/e270199\/wp-json\/wp\/v2\/pages"}],"about":[{"href":"https:\/\/blog.metu.edu.tr\/e270199\/wp-json\/wp\/v2\/types\/page"}],"author":[{"embeddable":true,"href":"https:\/\/blog.metu.edu.tr\/e270199\/wp-json\/wp\/v2\/users\/9149"}],"replies":[{"embeddable":true,"href":"https:\/\/blog.metu.edu.tr\/e270199\/wp-json\/wp\/v2\/comments?post=46"}],"version-history":[{"count":0,"href":"https:\/\/blog.metu.edu.tr\/e270199\/wp-json\/wp\/v2\/pages\/46\/revisions"}],"wp:attachment":[{"href":"https:\/\/blog.metu.edu.tr\/e270199\/wp-json\/wp\/v2\/media?parent=46"}],"curies":[{"name":"wp","href":"https:\/\/api.w.org\/{rel}","templated":true}]}}