{"id":45,"date":"2024-12-02T19:34:37","date_gmt":"2024-12-02T19:34:37","guid":{"rendered":"https:\/\/blog.metu.edu.tr\/e270199\/?page_id=45"},"modified":"2024-12-02T19:34:51","modified_gmt":"2024-12-02T19:34:51","slug":"kem-gozlere-anadolu","status":"publish","type":"page","link":"https:\/\/blog.metu.edu.tr\/e270199\/kem-gozlere-anadolu\/","title":{"rendered":"Kem G\u00f6zlere Anadolu"},"content":{"rendered":"<p>Elif \u015eafak\u2019\u0131n <em>Kem G\u00f6zlere Anadolu<\/em> adl\u0131 kitab\u0131, okuru Anadolu&#8217;nun mitolojik, k\u00fclt\u00fcrel ve tarihsel derinliklerine g\u00f6t\u00fcren e\u015fsiz bir eserdir. \u015eafak, bu kitapta hem bireysel hem de toplumsal hikayeleri, ge\u00e7mi\u015fle bug\u00fcn aras\u0131ndaki ba\u011flant\u0131y\u0131 kurarak bir araya getirir. Anadolu&#8217;nun tarih boyunca farkl\u0131 inan\u00e7 ve k\u00fclt\u00fcrlere ev sahipli\u011fi yapm\u0131\u015f olmas\u0131, <a href=\"https:\/\/urolojidunyasi.com\/\">\u00fcroloji d\u00fcnyas\u0131<\/a> kitab\u0131n temel temas\u0131n\u0131 olu\u015fturur. \u015eafak, bu co\u011frafyan\u0131n zenginliklerini g\u00f6zler \u00f6n\u00fcne sererken ayn\u0131 zamanda insanl\u0131\u011f\u0131n ortak duygular\u0131n\u0131, korkular\u0131n\u0131 ve arzular\u0131n\u0131 ke\u015ffetmeye \u00e7al\u0131\u015f\u0131r.<\/p>\n<p>Kitab\u0131n merkezinde nazar, kem g\u00f6z ve k\u00f6t\u00fc enerji gibi Anadolu halk k\u00fclt\u00fcr\u00fcnde derin bir yere sahip kavramlar yer al\u0131r. \u015eafak, bu kavramlar\u0131n mitolojideki ve halk inan\u0131\u015flar\u0131ndaki yans\u0131malar\u0131n\u0131 ele alarak, modern insan\u0131n bilin\u00e7alt\u0131nda nas\u0131l ya\u015fad\u0131\u011f\u0131n\u0131 sorgular. \u00d6zellikle nazar boncu\u011fu, k\u00f6t\u00fc ruhlar\u0131 kovma rit\u00fcelleri ve halk hikayeleri gibi unsurlar \u00fczerinden, bireylerin hem ki\u015fisel hem de kolektif haf\u0131zas\u0131nda bu <a href=\"https:\/\/urolojidunyasi.com\/sperm-testi-nedir\/\">sperm testi<\/a> inan\u00e7lar\u0131n nas\u0131l yer etti\u011fini ustal\u0131kla i\u015fler. Bu noktada yazar, sadece k\u00fclt\u00fcrel bir analiz yapmakla kalmaz, ayn\u0131 zamanda bu inan\u00e7lar\u0131n insan do\u011fas\u0131ndaki korku ve g\u00fcvensizlik duygular\u0131yla nas\u0131l ili\u015fkili oldu\u011funu derinlemesine inceler.<\/p>\n<p>\u015eafak\u2019\u0131n anlat\u0131m dili, hem edebi hem de ara\u015ft\u0131rmac\u0131 bir \u00fcslubu birle\u015ftirir. Hikaye anlat\u0131c\u0131l\u0131\u011f\u0131na olan hakimiyeti, kitab\u0131n k\u00fclt\u00fcrel ve tarihi y\u00f6nlerini daha anla\u015f\u0131l\u0131r ve s\u00fcr\u00fckleyici k\u0131lar. \u015eafak, okuru Anadolu&#8217;nun farkl\u0131 k\u00f6\u015felerine g\u00f6t\u00fcrerek, nazar\u0131n ve k\u00f6t\u00fc enerjinin ne anlama geldi\u011fini, farkl\u0131 toplumlarda ve zaman dilimlerinde <a href=\"https:\/\/urolojidunyasi.com\/erkeklerde-kisirlik-belirtileri\/\">erkeklerde k\u0131s\u0131rl\u0131k belirtileri<\/a> nas\u0131l yorumland\u0131\u011f\u0131n\u0131 g\u00f6zler \u00f6n\u00fcne serer. Bu yolculuk, sadece tarihsel bir ke\u015fif de\u011fil, ayn\u0131 zamanda insan ruhunun karanl\u0131k ve ayd\u0131nl\u0131k yanlar\u0131na yap\u0131lan bir yolculuktur. \u015eafak, okuyucuyu bir yandan bu co\u011frafyan\u0131n derinliklerine \u00e7ekerken, di\u011fer yandan bireyin i\u00e7sel d\u00fcnyas\u0131na ayna tutar.<\/p>\n<p>Kitab\u0131n dikkat \u00e7ekici y\u00f6nlerinden biri de toplumsal ele\u015ftiriyi mitolojik unsurlar ve halk hikayeleri \u00fczerinden yapmas\u0131d\u0131r. \u015eafak, insanlar\u0131n kem g\u00f6zlerden korunma arzular\u0131n\u0131, asl\u0131nda bir t\u00fcr g\u00fcvensizlik ve kayg\u0131 olarak yorumlar. Bu g\u00fcvensizlik, sadece bireyler aras\u0131nda de\u011fil, toplumlar aras\u0131nda da kendini g\u00f6sterir. K\u00f6t\u00fcl\u00fck, k\u0131skan\u00e7l\u0131k ve negatif enerjinin, insanlar\u0131n birbirine duydu\u011fu g\u00fcvenin sars\u0131lmas\u0131yla nas\u0131l ortaya \u00e7\u0131kt\u0131\u011f\u0131n\u0131 tart\u0131\u015f\u0131r. Bu ba\u011flamda \u015eafak, bireyler aras\u0131 ili\u015fkilerin yan\u0131 s\u0131ra toplumlar\u0131n k\u00fclt\u00fcrel haf\u0131zalar\u0131n\u0131 da irdeleyerek, evrensel bir meseleye dokunur.<\/p>\n<p>Elif \u015eafak\u2019\u0131n <em>Kem G\u00f6zlere Anadolu<\/em> adl\u0131 eseri, okurlar\u0131 yaln\u0131zca Anadolu\u2019nun k\u00fclt\u00fcrel zenginliklerini ke\u015ffetmeye de\u011fil, ayn\u0131 zamanda bireyin kendi i\u00e7 d\u00fcnyas\u0131na bakmaya da davet eder. \u015eafak, Anadolu&#8217;nun mitolojik ve k\u00fclt\u00fcrel miras\u0131n\u0131 g\u00fcn\u00fcm\u00fczle harmanlayarak, ge\u00e7mi\u015fin bug\u00fcn\u00fc nas\u0131l \u015fekillendirdi\u011fini ustaca anlat\u0131r. Kitap, okuyucuyu hem bilgilendirir hem de d\u00fc\u015f\u00fcnmeye te\u015fvik ederken, ayn\u0131 zamanda insanl\u0131k tarihine dair bir ba\u011f kurmay\u0131 ba\u015far\u0131r. \u015eafak\u2019\u0131n kendine \u00f6zg\u00fc \u00fcslubu ve derinlemesine yakla\u015f\u0131m\u0131, <em>Kem G\u00f6zlere Anadolu<\/em>yu sadece bir kitap de\u011fil, ayn\u0131 zamanda bir k\u00fclt\u00fcrel ve duygusal yolculuk haline getirir.<\/p>\n","protected":false},"excerpt":{"rendered":"<p>Elif \u015eafak\u2019\u0131n Kem G\u00f6zlere Anadolu adl\u0131 kitab\u0131, okuru Anadolu&#8217;nun mitolojik, k\u00fclt\u00fcrel ve tarihsel derinliklerine g\u00f6t\u00fcren e\u015fsiz bir eserdir. \u015eafak, bu kitapta hem bireysel hem de toplumsal hikayeleri, ge\u00e7mi\u015fle bug\u00fcn aras\u0131ndaki ba\u011flant\u0131y\u0131 kurarak bir araya getirir. Anadolu&#8217;nun tarih boyunca farkl\u0131 inan\u00e7 ve k\u00fclt\u00fcrlere ev sahipli\u011fi yapm\u0131\u015f olmas\u0131, \u00fcroloji d\u00fcnyas\u0131 kitab\u0131n temel temas\u0131n\u0131 olu\u015fturur. \u015eafak, bu co\u011frafyan\u0131n [&hellip;]<\/p>\n","protected":false},"author":9149,"featured_media":0,"parent":0,"menu_order":0,"comment_status":"closed","ping_status":"closed","template":"","meta":{"footnotes":"","_links_to":"","_links_to_target":""},"class_list":["post-45","page","type-page","status-publish","hentry"],"_links":{"self":[{"href":"https:\/\/blog.metu.edu.tr\/e270199\/wp-json\/wp\/v2\/pages\/45","targetHints":{"allow":["GET"]}}],"collection":[{"href":"https:\/\/blog.metu.edu.tr\/e270199\/wp-json\/wp\/v2\/pages"}],"about":[{"href":"https:\/\/blog.metu.edu.tr\/e270199\/wp-json\/wp\/v2\/types\/page"}],"author":[{"embeddable":true,"href":"https:\/\/blog.metu.edu.tr\/e270199\/wp-json\/wp\/v2\/users\/9149"}],"replies":[{"embeddable":true,"href":"https:\/\/blog.metu.edu.tr\/e270199\/wp-json\/wp\/v2\/comments?post=45"}],"version-history":[{"count":0,"href":"https:\/\/blog.metu.edu.tr\/e270199\/wp-json\/wp\/v2\/pages\/45\/revisions"}],"wp:attachment":[{"href":"https:\/\/blog.metu.edu.tr\/e270199\/wp-json\/wp\/v2\/media?parent=45"}],"curies":[{"name":"wp","href":"https:\/\/api.w.org\/{rel}","templated":true}]}}