{"id":43,"date":"2024-12-01T10:51:21","date_gmt":"2024-12-01T10:51:21","guid":{"rendered":"https:\/\/blog.metu.edu.tr\/e270199\/?page_id=43"},"modified":"2024-12-01T10:51:46","modified_gmt":"2024-12-01T10:51:46","slug":"babaya-mektup","status":"publish","type":"page","link":"https:\/\/blog.metu.edu.tr\/e270199\/babaya-mektup\/","title":{"rendered":"Babaya Mektup"},"content":{"rendered":"<p>Franz Kafka\u2019n\u0131n <em>Babaya Mektup<\/em> adl\u0131 eseri, yaln\u0131zca bir o\u011fulun babas\u0131na yazd\u0131\u011f\u0131 bir mektup de\u011fil, ayn\u0131 zamanda bir bireyin kendi varolu\u015fu, ailesi ve kimli\u011fiyle hesapla\u015ft\u0131\u011f\u0131 \u00e7arp\u0131c\u0131 bir metindir. Kafka, mektupta babas\u0131 Hermann Kafka\u2019ya kar\u015f\u0131 duydu\u011fu korku, sayg\u0131 ve \u00f6fkeyi derinlemesine ele al\u0131r. Ancak bu metin, <a href=\"https:\/\/urolojidunyasi.com\/\">\u00fcroloji uzman doktoru<\/a> sadece Kafka\u2019n\u0131n ki\u015fisel hikayesine dair bir anlat\u0131 de\u011fil, ayn\u0131 zamanda ebeveyn-\u00e7ocuk ili\u015fkisinin evrensel boyutlar\u0131n\u0131 sorgulayan bir metin olarak da okunabilir.<\/p>\n<p>Kafka, mektubunda babas\u0131n\u0131 bask\u0131c\u0131, otoriter ve duygusal anlamda mesafeli biri olarak resmeder. Babas\u0131n\u0131n sert ki\u015fili\u011fi, Kafka\u2019n\u0131n \u00e7ocukluk y\u0131llar\u0131ndan itibaren \u00fczerindeki etkisini derinlemesine hissettirmi\u015ftir. Kafka\u2019n\u0131n kendisini yetersiz ve g\u00fc\u00e7s\u00fcz hissetmesinin, ya\u015fam boyunca ta\u015f\u0131d\u0131\u011f\u0131 kayg\u0131lar\u0131n ve \u00f6zg\u00fcven <a href=\"https:\/\/urolojidunyasi.com\/hpv-olanlarin-yorumlari\/\">hpv testi<\/a> eksikli\u011finin temelinde, babas\u0131n\u0131n bu otoriter fig\u00fcr\u00fc yatt\u0131\u011f\u0131 g\u00f6r\u00fcl\u00fcr. Kafka i\u00e7in babas\u0131, sadece bir aile \u00fcyesi de\u011fil, ayn\u0131 zamanda a\u015f\u0131lmas\u0131 g\u00fc\u00e7 bir otoriteyi ve s\u00fcrekli yarg\u0131layan bir g\u00f6zlemciyi temsil eder. Bu durum, Kafka\u2019n\u0131n hem \u00f6zel hayat\u0131nda hem de yazarl\u0131k ser\u00fcveninde b\u00fcy\u00fck bir iz b\u0131rakm\u0131\u015ft\u0131r.<\/p>\n<p>Mektup boyunca Kafka\u2019n\u0131n dili yo\u011fun bir \u015fekilde duygusal ve sorgulay\u0131c\u0131d\u0131r. Babas\u0131n\u0131n otoritesiyle ba\u015f edememenin getirdi\u011fi s\u0131k\u0131\u015fm\u0131\u015fl\u0131k hissi, Kafka\u2019n\u0131n kelimelerine yans\u0131r. Babas\u0131n\u0131n taleplerini kar\u015f\u0131layamamak ve onun beklentilerini yerine getirememe korkusu, Kafka\u2019n\u0131n hayat\u0131n\u0131 ve ili\u015fkilerini \u015fekillendiren temel dinamiklerden biri olmu\u015ftur. Mektupta, bu durumun Kafka \u00fczerindeki etkileri detayl\u0131 bir \u015fekilde anlat\u0131l\u0131rken, <a href=\"https:\/\/urolojidunyasi.com\/kadinlarda-idrar-kacirma-bitkisel-tedavi\/\">kad\u0131nlarda idrar ka\u00e7\u0131rma<\/a> ayn\u0131 zamanda babas\u0131n\u0131n davran\u0131\u015flar\u0131n\u0131n alt\u0131ndaki nedenleri anlamaya y\u00f6nelik bir \u00e7aba da sezilir. Kafka, babas\u0131n\u0131 ele\u015ftirirken bile, onun zorlu bir ya\u015famdan geldi\u011fini ve kendi y\u00f6ntemleriyle ailesine iyi bir hayat sunmaya \u00e7al\u0131\u015ft\u0131\u011f\u0131n\u0131 kabul eder. Ancak bu anlay\u0131\u015f, babas\u0131n\u0131n sertli\u011fini ve duygusal so\u011fuklu\u011funu mazur g\u00f6rmeye yetmez.<\/p>\n<p>Kafka\u2019n\u0131n mektubu ayn\u0131 zamanda onun ki\u015fisel kimlik aray\u0131\u015f\u0131n\u0131n bir yans\u0131mas\u0131d\u0131r. Babas\u0131yla olan \u00e7at\u0131\u015fmalar\u0131, Kafka\u2019n\u0131n birey olma m\u00fccadelesinin bir par\u00e7as\u0131d\u0131r. Kafka, babas\u0131n\u0131n g\u00fc\u00e7l\u00fc ve dominant ki\u015fili\u011fi kar\u015f\u0131s\u0131nda kendisini zay\u0131f, \u00e7ekingen ve yetersiz hissetmi\u015ftir. Bu durum, Kafka\u2019n\u0131n hem fiziksel hem de duygusal varl\u0131\u011f\u0131n\u0131 etkileyerek, yaz\u0131n d\u00fcnyas\u0131nda kendine bir yer aray\u0131\u015f\u0131na itmi\u015ftir. Yazmak, Kafka i\u00e7in hem bir ka\u00e7\u0131\u015f hem de bir ba\u015fkald\u0131r\u0131 arac\u0131d\u0131r. Babas\u0131na yazd\u0131\u011f\u0131 bu mektup, onun bu ba\u015fkald\u0131r\u0131s\u0131n\u0131n en a\u00e7\u0131k \u00f6rneklerinden biridir. Kafka, kelimeler arac\u0131l\u0131\u011f\u0131yla babas\u0131na kar\u015f\u0131 kendisini ifade etmeye \u00e7al\u0131\u015f\u0131r, ancak bu ifade \u00e7abas\u0131 ayn\u0131 zamanda onun i\u00e7sel karma\u015fas\u0131n\u0131 ve k\u0131r\u0131lganl\u0131\u011f\u0131n\u0131 da g\u00f6zler \u00f6n\u00fcne serer.<\/p>\n<p><em>Babaya Mektup<\/em>, yaln\u0131zca Kafka\u2019n\u0131n babas\u0131yla olan ili\u015fkisini de\u011fil, ayn\u0131 zamanda onun kendi i\u00e7 d\u00fcnyas\u0131n\u0131 anlamam\u0131za da olanak tan\u0131r. Bu metin, bir yazar\u0131n en derin korkular\u0131n\u0131 ve k\u0131r\u0131lganl\u0131klar\u0131n\u0131 a\u00e7\u0131\u011fa vururken, ayn\u0131 zamanda onun hayat\u0131ndaki temel \u00e7at\u0131\u015fmalar\u0131 \u00e7\u00f6zme giri\u015fimini temsil eder. Kafka\u2019n\u0131n babas\u0131na y\u00f6nelik ele\u015ftirileri, onun kendi hayat\u0131nda ta\u015f\u0131d\u0131\u011f\u0131 y\u00fcklerin ve bu y\u00fcklerle ba\u015fa \u00e7\u0131kma \u00e7abas\u0131n\u0131n g\u00fc\u00e7l\u00fc bir yans\u0131mas\u0131d\u0131r. Bu nedenle <em>Babaya Mektup<\/em>, sadece bir aile i\u00e7i ileti\u015fim de\u011fil, bir insan\u0131n kendi varolu\u015fuyla y\u00fczle\u015fmesinin de etkileyici bir anlat\u0131s\u0131d\u0131r.<\/p>\n","protected":false},"excerpt":{"rendered":"<p>Franz Kafka\u2019n\u0131n Babaya Mektup adl\u0131 eseri, yaln\u0131zca bir o\u011fulun babas\u0131na yazd\u0131\u011f\u0131 bir mektup de\u011fil, ayn\u0131 zamanda bir bireyin kendi varolu\u015fu, ailesi ve kimli\u011fiyle hesapla\u015ft\u0131\u011f\u0131 \u00e7arp\u0131c\u0131 bir metindir. Kafka, mektupta babas\u0131 Hermann Kafka\u2019ya kar\u015f\u0131 duydu\u011fu korku, sayg\u0131 ve \u00f6fkeyi derinlemesine ele al\u0131r. Ancak bu metin, \u00fcroloji uzman doktoru sadece Kafka\u2019n\u0131n ki\u015fisel hikayesine dair bir anlat\u0131 de\u011fil, [&hellip;]<\/p>\n","protected":false},"author":9149,"featured_media":0,"parent":0,"menu_order":0,"comment_status":"closed","ping_status":"closed","template":"","meta":{"footnotes":"","_links_to":"","_links_to_target":""},"class_list":["post-43","page","type-page","status-publish","hentry"],"_links":{"self":[{"href":"https:\/\/blog.metu.edu.tr\/e270199\/wp-json\/wp\/v2\/pages\/43","targetHints":{"allow":["GET"]}}],"collection":[{"href":"https:\/\/blog.metu.edu.tr\/e270199\/wp-json\/wp\/v2\/pages"}],"about":[{"href":"https:\/\/blog.metu.edu.tr\/e270199\/wp-json\/wp\/v2\/types\/page"}],"author":[{"embeddable":true,"href":"https:\/\/blog.metu.edu.tr\/e270199\/wp-json\/wp\/v2\/users\/9149"}],"replies":[{"embeddable":true,"href":"https:\/\/blog.metu.edu.tr\/e270199\/wp-json\/wp\/v2\/comments?post=43"}],"version-history":[{"count":0,"href":"https:\/\/blog.metu.edu.tr\/e270199\/wp-json\/wp\/v2\/pages\/43\/revisions"}],"wp:attachment":[{"href":"https:\/\/blog.metu.edu.tr\/e270199\/wp-json\/wp\/v2\/media?parent=43"}],"curies":[{"name":"wp","href":"https:\/\/api.w.org\/{rel}","templated":true}]}}