{"id":42,"date":"2024-11-30T06:41:30","date_gmt":"2024-11-30T06:41:30","guid":{"rendered":"https:\/\/blog.metu.edu.tr\/e270199\/?page_id=42"},"modified":"2024-11-30T06:41:59","modified_gmt":"2024-11-30T06:41:59","slug":"feliceye-mektuplar","status":"publish","type":"page","link":"https:\/\/blog.metu.edu.tr\/e270199\/feliceye-mektuplar\/","title":{"rendered":"Feliceye Mektuplar"},"content":{"rendered":"<p>Franz Kafka\u2019n\u0131n <em>Felice\u2019ye Mektuplar<\/em> kitab\u0131, sadece edebi bir metin de\u011fil, ayn\u0131 zamanda bir ruhun derinliklerine a\u00e7\u0131lan samimi bir kap\u0131d\u0131r. Kafka\u2019n\u0131n ni\u015fanl\u0131s\u0131 Felice Bauer\u2019e yazd\u0131\u011f\u0131 mektuplardan olu\u015fan bu derleme, hem yazar\u0131n ki\u015fisel hayat\u0131na hem de i\u00e7sel \u00e7at\u0131\u015fmalar\u0131na dair benzersiz bir i\u00e7g\u00f6r\u00fc sunar. Kafka, <a href=\"https:\/\/urolojidunyasi.com\/\">\u00fcroloji d\u00fcnyas\u0131<\/a> bu mektuplarda bir yazar\u0131n yaln\u0131zca eserlerinde de\u011fil, \u00f6zel yaz\u0131\u015fmalar\u0131nda da nas\u0131l \u00e7\u0131plak bir \u015fekilde ortaya \u00e7\u0131kabildi\u011fini g\u00f6sterir. Mektuplar\u0131n samimiyeti, Kafka\u2019n\u0131n yaln\u0131zca bir sevgili de\u011fil, ayn\u0131 zamanda bir insan olarak ne denli karma\u015f\u0131k ve \u00e7eli\u015fkili oldu\u011funu anlamam\u0131z\u0131 sa\u011flar.<\/p>\n<p>Kafka, Felice\u2019ye yazd\u0131\u011f\u0131 mektuplarda hem derin bir tutku hem de bitmek bilmeyen bir huzursuzluk sergiler. Onun i\u00e7in a\u015fk, yaln\u0131zca bir duygu de\u011fil, ayn\u0131 zamanda kendi varolu\u015fuyla hesapla\u015fman\u0131n bir yoludur. Bu hesapla\u015fma, Kafka\u2019n\u0131n ki\u015fili\u011finin belirgin \u00f6zelliklerinden biri olan kayg\u0131yla \u015fekillenir. Felice\u2019ye duydu\u011fu <a href=\"https:\/\/urolojidunyasi.com\/testis-torsiyonu-nedir\/\">testis torsiyonu<\/a> sevgiyi ve ba\u011fl\u0131l\u0131\u011f\u0131 ifade ederken ayn\u0131 zamanda bu ili\u015fkinin kendisini k\u0131s\u0131tlad\u0131\u011f\u0131 ya da y\u0131pratt\u0131\u011f\u0131na dair endi\u015felerini dile getirir. Bu \u00e7eli\u015fkili durum, mektuplar\u0131 okuyanlara Kafka\u2019n\u0131n hem sevgiden beslenen hem de sevgiyle m\u00fccadele eden ruh halini a\u00e7\u0131\u011fa \u00e7\u0131kar\u0131r.<\/p>\n<p>Mektuplarda Kafka\u2019n\u0131n yazmaya duydu\u011fu ba\u011fl\u0131l\u0131k s\u0131k s\u0131k \u00f6ne \u00e7\u0131kar. Felice ile olan ili\u015fkisi, yazma tutkusuyla zaman zaman \u00e7at\u0131\u015f\u0131r. Kafka, yazmay\u0131 ya\u015fam\u0131n\u0131n merkezine koymu\u015f bir adamd\u0131r ve mektuplar\u0131nda, bir yazar olarak ta\u015f\u0131d\u0131\u011f\u0131 sorumlulu\u011fun, bir sevgili olarak beklentileriyle nas\u0131l \u00e7at\u0131\u015ft\u0131\u011f\u0131n\u0131 a\u00e7\u0131k\u00e7a hissederiz. Bu durum, onun <a href=\"https:\/\/urolojidunyasi.com\/vajinismus-nedir\/\">vajinismus nedir<\/a> ili\u015fkiye kar\u015f\u0131 duydu\u011fu \u00e7ekinceleri art\u0131r\u0131r. Felice\u2019ye olan sevgisi g\u00fc\u00e7l\u00fcd\u00fcr, ancak bu sevgi Kafka i\u00e7in bir esaret ya da yazma \u00f6zg\u00fcrl\u00fc\u011f\u00fcn\u00fc tehdit eden bir unsur haline geldi\u011finde, i\u00e7sel bir kriz do\u011far. Bu kriz, mektuplar\u0131n tonuna yans\u0131r: bir yandan i\u00e7ten, bir yandan da endi\u015feli bir anlat\u0131m.<\/p>\n<p>Kafka\u2019n\u0131n Felice\u2019ye mektuplar\u0131, yaln\u0131zca bir a\u015fk hikayesini de\u011fil, ayn\u0131 zamanda d\u00f6nemin toplumsal ve k\u00fclt\u00fcrel atmosferini de yans\u0131t\u0131r. Kafka\u2019n\u0131n ailesiyle olan karma\u015f\u0131k ili\u015fkisi, Yahudi kimli\u011fi ve modern d\u00fcnyan\u0131n getirdi\u011fi yabanc\u0131la\u015fma duygusu, mektuplar\u0131n sat\u0131r aralar\u0131nda hissedilir. Bu mektuplar, Kafka\u2019n\u0131n bireysel kayg\u0131lar\u0131n\u0131n yan\u0131 s\u0131ra, kendisini \u00e7evreleyen d\u00fcnyaya kar\u015f\u0131 duydu\u011fu mesafeyi de g\u00f6zler \u00f6n\u00fcne serer. Felice\u2019ye yazd\u0131\u011f\u0131 mektuplarda, bir yandan ona ula\u015fmaya \u00e7al\u0131\u015f\u0131rken bir yandan da ondan uzakla\u015fma arzusunu dile getirir. Bu ikilem, Kafka\u2019n\u0131n i\u00e7 d\u00fcnyas\u0131n\u0131n ne kadar derin ve karma\u015f\u0131k oldu\u011funu g\u00f6sterir.<\/p>\n<p>Felice\u2019ye Mektuplar, bir ili\u015fkinin anatomisi olman\u0131n \u00f6tesinde, bir insan\u0131n kendi kimli\u011fiyle, arzular\u0131yla ve korkular\u0131yla nas\u0131l bo\u011fu\u015ftu\u011funun da \u00f6yk\u00fcs\u00fcd\u00fcr. Kafka\u2019n\u0131n kelimeleri, bazen sevgi dolu, bazen su\u00e7lay\u0131c\u0131, bazen de tamamen melankoliktir. Bu metinleri okurken, bir yazar\u0131n kendi hayat\u0131nda nas\u0131l savruldu\u011funu, a\u015fka ve yaln\u0131zl\u0131\u011fa nas\u0131l bir anlam y\u00fckledi\u011fini g\u00f6r\u00fcr\u00fcz. Kafka, sadece Felice\u2019ye de\u011fil, asl\u0131nda kendisine de yazmaktad\u0131r. Bu mektuplar, bir yazar\u0131n en samimi y\u00fcz\u00fcn\u00fc ortaya koyarken, okuyucuyu Kafka\u2019n\u0131n zihninde uzun bir yolculu\u011fa \u00e7\u0131kar\u0131r.<\/p>\n","protected":false},"excerpt":{"rendered":"<p>Franz Kafka\u2019n\u0131n Felice\u2019ye Mektuplar kitab\u0131, sadece edebi bir metin de\u011fil, ayn\u0131 zamanda bir ruhun derinliklerine a\u00e7\u0131lan samimi bir kap\u0131d\u0131r. Kafka\u2019n\u0131n ni\u015fanl\u0131s\u0131 Felice Bauer\u2019e yazd\u0131\u011f\u0131 mektuplardan olu\u015fan bu derleme, hem yazar\u0131n ki\u015fisel hayat\u0131na hem de i\u00e7sel \u00e7at\u0131\u015fmalar\u0131na dair benzersiz bir i\u00e7g\u00f6r\u00fc sunar. Kafka, \u00fcroloji d\u00fcnyas\u0131 bu mektuplarda bir yazar\u0131n yaln\u0131zca eserlerinde de\u011fil, \u00f6zel yaz\u0131\u015fmalar\u0131nda da nas\u0131l [&hellip;]<\/p>\n","protected":false},"author":9149,"featured_media":0,"parent":0,"menu_order":0,"comment_status":"closed","ping_status":"closed","template":"","meta":{"footnotes":"","_links_to":"","_links_to_target":""},"class_list":["post-42","page","type-page","status-publish","hentry"],"_links":{"self":[{"href":"https:\/\/blog.metu.edu.tr\/e270199\/wp-json\/wp\/v2\/pages\/42","targetHints":{"allow":["GET"]}}],"collection":[{"href":"https:\/\/blog.metu.edu.tr\/e270199\/wp-json\/wp\/v2\/pages"}],"about":[{"href":"https:\/\/blog.metu.edu.tr\/e270199\/wp-json\/wp\/v2\/types\/page"}],"author":[{"embeddable":true,"href":"https:\/\/blog.metu.edu.tr\/e270199\/wp-json\/wp\/v2\/users\/9149"}],"replies":[{"embeddable":true,"href":"https:\/\/blog.metu.edu.tr\/e270199\/wp-json\/wp\/v2\/comments?post=42"}],"version-history":[{"count":0,"href":"https:\/\/blog.metu.edu.tr\/e270199\/wp-json\/wp\/v2\/pages\/42\/revisions"}],"wp:attachment":[{"href":"https:\/\/blog.metu.edu.tr\/e270199\/wp-json\/wp\/v2\/media?parent=42"}],"curies":[{"name":"wp","href":"https:\/\/api.w.org\/{rel}","templated":true}]}}