{"id":41,"date":"2024-11-29T13:20:30","date_gmt":"2024-11-29T13:20:30","guid":{"rendered":"https:\/\/blog.metu.edu.tr\/e270199\/?page_id=41"},"modified":"2024-11-29T13:20:51","modified_gmt":"2024-11-29T13:20:51","slug":"aclik-sanatcisi","status":"publish","type":"page","link":"https:\/\/blog.metu.edu.tr\/e270199\/aclik-sanatcisi\/","title":{"rendered":"A\u00e7l\u0131k Sanat\u00e7\u0131s\u0131"},"content":{"rendered":"<p>Franz Kafka\u2019n\u0131n <em>A\u00e7l\u0131k Sanat\u00e7\u0131s\u0131<\/em>, insan\u0131n varolu\u015fsal yaln\u0131zl\u0131\u011f\u0131na, toplumla olan karma\u015f\u0131k ili\u015fkisine ve sanat\u0131n do\u011fas\u0131na dair derin bir alegori sunar. Kafka, bu k\u0131sa hik\u00e2yesinde modern bireyin kendini anlama ve ifade etme aray\u0131\u015f\u0131n\u0131, toplumun bu \u00e7abay\u0131 anlamaktaki yetersizli\u011fiyle birlikte i\u015fler. <em>A\u00e7l\u0131k Sanat\u00e7\u0131s\u0131<\/em>, bireyin kendini ger\u00e7ekle\u015ftirme <a href=\"https:\/\/urolojidunyasi.com\/\">uroloji<\/a> u\u011fruna \u00e7ekti\u011fi \u0131st\u0131rab\u0131 ve toplum taraf\u0131ndan yanl\u0131\u015f anla\u015f\u0131lman\u0131n yaratt\u0131\u011f\u0131 trajediyi ustal\u0131kla dile getirir.<\/p>\n<p>Hik\u00e2yede, ge\u00e7imini a\u00e7 kalma performanslar\u0131 sergileyerek sa\u011flayan bir &#8220;a\u00e7l\u0131k sanat\u00e7\u0131s\u0131&#8221;n\u0131n hik\u00e2yesi anlat\u0131l\u0131r. Bu sanat\u00e7\u0131, a\u00e7 kalmay\u0131 bir sanat bi\u00e7imi olarak g\u00f6r\u00fcr ve bunun m\u00fckemmelli\u011fe ula\u015fma \u00e7abas\u0131yla ilgili oldu\u011funu savunur. Ancak zamanla <a href=\"https:\/\/urolojidunyasi.com\/testis-torsiyonu-nedir\/\">testis torsiyonu<\/a> bu performans, izleyiciler i\u00e7in ilgin\u00e7li\u011fini kaybeder ve sanat\u00e7\u0131n\u0131n pop\u00fclerli\u011fi azal\u0131r. Hik\u00e2ye boyunca, a\u00e7l\u0131k sanat\u00e7\u0131s\u0131n\u0131n hem fiziksel hem de duygusal \u00e7\u00f6k\u00fc\u015f\u00fcne tan\u0131k oluruz. Kafka, bu basit g\u00f6r\u00fcnen \u00f6yk\u00fcyle birden fazla derin temay\u0131 i\u015fler: bireysel \u00f6zveri, toplumsal beklentiler, sanat\u0131n anlam\u0131 ve varolu\u015fsal yaln\u0131zl\u0131k.<\/p>\n<p>Birinci tema, sanat\u00e7\u0131n\u0131n kendini adad\u0131\u011f\u0131 sanat\u0131n do\u011fas\u0131d\u0131r. A\u00e7l\u0131k sanat\u00e7\u0131s\u0131, yapt\u0131\u011f\u0131 i\u015fi bir t\u00fcr ki\u015fisel ve ruhsal m\u00fckemmelli\u011fe ula\u015fma \u00e7abas\u0131 olarak g\u00f6r\u00fcr. Ancak, bu \u00e7aban\u0131n \u00e7evresi taraf\u0131ndan yanl\u0131\u015f anla\u015f\u0131ld\u0131\u011f\u0131n\u0131 fark eder. \u0130zleyiciler, <a href=\"https:\/\/urolojidunyasi.com\/hpv-olanlarin-yorumlari\/\">hpv a\u015f\u0131s\u0131<\/a> sanat\u00e7\u0131n\u0131n a\u00e7 kalmas\u0131n\u0131 bir g\u00f6steri olarak g\u00f6r\u00fcrken, sanat\u00e7\u0131 bunu hayat\u0131n\u0131n ve varolu\u015funun anlam\u0131 olarak de\u011ferlendirir. Kafka, burada sanat\u0131n toplum taraf\u0131ndan nas\u0131l alg\u0131land\u0131\u011f\u0131na ve sanat\u00e7\u0131n\u0131n i\u00e7sel motivasyonlar\u0131n\u0131n nas\u0131l g\u00f6z ard\u0131 edildi\u011fine dikkat \u00e7eker. Sanat\u00e7\u0131, toplumun onay\u0131n\u0131 ya da alk\u0131\u015f\u0131n\u0131 istemez; onun derdi, kendi varl\u0131\u011f\u0131n\u0131 anlama ve ifade etmektir. Ancak, bu \u00e7aba toplumun y\u00fczeysel ilgisi kar\u015f\u0131s\u0131nda giderek anlams\u0131zla\u015f\u0131r.<\/p>\n<p>Hik\u00e2yenin bir di\u011fer temas\u0131, bireyin yaln\u0131zl\u0131\u011f\u0131 ve anla\u015f\u0131lamama hissidir. A\u00e7l\u0131k sanat\u00e7\u0131s\u0131, eserine olan tutkusu nedeniyle \u00e7evresinden kopar. \u0130zleyiciler ilk ba\u015fta onun performans\u0131na hayran kal\u0131r, ancak zamanla ilgilerini kaybederler. Bu durum, bireyin kendini adad\u0131\u011f\u0131 bir ideale toplum taraf\u0131ndan de\u011fer verilmedi\u011finde ya\u015fad\u0131\u011f\u0131 hayal k\u0131r\u0131kl\u0131\u011f\u0131n\u0131 simgeler. Kafka, bu yaln\u0131zl\u0131\u011f\u0131 sadece bir sanat\u00e7\u0131n\u0131n de\u011fil, modern bireyin evrensel bir durumu olarak sunar. \u0130nsan, kendi anlam aray\u0131\u015f\u0131nda genellikle yaln\u0131zd\u0131r ve \u00e7evresindekiler taraf\u0131ndan tam anlam\u0131yla anla\u015f\u0131lamaz.<\/p>\n<p>Son olarak, Kafka\u2019n\u0131n eserinde varolu\u015fsal bir sorgulama yer al\u0131r. A\u00e7l\u0131k sanat\u00e7\u0131s\u0131, kendi do\u011fas\u0131n\u0131 anlamak i\u00e7in a\u00e7 kalmay\u0131 se\u00e7mi\u015ftir. Ancak bu s\u00fcre\u00e7te, hayat\u0131n\u0131 anlamland\u0131rmaya \u00e7al\u0131\u015f\u0131rken fiziksel varl\u0131\u011f\u0131n\u0131 yok eder. Kafka, bu hik\u00e2yede insan\u0131n kendi varl\u0131\u011f\u0131n\u0131 anlama \u00e7abas\u0131n\u0131n, \u00e7o\u011fu zaman ki\u015finin fiziksel ve ruhsal \u00e7\u00f6k\u00fc\u015f\u00fcyle sonu\u00e7lanabilece\u011fini ima eder. Hik\u00e2yenin sonunda a\u00e7l\u0131k sanat\u00e7\u0131s\u0131n\u0131n \u201cHi\u00e7bir \u015fey bulamad\u0131m \u00e7\u00fcnk\u00fc sevdi\u011fim hi\u00e7bir yemek yoktu\u201d s\u00f6zleri, onun hayat\u0131 boyunca tatmin edici bir anlam ya da ama\u00e7 bulamad\u0131\u011f\u0131n\u0131 ifade eder.<\/p>\n<p>Sonu\u00e7 olarak, <em>A\u00e7l\u0131k Sanat\u00e7\u0131s\u0131<\/em>, Kafka\u2019n\u0131n hem bireyin yaln\u0131zl\u0131\u011f\u0131n\u0131 hem de sanat ve toplum aras\u0131ndaki karma\u015f\u0131k ili\u015fkiyi irdeledi\u011fi g\u00fc\u00e7l\u00fc bir alegoridir. Kafka, sade bir anlat\u0131mla derin felsefi sorular sorar: \u0130nsan neden var olur? Sanat\u0131n ger\u00e7ek amac\u0131 nedir? Ve bireyin topluma yabanc\u0131la\u015fmas\u0131 nas\u0131l bir trajediye yol a\u00e7ar? Bu sorular, Kafka\u2019n\u0131n edebiyat\u0131nda s\u0131k\u00e7a kar\u015f\u0131la\u015f\u0131lan varolu\u015fsal temalar\u0131 daha net bir \u015fekilde a\u00e7\u0131\u011fa \u00e7\u0131kar\u0131r ve <em>A\u00e7l\u0131k Sanat\u00e7\u0131s\u0131<\/em>, bu ba\u011flamda unutulmaz bir eserdir.<\/p>\n","protected":false},"excerpt":{"rendered":"<p>Franz Kafka\u2019n\u0131n A\u00e7l\u0131k Sanat\u00e7\u0131s\u0131, insan\u0131n varolu\u015fsal yaln\u0131zl\u0131\u011f\u0131na, toplumla olan karma\u015f\u0131k ili\u015fkisine ve sanat\u0131n do\u011fas\u0131na dair derin bir alegori sunar. Kafka, bu k\u0131sa hik\u00e2yesinde modern bireyin kendini anlama ve ifade etme aray\u0131\u015f\u0131n\u0131, toplumun bu \u00e7abay\u0131 anlamaktaki yetersizli\u011fiyle birlikte i\u015fler. A\u00e7l\u0131k Sanat\u00e7\u0131s\u0131, bireyin kendini ger\u00e7ekle\u015ftirme uroloji u\u011fruna \u00e7ekti\u011fi \u0131st\u0131rab\u0131 ve toplum taraf\u0131ndan yanl\u0131\u015f anla\u015f\u0131lman\u0131n yaratt\u0131\u011f\u0131 trajediyi ustal\u0131kla [&hellip;]<\/p>\n","protected":false},"author":9149,"featured_media":0,"parent":0,"menu_order":0,"comment_status":"closed","ping_status":"closed","template":"","meta":{"footnotes":"","_links_to":"","_links_to_target":""},"class_list":["post-41","page","type-page","status-publish","hentry"],"_links":{"self":[{"href":"https:\/\/blog.metu.edu.tr\/e270199\/wp-json\/wp\/v2\/pages\/41","targetHints":{"allow":["GET"]}}],"collection":[{"href":"https:\/\/blog.metu.edu.tr\/e270199\/wp-json\/wp\/v2\/pages"}],"about":[{"href":"https:\/\/blog.metu.edu.tr\/e270199\/wp-json\/wp\/v2\/types\/page"}],"author":[{"embeddable":true,"href":"https:\/\/blog.metu.edu.tr\/e270199\/wp-json\/wp\/v2\/users\/9149"}],"replies":[{"embeddable":true,"href":"https:\/\/blog.metu.edu.tr\/e270199\/wp-json\/wp\/v2\/comments?post=41"}],"version-history":[{"count":0,"href":"https:\/\/blog.metu.edu.tr\/e270199\/wp-json\/wp\/v2\/pages\/41\/revisions"}],"wp:attachment":[{"href":"https:\/\/blog.metu.edu.tr\/e270199\/wp-json\/wp\/v2\/media?parent=41"}],"curies":[{"name":"wp","href":"https:\/\/api.w.org\/{rel}","templated":true}]}}