{"id":39,"date":"2024-11-27T16:08:57","date_gmt":"2024-11-27T16:08:57","guid":{"rendered":"https:\/\/blog.metu.edu.tr\/e270199\/?page_id=39"},"modified":"2024-11-27T16:09:09","modified_gmt":"2024-11-27T16:09:09","slug":"franz-kafka-donusum","status":"publish","type":"page","link":"https:\/\/blog.metu.edu.tr\/e270199\/franz-kafka-donusum\/","title":{"rendered":"Franz Kafka D\u00f6n\u00fc\u015f\u00fcm"},"content":{"rendered":"<p>Franz Kafka\u2019n\u0131n 1915 y\u0131l\u0131nda yay\u0131mlanan <em>D\u00f6n\u00fc\u015f\u00fcm<\/em> (Die Verwandlung) adl\u0131 eseri, modern edebiyat\u0131n en dikkat \u00e7ekici ve \u00e7ok y\u00f6nl\u00fc yap\u0131tlar\u0131ndan biridir. Kafka, bu k\u0131sa romanda, insan\u0131n kendisi, ailesi ve toplumla olan ili\u015fkilerini varolu\u015fsal bir kriz ba\u011flam\u0131nda ele al\u0131r. <a href=\"https:\/\/urolojidunyasi.com\/\">\u00dcroloji Ankara<\/a> Abs\u00fcrt bir olay \u00f6rg\u00fcs\u00fcne sahip olmas\u0131na ra\u011fmen, eser derin psikolojik ve toplumsal analizlerle doludur. Kafka\u2019n\u0131n simgesel anlat\u0131m\u0131 ve minimalist dili, hik\u00e2yeyi evrensel bir boyuta ta\u015f\u0131r ve okuyucuyu birey olman\u0131n anlam\u0131 \u00fczerine d\u00fc\u015f\u00fcnmeye davet eder.<\/p>\n<p>Eser, ana karakter Gregor Samsa\u2019n\u0131n bir sabah devasa bir b\u00f6ce\u011fe d\u00f6n\u00fc\u015fm\u00fc\u015f olarak uyanmas\u0131yla ba\u015flar. Hik\u00e2ye, Gregor\u2019un d\u00f6n\u00fc\u015f\u00fcm\u00fcn\u00fc ve bu d\u00f6n\u00fc\u015f\u00fcm\u00fcn ailesi ile olan ili\u015fkilerine etkisini anlat\u0131r.<\/p>\n<p>Kafka, d\u00f6n\u00fc\u015f\u00fcm\u00fcn nedenini a\u00e7\u0131klamaz; bu, hik\u00e2yenin merkezindeki abs\u00fcrtl\u00fc\u011f\u00fcn bir par\u00e7as\u0131d\u0131r. Gregor\u2019un fiziksel d\u00f6n\u00fc\u015f\u00fcm\u00fc, hem <a href=\"https:\/\/urolojidunyasi.com\/kadinlarda-bosalamama-agrisi\/\">kad\u0131nlarda bo\u015falamama a\u011fr\u0131s\u0131<\/a> bireysel hem de toplumsal d\u00fczeydeki bir yabanc\u0131la\u015fmay\u0131 simgeler. Gregor, b\u00f6cek olmadan \u00f6nce de ailesine yabanc\u0131la\u015fm\u0131\u015f ve sadece onlar\u0131n ge\u00e7imini sa\u011flamak i\u00e7in \u00e7al\u0131\u015fan bir ara\u00e7 haline gelmi\u015ftir. D\u00f6n\u00fc\u015f\u00fcm, bu yabanc\u0131la\u015fmay\u0131 daha g\u00f6r\u00fcn\u00fcr ve keskin bir hale getirir.<\/p>\n<p>Roman\u0131n en dikkat \u00e7ekici y\u00f6nlerinden biri, aile dinamiklerinin detayl\u0131 bir \u015fekilde i\u015flenmesidir. Gregor\u2019un d\u00f6n\u00fc\u015f\u00fcm\u00fcnden <a href=\"https:\/\/urolojidunyasi.com\/bobrek-tasi-dusurmenin-en-kolay-yolu\/\">b\u00f6brek ta\u015f\u0131 ameliyat\u0131<\/a> sonra ailesinin ona kar\u015f\u0131 tutumu h\u0131zla de\u011fi\u015fir. \u0130lk ba\u015fta, Gregor\u2019a \u015fefkat ve anlay\u0131\u015f g\u00f6stermeye \u00e7al\u0131\u015fsalar da, zamanla onun varl\u0131\u011f\u0131n\u0131 bir y\u00fck olarak g\u00f6rmeye ba\u015flarlar.<\/p>\n<p>Gregor\u2019un d\u00f6n\u00fc\u015f\u00fcm\u00fc, ailesinin onun ger\u00e7ek de\u011ferini sorgulamas\u0131na neden olur. Aile \u00fcyeleri, Gregor\u2019un insani niteliklerini g\u00f6rmezden gelir ve onu tamamen bir b\u00f6cek olarak alg\u0131lar. Bu durum, Kafka\u2019n\u0131n insan\u0131n de\u011ferini sadece i\u015flevselli\u011fiyle \u00f6l\u00e7en bir toplumu ele\u015ftirdi\u011fi y\u00f6n\u00fcnde yorumlanabilir.<\/p>\n<p>Kafka, Gregor\u2019un d\u00f6n\u00fc\u015f\u00fcm\u00fc \u00fczerinden bireyin toplumsal rollerine ve bunlar\u0131n insan kimli\u011fi \u00fczerindeki etkisine dair derin bir ele\u015ftiri sunar. Gregor, \u00e7al\u0131\u015fkan ve \u00f6zverili bir bireyken, d\u00f6n\u00fc\u015f\u00fcm\u00fcnden sonra tamamen de\u011fersiz olarak g\u00f6r\u00fcl\u00fcr. Onun bir b\u00f6ce\u011fe d\u00f6n\u00fc\u015fmesi, toplumun bireylere bi\u00e7ti\u011fi rollerin ne kadar y\u00fczeysel ve ge\u00e7ici oldu\u011funu g\u00f6sterir. Ayr\u0131ca, Gregor\u2019un d\u00f6n\u00fc\u015f\u00fcmden sonra kendini giderek de\u011fersiz hissetmesi, bireyin toplum ve aile taraf\u0131ndan nas\u0131l \u015fekillendirildi\u011fine dair g\u00fc\u00e7l\u00fc bir varolu\u015fsal sorgulama i\u00e7erir.<\/p>\n<p>Roman\u0131n sonunda, Gregor\u2019un \u00f6l\u00fcm\u00fcn\u00fcn ard\u0131ndan ailesinin rahat bir nefes almas\u0131, hik\u00e2yenin en \u00e7arp\u0131c\u0131 noktalar\u0131ndan biridir. Bu sahne, aile dinamiklerinin ne kadar k\u0131r\u0131lgan oldu\u011funu ve bireyin varl\u0131\u011f\u0131n\u0131n bir y\u00fck olarak alg\u0131land\u0131\u011f\u0131nda nas\u0131l d\u0131\u015flanabilece\u011fini ac\u0131mas\u0131z bir \u015fekilde ortaya koyar. Kafka, bu trajik sonla okuyucuyu bireyin anlam\u0131, aidiyet ve toplumsal roller \u00fczerine derin bir d\u00fc\u015f\u00fcnceye sevk eder.<\/p>\n<p><em>D\u00f6n\u00fc\u015f\u00fcm<\/em>, yaln\u0131zca bir bireyin fiziksel ve toplumsal yabanc\u0131la\u015fmas\u0131n\u0131 anlatan bir hik\u00e2ye de\u011fil, ayn\u0131 zamanda modern insan\u0131n varolu\u015fsal krizlerini yans\u0131tan bir ba\u015fyap\u0131tt\u0131r. Kafka\u2019n\u0131n sade ama etkileyici anlat\u0131m\u0131, her okuyucunun hik\u00e2yede kendi anlam\u0131n\u0131 bulmas\u0131na olanak tan\u0131r. Gregor Samsa\u2019n\u0131n d\u00f6n\u00fc\u015f\u00fcm\u00fc, insan\u0131n i\u00e7sel m\u00fccadelelerini, yaln\u0131zl\u0131\u011f\u0131n\u0131 ve anlam aray\u0131\u015f\u0131n\u0131 simgelerken, eser, birey-toplum ili\u015fkilerinin karma\u015f\u0131kl\u0131\u011f\u0131n\u0131 ve k\u0131r\u0131lganl\u0131\u011f\u0131n\u0131 unutulmaz bir \u015fekilde g\u00f6zler \u00f6n\u00fcne serer<\/p>\n","protected":false},"excerpt":{"rendered":"<p>Franz Kafka\u2019n\u0131n 1915 y\u0131l\u0131nda yay\u0131mlanan D\u00f6n\u00fc\u015f\u00fcm (Die Verwandlung) adl\u0131 eseri, modern edebiyat\u0131n en dikkat \u00e7ekici ve \u00e7ok y\u00f6nl\u00fc yap\u0131tlar\u0131ndan biridir. Kafka, bu k\u0131sa romanda, insan\u0131n kendisi, ailesi ve toplumla olan ili\u015fkilerini varolu\u015fsal bir kriz ba\u011flam\u0131nda ele al\u0131r. \u00dcroloji Ankara Abs\u00fcrt bir olay \u00f6rg\u00fcs\u00fcne sahip olmas\u0131na ra\u011fmen, eser derin psikolojik ve toplumsal analizlerle doludur. Kafka\u2019n\u0131n simgesel [&hellip;]<\/p>\n","protected":false},"author":9149,"featured_media":0,"parent":0,"menu_order":0,"comment_status":"closed","ping_status":"closed","template":"","meta":{"footnotes":"","_links_to":"","_links_to_target":""},"class_list":["post-39","page","type-page","status-publish","hentry"],"_links":{"self":[{"href":"https:\/\/blog.metu.edu.tr\/e270199\/wp-json\/wp\/v2\/pages\/39","targetHints":{"allow":["GET"]}}],"collection":[{"href":"https:\/\/blog.metu.edu.tr\/e270199\/wp-json\/wp\/v2\/pages"}],"about":[{"href":"https:\/\/blog.metu.edu.tr\/e270199\/wp-json\/wp\/v2\/types\/page"}],"author":[{"embeddable":true,"href":"https:\/\/blog.metu.edu.tr\/e270199\/wp-json\/wp\/v2\/users\/9149"}],"replies":[{"embeddable":true,"href":"https:\/\/blog.metu.edu.tr\/e270199\/wp-json\/wp\/v2\/comments?post=39"}],"version-history":[{"count":0,"href":"https:\/\/blog.metu.edu.tr\/e270199\/wp-json\/wp\/v2\/pages\/39\/revisions"}],"wp:attachment":[{"href":"https:\/\/blog.metu.edu.tr\/e270199\/wp-json\/wp\/v2\/media?parent=39"}],"curies":[{"name":"wp","href":"https:\/\/api.w.org\/{rel}","templated":true}]}}