{"id":38,"date":"2024-11-26T17:24:21","date_gmt":"2024-11-26T17:24:21","guid":{"rendered":"https:\/\/blog.metu.edu.tr\/e270199\/?page_id=38"},"modified":"2024-11-26T17:24:34","modified_gmt":"2024-11-26T17:24:34","slug":"dostoyevskinin-oteki-romani-uzerine-bir-yorum","status":"publish","type":"page","link":"https:\/\/blog.metu.edu.tr\/e270199\/dostoyevskinin-oteki-romani-uzerine-bir-yorum\/","title":{"rendered":"Dostoyevski\u2019nin \u201c\u00d6teki\u201d Roman\u0131 \u00dczerine Bir Yorum"},"content":{"rendered":"<p>Fyodor Dostoyevski\u2019nin 1846 y\u0131l\u0131nda yay\u0131mlanan <em>\u00d6teki<\/em> roman\u0131, insan psikolojisini derinlemesine irdeleyen ve bireyin kimlik aray\u0131\u015f\u0131n\u0131 ele alan erken d\u00f6nem eserlerinden biridir. Roman, ger\u00e7eklik ve hayal d\u00fcnyas\u0131 aras\u0131ndaki \u00e7izgiyi bulan\u0131kla\u015ft\u0131ran bir hik\u00e2yeye sahip olup, Dostoyevski\u2019nin <a href=\"https:\/\/urolojidunyasi.com\/\">\u00fcroloji uzman\u0131 ankara<\/a> sonraki eserlerinde s\u0131k\u00e7a g\u00f6r\u00fclecek olan psikolojik analizlerin ve ahlaki sorgulamalar\u0131n temellerini bar\u0131nd\u0131r\u0131r. <em>\u00d6teki<\/em>, hem bireysel hem de toplumsal \u00e7er\u00e7evede insan\u0131n kendisiyle olan \u00e7at\u0131\u015fmas\u0131n\u0131 ke\u015ffetmesiyle dikkat \u00e7eker.<\/p>\n<p>Roman\u0131n ana karakteri Yakov Petrovi\u00e7 Golyadkin, s\u0131radan bir b\u00fcrokrat olarak ya\u015fam\u0131n\u0131 s\u00fcrd\u00fcrmektedir. Ancak Golyadkin\u2019in hayat\u0131, bir g\u00fcn kendi <a href=\"https:\/\/urolojidunyasi.com\/bobrek-agrisi-nedir\/\">b\u00f6brek a\u011fr\u0131s\u0131<\/a> t\u0131pat\u0131p benzeri olan bir \u201c\u00f6teki\u201d ile kar\u015f\u0131la\u015fmas\u0131yla alt\u00fcst olur.<\/p>\n<p>Bu doppelg\u00e4nger, Golyadkin\u2019in ya\u015fam\u0131nda giderek daha fazla yer kaplamaya ba\u015flar ve onun ki\u015fisel ve mesleki d\u00fcnyas\u0131n\u0131 tehdit eder. \u0130lk ba\u015flarda, <a href=\"https:\/\/urolojidunyasi.com\/azospermi-bitkisel-tedavi\/\">azospermi bitkisel tedavisi<\/a> Golyadkin, bu \u201c\u00f6teki\u201dnin kendisini tamamlayan bir par\u00e7as\u0131 oldu\u011funu d\u00fc\u015f\u00fcn\u00fcr, ancak zamanla bu varl\u0131k, onun en b\u00fcy\u00fck d\u00fc\u015fman\u0131na d\u00f6n\u00fc\u015f\u00fcr.<\/p>\n<p>Dostoyevski, roman boyunca, bireyin kendisiyle olan ili\u015fkisindeki gerilimleri ve modern insan\u0131n kimlik krizini ustal\u0131kla i\u015fler. Golyadkin\u2019in \u201c\u00f6teki\u201d ile olan m\u00fccadelesi, yaln\u0131zca bir fiziksel benzerlik \u00fczerinden de\u011fil, ayn\u0131 zamanda onun i\u00e7sel \u00e7at\u0131\u015fmalar\u0131 arac\u0131l\u0131\u011f\u0131yla anlat\u0131l\u0131r.<\/p>\n<p>Roman, Golyadkin\u2019in zihinsel dengesizli\u011fini ve ger\u00e7eklikle ba\u011f\u0131n\u0131n nas\u0131l koptu\u011funu yava\u015f yava\u015f a\u00e7\u0131\u011fa \u00e7\u0131kar\u0131r. Bu s\u00fcre\u00e7, okuyucuyu, kahraman\u0131n d\u00fcnyas\u0131na \u00e7ekerek, onun paranoyas\u0131 ve \u00e7aresizli\u011fi ile empati kurmaya davet eder.<\/p>\n<p>Dostoyevski, <em>\u00d6teki<\/em> roman\u0131nda, toplumsal ele\u015ftirilerden de ka\u00e7\u0131nmaz. 19. y\u00fczy\u0131l Rusya\u2019s\u0131ndaki b\u00fcrokrasi, bireyin kimlik ve stat\u00fc aray\u0131\u015f\u0131n\u0131 \u015fekillendiren temel unsurlardan biridir. Golyadkin, s\u0131radan bir memur olarak, toplumun beklentilerine uyum sa\u011flamak ve varl\u0131\u011f\u0131n\u0131 kan\u0131tlamak i\u00e7in m\u00fccadele ederken, \u201c\u00f6teki\u201d onun bu m\u00fccadeledeki yetersizli\u011fini simgeler. Roman, bu y\u00f6n\u00fcyle yaln\u0131zca bireysel bir hik\u00e2ye de\u011fil, ayn\u0131 zamanda d\u00f6nemin toplumsal yap\u0131s\u0131na y\u00f6nelik keskin bir ele\u015ftiri olarak da okunabilir.<\/p>\n<p>Sonu\u00e7 olarak, <em>\u00d6teki<\/em>, Dostoyevski\u2019nin insan do\u011fas\u0131n\u0131 anlama konusundaki derin sezgilerini yans\u0131tan etkileyici bir eseridir. Roman, bireyin kendi i\u00e7 d\u00fcnyas\u0131yla olan karma\u015f\u0131k ili\u015fkisini ve bu ili\u015fkinin d\u0131\u015f d\u00fcnyadaki yans\u0131malar\u0131n\u0131 ele alarak, psikolojik ger\u00e7ek\u00e7ilikle dolu bir anlat\u0131 sunar. Her ne kadar Dostoyevski\u2019nin daha sonraki eserleri kadar pop\u00fcler olmasa da, <em>\u00d6teki<\/em>, yazar\u0131n insan psikolojisini ke\u015ffetme yolundaki ilk \u00f6nemli ad\u0131mlar\u0131ndan biri olarak edebiyat tarihindeki yerini al\u0131r. Bu eser, insan\u0131n kendiyle y\u00fczle\u015fmesinin ne kadar \u00fcrk\u00fct\u00fcc\u00fc ve d\u00f6n\u00fc\u015ft\u00fcr\u00fcc\u00fc olabilece\u011fini hat\u0131rlatan zamans\u0131z bir yap\u0131t olarak de\u011ferlidir.<\/p>\n<p>4o<\/p>\n","protected":false},"excerpt":{"rendered":"<p>Fyodor Dostoyevski\u2019nin 1846 y\u0131l\u0131nda yay\u0131mlanan \u00d6teki roman\u0131, insan psikolojisini derinlemesine irdeleyen ve bireyin kimlik aray\u0131\u015f\u0131n\u0131 ele alan erken d\u00f6nem eserlerinden biridir. Roman, ger\u00e7eklik ve hayal d\u00fcnyas\u0131 aras\u0131ndaki \u00e7izgiyi bulan\u0131kla\u015ft\u0131ran bir hik\u00e2yeye sahip olup, Dostoyevski\u2019nin \u00fcroloji uzman\u0131 ankara sonraki eserlerinde s\u0131k\u00e7a g\u00f6r\u00fclecek olan psikolojik analizlerin ve ahlaki sorgulamalar\u0131n temellerini bar\u0131nd\u0131r\u0131r. \u00d6teki, hem bireysel hem de toplumsal [&hellip;]<\/p>\n","protected":false},"author":9149,"featured_media":0,"parent":0,"menu_order":0,"comment_status":"closed","ping_status":"closed","template":"","meta":{"footnotes":"","_links_to":"","_links_to_target":""},"class_list":["post-38","page","type-page","status-publish","hentry"],"_links":{"self":[{"href":"https:\/\/blog.metu.edu.tr\/e270199\/wp-json\/wp\/v2\/pages\/38","targetHints":{"allow":["GET"]}}],"collection":[{"href":"https:\/\/blog.metu.edu.tr\/e270199\/wp-json\/wp\/v2\/pages"}],"about":[{"href":"https:\/\/blog.metu.edu.tr\/e270199\/wp-json\/wp\/v2\/types\/page"}],"author":[{"embeddable":true,"href":"https:\/\/blog.metu.edu.tr\/e270199\/wp-json\/wp\/v2\/users\/9149"}],"replies":[{"embeddable":true,"href":"https:\/\/blog.metu.edu.tr\/e270199\/wp-json\/wp\/v2\/comments?post=38"}],"version-history":[{"count":0,"href":"https:\/\/blog.metu.edu.tr\/e270199\/wp-json\/wp\/v2\/pages\/38\/revisions"}],"wp:attachment":[{"href":"https:\/\/blog.metu.edu.tr\/e270199\/wp-json\/wp\/v2\/media?parent=38"}],"curies":[{"name":"wp","href":"https:\/\/api.w.org\/{rel}","templated":true}]}}