{"id":33,"date":"2024-11-14T18:30:25","date_gmt":"2024-11-14T18:30:25","guid":{"rendered":"https:\/\/blog.metu.edu.tr\/e270199\/?page_id=33"},"modified":"2024-11-14T18:30:35","modified_gmt":"2024-11-14T18:30:35","slug":"ev-sahibesi","status":"publish","type":"page","link":"https:\/\/blog.metu.edu.tr\/e270199\/ev-sahibesi\/","title":{"rendered":"Ev Sahibesi"},"content":{"rendered":"<p><em>Ev Sahibesi<\/em>, Dostoyevski\u2019nin yaln\u0131zl\u0131k ve yabanc\u0131la\u015fma temalar\u0131n\u0131 i\u015fledi\u011fi erken d\u00f6nem romanlar\u0131ndan biridir. Roman\u0131n ana karakteri, Vasya ad\u0131nda, i\u00e7ine kapan\u0131k ve yaln\u0131z bir gen\u00e7 adamd\u0131r. Topluma ve sosyal ili\u015fkilere kar\u015f\u0131 bir yabanc\u0131la\u015fma ya\u015fayan Vasya, kendi d\u00fcnyas\u0131nda ya\u015fayan, sessiz ve hassas bir karakterdir. S\u0131radan bir hayat s\u00fcren Vasya, <a href=\"https:\/\/urolojidunyasi.com\/saglikli-bir-erkek-kac-gunde-bir-bosalir\/\">erken bo\u015falma<\/a> kendine \u00e7ok yak\u0131n hissetti\u011fi ya\u015fl\u0131 bir adam olan Muriin\u2019le tan\u0131\u015f\u0131r ve onunla dostluk kurar. Bu dostluk, Vasya\u2019n\u0131n i\u00e7sel yaln\u0131zl\u0131\u011f\u0131n\u0131 bir nebze de olsa hafifletir; ancak bu ili\u015fki de bir s\u00fcre sonra karma\u015f\u0131k bir hal al\u0131r. Dostoyevski, Vasya\u2019n\u0131n i\u00e7sel \u00e7at\u0131\u015fmalar\u0131n\u0131, duygusal karma\u015falar\u0131n\u0131 ve topluma uyum sa\u011flamakta zorlanan ruh halini ustal\u0131kla yans\u0131tarak bireyin toplum kar\u015f\u0131s\u0131nda ya\u015fad\u0131\u011f\u0131 yaln\u0131zl\u0131k duygusunu g\u00f6zler \u00f6n\u00fcne serer.<\/p>\n<p><strong>Gizemli Kad\u0131n: Katerina ve Vasya\u2019n\u0131n Tutkusu<\/strong><\/p>\n<p>Roman\u0131n merkezinde Vasya\u2019n\u0131n, Muriin\u2019in k\u0131z\u0131 olan Katerina\u2019ya kar\u015f\u0131 duydu\u011fu derin ve saplant\u0131l\u0131 a\u015fk yer al\u0131r. Katerina, yaln\u0131zca Vasya\u2019n\u0131n ilgisini \u00e7eken bir kad\u0131n de\u011fil, ayn\u0131 zamanda onun g\u00f6z\u00fcnde gizemli ve ula\u015f\u0131lmaz bir fig\u00fcrd\u00fcr. Vasya, Katerina\u2019y\u0131 tan\u0131d\u0131k\u00e7a ona kar\u015f\u0131 derin bir tutku geli\u015ftirse de bu a\u015fk sa\u011fl\u0131kl\u0131 bir ili\u015fkiye d\u00f6n\u00fc\u015fmez. Katerina\u2019n\u0131n so\u011fuk ve mesafeli tav\u0131rlar\u0131, Vasya\u2019y\u0131 daha da i\u00e7ine \u00e7eken bir etkide bulunur. <a href=\"https:\/\/urolojidunyasi.com\/cinsel-organda-uyuz\/\">Cinsel organda uyuz<\/a> bu a\u015fk, Vasya\u2019n\u0131n duygusal dengesini sarsar ve onu hem kendisiyle hem de \u00e7evresiyle \u00e7at\u0131\u015fmaya iter. Katerina karakteri, roman boyunca ula\u015f\u0131lmaz bir ideal olarak kurgulan\u0131r ve Vasya\u2019n\u0131n tutkular\u0131 ile hayal k\u0131r\u0131kl\u0131klar\u0131 aras\u0131nda gidip gelmesine neden olur. Dostoyevski, Vasya\u2019n\u0131n saplant\u0131l\u0131 a\u015fk\u0131n\u0131, bir insan\u0131n arzu ve korkular\u0131 aras\u0131ndaki karma\u015fay\u0131 ifade etmek i\u00e7in ustal\u0131kla kullan\u0131r.<\/p>\n<p><strong>Ruhsal \u00c7\u00f6k\u00fc\u015f ve A\u015fk\u0131n Y\u0131k\u0131c\u0131 G\u00fcc\u00fc<\/strong><\/p>\n<p><em>Ev Sahibesi<\/em>, a\u015fk\u0131n ve arzunun birey \u00fczerinde y\u0131k\u0131c\u0131 etkisini ele alan bir romand\u0131r. Vasya, Katerina\u2019ya duydu\u011fu saplant\u0131l\u0131 a\u015fk nedeniyle i\u00e7sel bir \u00e7\u00f6k\u00fc\u015f ya\u015famaya ba\u015flar. Katerina\u2019ya olan a\u015fk\u0131 onu duygusal olarak daha k\u0131r\u0131lgan hale getirirken, bir yandan da ya\u015fad\u0131\u011f\u0131 hayal k\u0131r\u0131kl\u0131klar\u0131 ruhsal \u00e7\u00f6k\u00fc\u015f\u00fcn\u00fc h\u0131zland\u0131r\u0131r. Katerina, Vasya i\u00e7in bir kurtulu\u015f \u00fcmidi olarak ba\u015flar, ancak zamanla bu ili\u015fki Vasya\u2019n\u0131n kendi d\u00fcnyas\u0131nda daha da izole olmas\u0131na yol a\u00e7ar. Vasya, kendi hayal d\u00fcnyas\u0131na s\u0131k\u0131\u015f\u0131p kal\u0131rken, Katerina\u2019n\u0131n onun hayat\u0131nda a\u00e7t\u0131\u011f\u0131 bo\u015fluk, anlat\u0131c\u0131n\u0131n ger\u00e7eklikten kopmas\u0131na ve <a href=\"https:\/\/urolojidunyasi.com\/hiv-aids-nedir\/\">aids belirtileri<\/a> kendi ruhsal \u00e7\u00f6k\u00fc\u015f\u00fcne do\u011fru s\u00fcr\u00fcklenmesine sebep olur. Dostoyevski, a\u015fk\u0131n ve saplant\u0131n\u0131n birey \u00fczerinde yaratabilece\u011fi y\u0131k\u0131m\u0131 etkileyici bir dille aktararak, bireyin i\u00e7sel d\u00fcnyas\u0131ndaki \u00e7at\u0131\u015fmalar\u0131n ne denli derin olabilece\u011fini vurgular.<\/p>\n<p>Sonu\u00e7 olarak, <em>Ev Sahibesi<\/em>, bireyin yaln\u0131zl\u0131k, a\u015fk ve arzu aras\u0131ndaki m\u00fccadelesini ve a\u015fk\u0131n y\u0131k\u0131c\u0131 g\u00fcc\u00fcn\u00fc inceleyen, derin psikolojik \u00e7\u00f6z\u00fcmlemeler i\u00e7eren bir romand\u0131r. Dostoyevski, bireyin a\u015fk ile kurdu\u011fu ili\u015fkide ya\u015fad\u0131\u011f\u0131 \u00e7eli\u015fkileri, saplant\u0131lar\u0131 ve bu durumun ruhsal sa\u011fl\u0131\u011f\u0131 \u00fczerindeki etkilerini, duygu y\u00fckl\u00fc ve karanl\u0131k bir atmosferde ba\u015far\u0131yla yans\u0131t\u0131r.<\/p>\n","protected":false},"excerpt":{"rendered":"<p>Ev Sahibesi, Dostoyevski\u2019nin yaln\u0131zl\u0131k ve yabanc\u0131la\u015fma temalar\u0131n\u0131 i\u015fledi\u011fi erken d\u00f6nem romanlar\u0131ndan biridir. Roman\u0131n ana karakteri, Vasya ad\u0131nda, i\u00e7ine kapan\u0131k ve yaln\u0131z bir gen\u00e7 adamd\u0131r. Topluma ve sosyal ili\u015fkilere kar\u015f\u0131 bir yabanc\u0131la\u015fma ya\u015fayan Vasya, kendi d\u00fcnyas\u0131nda ya\u015fayan, sessiz ve hassas bir karakterdir. S\u0131radan bir hayat s\u00fcren Vasya, erken bo\u015falma kendine \u00e7ok yak\u0131n hissetti\u011fi ya\u015fl\u0131 bir adam [&hellip;]<\/p>\n","protected":false},"author":9149,"featured_media":0,"parent":0,"menu_order":0,"comment_status":"closed","ping_status":"closed","template":"","meta":{"footnotes":"","_links_to":"","_links_to_target":""},"class_list":["post-33","page","type-page","status-publish","hentry"],"_links":{"self":[{"href":"https:\/\/blog.metu.edu.tr\/e270199\/wp-json\/wp\/v2\/pages\/33","targetHints":{"allow":["GET"]}}],"collection":[{"href":"https:\/\/blog.metu.edu.tr\/e270199\/wp-json\/wp\/v2\/pages"}],"about":[{"href":"https:\/\/blog.metu.edu.tr\/e270199\/wp-json\/wp\/v2\/types\/page"}],"author":[{"embeddable":true,"href":"https:\/\/blog.metu.edu.tr\/e270199\/wp-json\/wp\/v2\/users\/9149"}],"replies":[{"embeddable":true,"href":"https:\/\/blog.metu.edu.tr\/e270199\/wp-json\/wp\/v2\/comments?post=33"}],"version-history":[{"count":0,"href":"https:\/\/blog.metu.edu.tr\/e270199\/wp-json\/wp\/v2\/pages\/33\/revisions"}],"wp:attachment":[{"href":"https:\/\/blog.metu.edu.tr\/e270199\/wp-json\/wp\/v2\/media?parent=33"}],"curies":[{"name":"wp","href":"https:\/\/api.w.org\/{rel}","templated":true}]}}