{"id":32,"date":"2024-11-13T17:20:51","date_gmt":"2024-11-13T17:20:51","guid":{"rendered":"https:\/\/blog.metu.edu.tr\/e270199\/?page_id=32"},"modified":"2024-11-13T17:21:26","modified_gmt":"2024-11-13T17:21:26","slug":"yalnizlik-ve-hayalperest-bir-karakter","status":"publish","type":"page","link":"https:\/\/blog.metu.edu.tr\/e270199\/yalnizlik-ve-hayalperest-bir-karakter\/","title":{"rendered":"Yaln\u0131zl\u0131k ve Hayalperest Bir Karakter"},"content":{"rendered":"<p><em>Beyaz Geceler<\/em>, Dostoyevski\u2019nin hayalperest ve yaln\u0131z bir karakterin duygusal d\u00fcnyas\u0131n\u0131 merkeze alan k\u0131sa ama etkileyici bir roman\u0131d\u0131r. Ana karakter olan isimsiz anlat\u0131c\u0131, kendini St. Petersburg sokaklar\u0131nda dola\u015farak hayaller kurmaya adam\u0131\u015f yaln\u0131z bir adamd\u0131r. <a href=\"https:\/\/urolojidunyasi.com\/priapizm-nedir\/\">Priapizm<\/a> Sosyal ili\u015fkilerden kopuk bir \u015fekilde ya\u015fayan bu adam, hayat\u0131nda ger\u00e7ek arkada\u015flar ya da yak\u0131n ili\u015fkiler yerine hayal d\u00fcnyas\u0131nda yaratt\u0131\u011f\u0131 fantezilere s\u0131\u011f\u0131n\u0131r. Dostoyevski, bu karakter arac\u0131l\u0131\u011f\u0131yla, yaln\u0131z bir insan\u0131n i\u00e7sel d\u00fcnyas\u0131n\u0131, ka\u00e7\u0131\u015f\u0131n\u0131 ve derin duygusal ihtiya\u00e7lar\u0131n\u0131 g\u00f6zler \u00f6n\u00fcne serer. Anlat\u0131c\u0131n\u0131n s\u00fcrekli bir arkada\u015fl\u0131k ve sevgi aray\u0131\u015f\u0131nda olmas\u0131, onun yaln\u0131zl\u0131\u011f\u0131n\u0131 ve insanlarla ba\u011f kurma ihtiyac\u0131n\u0131 ortaya koyar.<\/p>\n<p><strong>Kar\u015f\u0131l\u0131ks\u0131z A\u015fk ve Umut<\/strong><\/p>\n<p>Bir gece, bu hayalperest adam, Nastenka ad\u0131nda gen\u00e7 bir kad\u0131nla kar\u015f\u0131la\u015f\u0131r. Nastenka ile tan\u0131\u015fmas\u0131, onun hayat\u0131na beklenmedik bir canl\u0131l\u0131k ve umut getirir. Anlat\u0131c\u0131, Nastenka\u2019ya ilk g\u00f6r\u00fc\u015fte a\u015f\u0131k olur; ancak, <a href=\"https:\/\/urolojidunyasi.com\/mikropenis-nedir\/\">mikropenis<\/a> Nastenka ba\u015fka bir adam\u0131 beklemektedir. Ge\u00e7mi\u015fte sevdi\u011fi bir adamla tekrar bir araya gelme umudunu ta\u015f\u0131r ve anlat\u0131c\u0131ya da bu adam hakk\u0131nda a\u00e7\u0131k\u00e7a konu\u015fur. Yine de anlat\u0131c\u0131, Nastenka\u2019n\u0131n yan\u0131nda olmaktan ve ona yard\u0131m etmekten mutluluk duyar. Birlikte ge\u00e7irdikleri k\u0131sa s\u00fcre boyunca dostluklar\u0131 geli\u015fir ve anlat\u0131c\u0131, Nastenka\u2019n\u0131n kalbini kazanma umudunu i\u00e7ten i\u00e7e besler. Bu s\u00fcre\u00e7te ya\u015fanan kar\u015f\u0131l\u0131ks\u0131z a\u015fk, roman\u0131n temel temas\u0131n\u0131 olu\u015fturur. Anlat\u0131c\u0131, Nastenka\u2019ya olan a\u015fk\u0131 nedeniyle yo\u011fun bir mutluluk ve hayal k\u0131r\u0131kl\u0131\u011f\u0131n\u0131 bir arada ya\u015far, a\u015fk\u0131n ge\u00e7icili\u011fi ve hayal k\u0131r\u0131kl\u0131\u011f\u0131 temalar\u0131 romana hakim olur.<\/p>\n<p><strong>Hayal ve Ger\u00e7ek Aras\u0131ndaki \u00c7at\u0131\u015fma<\/strong><\/p>\n<p><em>Beyaz Geceler<\/em>, hayal ve ger\u00e7ek aras\u0131ndaki ince \u00e7izgiyi derinlemesine inceler. Anlat\u0131c\u0131, hayat\u0131nda bir anlam bulabilmek i\u00e7in hayallerine tutunurken, Nastenka ile tan\u0131\u015fmas\u0131 onun ger\u00e7ek d\u00fcnyaya ad\u0131m atmas\u0131n\u0131 sa\u011flar. Ancak bu k\u0131sa mutluluk, Nastenka\u2019n\u0131n eski sevgilisiyle yeniden bir araya gelmesiyle son bulur. <a href=\"https:\/\/urolojidunyasi.com\/penis-agrisi\/\">Penis a\u011fr\u0131s\u0131<\/a> Anlat\u0131c\u0131, Nastenka\u2019y\u0131 kaybetti\u011finde tekrar yaln\u0131zl\u0131\u011fa ve hayal d\u00fcnyas\u0131na geri d\u00f6ner. Bu durum, ger\u00e7ek sevgiye duyulan \u00f6zlemin yerini bir kez daha yaln\u0131zl\u0131k ve hayallere b\u0131rakmas\u0131na neden olur. Dostoyevski, hayalperest karakterin ger\u00e7ek d\u00fcnyaya yapt\u0131\u011f\u0131 k\u0131sa ama yo\u011fun yolculu\u011fu, hayat\u0131n ge\u00e7icili\u011fi ve insan\u0131n kendini kand\u0131rma e\u011filimi \u00fczerinden sorgular. Anlat\u0131c\u0131n\u0131n hayallerden ger\u00e7e\u011fe ge\u00e7i\u015fi ve yeniden hayal d\u00fcnyas\u0131na d\u00f6n\u00fc\u015f\u00fc, ya\u015fam\u0131n k\u0131sa mutluluk anlar\u0131n\u0131n, ac\u0131 ve yaln\u0131zl\u0131kla nas\u0131l g\u00f6lgelenebilece\u011fini g\u00f6zler \u00f6n\u00fcne serer.<\/p>\n<p>Sonu\u00e7 olarak, <em>Beyaz Geceler<\/em>, yaln\u0131zl\u0131k, kar\u015f\u0131l\u0131ks\u0131z a\u015fk ve hayal d\u00fcnyas\u0131yla ger\u00e7eklik aras\u0131ndaki \u00e7at\u0131\u015fmay\u0131 derin bir duygusal atmosferle i\u015fler. Dostoyevski, insan\u0131n i\u00e7sel yaln\u0131zl\u0131\u011f\u0131 ve sevgi aray\u0131\u015f\u0131n\u0131, St. Petersburg\u2019un beyaz gecelerinin melankolik atmosferinde \u00e7arp\u0131c\u0131 bir \u015fekilde anlat\u0131r.<\/p>\n<p>&nbsp;<\/p>\n","protected":false},"excerpt":{"rendered":"<p>Beyaz Geceler, Dostoyevski\u2019nin hayalperest ve yaln\u0131z bir karakterin duygusal d\u00fcnyas\u0131n\u0131 merkeze alan k\u0131sa ama etkileyici bir roman\u0131d\u0131r. Ana karakter olan isimsiz anlat\u0131c\u0131, kendini St. Petersburg sokaklar\u0131nda dola\u015farak hayaller kurmaya adam\u0131\u015f yaln\u0131z bir adamd\u0131r. Priapizm Sosyal ili\u015fkilerden kopuk bir \u015fekilde ya\u015fayan bu adam, hayat\u0131nda ger\u00e7ek arkada\u015flar ya da yak\u0131n ili\u015fkiler yerine hayal d\u00fcnyas\u0131nda yaratt\u0131\u011f\u0131 fantezilere s\u0131\u011f\u0131n\u0131r. [&hellip;]<\/p>\n","protected":false},"author":9149,"featured_media":0,"parent":0,"menu_order":0,"comment_status":"closed","ping_status":"closed","template":"","meta":{"footnotes":"","_links_to":"","_links_to_target":""},"class_list":["post-32","page","type-page","status-publish","hentry"],"_links":{"self":[{"href":"https:\/\/blog.metu.edu.tr\/e270199\/wp-json\/wp\/v2\/pages\/32","targetHints":{"allow":["GET"]}}],"collection":[{"href":"https:\/\/blog.metu.edu.tr\/e270199\/wp-json\/wp\/v2\/pages"}],"about":[{"href":"https:\/\/blog.metu.edu.tr\/e270199\/wp-json\/wp\/v2\/types\/page"}],"author":[{"embeddable":true,"href":"https:\/\/blog.metu.edu.tr\/e270199\/wp-json\/wp\/v2\/users\/9149"}],"replies":[{"embeddable":true,"href":"https:\/\/blog.metu.edu.tr\/e270199\/wp-json\/wp\/v2\/comments?post=32"}],"version-history":[{"count":0,"href":"https:\/\/blog.metu.edu.tr\/e270199\/wp-json\/wp\/v2\/pages\/32\/revisions"}],"wp:attachment":[{"href":"https:\/\/blog.metu.edu.tr\/e270199\/wp-json\/wp\/v2\/media?parent=32"}],"curies":[{"name":"wp","href":"https:\/\/api.w.org\/{rel}","templated":true}]}}