{"id":31,"date":"2024-11-12T17:36:48","date_gmt":"2024-11-12T17:36:48","guid":{"rendered":"https:\/\/blog.metu.edu.tr\/e270199\/?page_id=31"},"modified":"2024-11-12T17:36:59","modified_gmt":"2024-11-12T17:36:59","slug":"ask-ve-sadakat","status":"publish","type":"page","link":"https:\/\/blog.metu.edu.tr\/e270199\/ask-ve-sadakat\/","title":{"rendered":"A\u015fk ve Sadakat"},"content":{"rendered":"<p><em>Ezilenler<\/em>, Dostoyevski\u2019nin a\u015fk, sadakat ve ihanet temalar\u0131n\u0131 derinlemesine i\u015fledi\u011fi bir romand\u0131r. Roman\u0131n ana karakteri olan yazar \u0130van Petrovi\u00e7, Nata\u015fa ad\u0131nda bir kad\u0131na a\u015f\u0131k olmas\u0131na ra\u011fmen, Nata\u015fa\u2019n\u0131n ba\u015fka bir adama, gen\u00e7 ve zengin bir asilzade olan Alyo\u015fa\u2019ya duydu\u011fu a\u015fk\u0131 kabullenmek zorunda kal\u0131r. Alyo\u015fa da Nata\u015fa\u2019y\u0131 sever; ancak, ili\u015fkileri Alyo\u015fa\u2019n\u0131n babas\u0131 Prens Valkovski taraf\u0131ndan onaylanmaz. <a href=\"https:\/\/urolojidunyasi.com\/penis-mantari-nedir\/\">Penis mantar\u0131<\/a> Bu \u00fc\u00e7 karakter aras\u0131ndaki karma\u015f\u0131k a\u015fk ve sadakat ili\u015fkileri, Dostoyevski\u2019nin insan ili\u015fkilerini derinlemesine inceleme konusundaki yetene\u011fini g\u00f6zler \u00f6n\u00fcne serer. Sadakat ve fedakarl\u0131kla s\u0131nanan bu karakterler, a\u015fk u\u011fruna b\u00fcy\u00fck ac\u0131lar \u00e7ekerken, roman\u0131n dram ve duygusal yo\u011funlu\u011funu olu\u015fturur. Dostoyevski, a\u015fk\u0131n ve sadakatin zorluklar\u0131n\u0131 ele al\u0131rken, bireylerin bu duygular kar\u015f\u0131s\u0131ndaki tepkilerini de derinlemesine analiz eder.<\/p>\n<p><strong>Toplumsal S\u0131n\u0131f Farkl\u0131l\u0131klar\u0131 ve Ezilenler<\/strong><\/p>\n<p>Roman, aristokratlar ve alt s\u0131n\u0131flardan gelen insanlar\u0131n ya\u015fad\u0131\u011f\u0131 zorluklar ve s\u0131n\u0131f farklar\u0131n\u0131n yaratt\u0131\u011f\u0131 trajedileri i\u015fler. Prens Valkovski, Alyo\u015fa\u2019n\u0131n babas\u0131 olarak, roman\u0131n en g\u00fc\u00e7l\u00fc ve zalim karakterlerinden biridir. <a href=\"https:\/\/urolojidunyasi.com\/kadinlarda-sabah-ereksiyonu\/\">Kad\u0131nlarda sabah ereksiyonu<\/a> Toplumsal konumunu kullanarak insanlar\u0131 manip\u00fcle eden, h\u0131rslar\u0131 u\u011fruna ba\u015fkalar\u0131n\u0131n hayatlar\u0131n\u0131 mahveden bir fig\u00fcrd\u00fcr. Prens Valkovski\u2019nin, o\u011flunun a\u015f\u0131k oldu\u011fu Nata\u015fa ve ailesini k\u00fc\u00e7\u00fcmsemesi, aristokratlar\u0131n alt s\u0131n\u0131flar\u0131 nas\u0131l ezdi\u011fini a\u00e7\u0131k\u00e7a g\u00f6sterir. Dostoyevski, bu karakterler arac\u0131l\u0131\u011f\u0131yla Rusya\u2019da h\u0131zla derinle\u015fen toplumsal u\u00e7urumu g\u00f6zler \u00f6n\u00fcne serer. Ezilen insanlar\u0131n ac\u0131lar\u0131n\u0131 ve \u00e7aresizli\u011fini yans\u0131t\u0131rken, aristokrat s\u0131n\u0131f\u0131n vicdans\u0131zl\u0131\u011f\u0131n\u0131 ele\u015ftirir. Nata\u015fa ve ailesinin ya\u015fad\u0131\u011f\u0131 ekonomik ve sosyal zorluklar, d\u00f6nemin toplumsal yap\u0131s\u0131n\u0131n kat\u0131 s\u0131n\u0131f ayr\u0131mlar\u0131n\u0131 ve bunun do\u011furdu\u011fu adaletsizlikleri g\u00f6zler \u00f6n\u00fcne serer.<\/p>\n<p><strong>\u0130nsan Psikolojisi ve Ahlaki \u00c7eli\u015fkiler<\/strong><\/p>\n<p>Dostoyevski, karakterlerinin i\u00e7sel \u00e7at\u0131\u015fmalar\u0131n\u0131 derinlemesine i\u015fleyerek insan do\u011fas\u0131n\u0131 ve ahlaki \u00e7eli\u015fkileri g\u00f6zler \u00f6n\u00fcne serer. \u0130van, Nata\u015fa\u2019y\u0131 Alyo\u015fa\u2019ya kapt\u0131rmas\u0131na ra\u011fmen, ona olan sevgisinden dolay\u0131 Nata\u015fa\u2019n\u0131n mutlulu\u011fu i\u00e7in elinden geleni yapmaya \u00e7al\u0131\u015f\u0131r. Bu durum, \u0130van\u2019\u0131n i\u00e7sel ac\u0131s\u0131n\u0131 ve \u00e7eli\u015fkilerini art\u0131r\u0131rken, sadakat ve fedakarl\u0131k gibi de\u011ferlerin s\u0131n\u0131rlar\u0131n\u0131 zorlar. Nata\u015fa\u2019n\u0131n Alyo\u015fa\u2019ya olan a\u015fk\u0131 da onu b\u00fcy\u00fck fedakarl\u0131klara iterken, <a href=\"https:\/\/urolojidunyasi.com\/erkeklerde-cinsel-isteksizlik\/\">erkeklerde cinsel isteksizlik<\/a> Alyo\u015fa\u2019n\u0131n karakteri daha zay\u0131f ve karars\u0131zd\u0131r. Alyo\u015fa, Nata\u015fa\u2019y\u0131 ger\u00e7ekten sevmesine ra\u011fmen, aile bask\u0131s\u0131 kar\u015f\u0131s\u0131nda bocalar ve zay\u0131f bir iradeye sahip oldu\u011fu i\u00e7in onu hayal k\u0131r\u0131kl\u0131\u011f\u0131na u\u011frat\u0131r. Bu karakterlerin ahlaki \u00e7eli\u015fkileri, Dostoyevski\u2019nin insan psikolojisini ve karma\u015f\u0131k duygusal yap\u0131lar\u0131 incelemekteki ustal\u0131\u011f\u0131n\u0131 bir kez daha g\u00f6sterir.<\/p>\n<p>Sonu\u00e7 olarak, <em>Ezilenler<\/em>, a\u015fk, s\u0131n\u0131f farkl\u0131l\u0131klar\u0131 ve ahlaki de\u011ferlerin zorlu s\u0131navlar\u0131ndan ge\u00e7en karakterlerin hikayesidir. Dostoyevski, toplumun alt tabakalar\u0131nda ya\u015fanan sefaleti, bireylerin i\u00e7sel \u00e7at\u0131\u015fmalar\u0131n\u0131 ve ahlaki \u00e7\u00f6k\u00fc\u015flerini anlat\u0131rken, insan ruhunun derinliklerine inerek okuyuculara trajik ama bir o kadar da insani bir tablo sunar.<\/p>\n","protected":false},"excerpt":{"rendered":"<p>Ezilenler, Dostoyevski\u2019nin a\u015fk, sadakat ve ihanet temalar\u0131n\u0131 derinlemesine i\u015fledi\u011fi bir romand\u0131r. Roman\u0131n ana karakteri olan yazar \u0130van Petrovi\u00e7, Nata\u015fa ad\u0131nda bir kad\u0131na a\u015f\u0131k olmas\u0131na ra\u011fmen, Nata\u015fa\u2019n\u0131n ba\u015fka bir adama, gen\u00e7 ve zengin bir asilzade olan Alyo\u015fa\u2019ya duydu\u011fu a\u015fk\u0131 kabullenmek zorunda kal\u0131r. Alyo\u015fa da Nata\u015fa\u2019y\u0131 sever; ancak, ili\u015fkileri Alyo\u015fa\u2019n\u0131n babas\u0131 Prens Valkovski taraf\u0131ndan onaylanmaz. Penis mantar\u0131 [&hellip;]<\/p>\n","protected":false},"author":9149,"featured_media":0,"parent":0,"menu_order":0,"comment_status":"closed","ping_status":"closed","template":"","meta":{"footnotes":"","_links_to":"","_links_to_target":""},"class_list":["post-31","page","type-page","status-publish","hentry"],"_links":{"self":[{"href":"https:\/\/blog.metu.edu.tr\/e270199\/wp-json\/wp\/v2\/pages\/31","targetHints":{"allow":["GET"]}}],"collection":[{"href":"https:\/\/blog.metu.edu.tr\/e270199\/wp-json\/wp\/v2\/pages"}],"about":[{"href":"https:\/\/blog.metu.edu.tr\/e270199\/wp-json\/wp\/v2\/types\/page"}],"author":[{"embeddable":true,"href":"https:\/\/blog.metu.edu.tr\/e270199\/wp-json\/wp\/v2\/users\/9149"}],"replies":[{"embeddable":true,"href":"https:\/\/blog.metu.edu.tr\/e270199\/wp-json\/wp\/v2\/comments?post=31"}],"version-history":[{"count":0,"href":"https:\/\/blog.metu.edu.tr\/e270199\/wp-json\/wp\/v2\/pages\/31\/revisions"}],"wp:attachment":[{"href":"https:\/\/blog.metu.edu.tr\/e270199\/wp-json\/wp\/v2\/media?parent=31"}],"curies":[{"name":"wp","href":"https:\/\/api.w.org\/{rel}","templated":true}]}}