{"id":30,"date":"2024-11-11T16:49:25","date_gmt":"2024-11-11T16:49:25","guid":{"rendered":"https:\/\/blog.metu.edu.tr\/e270199\/?page_id=30"},"modified":"2024-11-11T16:50:34","modified_gmt":"2024-11-11T16:50:34","slug":"dostoyevski-ecinniler","status":"publish","type":"page","link":"https:\/\/blog.metu.edu.tr\/e270199\/dostoyevski-ecinniler\/","title":{"rendered":"Dostoyevski Ecinniler"},"content":{"rendered":"<p><em>Ecinniler<\/em>, 19. y\u00fczy\u0131l Rusya\u2019s\u0131nda h\u0131zla yay\u0131lmakta olan nihilizm, sosyalizm ve devrimci fikirlerin toplumsal ve ahlaki \u00e7\u00f6k\u00fc\u015fe yol a\u00e7t\u0131\u011f\u0131n\u0131 anlatan bir romand\u0131r. Dostoyevski, bu romanda Rusya\u2019da h\u0131zla de\u011fi\u015fen siyasi ortam\u0131 ve ideolojilerin insanlar\u0131n hayat\u0131n\u0131 nas\u0131l etkiledi\u011fini i\u015fler. Roman, <a href=\"https:\/\/urolojidunyasi.com\/peniste-neden-sivilce-cikar\/\">genital b\u00f6lgede sivilce<\/a> Rusya\u2019n\u0131n geleneksel de\u011ferlerine ve inan\u00e7lar\u0131na sald\u0131ran radikal hareketlerin, toplumsal d\u00fczeni nas\u0131l bozdu\u011funu ve insanlar\u0131 ahlaki \u00e7\u00f6k\u00fcnt\u00fcye nas\u0131l s\u00fcr\u00fckledi\u011fini g\u00f6sterir. Toplumda yayg\u0131nla\u015fan nihilist d\u00fc\u015f\u00fcnceler, insanlar\u0131n dine ve ahlaka olan ba\u011fl\u0131l\u0131klar\u0131n\u0131 yitirmelerine yol a\u00e7ar. Dostoyevski, karakterleri arac\u0131l\u0131\u011f\u0131yla, ideolojilerin toplum \u00fczerindeki y\u0131k\u0131c\u0131 etkilerini derinlemesine ele\u015ftirir ve Rusya&#8217;n\u0131n bu h\u0131zl\u0131 de\u011fi\u015fim s\u00fcrecinde kar\u015f\u0131 kar\u015f\u0131ya kald\u0131\u011f\u0131 kaosu tasvir eder.<\/p>\n<p><strong>Karakterler Arac\u0131l\u0131\u011f\u0131yla Ahlaki \u00c7at\u0131\u015fmalar<\/strong><\/p>\n<p>Roman\u0131n merkezinde Stavrogin, Piotr Verhovenski, \u015eatov ve Kirillov gibi karma\u015f\u0131k karakterler yer al\u0131r. Bu karakterler, toplumdaki farkl\u0131 ideolojik e\u011filimleri ve ahlaki \u00e7at\u0131\u015fmalar\u0131 temsil eder. \u00d6rne\u011fin, Nikolay Stavrogin, i\u00e7sel bo\u015fluk ve nihilizmin sembol\u00fc olarak tasvir edilir. Onun eylemleri ve i\u00e7sel \u00e7at\u0131\u015fmalar\u0131, insanlar\u0131n derin ahlaki bo\u015fluklara nas\u0131l s\u00fcr\u00fcklenebilece\u011fini g\u00f6sterir. <a href=\"https:\/\/urolojidunyasi.com\/peniste-yanma-nedir\/\">Peniste yanma<\/a> Piotr Verhovenski, devrimci bir lider olarak, toplumu kaosa s\u00fcr\u00fckleyen radikal d\u00fc\u015f\u00fcncelerin temsilcisidir ve \u00e7evresindeki insanlar\u0131 manip\u00fcle ederek kendi ideolojik ama\u00e7lar\u0131na ula\u015fmaya \u00e7al\u0131\u015f\u0131r. Di\u011fer karakterler, toplumun farkl\u0131 katmanlar\u0131n\u0131 ve ahlaki de\u011ferlerini yans\u0131tarak, roman boyunca toplumun par\u00e7alanma s\u00fcrecini g\u00f6zler \u00f6n\u00fcne serer. Dostoyevski, bu karakterler arac\u0131l\u0131\u011f\u0131yla, ideolojilerin bireyleri nas\u0131l etkiledi\u011fini ve onlar\u0131n ruhsal \u00e7\u00f6k\u00fc\u015f\u00fcn\u00fc nas\u0131l h\u0131zland\u0131rd\u0131\u011f\u0131n\u0131 g\u00f6sterir.<\/p>\n<p><strong>Nihilizme Kar\u015f\u0131 Ahlaki ve Dini Bir Ele\u015ftiri<\/strong><\/p>\n<p><em>Ecinniler<\/em>, Dostoyevski\u2019nin nihilizme ve Tanr\u0131\u2019dan uzakla\u015fmaya y\u00f6nelik g\u00fc\u00e7l\u00fc ele\u015ftirilerini i\u00e7erir. Roman boyunca, Tanr\u0131\u2019ya ve ahlaka olan inan\u00e7lar\u0131n\u0131 yitiren karakterler, varolu\u015fsal bir bo\u015flu\u011fa d\u00fc\u015fer ve hayatlar\u0131nda anlam bulmakta zorlan\u0131rlar. <a href=\"https:\/\/urolojidunyasi.com\/sperm-krampi-nedir\/\">Sperm kramp\u0131<\/a> \u00d6zellikle Kirillov karakteri, varolu\u015fsal bunal\u0131mlar\u0131 ve Tanr\u0131\u2019n\u0131n varl\u0131\u011f\u0131na dair sorgulamalar\u0131yla dikkat \u00e7eker. Kirillov, Tanr\u0131\u2019ya inanmay\u0131 reddeder ve &#8220;insan\u0131n tanr\u0131la\u015fmas\u0131&#8221; fikrini savunur, ancak bu inan\u00e7s\u0131zl\u0131k onu ka\u00e7\u0131n\u0131lmaz bir trajediye s\u00fcr\u00fckler. Dostoyevski, toplumun Tanr\u0131\u2019dan ve ahlaki de\u011ferlerden uzakla\u015fmas\u0131n\u0131n sonu\u00e7lar\u0131n\u0131 g\u00f6sterirken, inan\u00e7s\u0131zl\u0131\u011f\u0131n insan ruhunda yaratt\u0131\u011f\u0131 bo\u015flu\u011fu ele\u015ftirir. Nihilizm ve Tanr\u0131\u2019y\u0131 reddetme e\u011filimlerinin bireyi nas\u0131l bir y\u0131k\u0131ma s\u00fcr\u00fckleyebilece\u011fini \u00e7arp\u0131c\u0131 \u015fekilde g\u00f6zler \u00f6n\u00fcne serer.<\/p>\n<p>Sonu\u00e7 olarak, <em>Ecinniler<\/em>, ideolojik \u00e7at\u0131\u015fmalar\u0131n bireyler ve toplum \u00fczerinde yaratt\u0131\u011f\u0131 derin etkileri anlatan bir eserdir. Dostoyevski, bu roman\u0131nda yaln\u0131zca Rusya\u2019n\u0131n toplumsal ve siyasi \u00e7alkant\u0131lar\u0131n\u0131 de\u011fil, ayn\u0131 zamanda insan ruhunun karanl\u0131k k\u00f6\u015felerini ve ahlaki de\u011ferlerin yitirilmesi durumunda ya\u015fanacak olas\u0131 y\u0131k\u0131m\u0131 da sorgular.<\/p>\n","protected":false},"excerpt":{"rendered":"<p>Ecinniler, 19. y\u00fczy\u0131l Rusya\u2019s\u0131nda h\u0131zla yay\u0131lmakta olan nihilizm, sosyalizm ve devrimci fikirlerin toplumsal ve ahlaki \u00e7\u00f6k\u00fc\u015fe yol a\u00e7t\u0131\u011f\u0131n\u0131 anlatan bir romand\u0131r. Dostoyevski, bu romanda Rusya\u2019da h\u0131zla de\u011fi\u015fen siyasi ortam\u0131 ve ideolojilerin insanlar\u0131n hayat\u0131n\u0131 nas\u0131l etkiledi\u011fini i\u015fler. Roman, genital b\u00f6lgede sivilce Rusya\u2019n\u0131n geleneksel de\u011ferlerine ve inan\u00e7lar\u0131na sald\u0131ran radikal hareketlerin, toplumsal d\u00fczeni nas\u0131l bozdu\u011funu ve insanlar\u0131 ahlaki [&hellip;]<\/p>\n","protected":false},"author":9149,"featured_media":0,"parent":0,"menu_order":0,"comment_status":"closed","ping_status":"closed","template":"","meta":{"footnotes":"","_links_to":"","_links_to_target":""},"class_list":["post-30","page","type-page","status-publish","hentry"],"_links":{"self":[{"href":"https:\/\/blog.metu.edu.tr\/e270199\/wp-json\/wp\/v2\/pages\/30","targetHints":{"allow":["GET"]}}],"collection":[{"href":"https:\/\/blog.metu.edu.tr\/e270199\/wp-json\/wp\/v2\/pages"}],"about":[{"href":"https:\/\/blog.metu.edu.tr\/e270199\/wp-json\/wp\/v2\/types\/page"}],"author":[{"embeddable":true,"href":"https:\/\/blog.metu.edu.tr\/e270199\/wp-json\/wp\/v2\/users\/9149"}],"replies":[{"embeddable":true,"href":"https:\/\/blog.metu.edu.tr\/e270199\/wp-json\/wp\/v2\/comments?post=30"}],"version-history":[{"count":0,"href":"https:\/\/blog.metu.edu.tr\/e270199\/wp-json\/wp\/v2\/pages\/30\/revisions"}],"wp:attachment":[{"href":"https:\/\/blog.metu.edu.tr\/e270199\/wp-json\/wp\/v2\/media?parent=30"}],"curies":[{"name":"wp","href":"https:\/\/api.w.org\/{rel}","templated":true}]}}