{"id":87,"date":"2025-03-02T12:23:10","date_gmt":"2025-03-02T12:23:10","guid":{"rendered":"https:\/\/blog.metu.edu.tr\/e265438\/?page_id=87"},"modified":"2026-01-23T21:53:16","modified_gmt":"2026-01-23T21:53:16","slug":"yayinlar","status":"publish","type":"page","link":"https:\/\/blog.metu.edu.tr\/e265438\/yayinlar\/","title":{"rendered":"YAYINLAR"},"content":{"rendered":"\n<p>A\u015fa\u011f\u0131daki listede proje \u00e7er\u00e7evesinde yap\u0131lm\u0131\u015f yay\u0131nlar\u0131 bulabilirsiniz.<\/p>\n\n\n\n<h2 class=\"wp-block-heading\"><strong>Uluslararas\u0131 Konferanslar<\/strong><\/h2>\n\n\n\n<hr class=\"wp-block-separator has-alpha-channel-opacity is-style-wide\" style=\"border-top: 3px solid #000;opacity: 1;margin: 20px 0\" \/>\n\n\n\n<ol class=\"wp-block-list\">\n<li>Ercan U. Danisan and Sinan Eyi. &#8220;Mitigation of Ignition Overpressure in Launch Pads via Unsteady Adjoint-Based Optimization,&#8221; AIAA 2026-2297. AIAA SCITECH 2026 Forum. January 2026. <a href=\"https:\/\/doi.org\/10.2514\/6.2026-2297\">https:\/\/doi.org\/10.2514\/6.2026-2297<\/a><\/li>\n\n\n\n<li>Ercan U. Danisan, Murat O. Duru, Tohid Ghorbani Iriolya, Dogukan Gundem and Sinan Eyi. &#8220;Investigation of Ignition Overpressure Over a Launch Pad using Open-Source CFD Solvers,&#8221; AIAA 2026-0509. AIAA SCITECH 2026 Forum. January 2026. <a href=\"https:\/\/doi.org\/10.2514\/6.2026-0509\">https:\/\/doi.org\/10.2514\/6.2026-0509<\/a><\/li>\n\n\n\n<li>Dogukan Gundem, Tohid Ghorbani Iriolya, Ercan U. Danisan, Esra B. Cetin, Yavuz Atilkan and Sinan Eyi. &#8220;Numerical Analysis of Pressure Wave Propagation at Rocket Launch Pads Using Open-Source CFD Solvers,&#8221; AIAA 2026-1340. AIAA SCITECH 2026 Forum. January 2026. <a href=\"https:\/\/doi.org\/10.2514\/6.2026-1340\">https:\/\/doi.org\/10.2514\/6.2026-1340<\/a><\/li>\n\n\n\n<li>Tohid Ghorbani Iriolya, Sinan Eyi and Seiji Tsutsumi. &#8220;Numerical Investigation of Water Injection Effects on Jet Centerline Temperature and Ignition Overpressure by Using OpenFOAM,&#8221; AIAA 2026-0950. AIAA SCITECH 2026 Forum. January 2026. <a href=\"https:\/\/doi.org\/10.2514\/6.2026-0950\">https:\/\/doi.org\/10.2514\/6.2026-0950<\/a><\/li>\n\n\n\n<li>Sinan Eyi, Tohid Ghorbani Iriolya and Seiji Tsutsumi. &#8220;Numerical Analysis of a Flame Deflector Using Reactive and Non-Reactive Flow Models,&#8221; AIAA 2026-2907. AIAA SCITECH 2026 Forum. January 2026. <a href=\"https:\/\/doi.org\/10.2514\/6.2026-2907\">https:\/\/doi.org\/10.2514\/6.2026-2907<\/a><\/li>\n\n\n\n<li>Tohid Ghorbani Iriola, Sinan Harun, Muhammed Faruk Keles and Sinan Eyi, <em>\u201cCFD Analysis of Ignition Overpressure Using a Compressible Pressure-Based OpenFOAM Solver,\u201d<\/em> <strong>AIAC-2025-032<\/strong>, ODTU, Ankara, T\u00fcrkiye, 2025.<\/li>\n\n\n\n<li>Tohid Ghorbani Iriola, Sinan Eyi and Seiji Tsutsumi, <em>\u201cCFD Analysis of Water Injection Effects on Ignition Overpressure in a 2D Supersonic Impinging Jet,\u201d<\/em> <strong>AIAC-2025-160<\/strong>, METU, Ankara, T\u00fcrkiye, 2025.<\/li>\n\n\n\n<li>Ercan U. Danisan, Murat O. Duru, Tohid Ghorbani Iriola, Dogukan Gundem and Sinan Eyi, <em>\u201cAssessment of Ignition Overpressure at Rocket Launch Pads Using SU2 with Comparative Analysis of Open-Source CFD Solvers,\u201d<\/em> <strong>AIAC-2025-131<\/strong>,  2025.<\/li>\n\n\n\n<li>Dogukan Gundem, Tohid Ghorbani Iriola, Ercan U. Danisan, Esra B. Cetin, Yavuz Atilkan and Sinan Eyi, <em>\u201cNumerical Investigation of Pressure Wave Propagation at Rocket Launch Pads Using Open-Source CFD Solvers,\u201d<\/em> <strong>AIAC-2025-135<\/strong>,  2025.<\/li>\n\n\n\n<li>Ercan U. Danisan and Sinan Eyi, <em>\u201cUnsteady Adjoint-Based Design Optimization for Mitigating Ignition Overpressure in Launch Pads,\u201d<\/em> <strong>AIAC-2025-137<\/strong>,  2025.<\/li>\n\n\n\n<li>Tohid Ghorbani Iriolya and Sinan Eyi, &#8220;Ignition Over-Pressure Analyses of Launch Pads at Different Deflector Angles,&#8221; in Proceedings of the Twelfth International Conference on Computational Fluid Dynamics (ICCFD12), Kobe, Japan, July 14\u201319, 2024.<\/li>\n<\/ol>\n\n\n\n<div style=\"height:30px\" aria-hidden=\"true\" class=\"wp-block-spacer\"><\/div>\n\n\n\n<h2 class=\"wp-block-heading\"><strong>Ulusal Konferanslar<\/strong><\/h2>\n\n\n\n<hr class=\"wp-block-separator has-alpha-channel-opacity is-style-wide\" style=\"border-top: 3px solid #000;opacity: 1;margin: 20px 0\" \/>\n\n\n\n<ol class=\"wp-block-list\">\n<li>Murat \u00d6z\u00fcm Duru and Sinan Eyi, &#8220;F\u0131rlatma Rampalar\u0131nda Ate\u015fleme A\u015f\u0131r\u0131 Bas\u0131n\u00e7 Dalgalar\u0131n\u0131n HAD Analizi,&#8221; in Proceedings of the 10th Ulusal Havac\u0131l\u0131k ve Uzay Konferans\u0131, 18\u201320 Eyl\u00fcl 2024, Ankara, Turkey.<\/li>\n\n\n\n<li>Laila Yahya, Zeynep Sude Soylu, and Sinan Ey\u0131, &#8220;Roket Kalk\u0131\u015f Rampalar\u0131nda E\u011fim A\u00e7\u0131s\u0131n\u0131n ve Geometrisinin Etkisinin \u0130ncelenmesi,&#8221; in Proceedings of the 10th Ulusal Havac\u0131l\u0131k ve Uzay Konferans\u0131, 18\u201320 Eyl\u00fcl 2024, Ankara, Turkey.<\/li>\n<\/ol>\n\n\n\n<p><\/p>\n","protected":false},"excerpt":{"rendered":"<p>A\u015fa\u011f\u0131daki listede proje \u00e7er\u00e7evesinde yap\u0131lm\u0131\u015f yay\u0131nlar\u0131 bulabilirsiniz. Uluslararas\u0131 Konferanslar Ulusal Konferanslar<\/p>\n","protected":false},"author":9337,"featured_media":0,"parent":0,"menu_order":0,"comment_status":"closed","ping_status":"closed","template":"","meta":{"footnotes":"","_links_to":"","_links_to_target":""},"class_list":["post-87","page","type-page","status-publish","hentry"],"_links":{"self":[{"href":"https:\/\/blog.metu.edu.tr\/e265438\/wp-json\/wp\/v2\/pages\/87","targetHints":{"allow":["GET"]}}],"collection":[{"href":"https:\/\/blog.metu.edu.tr\/e265438\/wp-json\/wp\/v2\/pages"}],"about":[{"href":"https:\/\/blog.metu.edu.tr\/e265438\/wp-json\/wp\/v2\/types\/page"}],"author":[{"embeddable":true,"href":"https:\/\/blog.metu.edu.tr\/e265438\/wp-json\/wp\/v2\/users\/9337"}],"replies":[{"embeddable":true,"href":"https:\/\/blog.metu.edu.tr\/e265438\/wp-json\/wp\/v2\/comments?post=87"}],"version-history":[{"count":0,"href":"https:\/\/blog.metu.edu.tr\/e265438\/wp-json\/wp\/v2\/pages\/87\/revisions"}],"wp:attachment":[{"href":"https:\/\/blog.metu.edu.tr\/e265438\/wp-json\/wp\/v2\/media?parent=87"}],"curies":[{"name":"wp","href":"https:\/\/api.w.org\/{rel}","templated":true}]}}