{"id":75,"date":"2025-03-02T11:35:15","date_gmt":"2025-03-02T11:35:15","guid":{"rendered":"https:\/\/blog.metu.edu.tr\/e265438\/?page_id=75"},"modified":"2026-01-23T21:58:06","modified_gmt":"2026-01-23T21:58:06","slug":"arastirma","status":"publish","type":"page","link":"https:\/\/blog.metu.edu.tr\/e265438\/arastirma\/","title":{"rendered":"ARA\u015eTIRMA"},"content":{"rendered":"\n<p style=\"margin-top:2rem;margin-bottom:3rem\">Proje kapsam\u0131nda yap\u0131lan ara\u015ft\u0131rmalar ve al\u0131nan say\u0131sal \u00e7\u00f6z\u00fcmlere a\u015fa\u011f\u0131daki ba\u015fl\u0131klardan eri\u015febilirsiniz.<\/p>\n\n\n\n<div class=\"wp-block-columns alignwide are-vertically-aligned-top is-layout-flex wp-container-core-columns-is-layout-afa997e3 wp-block-columns-is-layout-flex\" style=\"margin-top:2rem;margin-bottom:2rem\">\n<div class=\"wp-block-column is-vertically-aligned-top has-white-background-color has-background is-layout-flow wp-block-column-is-layout-flow\" style=\"border-color:#e0e0e0;border-width:1px;border-radius:12px;padding-top:2rem;padding-right:2rem;padding-bottom:2rem;padding-left:2rem\"><div class=\"wp-block-image\">\n<figure class=\"aligncenter size-large is-resized\" style=\"border-radius:8px\"><a href=\"https:\/\/blog.metu.edu.tr\/e265438\/literatur\/\"><img loading=\"lazy\" decoding=\"async\" width=\"1024\" height=\"819\" src=\"https:\/\/blog.metu.edu.tr\/e265438\/files\/2025\/03\/launcPads-1024x819.jpeg\" alt=\"\" class=\"wp-image-79\" style=\"border-radius:8px;width:300px;height:240px;object-fit:cover\" srcset=\"https:\/\/blog.metu.edu.tr\/e265438\/files\/2025\/03\/launcPads-1024x819.jpeg 1024w, https:\/\/blog.metu.edu.tr\/e265438\/files\/2025\/03\/launcPads-300x240.jpeg 300w, https:\/\/blog.metu.edu.tr\/e265438\/files\/2025\/03\/launcPads-768x614.jpeg 768w, https:\/\/blog.metu.edu.tr\/e265438\/files\/2025\/03\/launcPads-1536x1229.jpeg 1536w, https:\/\/blog.metu.edu.tr\/e265438\/files\/2025\/03\/launcPads-2048x1638.jpeg 2048w\" sizes=\"auto, (max-width: 1024px) 100vw, 1024px\" \/><\/a><\/figure>\n<\/div>\n\n\n<h2 class=\"wp-block-heading has-text-align-center\" style=\"margin-top:1.5rem;margin-bottom:1rem\"><a href=\"https:\/\/blog.metu.edu.tr\/e265438\/literatur\/\" data-type=\"page\" data-id=\"82\">L\u0130TERAT\u00dcR<\/a><\/h2>\n\n\n\n<p class=\"has-text-align-center\" style=\"margin-top:0;margin-bottom:0\">Bu sayfada ara\u015ft\u0131rmalar\u0131m\u0131z sonucu \u00f6\u011frendi\u011fimiz bilgileri ve referanslar\u0131 blog yaz\u0131lar\u0131 arac\u0131l\u0131\u011f\u0131yla sizlerle payla\u015f\u0131yoruz.<\/p>\n<\/div>\n\n\n\n<div class=\"wp-block-column is-vertically-aligned-top has-white-background-color has-background is-layout-flow wp-block-column-is-layout-flow\" style=\"border-color:#e0e0e0;border-width:1px;border-radius:12px;padding-top:2rem;padding-right:2rem;padding-bottom:2rem;padding-left:2rem\"><div class=\"wp-block-image\">\n<figure class=\"aligncenter size-full is-resized\" style=\"border-radius:8px\"><a href=\"https:\/\/blog.metu.edu.tr\/e265438\/sayisal-sonuclar\/\"><img loading=\"lazy\" decoding=\"async\" width=\"592\" height=\"626\" src=\"https:\/\/blog.metu.edu.tr\/e265438\/files\/2025\/04\/WhatsApp-Image-2025-03-18-at-16.47.46.jpeg\" alt=\"\" class=\"wp-image-160\" style=\"border-radius:8px;width:300px;height:240px;object-fit:cover\" srcset=\"https:\/\/blog.metu.edu.tr\/e265438\/files\/2025\/04\/WhatsApp-Image-2025-03-18-at-16.47.46.jpeg 592w, https:\/\/blog.metu.edu.tr\/e265438\/files\/2025\/04\/WhatsApp-Image-2025-03-18-at-16.47.46-284x300.jpeg 284w\" sizes=\"auto, (max-width: 592px) 100vw, 592px\" \/><\/a><\/figure>\n<\/div>\n\n\n<h2 class=\"wp-block-heading has-text-align-center\" style=\"margin-top:1.5rem;margin-bottom:1rem\"><a href=\"https:\/\/blog.metu.edu.tr\/e265438\/sayisal-sonuclar\/\" data-type=\"page\" data-id=\"83\">SAYISAL \u00c7\u00d6Z\u00dcMLER<\/a><\/h2>\n\n\n\n<p class=\"has-text-align-center\" style=\"margin-top:0;margin-bottom:0\">Bu sayfada a\u00e7\u0131k-kaynak kodlu HAD yaz\u0131l\u0131mlar\u0131 ile ald\u0131\u011f\u0131m\u0131z sonu\u00e7lar\u0131 inceleyebilirsiniz.<\/p>\n<\/div>\n<\/div>\n","protected":false},"excerpt":{"rendered":"<p>Proje kapsam\u0131nda yap\u0131lan ara\u015ft\u0131rmalar ve al\u0131nan say\u0131sal \u00e7\u00f6z\u00fcmlere a\u015fa\u011f\u0131daki ba\u015fl\u0131klardan eri\u015febilirsiniz. L\u0130TERAT\u00dcR Bu sayfada ara\u015ft\u0131rmalar\u0131m\u0131z sonucu \u00f6\u011frendi\u011fimiz bilgileri ve referanslar\u0131 blog yaz\u0131lar\u0131 arac\u0131l\u0131\u011f\u0131yla sizlerle payla\u015f\u0131yoruz. SAYISAL \u00c7\u00d6Z\u00dcMLER Bu sayfada a\u00e7\u0131k-kaynak kodlu HAD yaz\u0131l\u0131mlar\u0131 ile ald\u0131\u011f\u0131m\u0131z sonu\u00e7lar\u0131 inceleyebilirsiniz.<\/p>\n","protected":false},"author":9337,"featured_media":0,"parent":0,"menu_order":0,"comment_status":"closed","ping_status":"closed","template":"","meta":{"footnotes":"","_links_to":"","_links_to_target":""},"class_list":["post-75","page","type-page","status-publish","hentry"],"_links":{"self":[{"href":"https:\/\/blog.metu.edu.tr\/e265438\/wp-json\/wp\/v2\/pages\/75","targetHints":{"allow":["GET"]}}],"collection":[{"href":"https:\/\/blog.metu.edu.tr\/e265438\/wp-json\/wp\/v2\/pages"}],"about":[{"href":"https:\/\/blog.metu.edu.tr\/e265438\/wp-json\/wp\/v2\/types\/page"}],"author":[{"embeddable":true,"href":"https:\/\/blog.metu.edu.tr\/e265438\/wp-json\/wp\/v2\/users\/9337"}],"replies":[{"embeddable":true,"href":"https:\/\/blog.metu.edu.tr\/e265438\/wp-json\/wp\/v2\/comments?post=75"}],"version-history":[{"count":0,"href":"https:\/\/blog.metu.edu.tr\/e265438\/wp-json\/wp\/v2\/pages\/75\/revisions"}],"wp:attachment":[{"href":"https:\/\/blog.metu.edu.tr\/e265438\/wp-json\/wp\/v2\/media?parent=75"}],"curies":[{"name":"wp","href":"https:\/\/api.w.org\/{rel}","templated":true}]}}