{"id":128,"date":"2025-03-04T07:51:28","date_gmt":"2025-03-04T07:51:28","guid":{"rendered":"https:\/\/blog.metu.edu.tr\/e265438\/?page_id=128"},"modified":"2026-01-23T22:11:32","modified_gmt":"2026-01-23T22:11:32","slug":"sistemler","status":"publish","type":"page","link":"https:\/\/blog.metu.edu.tr\/e265438\/sistemler\/","title":{"rendered":"S\u0130STEMLER"},"content":{"rendered":"\n<p style=\"margin-top:2rem;margin-bottom:3rem\">\u00c7al\u0131\u015f\u0131lan konu, do\u011fas\u0131 gere\u011fi, say\u0131sal y\u00f6ntemlere zamana-ba\u011fl\u0131 olarak \u00e7\u00f6z\u00fclmek zorundad\u0131r. Olu\u015fturulan \u00e7\u00f6z\u00fcm yap\u0131lar\u0131 ve a\u011flar\u0131, ayn\u0131 zamanda boyut olarak da \u00e7ok b\u00fcy\u00fckt\u00fcr. Her zaman aral\u0131\u011f\u0131nda yap\u0131lan \u00e7\u00f6z\u00fcm\u00fcn kay\u0131t alt\u0131na al\u0131nmas\u0131 gerekmektedir. Bu 3-Boyutlu \u00e7\u00f6z\u00fcmler ve tasar\u0131m optimizasyon \u00e7al\u0131\u015fmalar\u0131 i\u00e7in y\u00fcksek i\u015flemci g\u00fcc\u00fc ve y\u00fcksek depolama alan\u0131 gerektiren bir durumdur. Bu sebeple a\u015fa\u011f\u0131daki listede g\u00f6rebilece\u011finiz baz\u0131 Y\u00fcksek Performansl\u0131 Hesaplama bilgisayarlar\u0131 kullan\u0131lmaktad\u0131r.<\/p>\n\n\n\n<h3 class=\"wp-block-heading has-text-align-center\" style=\"margin-top:3rem;margin-bottom:1rem\"><strong>TRUBA &#8211; ARF<\/strong><\/h3>\n\n\n\n<hr class=\"wp-block-separator has-alpha-channel-opacity is-style-wide\" style=\"border-top: 2px solid #000;opacity: 1;margin-bottom:2rem\" \/>\n\n\n\n<p style=\"margin-bottom:1.5rem\">T\u00dcB\u0130TAK ULAKB\u0130M Y\u00fcksek Ba\u015far\u0131ml\u0131 ve Grid Hesaplama Merkezi, \u00fclkemizdeki t\u00fcm ara\u015ft\u0131rma kurumlar\u0131 ve ara\u015ft\u0131rmac\u0131lar\u0131m\u0131za y\u00fcksek ba\u015far\u0131ml\u0131 hesaplama ve veri depolama alan\u0131 sa\u011flayan ulusal bir merkezdir. Bu merkez, T\u00dcB\u0130TAK Bilim Kurulu karar\u0131 ile T\u00fcrk Ulusal Bilim e-Altyap\u0131s\u0131 (TRUBA) ismi ile an\u0131lmaktad\u0131r.<\/p>\n\n\n\n<h4 class=\"wp-block-heading\" style=\"margin-top:2rem;margin-bottom:1rem\">Teknik \u00d6zellikler<\/h4>\n\n\n\n<ul class=\"wp-block-list\">\n<li><strong>Hesaplama sunucu say\u0131s\u0131:<\/strong> 504<\/li>\n\n\n\n<li><strong>Hesaplama sunucu ad\u0131:<\/strong> orfoz[1-504]<\/li>\n\n\n\n<li><strong>\u0130\u015flemci:<\/strong> 2x Intel(R) Xeon(R) Platinum 8480+ (toplam 112 \u00e7ekirdek)<\/li>\n\n\n\n<li><strong>Bellek:<\/strong> 256 GB<\/li>\n\n\n\n<li><strong>Network:<\/strong> 200Gbit NDR infiniband<\/li>\n<\/ul>\n\n\n\n<div style=\"height:3rem\" aria-hidden=\"true\" class=\"wp-block-spacer\"><\/div>\n\n\n\n<h3 class=\"wp-block-heading has-text-align-center\" style=\"margin-top:3rem;margin-bottom:1rem\"><strong>ELEND\u0130L &#8211; ODT\u00dc<\/strong><\/h3>\n\n\n\n<hr class=\"wp-block-separator has-alpha-channel-opacity is-style-wide\" style=\"border-top: 2px solid #000;opacity: 1;margin-bottom:2rem\" \/>\n\n\n\n<p>Proje kapsam\u0131nda ayr\u0131lan b\u00fct\u00e7e ile laboratuvar\u0131m\u0131za y\u00fcksek h\u0131zl\u0131 bilgisayar sistemi kurulmu\u015ftur.<\/p>\n\n\n\n<div style=\"height:2rem\" aria-hidden=\"true\" class=\"wp-block-spacer\"><\/div>\n","protected":false},"excerpt":{"rendered":"<p>\u00c7al\u0131\u015f\u0131lan konu, do\u011fas\u0131 gere\u011fi, say\u0131sal y\u00f6ntemlere zamana-ba\u011fl\u0131 olarak \u00e7\u00f6z\u00fclmek zorundad\u0131r. Olu\u015fturulan \u00e7\u00f6z\u00fcm yap\u0131lar\u0131 ve a\u011flar\u0131, ayn\u0131 zamanda boyut olarak da \u00e7ok b\u00fcy\u00fckt\u00fcr. Her zaman aral\u0131\u011f\u0131nda yap\u0131lan \u00e7\u00f6z\u00fcm\u00fcn kay\u0131t alt\u0131na al\u0131nmas\u0131 gerekmektedir. Bu 3-Boyutlu \u00e7\u00f6z\u00fcmler ve tasar\u0131m optimizasyon \u00e7al\u0131\u015fmalar\u0131 i\u00e7in y\u00fcksek &hellip; <a href=\"https:\/\/blog.metu.edu.tr\/e265438\/sistemler\/\">Continue reading <span class=\"meta-nav\">&rarr;<\/span><\/a><\/p>\n","protected":false},"author":9337,"featured_media":0,"parent":0,"menu_order":0,"comment_status":"closed","ping_status":"closed","template":"","meta":{"footnotes":"","_links_to":"","_links_to_target":""},"class_list":["post-128","page","type-page","status-publish","hentry"],"_links":{"self":[{"href":"https:\/\/blog.metu.edu.tr\/e265438\/wp-json\/wp\/v2\/pages\/128","targetHints":{"allow":["GET"]}}],"collection":[{"href":"https:\/\/blog.metu.edu.tr\/e265438\/wp-json\/wp\/v2\/pages"}],"about":[{"href":"https:\/\/blog.metu.edu.tr\/e265438\/wp-json\/wp\/v2\/types\/page"}],"author":[{"embeddable":true,"href":"https:\/\/blog.metu.edu.tr\/e265438\/wp-json\/wp\/v2\/users\/9337"}],"replies":[{"embeddable":true,"href":"https:\/\/blog.metu.edu.tr\/e265438\/wp-json\/wp\/v2\/comments?post=128"}],"version-history":[{"count":0,"href":"https:\/\/blog.metu.edu.tr\/e265438\/wp-json\/wp\/v2\/pages\/128\/revisions"}],"wp:attachment":[{"href":"https:\/\/blog.metu.edu.tr\/e265438\/wp-json\/wp\/v2\/media?parent=128"}],"curies":[{"name":"wp","href":"https:\/\/api.w.org\/{rel}","templated":true}]}}